{"id":6375,"date":"2025-06-04T22:06:23","date_gmt":"2025-06-04T22:06:23","guid":{"rendered":"https:\/\/www.analoggwerz.com\/produit\/sacoche-case-logic-pour-compact-numerique-6\/"},"modified":"2026-03-27T12:30:25","modified_gmt":"2026-03-27T12:30:25","slug":"sacoche-case-logic-pour-compact-numerique-6","status":"publish","type":"product","link":"https:\/\/www.analoggwerz.com\/en\/product\/sacoche-case-logic-pour-compact-numerique-6\/","title":{"rendered":"Sacoche case Logic pour compact num\u00e9rique &#8211; Noir"},"content":{"rendered":"<p>\ud83d\udcf8 N\u2019h\u00e9sitez pas \u00e0 vous abonner \u00e0 mon Instagram (@analog_gwerz) si vous aimez la photo et les appareils.<\/p>\n<p>Housse Case Logic noire pour compact num\u00e9rique<\/p>\n<p>Solide, compacte et bien pens\u00e9e, cette housse Case Logic est id\u00e9ale pour prot\u00e9ger votre appareil photo compact num\u00e9rique. Son int\u00e9rieur matelass\u00e9 et sa double fermeture \u00e9clair assurent une bonne protection contre les chocs et les rayures.<\/p>\n<p>Couleur : noir avec d\u00e9tails jaunes<\/p>\n<p>Fermeture \u00e0 double zip<\/p>\n<p>Int\u00e9rieur rembourr\u00e9 avec s\u00e9parateur<\/p>\n<p>Poche avant pour carte SD ou c\u00e2ble court<\/p>\n<p>Passant pour ceinture \u00e0 l\u2019arri\u00e8re<\/p>\n<p>\ud83d\udccf Dimensions int\u00e9rieures approximatives : 10 x 6 x 3 cm<\/p>\n<p>\ud83d\udca1 Compatible avec la majorit\u00e9 des compacts num\u00e9riques type Canon IXUS, Nikon Coolpix, Sony Cyber-shot, Samsung ST, etc.<\/p>\n<p>\u2705 Bon \u00e9tat g\u00e9n\u00e9ral, int\u00e9rieur propre<\/p>\n<p>\ud83d\udcac Me contacter si vous avez des questions !<\/p>","protected":false},"excerpt":{"rendered":"<p>\ud83d\udcf8 N\u2019h\u00e9sitez pas \u00e0 vous abonner \u00e0 mon Instagram (@analog_gwerz) si vous aimez la photo et les appareils. Housse Case Logic noire pour compact num\u00e9rique Solide, compacte et bien pens\u00e9e, cette housse Case Logic est id\u00e9ale pour prot\u00e9ger votre appareil photo compact num\u00e9rique. Son int\u00e9rieur matelass\u00e9 et sa double fermeture \u00e9clair assurent une bonne protection [&hellip;]<\/p>\n","protected":false},"featured_media":6373,"template":"","meta":[],"product_brand":[],"product_cat":[55,146,143],"product_tag":[],"class_list":{"0":"post-6375","1":"product","2":"type-product","3":"status-publish","4":"has-post-thumbnail","6":"product_cat-accessoires","7":"product_cat-etuis-sacoches-pour-compact-numerique","8":"product_cat-etuis-et-sacoches","9":"pa_couleur-noir","11":"first","12":"outofstock","13":"sale","14":"purchasable","15":"product-type-simple"},"yoast_head":"<!-- This site is optimized with the Yoast SEO plugin v27.5 - https:\/\/yoast.com\/product\/yoast-seo-wordpress\/ -->\n<title>Sacoche case Logic pour compact num\u00e9rique - Noir est disponible sur la boutique !<\/title>\n<meta name=\"description\" content=\"Cliquez ici pour d\u00e9couvrir Sacoche case Logic pour compact num\u00e9rique - Noir sur la boutique.\" \/>\n<meta name=\"robots\" content=\"index, follow, max-snippet:-1, max-image-preview:large, max-video-preview:-1\" \/>\n<link rel=\"canonical\" href=\"https:\/\/www.analoggwerz.com\/en\/product\/sacoche-case-logic-pour-compact-numerique-6\/\" \/>\n<meta property=\"og:locale\" content=\"en_US\" \/>\n<meta property=\"og:type\" content=\"article\" \/>\n<meta property=\"og:title\" content=\"Sacoche case Logic pour compact num\u00e9rique - Noir est disponible sur la boutique !\" \/>\n<meta property=\"og:description\" content=\"Cliquez ici pour d\u00e9couvrir Sacoche case Logic pour compact num\u00e9rique - Noir sur la boutique.\" \/>\n<meta property=\"og:url\" content=\"https:\/\/www.analoggwerz.com\/en\/product\/sacoche-case-logic-pour-compact-numerique-6\/\" \/>\n<meta property=\"og:site_name\" content=\"Analog Gwerz\" \/>\n<meta property=\"article:modified_time\" content=\"2026-03-27T12:30:25+00:00\" \/>\n<meta property=\"og:image\" content=\"https:\/\/www.analoggwerz.com\/wp-content\/uploads\/2025\/06\/img_9309-scaled.jpeg\" \/>\n\t<meta property=\"og:image:width\" content=\"2560\" \/>\n\t<meta property=\"og:image:height\" content=\"1920\" \/>\n\t<meta property=\"og:image:type\" content=\"image\/jpeg\" \/>\n<meta name=\"twitter:card\" content=\"summary_large_image\" \/>\n<meta name=\"twitter:label1\" content=\"Est. reading time\" \/>\n\t<meta name=\"twitter:data1\" content=\"1 minute\" \/>\n<script type=\"application\/ld+json\" class=\"yoast-schema-graph\">{\"@context\":\"https:\\\/\\\/schema.org\",\"@graph\":[{\"@type\":\"WebPage\",\"@id\":\"https:\\\/\\\/www.analoggwerz.com\\\/produit\\\/sacoche-case-logic-pour-compact-numerique-6\\\/\",\"url\":\"https:\\\/\\\/www.analoggwerz.com\\\/produit\\\/sacoche-case-logic-pour-compact-numerique-6\\\/\",\"name\":\"Sacoche case Logic pour compact num\u00e9rique - Noir est disponible sur la boutique !\",\"isPartOf\":{\"@id\":\"https:\\\/\\\/www.analoggwerz.com\\\/#website\"},\"primaryImageOfPage\":{\"@id\":\"https:\\\/\\\/www.analoggwerz.com\\\/produit\\\/sacoche-case-logic-pour-compact-numerique-6\\\/#primaryimage\"},\"image\":{\"@id\":\"https:\\\/\\\/www.analoggwerz.com\\\/produit\\\/sacoche-case-logic-pour-compact-numerique-6\\\/#primaryimage\"},\"thumbnailUrl\":\"https:\\\/\\\/www.analoggwerz.com\\\/wp-content\\\/uploads\\\/2025\\\/06\\\/img_9309-scaled.jpeg\",\"datePublished\":\"2025-06-04T22:06:23+00:00\",\"dateModified\":\"2026-03-27T12:30:25+00:00\",\"description\":\"Cliquez ici pour d\u00e9couvrir Sacoche case Logic pour compact num\u00e9rique - Noir sur la boutique.\",\"breadcrumb\":{\"@id\":\"https:\\\/\\\/www.analoggwerz.com\\\/produit\\\/sacoche-case-logic-pour-compact-numerique-6\\\/#breadcrumb\"},\"inLanguage\":\"en-US\",\"potentialAction\":[{\"@type\":\"ReadAction\",\"target\":[\"https:\\\/\\\/www.analoggwerz.com\\\/produit\\\/sacoche-case-logic-pour-compact-numerique-6\\\/\"]}]},{\"@type\":\"ImageObject\",\"inLanguage\":\"en-US\",\"@id\":\"https:\\\/\\\/www.analoggwerz.com\\\/produit\\\/sacoche-case-logic-pour-compact-numerique-6\\\/#primaryimage\",\"url\":\"https:\\\/\\\/www.analoggwerz.com\\\/wp-content\\\/uploads\\\/2025\\\/06\\\/img_9309-scaled.jpeg\",\"contentUrl\":\"https:\\\/\\\/www.analoggwerz.com\\\/wp-content\\\/uploads\\\/2025\\\/06\\\/img_9309-scaled.jpeg\",\"width\":2560,\"height\":1920},{\"@type\":\"BreadcrumbList\",\"@id\":\"https:\\\/\\\/www.analoggwerz.com\\\/produit\\\/sacoche-case-logic-pour-compact-numerique-6\\\/#breadcrumb\",\"itemListElement\":[{\"@type\":\"ListItem\",\"position\":1,\"name\":\"Accueil\",\"item\":\"https:\\\/\\\/www.analoggwerz.com\\\/\"},{\"@type\":\"ListItem\",\"position\":2,\"name\":\"Boutique\",\"item\":\"https:\\\/\\\/www.analoggwerz.com\\\/shop\\\/\"},{\"@type\":\"ListItem\",\"position\":3,\"name\":\"Sacoche case Logic pour compact num\u00e9rique &#8211; Noir\"}]},{\"@type\":\"WebSite\",\"@id\":\"https:\\\/\\\/www.analoggwerz.com\\\/#website\",\"url\":\"https:\\\/\\\/www.analoggwerz.com\\\/\",\"name\":\"Analog Gwerz\",\"description\":\"Pas besoin de neuf pour capturer l&#039;instant !\",\"publisher\":{\"@id\":\"https:\\\/\\\/www.analoggwerz.com\\\/#organization\"},\"potentialAction\":[{\"@type\":\"SearchAction\",\"target\":{\"@type\":\"EntryPoint\",\"urlTemplate\":\"https:\\\/\\\/www.analoggwerz.com\\\/?s={search_term_string}\"},\"query-input\":{\"@type\":\"PropertyValueSpecification\",\"valueRequired\":true,\"valueName\":\"search_term_string\"}}],\"inLanguage\":\"en-US\"},{\"@type\":\"Organization\",\"@id\":\"https:\\\/\\\/www.analoggwerz.com\\\/#organization\",\"name\":\"Analog Gwerz\",\"url\":\"https:\\\/\\\/www.analoggwerz.com\\\/\",\"logo\":{\"@type\":\"ImageObject\",\"inLanguage\":\"en-US\",\"@id\":\"https:\\\/\\\/www.analoggwerz.com\\\/#\\\/schema\\\/logo\\\/image\\\/\",\"url\":\"https:\\\/\\\/www.analoggwerz.com\\\/wp-content\\\/uploads\\\/2025\\\/10\\\/000-LOGO-ANALOG-GWERZ-NOIR-1.png\",\"contentUrl\":\"https:\\\/\\\/www.analoggwerz.com\\\/wp-content\\\/uploads\\\/2025\\\/10\\\/000-LOGO-ANALOG-GWERZ-NOIR-1.png\",\"width\":800,\"height\":407,\"caption\":\"Analog Gwerz\"},\"image\":{\"@id\":\"https:\\\/\\\/www.analoggwerz.com\\\/#\\\/schema\\\/logo\\\/image\\\/\"},\"sameAs\":[\"https:\\\/\\\/www.instagram.com\\\/analog_gwerz\\\/\",\"https:\\\/\\\/www.tiktok.com\\\/@analog_gwerz\"]}]}<\/script>\n<!-- \/ Yoast SEO plugin. -->","yoast_head_json":{"title":"Sacoche case Logic pour compact num\u00e9rique - Noir est disponible sur la boutique !","description":"Cliquez ici pour d\u00e9couvrir Sacoche case Logic pour compact num\u00e9rique - Noir sur la boutique.","robots":{"index":"index","follow":"follow","max-snippet":"max-snippet:-1","max-image-preview":"max-image-preview:large","max-video-preview":"max-video-preview:-1"},"canonical":"https:\/\/www.analoggwerz.com\/en\/product\/sacoche-case-logic-pour-compact-numerique-6\/","og_locale":"en_US","og_type":"article","og_title":"Sacoche case Logic pour compact num\u00e9rique - Noir est disponible sur la boutique !","og_description":"Cliquez ici pour d\u00e9couvrir Sacoche case Logic pour compact num\u00e9rique - Noir sur la boutique.","og_url":"https:\/\/www.analoggwerz.com\/en\/product\/sacoche-case-logic-pour-compact-numerique-6\/","og_site_name":"Analog Gwerz","article_modified_time":"2026-03-27T12:30:25+00:00","og_image":[{"width":2560,"height":1920,"url":"https:\/\/www.analoggwerz.com\/wp-content\/uploads\/2025\/06\/img_9309-scaled.jpeg","type":"image\/jpeg"}],"twitter_card":"summary_large_image","twitter_misc":{"Est. reading time":"1 minute"},"schema":{"@context":"https:\/\/schema.org","@graph":[{"@type":"WebPage","@id":"https:\/\/www.analoggwerz.com\/produit\/sacoche-case-logic-pour-compact-numerique-6\/","url":"https:\/\/www.analoggwerz.com\/produit\/sacoche-case-logic-pour-compact-numerique-6\/","name":"Sacoche case Logic pour compact num\u00e9rique - Noir est disponible sur la boutique !","isPartOf":{"@id":"https:\/\/www.analoggwerz.com\/#website"},"primaryImageOfPage":{"@id":"https:\/\/www.analoggwerz.com\/produit\/sacoche-case-logic-pour-compact-numerique-6\/#primaryimage"},"image":{"@id":"https:\/\/www.analoggwerz.com\/produit\/sacoche-case-logic-pour-compact-numerique-6\/#primaryimage"},"thumbnailUrl":"https:\/\/www.analoggwerz.com\/wp-content\/uploads\/2025\/06\/img_9309-scaled.jpeg","datePublished":"2025-06-04T22:06:23+00:00","dateModified":"2026-03-27T12:30:25+00:00","description":"Cliquez ici pour d\u00e9couvrir Sacoche case Logic pour compact num\u00e9rique - Noir sur la boutique.","breadcrumb":{"@id":"https:\/\/www.analoggwerz.com\/produit\/sacoche-case-logic-pour-compact-numerique-6\/#breadcrumb"},"inLanguage":"en-US","potentialAction":[{"@type":"ReadAction","target":["https:\/\/www.analoggwerz.com\/produit\/sacoche-case-logic-pour-compact-numerique-6\/"]}]},{"@type":"ImageObject","inLanguage":"en-US","@id":"https:\/\/www.analoggwerz.com\/produit\/sacoche-case-logic-pour-compact-numerique-6\/#primaryimage","url":"https:\/\/www.analoggwerz.com\/wp-content\/uploads\/2025\/06\/img_9309-scaled.jpeg","contentUrl":"https:\/\/www.analoggwerz.com\/wp-content\/uploads\/2025\/06\/img_9309-scaled.jpeg","width":2560,"height":1920},{"@type":"BreadcrumbList","@id":"https:\/\/www.analoggwerz.com\/produit\/sacoche-case-logic-pour-compact-numerique-6\/#breadcrumb","itemListElement":[{"@type":"ListItem","position":1,"name":"Accueil","item":"https:\/\/www.analoggwerz.com\/"},{"@type":"ListItem","position":2,"name":"Boutique","item":"https:\/\/www.analoggwerz.com\/shop\/"},{"@type":"ListItem","position":3,"name":"Sacoche case Logic pour compact num\u00e9rique &#8211; Noir"}]},{"@type":"WebSite","@id":"https:\/\/www.analoggwerz.com\/#website","url":"https:\/\/www.analoggwerz.com\/","name":"Analog Gwerz","description":"Pas besoin de neuf pour capturer l&#039;instant !","publisher":{"@id":"https:\/\/www.analoggwerz.com\/#organization"},"potentialAction":[{"@type":"SearchAction","target":{"@type":"EntryPoint","urlTemplate":"https:\/\/www.analoggwerz.com\/?s={search_term_string}"},"query-input":{"@type":"PropertyValueSpecification","valueRequired":true,"valueName":"search_term_string"}}],"inLanguage":"en-US"},{"@type":"Organization","@id":"https:\/\/www.analoggwerz.com\/#organization","name":"Analog Gwerz","url":"https:\/\/www.analoggwerz.com\/","logo":{"@type":"ImageObject","inLanguage":"en-US","@id":"https:\/\/www.analoggwerz.com\/#\/schema\/logo\/image\/","url":"https:\/\/www.analoggwerz.com\/wp-content\/uploads\/2025\/10\/000-LOGO-ANALOG-GWERZ-NOIR-1.png","contentUrl":"https:\/\/www.analoggwerz.com\/wp-content\/uploads\/2025\/10\/000-LOGO-ANALOG-GWERZ-NOIR-1.png","width":800,"height":407,"caption":"Analog Gwerz"},"image":{"@id":"https:\/\/www.analoggwerz.com\/#\/schema\/logo\/image\/"},"sameAs":["https:\/\/www.instagram.com\/analog_gwerz\/","https:\/\/www.tiktok.com\/@analog_gwerz"]}]}},"jetpack_sharing_enabled":true,"_links":{"self":[{"href":"https:\/\/www.analoggwerz.com\/en\/wp-json\/wp\/v2\/product\/6375","targetHints":{"allow":["GET"]}}],"collection":[{"href":"https:\/\/www.analoggwerz.com\/en\/wp-json\/wp\/v2\/product"}],"about":[{"href":"https:\/\/www.analoggwerz.com\/en\/wp-json\/wp\/v2\/types\/product"}],"wp:featuredmedia":[{"embeddable":true,"href":"https:\/\/www.analoggwerz.com\/en\/wp-json\/wp\/v2\/media\/6373"}],"wp:attachment":[{"href":"https:\/\/www.analoggwerz.com\/en\/wp-json\/wp\/v2\/media?parent=6375"}],"wp:term":[{"taxonomy":"product_brand","embeddable":true,"href":"https:\/\/www.analoggwerz.com\/en\/wp-json\/wp\/v2\/product_brand?post=6375"},{"taxonomy":"product_cat","embeddable":true,"href":"https:\/\/www.analoggwerz.com\/en\/wp-json\/wp\/v2\/product_cat?post=6375"},{"taxonomy":"product_tag","embeddable":true,"href":"https:\/\/www.analoggwerz.com\/en\/wp-json\/wp\/v2\/product_tag?post=6375"}],"curies":[{"name":"wp","href":"https:\/\/api.w.org\/{rel}","templated":true}]}}