{"id":6265,"date":"2025-05-14T18:09:44","date_gmt":"2025-05-14T18:09:44","guid":{"rendered":"https:\/\/www.analoggwerz.com\/produit\/sacoche-gm-verte-et-bleu-nuit-ideale-pour-reflex-objectifs\/"},"modified":"2026-03-26T21:59:29","modified_gmt":"2026-03-26T21:59:29","slug":"sacoche-gm-verte-et-bleu-nuit-ideale-pour-reflex-objectifs","status":"publish","type":"product","link":"https:\/\/www.analoggwerz.com\/en\/product\/sacoche-gm-verte-et-bleu-nuit-ideale-pour-reflex-objectifs\/","title":{"rendered":"Sacoche GM \u2013 id\u00e9ale pour reflex + objectifs &#8211; Vert"},"content":{"rendered":"<p><strong>N\u2019h\u00e9sitez pas \u00e0 vous abonner \u00e0 mon Instagram (@analog_gwerz) si vous aimez la photo et les appareils.<\/strong><\/p>\n<p><strong>Sacoche GM verte et bleu nuit \u2013 id\u00e9ale pour reflex + objectifs<\/strong><\/p>\n<p><strong>Solide, spacieuse et bien compartiment\u00e9e, cette sacoche GM est id\u00e9ale pour transporter un appareil photo reflex accompagn\u00e9 de plusieurs objectifs. Son design original vert et bleu nuit, associ\u00e9 \u00e0 une fermeture \u00e0 clip s\u00e9curis\u00e9e, en fait un choix \u00e0 la fois pratique et esth\u00e9tique.<\/strong><\/p>\n<p><strong>Caract\u00e9ristiques techniques :<\/strong><\/p>\n<p><strong>Couleurs : vert et bleu nuit avec surpiq\u00fbres contrastantes<\/strong><\/p>\n<p><strong>Int\u00e9rieur matelass\u00e9 avec s\u00e9parateurs ajustables pour reflex + 1 ou 2 objectifs<\/strong><\/p>\n<p><strong>Poche filet int\u00e9rieure zipp\u00e9e sous le rabat<\/strong><\/p>\n<p><strong>Rembourrage arri\u00e8re \u00e0 soufflets pour plus de confort<\/strong><\/p>\n<p><strong>Fermeture s\u00e9curis\u00e9e par clip central robuste<\/strong><\/p>\n<p><strong>Bandouli\u00e8re r\u00e9glable et solide<\/strong><\/p>\n<p><strong>Dimensions ext\u00e9rieures : environ 29 x 18 x 18 cm<\/strong><\/p>\n<p><strong>\u00c9tat : Tr\u00e8s bon \u00e9tat g\u00e9n\u00e9ral, propre, zips et attaches parfaitement fonctionnels.<\/strong><\/p>\n<p><strong>Compatibilit\u00e9 : Convient aux appareils photo reflex num\u00e9riques ou argentiques, avec un ou plusieurs objectifs. Parfait \u00e9galement pour hybrides avec accessoires.<\/strong><\/p>","protected":false},"excerpt":{"rendered":"<p>N\u2019h\u00e9sitez pas \u00e0 vous abonner \u00e0 mon Instagram (@analog_gwerz) si vous aimez la photo et les appareils. Sacoche GM verte et bleu nuit \u2013 id\u00e9ale pour reflex + objectifs Solide, spacieuse et bien compartiment\u00e9e, cette sacoche GM est id\u00e9ale pour transporter un appareil photo reflex accompagn\u00e9 de plusieurs objectifs. Son design original vert et bleu [&hellip;]<\/p>\n","protected":false},"featured_media":6262,"template":"","meta":[],"product_brand":[],"product_cat":[55,143,147],"product_tag":[],"class_list":{"0":"post-6265","1":"product","2":"type-product","3":"status-publish","4":"has-post-thumbnail","6":"product_cat-accessoires","7":"product_cat-etuis-et-sacoches","8":"product_cat-grande-sacoche","9":"pa_couleur-vert","11":"first","12":"instock","13":"sale","14":"purchasable","15":"product-type-simple"},"yoast_head":"<!-- This site is optimized with the Yoast SEO plugin v27.5 - https:\/\/yoast.com\/product\/yoast-seo-wordpress\/ -->\n<title>Sacoche GM \u2013 id\u00e9ale pour reflex + objectifs - Vert est disponible sur la boutique !<\/title>\n<meta name=\"description\" content=\"Cliquez ici pour d\u00e9couvrir Sacoche GM \u2013 id\u00e9ale pour reflex + objectifs - Vert sur la boutique.\" \/>\n<meta name=\"robots\" content=\"index, follow, max-snippet:-1, max-image-preview:large, max-video-preview:-1\" \/>\n<link rel=\"canonical\" href=\"https:\/\/www.analoggwerz.com\/en\/product\/sacoche-gm-verte-et-bleu-nuit-ideale-pour-reflex-objectifs\/\" \/>\n<meta property=\"og:locale\" content=\"en_US\" \/>\n<meta property=\"og:type\" content=\"article\" \/>\n<meta property=\"og:title\" content=\"Sacoche GM \u2013 id\u00e9ale pour reflex + objectifs - Vert est disponible sur la boutique !\" \/>\n<meta property=\"og:description\" content=\"Cliquez ici pour d\u00e9couvrir Sacoche GM \u2013 id\u00e9ale pour reflex + objectifs - Vert sur la boutique.\" \/>\n<meta property=\"og:url\" content=\"https:\/\/www.analoggwerz.com\/en\/product\/sacoche-gm-verte-et-bleu-nuit-ideale-pour-reflex-objectifs\/\" \/>\n<meta property=\"og:site_name\" content=\"Analog Gwerz\" \/>\n<meta property=\"article:modified_time\" content=\"2026-03-26T21:59:29+00:00\" \/>\n<meta property=\"og:image\" content=\"https:\/\/www.analoggwerz.com\/wp-content\/uploads\/2025\/05\/img_8483-scaled.jpeg\" \/>\n\t<meta property=\"og:image:width\" content=\"2560\" \/>\n\t<meta property=\"og:image:height\" content=\"1920\" \/>\n\t<meta property=\"og:image:type\" content=\"image\/jpeg\" \/>\n<meta name=\"twitter:card\" content=\"summary_large_image\" \/>\n<meta name=\"twitter:label1\" content=\"Est. reading time\" \/>\n\t<meta name=\"twitter:data1\" content=\"1 minute\" \/>\n<script type=\"application\/ld+json\" class=\"yoast-schema-graph\">{\"@context\":\"https:\\\/\\\/schema.org\",\"@graph\":[{\"@type\":\"WebPage\",\"@id\":\"https:\\\/\\\/www.analoggwerz.com\\\/produit\\\/sacoche-gm-verte-et-bleu-nuit-ideale-pour-reflex-objectifs\\\/\",\"url\":\"https:\\\/\\\/www.analoggwerz.com\\\/produit\\\/sacoche-gm-verte-et-bleu-nuit-ideale-pour-reflex-objectifs\\\/\",\"name\":\"Sacoche GM \u2013 id\u00e9ale pour reflex + objectifs - Vert est disponible sur la boutique !\",\"isPartOf\":{\"@id\":\"https:\\\/\\\/www.analoggwerz.com\\\/#website\"},\"primaryImageOfPage\":{\"@id\":\"https:\\\/\\\/www.analoggwerz.com\\\/produit\\\/sacoche-gm-verte-et-bleu-nuit-ideale-pour-reflex-objectifs\\\/#primaryimage\"},\"image\":{\"@id\":\"https:\\\/\\\/www.analoggwerz.com\\\/produit\\\/sacoche-gm-verte-et-bleu-nuit-ideale-pour-reflex-objectifs\\\/#primaryimage\"},\"thumbnailUrl\":\"https:\\\/\\\/www.analoggwerz.com\\\/wp-content\\\/uploads\\\/2025\\\/05\\\/img_8483-scaled.jpeg\",\"datePublished\":\"2025-05-14T18:09:44+00:00\",\"dateModified\":\"2026-03-26T21:59:29+00:00\",\"description\":\"Cliquez ici pour d\u00e9couvrir Sacoche GM \u2013 id\u00e9ale pour reflex + objectifs - Vert sur la boutique.\",\"breadcrumb\":{\"@id\":\"https:\\\/\\\/www.analoggwerz.com\\\/produit\\\/sacoche-gm-verte-et-bleu-nuit-ideale-pour-reflex-objectifs\\\/#breadcrumb\"},\"inLanguage\":\"en-US\",\"potentialAction\":[{\"@type\":\"ReadAction\",\"target\":[\"https:\\\/\\\/www.analoggwerz.com\\\/produit\\\/sacoche-gm-verte-et-bleu-nuit-ideale-pour-reflex-objectifs\\\/\"]}]},{\"@type\":\"ImageObject\",\"inLanguage\":\"en-US\",\"@id\":\"https:\\\/\\\/www.analoggwerz.com\\\/produit\\\/sacoche-gm-verte-et-bleu-nuit-ideale-pour-reflex-objectifs\\\/#primaryimage\",\"url\":\"https:\\\/\\\/www.analoggwerz.com\\\/wp-content\\\/uploads\\\/2025\\\/05\\\/img_8483-scaled.jpeg\",\"contentUrl\":\"https:\\\/\\\/www.analoggwerz.com\\\/wp-content\\\/uploads\\\/2025\\\/05\\\/img_8483-scaled.jpeg\",\"width\":2560,\"height\":1920},{\"@type\":\"BreadcrumbList\",\"@id\":\"https:\\\/\\\/www.analoggwerz.com\\\/produit\\\/sacoche-gm-verte-et-bleu-nuit-ideale-pour-reflex-objectifs\\\/#breadcrumb\",\"itemListElement\":[{\"@type\":\"ListItem\",\"position\":1,\"name\":\"Accueil\",\"item\":\"https:\\\/\\\/www.analoggwerz.com\\\/\"},{\"@type\":\"ListItem\",\"position\":2,\"name\":\"Boutique\",\"item\":\"https:\\\/\\\/www.analoggwerz.com\\\/shop\\\/\"},{\"@type\":\"ListItem\",\"position\":3,\"name\":\"Sacoche GM \u2013 id\u00e9ale pour reflex + objectifs &#8211; Vert\"}]},{\"@type\":\"WebSite\",\"@id\":\"https:\\\/\\\/www.analoggwerz.com\\\/#website\",\"url\":\"https:\\\/\\\/www.analoggwerz.com\\\/\",\"name\":\"Analog Gwerz\",\"description\":\"Pas besoin de neuf pour capturer l&#039;instant !\",\"publisher\":{\"@id\":\"https:\\\/\\\/www.analoggwerz.com\\\/#organization\"},\"potentialAction\":[{\"@type\":\"SearchAction\",\"target\":{\"@type\":\"EntryPoint\",\"urlTemplate\":\"https:\\\/\\\/www.analoggwerz.com\\\/?s={search_term_string}\"},\"query-input\":{\"@type\":\"PropertyValueSpecification\",\"valueRequired\":true,\"valueName\":\"search_term_string\"}}],\"inLanguage\":\"en-US\"},{\"@type\":\"Organization\",\"@id\":\"https:\\\/\\\/www.analoggwerz.com\\\/#organization\",\"name\":\"Analog Gwerz\",\"url\":\"https:\\\/\\\/www.analoggwerz.com\\\/\",\"logo\":{\"@type\":\"ImageObject\",\"inLanguage\":\"en-US\",\"@id\":\"https:\\\/\\\/www.analoggwerz.com\\\/#\\\/schema\\\/logo\\\/image\\\/\",\"url\":\"https:\\\/\\\/www.analoggwerz.com\\\/wp-content\\\/uploads\\\/2025\\\/10\\\/000-LOGO-ANALOG-GWERZ-NOIR-1.png\",\"contentUrl\":\"https:\\\/\\\/www.analoggwerz.com\\\/wp-content\\\/uploads\\\/2025\\\/10\\\/000-LOGO-ANALOG-GWERZ-NOIR-1.png\",\"width\":800,\"height\":407,\"caption\":\"Analog Gwerz\"},\"image\":{\"@id\":\"https:\\\/\\\/www.analoggwerz.com\\\/#\\\/schema\\\/logo\\\/image\\\/\"},\"sameAs\":[\"https:\\\/\\\/www.instagram.com\\\/analog_gwerz\\\/\",\"https:\\\/\\\/www.tiktok.com\\\/@analog_gwerz\"]}]}<\/script>\n<!-- \/ Yoast SEO plugin. -->","yoast_head_json":{"title":"Sacoche GM \u2013 id\u00e9ale pour reflex + objectifs - Vert est disponible sur la boutique !","description":"Cliquez ici pour d\u00e9couvrir Sacoche GM \u2013 id\u00e9ale pour reflex + objectifs - Vert sur la boutique.","robots":{"index":"index","follow":"follow","max-snippet":"max-snippet:-1","max-image-preview":"max-image-preview:large","max-video-preview":"max-video-preview:-1"},"canonical":"https:\/\/www.analoggwerz.com\/en\/product\/sacoche-gm-verte-et-bleu-nuit-ideale-pour-reflex-objectifs\/","og_locale":"en_US","og_type":"article","og_title":"Sacoche GM \u2013 id\u00e9ale pour reflex + objectifs - Vert est disponible sur la boutique !","og_description":"Cliquez ici pour d\u00e9couvrir Sacoche GM \u2013 id\u00e9ale pour reflex + objectifs - Vert sur la boutique.","og_url":"https:\/\/www.analoggwerz.com\/en\/product\/sacoche-gm-verte-et-bleu-nuit-ideale-pour-reflex-objectifs\/","og_site_name":"Analog Gwerz","article_modified_time":"2026-03-26T21:59:29+00:00","og_image":[{"width":2560,"height":1920,"url":"https:\/\/www.analoggwerz.com\/wp-content\/uploads\/2025\/05\/img_8483-scaled.jpeg","type":"image\/jpeg"}],"twitter_card":"summary_large_image","twitter_misc":{"Est. reading time":"1 minute"},"schema":{"@context":"https:\/\/schema.org","@graph":[{"@type":"WebPage","@id":"https:\/\/www.analoggwerz.com\/produit\/sacoche-gm-verte-et-bleu-nuit-ideale-pour-reflex-objectifs\/","url":"https:\/\/www.analoggwerz.com\/produit\/sacoche-gm-verte-et-bleu-nuit-ideale-pour-reflex-objectifs\/","name":"Sacoche GM \u2013 id\u00e9ale pour reflex + objectifs - Vert est disponible sur la boutique !","isPartOf":{"@id":"https:\/\/www.analoggwerz.com\/#website"},"primaryImageOfPage":{"@id":"https:\/\/www.analoggwerz.com\/produit\/sacoche-gm-verte-et-bleu-nuit-ideale-pour-reflex-objectifs\/#primaryimage"},"image":{"@id":"https:\/\/www.analoggwerz.com\/produit\/sacoche-gm-verte-et-bleu-nuit-ideale-pour-reflex-objectifs\/#primaryimage"},"thumbnailUrl":"https:\/\/www.analoggwerz.com\/wp-content\/uploads\/2025\/05\/img_8483-scaled.jpeg","datePublished":"2025-05-14T18:09:44+00:00","dateModified":"2026-03-26T21:59:29+00:00","description":"Cliquez ici pour d\u00e9couvrir Sacoche GM \u2013 id\u00e9ale pour reflex + objectifs - Vert sur la boutique.","breadcrumb":{"@id":"https:\/\/www.analoggwerz.com\/produit\/sacoche-gm-verte-et-bleu-nuit-ideale-pour-reflex-objectifs\/#breadcrumb"},"inLanguage":"en-US","potentialAction":[{"@type":"ReadAction","target":["https:\/\/www.analoggwerz.com\/produit\/sacoche-gm-verte-et-bleu-nuit-ideale-pour-reflex-objectifs\/"]}]},{"@type":"ImageObject","inLanguage":"en-US","@id":"https:\/\/www.analoggwerz.com\/produit\/sacoche-gm-verte-et-bleu-nuit-ideale-pour-reflex-objectifs\/#primaryimage","url":"https:\/\/www.analoggwerz.com\/wp-content\/uploads\/2025\/05\/img_8483-scaled.jpeg","contentUrl":"https:\/\/www.analoggwerz.com\/wp-content\/uploads\/2025\/05\/img_8483-scaled.jpeg","width":2560,"height":1920},{"@type":"BreadcrumbList","@id":"https:\/\/www.analoggwerz.com\/produit\/sacoche-gm-verte-et-bleu-nuit-ideale-pour-reflex-objectifs\/#breadcrumb","itemListElement":[{"@type":"ListItem","position":1,"name":"Accueil","item":"https:\/\/www.analoggwerz.com\/"},{"@type":"ListItem","position":2,"name":"Boutique","item":"https:\/\/www.analoggwerz.com\/shop\/"},{"@type":"ListItem","position":3,"name":"Sacoche GM \u2013 id\u00e9ale pour reflex + objectifs &#8211; Vert"}]},{"@type":"WebSite","@id":"https:\/\/www.analoggwerz.com\/#website","url":"https:\/\/www.analoggwerz.com\/","name":"Analog Gwerz","description":"Pas besoin de neuf pour capturer l&#039;instant !","publisher":{"@id":"https:\/\/www.analoggwerz.com\/#organization"},"potentialAction":[{"@type":"SearchAction","target":{"@type":"EntryPoint","urlTemplate":"https:\/\/www.analoggwerz.com\/?s={search_term_string}"},"query-input":{"@type":"PropertyValueSpecification","valueRequired":true,"valueName":"search_term_string"}}],"inLanguage":"en-US"},{"@type":"Organization","@id":"https:\/\/www.analoggwerz.com\/#organization","name":"Analog Gwerz","url":"https:\/\/www.analoggwerz.com\/","logo":{"@type":"ImageObject","inLanguage":"en-US","@id":"https:\/\/www.analoggwerz.com\/#\/schema\/logo\/image\/","url":"https:\/\/www.analoggwerz.com\/wp-content\/uploads\/2025\/10\/000-LOGO-ANALOG-GWERZ-NOIR-1.png","contentUrl":"https:\/\/www.analoggwerz.com\/wp-content\/uploads\/2025\/10\/000-LOGO-ANALOG-GWERZ-NOIR-1.png","width":800,"height":407,"caption":"Analog Gwerz"},"image":{"@id":"https:\/\/www.analoggwerz.com\/#\/schema\/logo\/image\/"},"sameAs":["https:\/\/www.instagram.com\/analog_gwerz\/","https:\/\/www.tiktok.com\/@analog_gwerz"]}]}},"jetpack_sharing_enabled":true,"_links":{"self":[{"href":"https:\/\/www.analoggwerz.com\/en\/wp-json\/wp\/v2\/product\/6265","targetHints":{"allow":["GET"]}}],"collection":[{"href":"https:\/\/www.analoggwerz.com\/en\/wp-json\/wp\/v2\/product"}],"about":[{"href":"https:\/\/www.analoggwerz.com\/en\/wp-json\/wp\/v2\/types\/product"}],"wp:featuredmedia":[{"embeddable":true,"href":"https:\/\/www.analoggwerz.com\/en\/wp-json\/wp\/v2\/media\/6262"}],"wp:attachment":[{"href":"https:\/\/www.analoggwerz.com\/en\/wp-json\/wp\/v2\/media?parent=6265"}],"wp:term":[{"taxonomy":"product_brand","embeddable":true,"href":"https:\/\/www.analoggwerz.com\/en\/wp-json\/wp\/v2\/product_brand?post=6265"},{"taxonomy":"product_cat","embeddable":true,"href":"https:\/\/www.analoggwerz.com\/en\/wp-json\/wp\/v2\/product_cat?post=6265"},{"taxonomy":"product_tag","embeddable":true,"href":"https:\/\/www.analoggwerz.com\/en\/wp-json\/wp\/v2\/product_tag?post=6265"}],"curies":[{"name":"wp","href":"https:\/\/api.w.org\/{rel}","templated":true}]}}