{"id":6236,"date":"2025-05-14T13:25:43","date_gmt":"2025-05-14T13:25:43","guid":{"rendered":"https:\/\/www.analoggwerz.com\/produit\/cassette-minidv-sony-dvm30me-30-minutes-neuve-sous-blister\/"},"modified":"2026-04-12T12:25:18","modified_gmt":"2026-04-12T12:25:18","slug":"cassette-minidv-sony-dvm30me-30-minutes-neuve-sous-blister","status":"publish","type":"product","link":"https:\/\/www.analoggwerz.com\/en\/product\/cassette-minidv-sony-dvm30me-30-minutes-neuve-sous-blister\/","title":{"rendered":"Cassette MiniDV Sony DVM30ME \u2014 30 minutes, neuve sous blister"},"content":{"rendered":"<p>N\u2019h\u00e9sitez pas \u00e0 vous abonner \u00e0 mon Instagram (@analog_gwerz) si vous aimez la photo et les appareils.<\/p>\n<p>Cassette MiniDV Sony DVM30ME \u2014 30 minutes, neuve sous blister<\/p>\n<p>Cassette MiniDV de la marque Sony, mod\u00e8le DVM30ME, con\u00e7ue pour l\u2019enregistrement num\u00e9rique de haute qualit\u00e9. Dur\u00e9e d\u2019enregistrement : 30 minutes en mode SP.<\/p>\n<p>\u2022 Cassette neuve, sous blister<\/p>\n<p>\u2022 Technologie ME (Metal Evaporated) pour une qualit\u00e9 d\u2019image et de son optimale<\/p>\n<p>\u2022 Int\u00e8gre une puce IC Memory pour une gestion plus rapide des donn\u00e9es<\/p>\n<p>\u2022 Compatible avec tous les cam\u00e9scopes acceptant les cassettes MiniDV (logo DV)<\/p>\n<p>\u2022 Fabriqu\u00e9e au Japon<\/p>\n<p>Parfait pour les vid\u00e9astes passionn\u00e9s ou les utilisateurs de cam\u00e9scopes vintage.<\/p>","protected":false},"excerpt":{"rendered":"<p>N\u2019h\u00e9sitez pas \u00e0 vous abonner \u00e0 mon Instagram (@analog_gwerz) si vous aimez la photo et les appareils. Cassette MiniDV Sony DVM30ME \u2014 30 minutes, neuve sous blister Cassette MiniDV de la marque Sony, mod\u00e8le DVM30ME, con\u00e7ue pour l\u2019enregistrement num\u00e9rique de haute qualit\u00e9. Dur\u00e9e d\u2019enregistrement : 30 minutes en mode SP. \u2022 Cassette neuve, sous blister [&hellip;]<\/p>\n","protected":false},"featured_media":6235,"template":"","meta":[],"product_brand":[],"product_cat":[138,141],"product_tag":[],"class_list":{"0":"post-6236","1":"product","2":"type-product","3":"status-publish","4":"has-post-thumbnail","6":"product_cat-cassettes","7":"product_cat-cassettes-minidv","8":"pa_marque-sony","10":"first","11":"instock","12":"purchasable","13":"product-type-simple"},"yoast_head":"<!-- This site is optimized with the Yoast SEO plugin v27.5 - https:\/\/yoast.com\/product\/yoast-seo-wordpress\/ -->\n<title>Cassette MiniDV Sony DVM30ME \u2014 30 minutes, neuve sous blister est disponible sur la boutique !<\/title>\n<meta name=\"description\" content=\"Cliquez ici pour d\u00e9couvrir Cassette MiniDV Sony DVM30ME \u2014 30 minutes, neuve sous blister sur la boutique.\" \/>\n<meta name=\"robots\" content=\"index, follow, max-snippet:-1, max-image-preview:large, max-video-preview:-1\" \/>\n<link rel=\"canonical\" href=\"https:\/\/www.analoggwerz.com\/en\/product\/cassette-minidv-sony-dvm30me-30-minutes-neuve-sous-blister\/\" \/>\n<meta property=\"og:locale\" content=\"en_US\" \/>\n<meta property=\"og:type\" content=\"article\" \/>\n<meta property=\"og:title\" content=\"Cassette MiniDV Sony DVM30ME \u2014 30 minutes, neuve sous blister est disponible sur la boutique !\" \/>\n<meta property=\"og:description\" content=\"Cliquez ici pour d\u00e9couvrir Cassette MiniDV Sony DVM30ME \u2014 30 minutes, neuve sous blister sur la boutique.\" \/>\n<meta property=\"og:url\" content=\"https:\/\/www.analoggwerz.com\/en\/product\/cassette-minidv-sony-dvm30me-30-minutes-neuve-sous-blister\/\" \/>\n<meta property=\"og:site_name\" content=\"Analog Gwerz\" \/>\n<meta property=\"article:modified_time\" content=\"2026-04-12T12:25:18+00:00\" \/>\n<meta property=\"og:image\" content=\"https:\/\/www.analoggwerz.com\/wp-content\/uploads\/2025\/05\/img_8451-scaled.jpeg\" \/>\n\t<meta property=\"og:image:width\" content=\"2560\" \/>\n\t<meta property=\"og:image:height\" content=\"1920\" \/>\n\t<meta property=\"og:image:type\" content=\"image\/jpeg\" \/>\n<meta name=\"twitter:card\" content=\"summary_large_image\" \/>\n<meta name=\"twitter:label1\" content=\"Est. reading time\" \/>\n\t<meta name=\"twitter:data1\" content=\"1 minute\" \/>\n<script type=\"application\/ld+json\" class=\"yoast-schema-graph\">{\"@context\":\"https:\\\/\\\/schema.org\",\"@graph\":[{\"@type\":\"WebPage\",\"@id\":\"https:\\\/\\\/www.analoggwerz.com\\\/produit\\\/cassette-minidv-sony-dvm30me-30-minutes-neuve-sous-blister\\\/\",\"url\":\"https:\\\/\\\/www.analoggwerz.com\\\/produit\\\/cassette-minidv-sony-dvm30me-30-minutes-neuve-sous-blister\\\/\",\"name\":\"Cassette MiniDV Sony DVM30ME \u2014 30 minutes, neuve sous blister est disponible sur la boutique !\",\"isPartOf\":{\"@id\":\"https:\\\/\\\/www.analoggwerz.com\\\/#website\"},\"primaryImageOfPage\":{\"@id\":\"https:\\\/\\\/www.analoggwerz.com\\\/produit\\\/cassette-minidv-sony-dvm30me-30-minutes-neuve-sous-blister\\\/#primaryimage\"},\"image\":{\"@id\":\"https:\\\/\\\/www.analoggwerz.com\\\/produit\\\/cassette-minidv-sony-dvm30me-30-minutes-neuve-sous-blister\\\/#primaryimage\"},\"thumbnailUrl\":\"https:\\\/\\\/www.analoggwerz.com\\\/wp-content\\\/uploads\\\/2025\\\/05\\\/img_8451-scaled.jpeg\",\"datePublished\":\"2025-05-14T13:25:43+00:00\",\"dateModified\":\"2026-04-12T12:25:18+00:00\",\"description\":\"Cliquez ici pour d\u00e9couvrir Cassette MiniDV Sony DVM30ME \u2014 30 minutes, neuve sous blister sur la boutique.\",\"breadcrumb\":{\"@id\":\"https:\\\/\\\/www.analoggwerz.com\\\/produit\\\/cassette-minidv-sony-dvm30me-30-minutes-neuve-sous-blister\\\/#breadcrumb\"},\"inLanguage\":\"en-US\",\"potentialAction\":[{\"@type\":\"ReadAction\",\"target\":[\"https:\\\/\\\/www.analoggwerz.com\\\/produit\\\/cassette-minidv-sony-dvm30me-30-minutes-neuve-sous-blister\\\/\"]}]},{\"@type\":\"ImageObject\",\"inLanguage\":\"en-US\",\"@id\":\"https:\\\/\\\/www.analoggwerz.com\\\/produit\\\/cassette-minidv-sony-dvm30me-30-minutes-neuve-sous-blister\\\/#primaryimage\",\"url\":\"https:\\\/\\\/www.analoggwerz.com\\\/wp-content\\\/uploads\\\/2025\\\/05\\\/img_8451-scaled.jpeg\",\"contentUrl\":\"https:\\\/\\\/www.analoggwerz.com\\\/wp-content\\\/uploads\\\/2025\\\/05\\\/img_8451-scaled.jpeg\",\"width\":2560,\"height\":1920},{\"@type\":\"BreadcrumbList\",\"@id\":\"https:\\\/\\\/www.analoggwerz.com\\\/produit\\\/cassette-minidv-sony-dvm30me-30-minutes-neuve-sous-blister\\\/#breadcrumb\",\"itemListElement\":[{\"@type\":\"ListItem\",\"position\":1,\"name\":\"Accueil\",\"item\":\"https:\\\/\\\/www.analoggwerz.com\\\/\"},{\"@type\":\"ListItem\",\"position\":2,\"name\":\"Boutique\",\"item\":\"https:\\\/\\\/www.analoggwerz.com\\\/shop\\\/\"},{\"@type\":\"ListItem\",\"position\":3,\"name\":\"Cassette MiniDV Sony DVM30ME \u2014 30 minutes, neuve sous blister\"}]},{\"@type\":\"WebSite\",\"@id\":\"https:\\\/\\\/www.analoggwerz.com\\\/#website\",\"url\":\"https:\\\/\\\/www.analoggwerz.com\\\/\",\"name\":\"Analog Gwerz\",\"description\":\"Pas besoin de neuf pour capturer l&#039;instant !\",\"publisher\":{\"@id\":\"https:\\\/\\\/www.analoggwerz.com\\\/#organization\"},\"potentialAction\":[{\"@type\":\"SearchAction\",\"target\":{\"@type\":\"EntryPoint\",\"urlTemplate\":\"https:\\\/\\\/www.analoggwerz.com\\\/?s={search_term_string}\"},\"query-input\":{\"@type\":\"PropertyValueSpecification\",\"valueRequired\":true,\"valueName\":\"search_term_string\"}}],\"inLanguage\":\"en-US\"},{\"@type\":\"Organization\",\"@id\":\"https:\\\/\\\/www.analoggwerz.com\\\/#organization\",\"name\":\"Analog Gwerz\",\"url\":\"https:\\\/\\\/www.analoggwerz.com\\\/\",\"logo\":{\"@type\":\"ImageObject\",\"inLanguage\":\"en-US\",\"@id\":\"https:\\\/\\\/www.analoggwerz.com\\\/#\\\/schema\\\/logo\\\/image\\\/\",\"url\":\"https:\\\/\\\/www.analoggwerz.com\\\/wp-content\\\/uploads\\\/2025\\\/10\\\/000-LOGO-ANALOG-GWERZ-NOIR-1.png\",\"contentUrl\":\"https:\\\/\\\/www.analoggwerz.com\\\/wp-content\\\/uploads\\\/2025\\\/10\\\/000-LOGO-ANALOG-GWERZ-NOIR-1.png\",\"width\":800,\"height\":407,\"caption\":\"Analog Gwerz\"},\"image\":{\"@id\":\"https:\\\/\\\/www.analoggwerz.com\\\/#\\\/schema\\\/logo\\\/image\\\/\"},\"sameAs\":[\"https:\\\/\\\/www.instagram.com\\\/analog_gwerz\\\/\",\"https:\\\/\\\/www.tiktok.com\\\/@analog_gwerz\"]}]}<\/script>\n<!-- \/ Yoast SEO plugin. -->","yoast_head_json":{"title":"Cassette MiniDV Sony DVM30ME \u2014 30 minutes, neuve sous blister est disponible sur la boutique !","description":"Cliquez ici pour d\u00e9couvrir Cassette MiniDV Sony DVM30ME \u2014 30 minutes, neuve sous blister sur la boutique.","robots":{"index":"index","follow":"follow","max-snippet":"max-snippet:-1","max-image-preview":"max-image-preview:large","max-video-preview":"max-video-preview:-1"},"canonical":"https:\/\/www.analoggwerz.com\/en\/product\/cassette-minidv-sony-dvm30me-30-minutes-neuve-sous-blister\/","og_locale":"en_US","og_type":"article","og_title":"Cassette MiniDV Sony DVM30ME \u2014 30 minutes, neuve sous blister est disponible sur la boutique !","og_description":"Cliquez ici pour d\u00e9couvrir Cassette MiniDV Sony DVM30ME \u2014 30 minutes, neuve sous blister sur la boutique.","og_url":"https:\/\/www.analoggwerz.com\/en\/product\/cassette-minidv-sony-dvm30me-30-minutes-neuve-sous-blister\/","og_site_name":"Analog Gwerz","article_modified_time":"2026-04-12T12:25:18+00:00","og_image":[{"width":2560,"height":1920,"url":"https:\/\/www.analoggwerz.com\/wp-content\/uploads\/2025\/05\/img_8451-scaled.jpeg","type":"image\/jpeg"}],"twitter_card":"summary_large_image","twitter_misc":{"Est. reading time":"1 minute"},"schema":{"@context":"https:\/\/schema.org","@graph":[{"@type":"WebPage","@id":"https:\/\/www.analoggwerz.com\/produit\/cassette-minidv-sony-dvm30me-30-minutes-neuve-sous-blister\/","url":"https:\/\/www.analoggwerz.com\/produit\/cassette-minidv-sony-dvm30me-30-minutes-neuve-sous-blister\/","name":"Cassette MiniDV Sony DVM30ME \u2014 30 minutes, neuve sous blister est disponible sur la boutique !","isPartOf":{"@id":"https:\/\/www.analoggwerz.com\/#website"},"primaryImageOfPage":{"@id":"https:\/\/www.analoggwerz.com\/produit\/cassette-minidv-sony-dvm30me-30-minutes-neuve-sous-blister\/#primaryimage"},"image":{"@id":"https:\/\/www.analoggwerz.com\/produit\/cassette-minidv-sony-dvm30me-30-minutes-neuve-sous-blister\/#primaryimage"},"thumbnailUrl":"https:\/\/www.analoggwerz.com\/wp-content\/uploads\/2025\/05\/img_8451-scaled.jpeg","datePublished":"2025-05-14T13:25:43+00:00","dateModified":"2026-04-12T12:25:18+00:00","description":"Cliquez ici pour d\u00e9couvrir Cassette MiniDV Sony DVM30ME \u2014 30 minutes, neuve sous blister sur la boutique.","breadcrumb":{"@id":"https:\/\/www.analoggwerz.com\/produit\/cassette-minidv-sony-dvm30me-30-minutes-neuve-sous-blister\/#breadcrumb"},"inLanguage":"en-US","potentialAction":[{"@type":"ReadAction","target":["https:\/\/www.analoggwerz.com\/produit\/cassette-minidv-sony-dvm30me-30-minutes-neuve-sous-blister\/"]}]},{"@type":"ImageObject","inLanguage":"en-US","@id":"https:\/\/www.analoggwerz.com\/produit\/cassette-minidv-sony-dvm30me-30-minutes-neuve-sous-blister\/#primaryimage","url":"https:\/\/www.analoggwerz.com\/wp-content\/uploads\/2025\/05\/img_8451-scaled.jpeg","contentUrl":"https:\/\/www.analoggwerz.com\/wp-content\/uploads\/2025\/05\/img_8451-scaled.jpeg","width":2560,"height":1920},{"@type":"BreadcrumbList","@id":"https:\/\/www.analoggwerz.com\/produit\/cassette-minidv-sony-dvm30me-30-minutes-neuve-sous-blister\/#breadcrumb","itemListElement":[{"@type":"ListItem","position":1,"name":"Accueil","item":"https:\/\/www.analoggwerz.com\/"},{"@type":"ListItem","position":2,"name":"Boutique","item":"https:\/\/www.analoggwerz.com\/shop\/"},{"@type":"ListItem","position":3,"name":"Cassette MiniDV Sony DVM30ME \u2014 30 minutes, neuve sous blister"}]},{"@type":"WebSite","@id":"https:\/\/www.analoggwerz.com\/#website","url":"https:\/\/www.analoggwerz.com\/","name":"Analog Gwerz","description":"Pas besoin de neuf pour capturer l&#039;instant !","publisher":{"@id":"https:\/\/www.analoggwerz.com\/#organization"},"potentialAction":[{"@type":"SearchAction","target":{"@type":"EntryPoint","urlTemplate":"https:\/\/www.analoggwerz.com\/?s={search_term_string}"},"query-input":{"@type":"PropertyValueSpecification","valueRequired":true,"valueName":"search_term_string"}}],"inLanguage":"en-US"},{"@type":"Organization","@id":"https:\/\/www.analoggwerz.com\/#organization","name":"Analog Gwerz","url":"https:\/\/www.analoggwerz.com\/","logo":{"@type":"ImageObject","inLanguage":"en-US","@id":"https:\/\/www.analoggwerz.com\/#\/schema\/logo\/image\/","url":"https:\/\/www.analoggwerz.com\/wp-content\/uploads\/2025\/10\/000-LOGO-ANALOG-GWERZ-NOIR-1.png","contentUrl":"https:\/\/www.analoggwerz.com\/wp-content\/uploads\/2025\/10\/000-LOGO-ANALOG-GWERZ-NOIR-1.png","width":800,"height":407,"caption":"Analog Gwerz"},"image":{"@id":"https:\/\/www.analoggwerz.com\/#\/schema\/logo\/image\/"},"sameAs":["https:\/\/www.instagram.com\/analog_gwerz\/","https:\/\/www.tiktok.com\/@analog_gwerz"]}]}},"jetpack_sharing_enabled":true,"_links":{"self":[{"href":"https:\/\/www.analoggwerz.com\/en\/wp-json\/wp\/v2\/product\/6236","targetHints":{"allow":["GET"]}}],"collection":[{"href":"https:\/\/www.analoggwerz.com\/en\/wp-json\/wp\/v2\/product"}],"about":[{"href":"https:\/\/www.analoggwerz.com\/en\/wp-json\/wp\/v2\/types\/product"}],"wp:featuredmedia":[{"embeddable":true,"href":"https:\/\/www.analoggwerz.com\/en\/wp-json\/wp\/v2\/media\/6235"}],"wp:attachment":[{"href":"https:\/\/www.analoggwerz.com\/en\/wp-json\/wp\/v2\/media?parent=6236"}],"wp:term":[{"taxonomy":"product_brand","embeddable":true,"href":"https:\/\/www.analoggwerz.com\/en\/wp-json\/wp\/v2\/product_brand?post=6236"},{"taxonomy":"product_cat","embeddable":true,"href":"https:\/\/www.analoggwerz.com\/en\/wp-json\/wp\/v2\/product_cat?post=6236"},{"taxonomy":"product_tag","embeddable":true,"href":"https:\/\/www.analoggwerz.com\/en\/wp-json\/wp\/v2\/product_tag?post=6236"}],"curies":[{"name":"wp","href":"https:\/\/api.w.org\/{rel}","templated":true}]}}