{"id":6181,"date":"2025-05-13T22:47:04","date_gmt":"2025-05-13T22:47:04","guid":{"rendered":"https:\/\/www.analoggwerz.com\/?post_type=product&#038;p=6181"},"modified":"2025-10-31T21:55:07","modified_gmt":"2025-10-31T21:55:07","slug":"canon-ae-1-canon-zoom-fd-70-150mm-f-4-5","status":"publish","type":"product","link":"https:\/\/www.analoggwerz.com\/en\/product\/canon-ae-1-canon-zoom-fd-70-150mm-f-4-5\/","title":{"rendered":"Canon AE-1 + Canon Zoom FD 70-150mm f\/4.5"},"content":{"rendered":"<p>N\u2019h\u00e9sitez pas \u00e0 vous abonner \u00e0 mon Instagram (@analog_gwerz) si vous aimez la photo et les appareils.<\/p>\n<p>Canon AE-1 + Canon Zoom FD 70-150mm f\/4.5<\/p>\n<p>Appareil photo reflex argentique mythique des ann\u00e9es 80, le Canon AE-1 est ici propos\u00e9 avec un t\u00e9l\u00e9objectif Canon FD 70-150mm f\/4.5, id\u00e9al pour les portraits serr\u00e9s, paysages lointains et sc\u00e8nes sportives. Le viseur clair et la fiabilit\u00e9 de l\u2019obturateur \u00e9lectronique en font un excellent choix pour tout photographe souhaitant d\u00e9couvrir ou red\u00e9couvrir le plaisir du 35 mm.<\/p>\n<p>Caract\u00e9ristiques techniques :<\/p>\n<p>Bo\u00eetier : Canon AE-1<\/p>\n<p>Monture : FD<\/p>\n<p>Obturateur \u00e9lectronique avec priorit\u00e9 vitesse<\/p>\n<p>Objectif : Canon Zoom Lens FD 70-150mm f\/4.5<\/p>\n<p>Mise au point manuelle fluide<\/p>\n<p>Diaphragme propre et r\u00e9actif<\/p>\n<p>\u00c9tat :<\/p>\n<p>Bo\u00eetier en tr\u00e8s bel \u00e9tat cosm\u00e9tique. L\u2019objectif pr\u00e9sente de l\u00e9g\u00e8res marques d\u2019usage, mais les lentilles sont propres. L\u2019ensemble a \u00e9t\u00e9 test\u00e9 : fonctionnement OK.<\/p>\n<p>Accessoires :<\/p>\n<p>Sangle Canon vintage<\/p>\n<p>Bouchon arri\u00e8re d\u2019objectif<\/p>\n<p>Sans piles (fonctionne avec 1 pile 4LR44 non fournie)<\/p>\n<p>Photos contractuelles \u2014 tous les produits sont test\u00e9s et fonctionnels.<\/p>","protected":false},"excerpt":{"rendered":"<p>N\u2019h\u00e9sitez pas \u00e0 vous abonner \u00e0 mon Instagram (@analog_gwerz) si vous aimez la photo et les appareils. Canon AE-1 + Canon Zoom FD 70-150mm f\/4.5 Appareil photo reflex argentique mythique des ann\u00e9es 80, le Canon AE-1 est ici propos\u00e9 avec un t\u00e9l\u00e9objectif Canon FD 70-150mm f\/4.5, id\u00e9al pour les portraits serr\u00e9s, paysages lointains et sc\u00e8nes [&hellip;]<\/p>\n","protected":false},"featured_media":6179,"template":"","meta":[],"product_brand":[],"product_cat":[118,29,109],"product_tag":[],"class_list":{"0":"post-6181","1":"product","2":"type-product","3":"status-publish","4":"has-post-thumbnail","6":"product_cat-appareils-photo","7":"product_cat-argentiques-35mm","8":"product_cat-reflex-argentiques","9":"pa_marque-canon","11":"first","12":"outofstock","13":"shipping-taxable","14":"purchasable","15":"product-type-variable"},"yoast_head":"<!-- This site is optimized with the Yoast SEO plugin v27.5 - https:\/\/yoast.com\/product\/yoast-seo-wordpress\/ -->\n<title>Canon AE-1 + Canon Zoom FD 70-150mm f\/4.5 est disponible sur la boutique !<\/title>\n<meta name=\"description\" content=\"Cliquez ici pour d\u00e9couvrir Canon AE-1 + Canon Zoom FD 70-150mm f\/4.5 sur la boutique.\" \/>\n<meta name=\"robots\" content=\"index, follow, max-snippet:-1, max-image-preview:large, max-video-preview:-1\" \/>\n<link rel=\"canonical\" href=\"https:\/\/www.analoggwerz.com\/en\/product\/canon-ae-1-canon-zoom-fd-70-150mm-f-4-5\/\" \/>\n<meta property=\"og:locale\" content=\"en_US\" \/>\n<meta property=\"og:type\" content=\"article\" \/>\n<meta property=\"og:title\" content=\"Canon AE-1 + Canon Zoom FD 70-150mm f\/4.5 est disponible sur la boutique !\" \/>\n<meta property=\"og:description\" content=\"Cliquez ici pour d\u00e9couvrir Canon AE-1 + Canon Zoom FD 70-150mm f\/4.5 sur la boutique.\" \/>\n<meta property=\"og:url\" content=\"https:\/\/www.analoggwerz.com\/en\/product\/canon-ae-1-canon-zoom-fd-70-150mm-f-4-5\/\" \/>\n<meta property=\"og:site_name\" content=\"Analog Gwerz\" \/>\n<meta property=\"article:modified_time\" content=\"2025-10-31T21:55:07+00:00\" \/>\n<meta property=\"og:image\" content=\"https:\/\/www.analoggwerz.com\/wp-content\/uploads\/2025\/05\/img_8384-scaled.jpeg\" \/>\n\t<meta property=\"og:image:width\" content=\"2560\" \/>\n\t<meta property=\"og:image:height\" content=\"1920\" \/>\n\t<meta property=\"og:image:type\" content=\"image\/jpeg\" \/>\n<meta name=\"twitter:card\" content=\"summary_large_image\" \/>\n<meta name=\"twitter:label1\" content=\"Est. reading time\" \/>\n\t<meta name=\"twitter:data1\" content=\"1 minute\" \/>\n<script type=\"application\/ld+json\" class=\"yoast-schema-graph\">{\"@context\":\"https:\\\/\\\/schema.org\",\"@graph\":[{\"@type\":\"WebPage\",\"@id\":\"https:\\\/\\\/www.analoggwerz.com\\\/produit\\\/canon-ae-1-canon-zoom-fd-70-150mm-f-4-5\\\/\",\"url\":\"https:\\\/\\\/www.analoggwerz.com\\\/produit\\\/canon-ae-1-canon-zoom-fd-70-150mm-f-4-5\\\/\",\"name\":\"Canon AE-1 + Canon Zoom FD 70-150mm f\\\/4.5 est disponible sur la boutique !\",\"isPartOf\":{\"@id\":\"https:\\\/\\\/www.analoggwerz.com\\\/#website\"},\"primaryImageOfPage\":{\"@id\":\"https:\\\/\\\/www.analoggwerz.com\\\/produit\\\/canon-ae-1-canon-zoom-fd-70-150mm-f-4-5\\\/#primaryimage\"},\"image\":{\"@id\":\"https:\\\/\\\/www.analoggwerz.com\\\/produit\\\/canon-ae-1-canon-zoom-fd-70-150mm-f-4-5\\\/#primaryimage\"},\"thumbnailUrl\":\"https:\\\/\\\/www.analoggwerz.com\\\/wp-content\\\/uploads\\\/2025\\\/05\\\/img_8384-scaled.jpeg\",\"datePublished\":\"2025-05-13T22:47:04+00:00\",\"dateModified\":\"2025-10-31T21:55:07+00:00\",\"description\":\"Cliquez ici pour d\u00e9couvrir Canon AE-1 + Canon Zoom FD 70-150mm f\\\/4.5 sur la boutique.\",\"breadcrumb\":{\"@id\":\"https:\\\/\\\/www.analoggwerz.com\\\/produit\\\/canon-ae-1-canon-zoom-fd-70-150mm-f-4-5\\\/#breadcrumb\"},\"inLanguage\":\"en-US\",\"potentialAction\":[{\"@type\":\"ReadAction\",\"target\":[\"https:\\\/\\\/www.analoggwerz.com\\\/produit\\\/canon-ae-1-canon-zoom-fd-70-150mm-f-4-5\\\/\"]}]},{\"@type\":\"ImageObject\",\"inLanguage\":\"en-US\",\"@id\":\"https:\\\/\\\/www.analoggwerz.com\\\/produit\\\/canon-ae-1-canon-zoom-fd-70-150mm-f-4-5\\\/#primaryimage\",\"url\":\"https:\\\/\\\/www.analoggwerz.com\\\/wp-content\\\/uploads\\\/2025\\\/05\\\/img_8384-scaled.jpeg\",\"contentUrl\":\"https:\\\/\\\/www.analoggwerz.com\\\/wp-content\\\/uploads\\\/2025\\\/05\\\/img_8384-scaled.jpeg\",\"width\":2560,\"height\":1920},{\"@type\":\"BreadcrumbList\",\"@id\":\"https:\\\/\\\/www.analoggwerz.com\\\/produit\\\/canon-ae-1-canon-zoom-fd-70-150mm-f-4-5\\\/#breadcrumb\",\"itemListElement\":[{\"@type\":\"ListItem\",\"position\":1,\"name\":\"Accueil\",\"item\":\"https:\\\/\\\/www.analoggwerz.com\\\/\"},{\"@type\":\"ListItem\",\"position\":2,\"name\":\"Boutique\",\"item\":\"https:\\\/\\\/www.analoggwerz.com\\\/shop\\\/\"},{\"@type\":\"ListItem\",\"position\":3,\"name\":\"Canon AE-1 + Canon Zoom FD 70-150mm f\\\/4.5\"}]},{\"@type\":\"WebSite\",\"@id\":\"https:\\\/\\\/www.analoggwerz.com\\\/#website\",\"url\":\"https:\\\/\\\/www.analoggwerz.com\\\/\",\"name\":\"Analog Gwerz\",\"description\":\"Pas besoin de neuf pour capturer l&#039;instant !\",\"publisher\":{\"@id\":\"https:\\\/\\\/www.analoggwerz.com\\\/#organization\"},\"potentialAction\":[{\"@type\":\"SearchAction\",\"target\":{\"@type\":\"EntryPoint\",\"urlTemplate\":\"https:\\\/\\\/www.analoggwerz.com\\\/?s={search_term_string}\"},\"query-input\":{\"@type\":\"PropertyValueSpecification\",\"valueRequired\":true,\"valueName\":\"search_term_string\"}}],\"inLanguage\":\"en-US\"},{\"@type\":\"Organization\",\"@id\":\"https:\\\/\\\/www.analoggwerz.com\\\/#organization\",\"name\":\"Analog Gwerz\",\"url\":\"https:\\\/\\\/www.analoggwerz.com\\\/\",\"logo\":{\"@type\":\"ImageObject\",\"inLanguage\":\"en-US\",\"@id\":\"https:\\\/\\\/www.analoggwerz.com\\\/#\\\/schema\\\/logo\\\/image\\\/\",\"url\":\"https:\\\/\\\/www.analoggwerz.com\\\/wp-content\\\/uploads\\\/2025\\\/10\\\/000-LOGO-ANALOG-GWERZ-NOIR-1.png\",\"contentUrl\":\"https:\\\/\\\/www.analoggwerz.com\\\/wp-content\\\/uploads\\\/2025\\\/10\\\/000-LOGO-ANALOG-GWERZ-NOIR-1.png\",\"width\":800,\"height\":407,\"caption\":\"Analog Gwerz\"},\"image\":{\"@id\":\"https:\\\/\\\/www.analoggwerz.com\\\/#\\\/schema\\\/logo\\\/image\\\/\"},\"sameAs\":[\"https:\\\/\\\/www.instagram.com\\\/analog_gwerz\\\/\",\"https:\\\/\\\/www.tiktok.com\\\/@analog_gwerz\"]}]}<\/script>\n<!-- \/ Yoast SEO plugin. -->","yoast_head_json":{"title":"Canon AE-1 + Canon Zoom FD 70-150mm f\/4.5 est disponible sur la boutique !","description":"Cliquez ici pour d\u00e9couvrir Canon AE-1 + Canon Zoom FD 70-150mm f\/4.5 sur la boutique.","robots":{"index":"index","follow":"follow","max-snippet":"max-snippet:-1","max-image-preview":"max-image-preview:large","max-video-preview":"max-video-preview:-1"},"canonical":"https:\/\/www.analoggwerz.com\/en\/product\/canon-ae-1-canon-zoom-fd-70-150mm-f-4-5\/","og_locale":"en_US","og_type":"article","og_title":"Canon AE-1 + Canon Zoom FD 70-150mm f\/4.5 est disponible sur la boutique !","og_description":"Cliquez ici pour d\u00e9couvrir Canon AE-1 + Canon Zoom FD 70-150mm f\/4.5 sur la boutique.","og_url":"https:\/\/www.analoggwerz.com\/en\/product\/canon-ae-1-canon-zoom-fd-70-150mm-f-4-5\/","og_site_name":"Analog Gwerz","article_modified_time":"2025-10-31T21:55:07+00:00","og_image":[{"width":2560,"height":1920,"url":"https:\/\/www.analoggwerz.com\/wp-content\/uploads\/2025\/05\/img_8384-scaled.jpeg","type":"image\/jpeg"}],"twitter_card":"summary_large_image","twitter_misc":{"Est. reading time":"1 minute"},"schema":{"@context":"https:\/\/schema.org","@graph":[{"@type":"WebPage","@id":"https:\/\/www.analoggwerz.com\/produit\/canon-ae-1-canon-zoom-fd-70-150mm-f-4-5\/","url":"https:\/\/www.analoggwerz.com\/produit\/canon-ae-1-canon-zoom-fd-70-150mm-f-4-5\/","name":"Canon AE-1 + Canon Zoom FD 70-150mm f\/4.5 est disponible sur la boutique !","isPartOf":{"@id":"https:\/\/www.analoggwerz.com\/#website"},"primaryImageOfPage":{"@id":"https:\/\/www.analoggwerz.com\/produit\/canon-ae-1-canon-zoom-fd-70-150mm-f-4-5\/#primaryimage"},"image":{"@id":"https:\/\/www.analoggwerz.com\/produit\/canon-ae-1-canon-zoom-fd-70-150mm-f-4-5\/#primaryimage"},"thumbnailUrl":"https:\/\/www.analoggwerz.com\/wp-content\/uploads\/2025\/05\/img_8384-scaled.jpeg","datePublished":"2025-05-13T22:47:04+00:00","dateModified":"2025-10-31T21:55:07+00:00","description":"Cliquez ici pour d\u00e9couvrir Canon AE-1 + Canon Zoom FD 70-150mm f\/4.5 sur la boutique.","breadcrumb":{"@id":"https:\/\/www.analoggwerz.com\/produit\/canon-ae-1-canon-zoom-fd-70-150mm-f-4-5\/#breadcrumb"},"inLanguage":"en-US","potentialAction":[{"@type":"ReadAction","target":["https:\/\/www.analoggwerz.com\/produit\/canon-ae-1-canon-zoom-fd-70-150mm-f-4-5\/"]}]},{"@type":"ImageObject","inLanguage":"en-US","@id":"https:\/\/www.analoggwerz.com\/produit\/canon-ae-1-canon-zoom-fd-70-150mm-f-4-5\/#primaryimage","url":"https:\/\/www.analoggwerz.com\/wp-content\/uploads\/2025\/05\/img_8384-scaled.jpeg","contentUrl":"https:\/\/www.analoggwerz.com\/wp-content\/uploads\/2025\/05\/img_8384-scaled.jpeg","width":2560,"height":1920},{"@type":"BreadcrumbList","@id":"https:\/\/www.analoggwerz.com\/produit\/canon-ae-1-canon-zoom-fd-70-150mm-f-4-5\/#breadcrumb","itemListElement":[{"@type":"ListItem","position":1,"name":"Accueil","item":"https:\/\/www.analoggwerz.com\/"},{"@type":"ListItem","position":2,"name":"Boutique","item":"https:\/\/www.analoggwerz.com\/shop\/"},{"@type":"ListItem","position":3,"name":"Canon AE-1 + Canon Zoom FD 70-150mm f\/4.5"}]},{"@type":"WebSite","@id":"https:\/\/www.analoggwerz.com\/#website","url":"https:\/\/www.analoggwerz.com\/","name":"Analog Gwerz","description":"Pas besoin de neuf pour capturer l&#039;instant !","publisher":{"@id":"https:\/\/www.analoggwerz.com\/#organization"},"potentialAction":[{"@type":"SearchAction","target":{"@type":"EntryPoint","urlTemplate":"https:\/\/www.analoggwerz.com\/?s={search_term_string}"},"query-input":{"@type":"PropertyValueSpecification","valueRequired":true,"valueName":"search_term_string"}}],"inLanguage":"en-US"},{"@type":"Organization","@id":"https:\/\/www.analoggwerz.com\/#organization","name":"Analog Gwerz","url":"https:\/\/www.analoggwerz.com\/","logo":{"@type":"ImageObject","inLanguage":"en-US","@id":"https:\/\/www.analoggwerz.com\/#\/schema\/logo\/image\/","url":"https:\/\/www.analoggwerz.com\/wp-content\/uploads\/2025\/10\/000-LOGO-ANALOG-GWERZ-NOIR-1.png","contentUrl":"https:\/\/www.analoggwerz.com\/wp-content\/uploads\/2025\/10\/000-LOGO-ANALOG-GWERZ-NOIR-1.png","width":800,"height":407,"caption":"Analog Gwerz"},"image":{"@id":"https:\/\/www.analoggwerz.com\/#\/schema\/logo\/image\/"},"sameAs":["https:\/\/www.instagram.com\/analog_gwerz\/","https:\/\/www.tiktok.com\/@analog_gwerz"]}]}},"jetpack_sharing_enabled":true,"_links":{"self":[{"href":"https:\/\/www.analoggwerz.com\/en\/wp-json\/wp\/v2\/product\/6181","targetHints":{"allow":["GET"]}}],"collection":[{"href":"https:\/\/www.analoggwerz.com\/en\/wp-json\/wp\/v2\/product"}],"about":[{"href":"https:\/\/www.analoggwerz.com\/en\/wp-json\/wp\/v2\/types\/product"}],"wp:featuredmedia":[{"embeddable":true,"href":"https:\/\/www.analoggwerz.com\/en\/wp-json\/wp\/v2\/media\/6179"}],"wp:attachment":[{"href":"https:\/\/www.analoggwerz.com\/en\/wp-json\/wp\/v2\/media?parent=6181"}],"wp:term":[{"taxonomy":"product_brand","embeddable":true,"href":"https:\/\/www.analoggwerz.com\/en\/wp-json\/wp\/v2\/product_brand?post=6181"},{"taxonomy":"product_cat","embeddable":true,"href":"https:\/\/www.analoggwerz.com\/en\/wp-json\/wp\/v2\/product_cat?post=6181"},{"taxonomy":"product_tag","embeddable":true,"href":"https:\/\/www.analoggwerz.com\/en\/wp-json\/wp\/v2\/product_tag?post=6181"}],"curies":[{"name":"wp","href":"https:\/\/api.w.org\/{rel}","templated":true}]}}