{"id":6162,"date":"2025-05-13T16:50:02","date_gmt":"2025-05-13T16:50:02","guid":{"rendered":"https:\/\/www.analoggwerz.com\/produit\/posemetre-vintage-au-selenium\/"},"modified":"2026-03-27T12:32:18","modified_gmt":"2026-03-27T12:32:18","slug":"posemetre-vintage-au-selenium","status":"publish","type":"product","link":"https:\/\/www.analoggwerz.com\/en\/product\/posemetre-vintage-au-selenium\/","title":{"rendered":"Posem\u00e8tre vintage au s\u00e9l\u00e9nium"},"content":{"rendered":"<p>N\u2019h\u00e9sitez pas \u00e0 vous abonner \u00e0 mon Instagram (@analog_gwerz) si vous aimez la photo et les appareils.<\/p>\n<p>Posem\u00e8tre analogique vintage \u2013 Fonctionnel \u2013 Avec \u00e9tui cuir<\/p>\n<p>Posem\u00e8tre analogique \u00e0 aiguille, en parfait \u00e9tat de fonctionnement. Il est livr\u00e9 avec son \u00e9tui rigide d\u2019origine en cuir noir, int\u00e9grant un cordon pour le porter au cou. L\u2019ensemble est bien conserv\u00e9, avec des traces d\u2019usage discr\u00e8tes.<\/p>\n<p>Caract\u00e9ristiques techniques :<\/p>\n<p>Posem\u00e8tre \u00e0 cellule s\u00e9l\u00e9nium, autonome (sans pile)<\/p>\n<p>Lecture par aiguille visible sous le capot<\/p>\n<p>R\u00e9glage de l\u2019exposition via cadran circulaire<\/p>\n<p>\u00c9chelle en ASA \/ DIN<\/p>\n<p>\u00c9tui rigide int\u00e9gr\u00e9 avec fermeture pression<\/p>\n<p>\u00c9tat :<\/p>\n<p>Fonctionnel<\/p>\n<p>Bon \u00e9tat g\u00e9n\u00e9ral, quelques traces d\u2019usage visibles (voir photos)<\/p>\n<p>Les photos sont contractuelles : ce que vous voyez est exactement ce que vous recevrez.<\/p>\n<p>Tous les articles sont emball\u00e9s avec soin pour l\u2019exp\u00e9dition.<\/p>","protected":false},"excerpt":{"rendered":"<p>N\u2019h\u00e9sitez pas \u00e0 vous abonner \u00e0 mon Instagram (@analog_gwerz) si vous aimez la photo et les appareils. Posem\u00e8tre analogique vintage \u2013 Fonctionnel \u2013 Avec \u00e9tui cuir Posem\u00e8tre analogique \u00e0 aiguille, en parfait \u00e9tat de fonctionnement. Il est livr\u00e9 avec son \u00e9tui rigide d\u2019origine en cuir noir, int\u00e9grant un cordon pour le porter au cou. L\u2019ensemble [&hellip;]<\/p>\n","protected":false},"featured_media":6159,"template":"","meta":[],"product_brand":[],"product_cat":[55,163,159],"product_tag":[],"class_list":{"0":"post-6162","1":"product","2":"type-product","3":"status-publish","4":"has-post-thumbnail","6":"product_cat-accessoires","7":"product_cat-lightmeters","8":"product_cat-stabilite-et-eclairages","10":"first","11":"instock","12":"sale","13":"purchasable","14":"product-type-simple"},"yoast_head":"<!-- This site is optimized with the Yoast SEO plugin v27.5 - https:\/\/yoast.com\/product\/yoast-seo-wordpress\/ -->\n<title>Posem\u00e8tre vintage au s\u00e9l\u00e9nium est disponible sur la boutique !<\/title>\n<meta name=\"description\" content=\"Cliquez ici pour d\u00e9couvrir Posem\u00e8tre vintage au s\u00e9l\u00e9nium sur la boutique.\" \/>\n<meta name=\"robots\" content=\"index, follow, max-snippet:-1, max-image-preview:large, max-video-preview:-1\" \/>\n<link rel=\"canonical\" href=\"https:\/\/www.analoggwerz.com\/en\/product\/posemetre-vintage-au-selenium\/\" \/>\n<meta property=\"og:locale\" content=\"en_US\" \/>\n<meta property=\"og:type\" content=\"article\" \/>\n<meta property=\"og:title\" content=\"Posem\u00e8tre vintage au s\u00e9l\u00e9nium est disponible sur la boutique !\" \/>\n<meta property=\"og:description\" content=\"Cliquez ici pour d\u00e9couvrir Posem\u00e8tre vintage au s\u00e9l\u00e9nium sur la boutique.\" \/>\n<meta property=\"og:url\" content=\"https:\/\/www.analoggwerz.com\/en\/product\/posemetre-vintage-au-selenium\/\" \/>\n<meta property=\"og:site_name\" content=\"Analog Gwerz\" \/>\n<meta property=\"article:modified_time\" content=\"2026-03-27T12:32:18+00:00\" \/>\n<meta property=\"og:image\" content=\"https:\/\/www.analoggwerz.com\/wp-content\/uploads\/2025\/05\/img_8363-scaled.jpeg\" \/>\n\t<meta property=\"og:image:width\" content=\"2560\" \/>\n\t<meta property=\"og:image:height\" content=\"1920\" \/>\n\t<meta property=\"og:image:type\" content=\"image\/jpeg\" \/>\n<meta name=\"twitter:card\" content=\"summary_large_image\" \/>\n<meta name=\"twitter:label1\" content=\"Est. reading time\" \/>\n\t<meta name=\"twitter:data1\" content=\"1 minute\" \/>\n<script type=\"application\/ld+json\" class=\"yoast-schema-graph\">{\"@context\":\"https:\\\/\\\/schema.org\",\"@graph\":[{\"@type\":\"WebPage\",\"@id\":\"https:\\\/\\\/www.analoggwerz.com\\\/produit\\\/posemetre-vintage-au-selenium\\\/\",\"url\":\"https:\\\/\\\/www.analoggwerz.com\\\/produit\\\/posemetre-vintage-au-selenium\\\/\",\"name\":\"Posem\u00e8tre vintage au s\u00e9l\u00e9nium est disponible sur la boutique !\",\"isPartOf\":{\"@id\":\"https:\\\/\\\/www.analoggwerz.com\\\/#website\"},\"primaryImageOfPage\":{\"@id\":\"https:\\\/\\\/www.analoggwerz.com\\\/produit\\\/posemetre-vintage-au-selenium\\\/#primaryimage\"},\"image\":{\"@id\":\"https:\\\/\\\/www.analoggwerz.com\\\/produit\\\/posemetre-vintage-au-selenium\\\/#primaryimage\"},\"thumbnailUrl\":\"https:\\\/\\\/www.analoggwerz.com\\\/wp-content\\\/uploads\\\/2025\\\/05\\\/img_8363-scaled.jpeg\",\"datePublished\":\"2025-05-13T16:50:02+00:00\",\"dateModified\":\"2026-03-27T12:32:18+00:00\",\"description\":\"Cliquez ici pour d\u00e9couvrir Posem\u00e8tre vintage au s\u00e9l\u00e9nium sur la boutique.\",\"breadcrumb\":{\"@id\":\"https:\\\/\\\/www.analoggwerz.com\\\/produit\\\/posemetre-vintage-au-selenium\\\/#breadcrumb\"},\"inLanguage\":\"en-US\",\"potentialAction\":[{\"@type\":\"ReadAction\",\"target\":[\"https:\\\/\\\/www.analoggwerz.com\\\/produit\\\/posemetre-vintage-au-selenium\\\/\"]}]},{\"@type\":\"ImageObject\",\"inLanguage\":\"en-US\",\"@id\":\"https:\\\/\\\/www.analoggwerz.com\\\/produit\\\/posemetre-vintage-au-selenium\\\/#primaryimage\",\"url\":\"https:\\\/\\\/www.analoggwerz.com\\\/wp-content\\\/uploads\\\/2025\\\/05\\\/img_8363-scaled.jpeg\",\"contentUrl\":\"https:\\\/\\\/www.analoggwerz.com\\\/wp-content\\\/uploads\\\/2025\\\/05\\\/img_8363-scaled.jpeg\",\"width\":2560,\"height\":1920},{\"@type\":\"BreadcrumbList\",\"@id\":\"https:\\\/\\\/www.analoggwerz.com\\\/produit\\\/posemetre-vintage-au-selenium\\\/#breadcrumb\",\"itemListElement\":[{\"@type\":\"ListItem\",\"position\":1,\"name\":\"Accueil\",\"item\":\"https:\\\/\\\/www.analoggwerz.com\\\/\"},{\"@type\":\"ListItem\",\"position\":2,\"name\":\"Boutique\",\"item\":\"https:\\\/\\\/www.analoggwerz.com\\\/shop\\\/\"},{\"@type\":\"ListItem\",\"position\":3,\"name\":\"Posem\u00e8tre vintage au s\u00e9l\u00e9nium\"}]},{\"@type\":\"WebSite\",\"@id\":\"https:\\\/\\\/www.analoggwerz.com\\\/#website\",\"url\":\"https:\\\/\\\/www.analoggwerz.com\\\/\",\"name\":\"Analog Gwerz\",\"description\":\"Pas besoin de neuf pour capturer l&#039;instant !\",\"publisher\":{\"@id\":\"https:\\\/\\\/www.analoggwerz.com\\\/#organization\"},\"potentialAction\":[{\"@type\":\"SearchAction\",\"target\":{\"@type\":\"EntryPoint\",\"urlTemplate\":\"https:\\\/\\\/www.analoggwerz.com\\\/?s={search_term_string}\"},\"query-input\":{\"@type\":\"PropertyValueSpecification\",\"valueRequired\":true,\"valueName\":\"search_term_string\"}}],\"inLanguage\":\"en-US\"},{\"@type\":\"Organization\",\"@id\":\"https:\\\/\\\/www.analoggwerz.com\\\/#organization\",\"name\":\"Analog Gwerz\",\"url\":\"https:\\\/\\\/www.analoggwerz.com\\\/\",\"logo\":{\"@type\":\"ImageObject\",\"inLanguage\":\"en-US\",\"@id\":\"https:\\\/\\\/www.analoggwerz.com\\\/#\\\/schema\\\/logo\\\/image\\\/\",\"url\":\"https:\\\/\\\/www.analoggwerz.com\\\/wp-content\\\/uploads\\\/2025\\\/10\\\/000-LOGO-ANALOG-GWERZ-NOIR-1.png\",\"contentUrl\":\"https:\\\/\\\/www.analoggwerz.com\\\/wp-content\\\/uploads\\\/2025\\\/10\\\/000-LOGO-ANALOG-GWERZ-NOIR-1.png\",\"width\":800,\"height\":407,\"caption\":\"Analog Gwerz\"},\"image\":{\"@id\":\"https:\\\/\\\/www.analoggwerz.com\\\/#\\\/schema\\\/logo\\\/image\\\/\"},\"sameAs\":[\"https:\\\/\\\/www.instagram.com\\\/analog_gwerz\\\/\",\"https:\\\/\\\/www.tiktok.com\\\/@analog_gwerz\"]}]}<\/script>\n<!-- \/ Yoast SEO plugin. -->","yoast_head_json":{"title":"Posem\u00e8tre vintage au s\u00e9l\u00e9nium est disponible sur la boutique !","description":"Cliquez ici pour d\u00e9couvrir Posem\u00e8tre vintage au s\u00e9l\u00e9nium sur la boutique.","robots":{"index":"index","follow":"follow","max-snippet":"max-snippet:-1","max-image-preview":"max-image-preview:large","max-video-preview":"max-video-preview:-1"},"canonical":"https:\/\/www.analoggwerz.com\/en\/product\/posemetre-vintage-au-selenium\/","og_locale":"en_US","og_type":"article","og_title":"Posem\u00e8tre vintage au s\u00e9l\u00e9nium est disponible sur la boutique !","og_description":"Cliquez ici pour d\u00e9couvrir Posem\u00e8tre vintage au s\u00e9l\u00e9nium sur la boutique.","og_url":"https:\/\/www.analoggwerz.com\/en\/product\/posemetre-vintage-au-selenium\/","og_site_name":"Analog Gwerz","article_modified_time":"2026-03-27T12:32:18+00:00","og_image":[{"width":2560,"height":1920,"url":"https:\/\/www.analoggwerz.com\/wp-content\/uploads\/2025\/05\/img_8363-scaled.jpeg","type":"image\/jpeg"}],"twitter_card":"summary_large_image","twitter_misc":{"Est. reading time":"1 minute"},"schema":{"@context":"https:\/\/schema.org","@graph":[{"@type":"WebPage","@id":"https:\/\/www.analoggwerz.com\/produit\/posemetre-vintage-au-selenium\/","url":"https:\/\/www.analoggwerz.com\/produit\/posemetre-vintage-au-selenium\/","name":"Posem\u00e8tre vintage au s\u00e9l\u00e9nium est disponible sur la boutique !","isPartOf":{"@id":"https:\/\/www.analoggwerz.com\/#website"},"primaryImageOfPage":{"@id":"https:\/\/www.analoggwerz.com\/produit\/posemetre-vintage-au-selenium\/#primaryimage"},"image":{"@id":"https:\/\/www.analoggwerz.com\/produit\/posemetre-vintage-au-selenium\/#primaryimage"},"thumbnailUrl":"https:\/\/www.analoggwerz.com\/wp-content\/uploads\/2025\/05\/img_8363-scaled.jpeg","datePublished":"2025-05-13T16:50:02+00:00","dateModified":"2026-03-27T12:32:18+00:00","description":"Cliquez ici pour d\u00e9couvrir Posem\u00e8tre vintage au s\u00e9l\u00e9nium sur la boutique.","breadcrumb":{"@id":"https:\/\/www.analoggwerz.com\/produit\/posemetre-vintage-au-selenium\/#breadcrumb"},"inLanguage":"en-US","potentialAction":[{"@type":"ReadAction","target":["https:\/\/www.analoggwerz.com\/produit\/posemetre-vintage-au-selenium\/"]}]},{"@type":"ImageObject","inLanguage":"en-US","@id":"https:\/\/www.analoggwerz.com\/produit\/posemetre-vintage-au-selenium\/#primaryimage","url":"https:\/\/www.analoggwerz.com\/wp-content\/uploads\/2025\/05\/img_8363-scaled.jpeg","contentUrl":"https:\/\/www.analoggwerz.com\/wp-content\/uploads\/2025\/05\/img_8363-scaled.jpeg","width":2560,"height":1920},{"@type":"BreadcrumbList","@id":"https:\/\/www.analoggwerz.com\/produit\/posemetre-vintage-au-selenium\/#breadcrumb","itemListElement":[{"@type":"ListItem","position":1,"name":"Accueil","item":"https:\/\/www.analoggwerz.com\/"},{"@type":"ListItem","position":2,"name":"Boutique","item":"https:\/\/www.analoggwerz.com\/shop\/"},{"@type":"ListItem","position":3,"name":"Posem\u00e8tre vintage au s\u00e9l\u00e9nium"}]},{"@type":"WebSite","@id":"https:\/\/www.analoggwerz.com\/#website","url":"https:\/\/www.analoggwerz.com\/","name":"Analog Gwerz","description":"Pas besoin de neuf pour capturer l&#039;instant !","publisher":{"@id":"https:\/\/www.analoggwerz.com\/#organization"},"potentialAction":[{"@type":"SearchAction","target":{"@type":"EntryPoint","urlTemplate":"https:\/\/www.analoggwerz.com\/?s={search_term_string}"},"query-input":{"@type":"PropertyValueSpecification","valueRequired":true,"valueName":"search_term_string"}}],"inLanguage":"en-US"},{"@type":"Organization","@id":"https:\/\/www.analoggwerz.com\/#organization","name":"Analog Gwerz","url":"https:\/\/www.analoggwerz.com\/","logo":{"@type":"ImageObject","inLanguage":"en-US","@id":"https:\/\/www.analoggwerz.com\/#\/schema\/logo\/image\/","url":"https:\/\/www.analoggwerz.com\/wp-content\/uploads\/2025\/10\/000-LOGO-ANALOG-GWERZ-NOIR-1.png","contentUrl":"https:\/\/www.analoggwerz.com\/wp-content\/uploads\/2025\/10\/000-LOGO-ANALOG-GWERZ-NOIR-1.png","width":800,"height":407,"caption":"Analog Gwerz"},"image":{"@id":"https:\/\/www.analoggwerz.com\/#\/schema\/logo\/image\/"},"sameAs":["https:\/\/www.instagram.com\/analog_gwerz\/","https:\/\/www.tiktok.com\/@analog_gwerz"]}]}},"jetpack_sharing_enabled":true,"_links":{"self":[{"href":"https:\/\/www.analoggwerz.com\/en\/wp-json\/wp\/v2\/product\/6162","targetHints":{"allow":["GET"]}}],"collection":[{"href":"https:\/\/www.analoggwerz.com\/en\/wp-json\/wp\/v2\/product"}],"about":[{"href":"https:\/\/www.analoggwerz.com\/en\/wp-json\/wp\/v2\/types\/product"}],"wp:featuredmedia":[{"embeddable":true,"href":"https:\/\/www.analoggwerz.com\/en\/wp-json\/wp\/v2\/media\/6159"}],"wp:attachment":[{"href":"https:\/\/www.analoggwerz.com\/en\/wp-json\/wp\/v2\/media?parent=6162"}],"wp:term":[{"taxonomy":"product_brand","embeddable":true,"href":"https:\/\/www.analoggwerz.com\/en\/wp-json\/wp\/v2\/product_brand?post=6162"},{"taxonomy":"product_cat","embeddable":true,"href":"https:\/\/www.analoggwerz.com\/en\/wp-json\/wp\/v2\/product_cat?post=6162"},{"taxonomy":"product_tag","embeddable":true,"href":"https:\/\/www.analoggwerz.com\/en\/wp-json\/wp\/v2\/product_tag?post=6162"}],"curies":[{"name":"wp","href":"https:\/\/api.w.org\/{rel}","templated":true}]}}