{"id":5921,"date":"2025-05-12T20:05:27","date_gmt":"2025-05-12T20:05:27","guid":{"rendered":"https:\/\/www.analoggwerz.com\/produit\/sacoche-case-logic-pour-compact-numerique-5\/"},"modified":"2026-04-12T12:39:32","modified_gmt":"2026-04-12T12:39:32","slug":"sacoche-case-logic-pour-compact-numerique-5","status":"publish","type":"product","link":"https:\/\/www.analoggwerz.com\/en\/product\/sacoche-case-logic-pour-compact-numerique-5\/","title":{"rendered":"Sacoche Case Logic pour compact num\u00e9rique &#8211; Rose"},"content":{"rendered":"<p>N\u2019h\u00e9sitez pas \u00e0 vous abonner \u00e0 mon Instagram (@analog_gwerz) si vous aimez la photo et les appareils. Je pr\u00e9sente plein de mod\u00e8les et c\u2019est plus simple pour \u00e9changer.<\/p>\n<p>Housse Case Logic rose et grise \u2013 Pour compact num\u00e9rique<\/p>\n<p>Cette housse compacte et robuste de la marque Case Logic est id\u00e9ale pour prot\u00e9ger un appareil photo num\u00e9rique compact. Int\u00e9rieur matelass\u00e9, zip solide, finitions propres : elle offre une tr\u00e8s bonne protection pour le transport quotidien.<\/p>\n<p>Fermeture zipp\u00e9e<\/p>\n<p>Clip mousqueton pour l\u2019attacher facilement<\/p>\n<p>Couleur : rose et gris<\/p>\n<p>Dimensions int\u00e9rieures : env. 10 x 6,5 x 2,5 cm<\/p>\n<p>Compatible avec les compacts num\u00e9riques uniquement (les compacts argentiques sont souvent plus volumineux)<\/p>\n<p>\u00c9tat : tr\u00e8s bon \u00e9tat g\u00e9n\u00e9ral, propre et sans d\u00e9faut (voir photos).<\/p>\n<p>Photos contractuelles \u2013 ce que vous voyez est ce que vous recevrez.<\/p>\n<p>Tous mes accessoires sont v\u00e9rifi\u00e9s et fonctionnels.<\/p>","protected":false},"excerpt":{"rendered":"<p>N\u2019h\u00e9sitez pas \u00e0 vous abonner \u00e0 mon Instagram (@analog_gwerz) si vous aimez la photo et les appareils. Je pr\u00e9sente plein de mod\u00e8les et c\u2019est plus simple pour \u00e9changer. Housse Case Logic rose et grise \u2013 Pour compact num\u00e9rique Cette housse compacte et robuste de la marque Case Logic est id\u00e9ale pour prot\u00e9ger un appareil photo [&hellip;]<\/p>\n","protected":false},"featured_media":5920,"template":"","meta":[],"product_brand":[],"product_cat":[55,146,143],"product_tag":[],"class_list":{"0":"post-5921","1":"product","2":"type-product","3":"status-publish","4":"has-post-thumbnail","6":"product_cat-accessoires","7":"product_cat-etuis-sacoches-pour-compact-numerique","8":"product_cat-etuis-et-sacoches","9":"pa_couleur-rose","11":"first","12":"instock","13":"purchasable","14":"product-type-simple"},"yoast_head":"<!-- This site is optimized with the Yoast SEO plugin v27.5 - https:\/\/yoast.com\/product\/yoast-seo-wordpress\/ -->\n<title>Sacoche Case Logic pour compact num\u00e9rique - Rose est disponible sur la boutique !<\/title>\n<meta name=\"description\" content=\"Cliquez ici pour d\u00e9couvrir Sacoche Case Logic pour compact num\u00e9rique - Rose sur la boutique.\" \/>\n<meta name=\"robots\" content=\"index, follow, max-snippet:-1, max-image-preview:large, max-video-preview:-1\" \/>\n<link rel=\"canonical\" href=\"https:\/\/www.analoggwerz.com\/en\/product\/sacoche-case-logic-pour-compact-numerique-5\/\" \/>\n<meta property=\"og:locale\" content=\"en_US\" \/>\n<meta property=\"og:type\" content=\"article\" \/>\n<meta property=\"og:title\" content=\"Sacoche Case Logic pour compact num\u00e9rique - Rose est disponible sur la boutique !\" \/>\n<meta property=\"og:description\" content=\"Cliquez ici pour d\u00e9couvrir Sacoche Case Logic pour compact num\u00e9rique - Rose sur la boutique.\" \/>\n<meta property=\"og:url\" content=\"https:\/\/www.analoggwerz.com\/en\/product\/sacoche-case-logic-pour-compact-numerique-5\/\" \/>\n<meta property=\"og:site_name\" content=\"Analog Gwerz\" \/>\n<meta property=\"article:modified_time\" content=\"2026-04-12T12:39:32+00:00\" \/>\n<meta property=\"og:image\" content=\"https:\/\/www.analoggwerz.com\/wp-content\/uploads\/2025\/05\/img_6595-scaled.jpeg\" \/>\n\t<meta property=\"og:image:width\" content=\"2560\" \/>\n\t<meta property=\"og:image:height\" content=\"1920\" \/>\n\t<meta property=\"og:image:type\" content=\"image\/jpeg\" \/>\n<meta name=\"twitter:card\" content=\"summary_large_image\" \/>\n<meta name=\"twitter:label1\" content=\"Est. reading time\" \/>\n\t<meta name=\"twitter:data1\" content=\"1 minute\" \/>\n<script type=\"application\/ld+json\" class=\"yoast-schema-graph\">{\"@context\":\"https:\\\/\\\/schema.org\",\"@graph\":[{\"@type\":\"WebPage\",\"@id\":\"https:\\\/\\\/www.analoggwerz.com\\\/produit\\\/sacoche-case-logic-pour-compact-numerique-5\\\/\",\"url\":\"https:\\\/\\\/www.analoggwerz.com\\\/produit\\\/sacoche-case-logic-pour-compact-numerique-5\\\/\",\"name\":\"Sacoche Case Logic pour compact num\u00e9rique - Rose est disponible sur la boutique !\",\"isPartOf\":{\"@id\":\"https:\\\/\\\/www.analoggwerz.com\\\/#website\"},\"primaryImageOfPage\":{\"@id\":\"https:\\\/\\\/www.analoggwerz.com\\\/produit\\\/sacoche-case-logic-pour-compact-numerique-5\\\/#primaryimage\"},\"image\":{\"@id\":\"https:\\\/\\\/www.analoggwerz.com\\\/produit\\\/sacoche-case-logic-pour-compact-numerique-5\\\/#primaryimage\"},\"thumbnailUrl\":\"https:\\\/\\\/www.analoggwerz.com\\\/wp-content\\\/uploads\\\/2025\\\/05\\\/img_6595-scaled.jpeg\",\"datePublished\":\"2025-05-12T20:05:27+00:00\",\"dateModified\":\"2026-04-12T12:39:32+00:00\",\"description\":\"Cliquez ici pour d\u00e9couvrir Sacoche Case Logic pour compact num\u00e9rique - Rose sur la boutique.\",\"breadcrumb\":{\"@id\":\"https:\\\/\\\/www.analoggwerz.com\\\/produit\\\/sacoche-case-logic-pour-compact-numerique-5\\\/#breadcrumb\"},\"inLanguage\":\"en-US\",\"potentialAction\":[{\"@type\":\"ReadAction\",\"target\":[\"https:\\\/\\\/www.analoggwerz.com\\\/produit\\\/sacoche-case-logic-pour-compact-numerique-5\\\/\"]}]},{\"@type\":\"ImageObject\",\"inLanguage\":\"en-US\",\"@id\":\"https:\\\/\\\/www.analoggwerz.com\\\/produit\\\/sacoche-case-logic-pour-compact-numerique-5\\\/#primaryimage\",\"url\":\"https:\\\/\\\/www.analoggwerz.com\\\/wp-content\\\/uploads\\\/2025\\\/05\\\/img_6595-scaled.jpeg\",\"contentUrl\":\"https:\\\/\\\/www.analoggwerz.com\\\/wp-content\\\/uploads\\\/2025\\\/05\\\/img_6595-scaled.jpeg\",\"width\":2560,\"height\":1920},{\"@type\":\"BreadcrumbList\",\"@id\":\"https:\\\/\\\/www.analoggwerz.com\\\/produit\\\/sacoche-case-logic-pour-compact-numerique-5\\\/#breadcrumb\",\"itemListElement\":[{\"@type\":\"ListItem\",\"position\":1,\"name\":\"Accueil\",\"item\":\"https:\\\/\\\/www.analoggwerz.com\\\/\"},{\"@type\":\"ListItem\",\"position\":2,\"name\":\"Boutique\",\"item\":\"https:\\\/\\\/www.analoggwerz.com\\\/shop\\\/\"},{\"@type\":\"ListItem\",\"position\":3,\"name\":\"Sacoche Case Logic pour compact num\u00e9rique &#8211; Rose\"}]},{\"@type\":\"WebSite\",\"@id\":\"https:\\\/\\\/www.analoggwerz.com\\\/#website\",\"url\":\"https:\\\/\\\/www.analoggwerz.com\\\/\",\"name\":\"Analog Gwerz\",\"description\":\"Pas besoin de neuf pour capturer l&#039;instant !\",\"publisher\":{\"@id\":\"https:\\\/\\\/www.analoggwerz.com\\\/#organization\"},\"potentialAction\":[{\"@type\":\"SearchAction\",\"target\":{\"@type\":\"EntryPoint\",\"urlTemplate\":\"https:\\\/\\\/www.analoggwerz.com\\\/?s={search_term_string}\"},\"query-input\":{\"@type\":\"PropertyValueSpecification\",\"valueRequired\":true,\"valueName\":\"search_term_string\"}}],\"inLanguage\":\"en-US\"},{\"@type\":\"Organization\",\"@id\":\"https:\\\/\\\/www.analoggwerz.com\\\/#organization\",\"name\":\"Analog Gwerz\",\"url\":\"https:\\\/\\\/www.analoggwerz.com\\\/\",\"logo\":{\"@type\":\"ImageObject\",\"inLanguage\":\"en-US\",\"@id\":\"https:\\\/\\\/www.analoggwerz.com\\\/#\\\/schema\\\/logo\\\/image\\\/\",\"url\":\"https:\\\/\\\/www.analoggwerz.com\\\/wp-content\\\/uploads\\\/2025\\\/10\\\/000-LOGO-ANALOG-GWERZ-NOIR-1.png\",\"contentUrl\":\"https:\\\/\\\/www.analoggwerz.com\\\/wp-content\\\/uploads\\\/2025\\\/10\\\/000-LOGO-ANALOG-GWERZ-NOIR-1.png\",\"width\":800,\"height\":407,\"caption\":\"Analog Gwerz\"},\"image\":{\"@id\":\"https:\\\/\\\/www.analoggwerz.com\\\/#\\\/schema\\\/logo\\\/image\\\/\"},\"sameAs\":[\"https:\\\/\\\/www.instagram.com\\\/analog_gwerz\\\/\",\"https:\\\/\\\/www.tiktok.com\\\/@analog_gwerz\"]}]}<\/script>\n<!-- \/ Yoast SEO plugin. -->","yoast_head_json":{"title":"Sacoche Case Logic pour compact num\u00e9rique - Rose est disponible sur la boutique !","description":"Cliquez ici pour d\u00e9couvrir Sacoche Case Logic pour compact num\u00e9rique - Rose sur la boutique.","robots":{"index":"index","follow":"follow","max-snippet":"max-snippet:-1","max-image-preview":"max-image-preview:large","max-video-preview":"max-video-preview:-1"},"canonical":"https:\/\/www.analoggwerz.com\/en\/product\/sacoche-case-logic-pour-compact-numerique-5\/","og_locale":"en_US","og_type":"article","og_title":"Sacoche Case Logic pour compact num\u00e9rique - Rose est disponible sur la boutique !","og_description":"Cliquez ici pour d\u00e9couvrir Sacoche Case Logic pour compact num\u00e9rique - Rose sur la boutique.","og_url":"https:\/\/www.analoggwerz.com\/en\/product\/sacoche-case-logic-pour-compact-numerique-5\/","og_site_name":"Analog Gwerz","article_modified_time":"2026-04-12T12:39:32+00:00","og_image":[{"width":2560,"height":1920,"url":"https:\/\/www.analoggwerz.com\/wp-content\/uploads\/2025\/05\/img_6595-scaled.jpeg","type":"image\/jpeg"}],"twitter_card":"summary_large_image","twitter_misc":{"Est. reading time":"1 minute"},"schema":{"@context":"https:\/\/schema.org","@graph":[{"@type":"WebPage","@id":"https:\/\/www.analoggwerz.com\/produit\/sacoche-case-logic-pour-compact-numerique-5\/","url":"https:\/\/www.analoggwerz.com\/produit\/sacoche-case-logic-pour-compact-numerique-5\/","name":"Sacoche Case Logic pour compact num\u00e9rique - Rose est disponible sur la boutique !","isPartOf":{"@id":"https:\/\/www.analoggwerz.com\/#website"},"primaryImageOfPage":{"@id":"https:\/\/www.analoggwerz.com\/produit\/sacoche-case-logic-pour-compact-numerique-5\/#primaryimage"},"image":{"@id":"https:\/\/www.analoggwerz.com\/produit\/sacoche-case-logic-pour-compact-numerique-5\/#primaryimage"},"thumbnailUrl":"https:\/\/www.analoggwerz.com\/wp-content\/uploads\/2025\/05\/img_6595-scaled.jpeg","datePublished":"2025-05-12T20:05:27+00:00","dateModified":"2026-04-12T12:39:32+00:00","description":"Cliquez ici pour d\u00e9couvrir Sacoche Case Logic pour compact num\u00e9rique - Rose sur la boutique.","breadcrumb":{"@id":"https:\/\/www.analoggwerz.com\/produit\/sacoche-case-logic-pour-compact-numerique-5\/#breadcrumb"},"inLanguage":"en-US","potentialAction":[{"@type":"ReadAction","target":["https:\/\/www.analoggwerz.com\/produit\/sacoche-case-logic-pour-compact-numerique-5\/"]}]},{"@type":"ImageObject","inLanguage":"en-US","@id":"https:\/\/www.analoggwerz.com\/produit\/sacoche-case-logic-pour-compact-numerique-5\/#primaryimage","url":"https:\/\/www.analoggwerz.com\/wp-content\/uploads\/2025\/05\/img_6595-scaled.jpeg","contentUrl":"https:\/\/www.analoggwerz.com\/wp-content\/uploads\/2025\/05\/img_6595-scaled.jpeg","width":2560,"height":1920},{"@type":"BreadcrumbList","@id":"https:\/\/www.analoggwerz.com\/produit\/sacoche-case-logic-pour-compact-numerique-5\/#breadcrumb","itemListElement":[{"@type":"ListItem","position":1,"name":"Accueil","item":"https:\/\/www.analoggwerz.com\/"},{"@type":"ListItem","position":2,"name":"Boutique","item":"https:\/\/www.analoggwerz.com\/shop\/"},{"@type":"ListItem","position":3,"name":"Sacoche Case Logic pour compact num\u00e9rique &#8211; Rose"}]},{"@type":"WebSite","@id":"https:\/\/www.analoggwerz.com\/#website","url":"https:\/\/www.analoggwerz.com\/","name":"Analog Gwerz","description":"Pas besoin de neuf pour capturer l&#039;instant !","publisher":{"@id":"https:\/\/www.analoggwerz.com\/#organization"},"potentialAction":[{"@type":"SearchAction","target":{"@type":"EntryPoint","urlTemplate":"https:\/\/www.analoggwerz.com\/?s={search_term_string}"},"query-input":{"@type":"PropertyValueSpecification","valueRequired":true,"valueName":"search_term_string"}}],"inLanguage":"en-US"},{"@type":"Organization","@id":"https:\/\/www.analoggwerz.com\/#organization","name":"Analog Gwerz","url":"https:\/\/www.analoggwerz.com\/","logo":{"@type":"ImageObject","inLanguage":"en-US","@id":"https:\/\/www.analoggwerz.com\/#\/schema\/logo\/image\/","url":"https:\/\/www.analoggwerz.com\/wp-content\/uploads\/2025\/10\/000-LOGO-ANALOG-GWERZ-NOIR-1.png","contentUrl":"https:\/\/www.analoggwerz.com\/wp-content\/uploads\/2025\/10\/000-LOGO-ANALOG-GWERZ-NOIR-1.png","width":800,"height":407,"caption":"Analog Gwerz"},"image":{"@id":"https:\/\/www.analoggwerz.com\/#\/schema\/logo\/image\/"},"sameAs":["https:\/\/www.instagram.com\/analog_gwerz\/","https:\/\/www.tiktok.com\/@analog_gwerz"]}]}},"jetpack_sharing_enabled":true,"_links":{"self":[{"href":"https:\/\/www.analoggwerz.com\/en\/wp-json\/wp\/v2\/product\/5921","targetHints":{"allow":["GET"]}}],"collection":[{"href":"https:\/\/www.analoggwerz.com\/en\/wp-json\/wp\/v2\/product"}],"about":[{"href":"https:\/\/www.analoggwerz.com\/en\/wp-json\/wp\/v2\/types\/product"}],"wp:featuredmedia":[{"embeddable":true,"href":"https:\/\/www.analoggwerz.com\/en\/wp-json\/wp\/v2\/media\/5920"}],"wp:attachment":[{"href":"https:\/\/www.analoggwerz.com\/en\/wp-json\/wp\/v2\/media?parent=5921"}],"wp:term":[{"taxonomy":"product_brand","embeddable":true,"href":"https:\/\/www.analoggwerz.com\/en\/wp-json\/wp\/v2\/product_brand?post=5921"},{"taxonomy":"product_cat","embeddable":true,"href":"https:\/\/www.analoggwerz.com\/en\/wp-json\/wp\/v2\/product_cat?post=5921"},{"taxonomy":"product_tag","embeddable":true,"href":"https:\/\/www.analoggwerz.com\/en\/wp-json\/wp\/v2\/product_tag?post=5921"}],"curies":[{"name":"wp","href":"https:\/\/api.w.org\/{rel}","templated":true}]}}