{"id":5539,"date":"2025-05-12T11:51:32","date_gmt":"2025-05-12T11:51:32","guid":{"rendered":"https:\/\/www.analoggwerz.com\/produit\/sacoche-vintage-pour-appareil-photo\/"},"modified":"2025-10-31T21:55:11","modified_gmt":"2025-10-31T21:55:11","slug":"sacoche-vintage-pour-appareil-photo","status":"publish","type":"product","link":"https:\/\/www.analoggwerz.com\/en\/product\/sacoche-vintage-pour-appareil-photo\/","title":{"rendered":"Sacoche vintage pour appareil photo"},"content":{"rendered":"<p>N\u2019h\u00e9sitez pas \u00e0 vous abonner \u00e0 mon Instagram (@analog_gwerz) si vous aimez la photo et les appareils.<\/p>\n<p>Housse noire rigide compacte \u2013 id\u00e9ale pour appareil photo num\u00e9rique<\/p>\n<p>Housse de protection rigide noire en simili cuir, parfaite pour les appareils photo num\u00e9riques compacts. Fermeture s\u00e9curis\u00e9e par velcro et double zip. Int\u00e9rieur matelass\u00e9 avec un petit compartiment pour accessoires comme cartes SD ou batteries.<\/p>\n<p>Compatible avec la plupart des compacts num\u00e9riques type Canon Ixus, Sony Cyber-shot, Samsung ST, etc.<\/p>\n<p>Caract\u00e9ristiques :<\/p>\n<p>Fermeture velcro + zip<\/p>\n<p>Int\u00e9rieur doubl\u00e9 avec filet de rangement<\/p>\n<p>Passant ceinture \u00e0 l\u2019arri\u00e8re<\/p>\n<p>Design discret et solide<\/p>\n<p>\u00c9tat : tr\u00e8s bon \u00e9tat g\u00e9n\u00e9ral.<\/p>\n<p>Les photos montrent le produit tel qu\u2019il est. Tous mes articles sont v\u00e9rifi\u00e9s avant envoi.<\/p>","protected":false},"excerpt":{"rendered":"<p>N\u2019h\u00e9sitez pas \u00e0 vous abonner \u00e0 mon Instagram (@analog_gwerz) si vous aimez la photo et les appareils. Housse noire rigide compacte \u2013 id\u00e9ale pour appareil photo num\u00e9rique Housse de protection rigide noire en simili cuir, parfaite pour les appareils photo num\u00e9riques compacts. Fermeture s\u00e9curis\u00e9e par velcro et double zip. Int\u00e9rieur matelass\u00e9 avec un petit compartiment [&hellip;]<\/p>\n","protected":false},"featured_media":5538,"template":"","meta":[],"product_brand":[],"product_cat":[55,146,143],"product_tag":[],"class_list":{"0":"post-5539","1":"product","2":"type-product","3":"status-publish","4":"has-post-thumbnail","6":"product_cat-accessoires","7":"product_cat-etuis-sacoches-pour-compact-numerique","8":"product_cat-etuis-et-sacoches","10":"first","11":"outofstock","12":"purchasable","13":"product-type-simple"},"yoast_head":"<!-- This site is optimized with the Yoast SEO plugin v27.5 - https:\/\/yoast.com\/product\/yoast-seo-wordpress\/ -->\n<title>Sacoche vintage pour appareil photo est disponible sur la boutique !<\/title>\n<meta name=\"description\" content=\"Cliquez ici pour d\u00e9couvrir Sacoche vintage pour appareil photo sur la boutique.\" \/>\n<meta name=\"robots\" content=\"index, follow, max-snippet:-1, max-image-preview:large, max-video-preview:-1\" \/>\n<link rel=\"canonical\" href=\"https:\/\/www.analoggwerz.com\/en\/product\/sacoche-vintage-pour-appareil-photo\/\" \/>\n<meta property=\"og:locale\" content=\"en_US\" \/>\n<meta property=\"og:type\" content=\"article\" \/>\n<meta property=\"og:title\" content=\"Sacoche vintage pour appareil photo est disponible sur la boutique !\" \/>\n<meta property=\"og:description\" content=\"Cliquez ici pour d\u00e9couvrir Sacoche vintage pour appareil photo sur la boutique.\" \/>\n<meta property=\"og:url\" content=\"https:\/\/www.analoggwerz.com\/en\/product\/sacoche-vintage-pour-appareil-photo\/\" \/>\n<meta property=\"og:site_name\" content=\"Analog Gwerz\" \/>\n<meta property=\"article:modified_time\" content=\"2025-10-31T21:55:11+00:00\" \/>\n<meta property=\"og:image\" content=\"https:\/\/www.analoggwerz.com\/wp-content\/uploads\/2025\/05\/img_7116-scaled.jpeg\" \/>\n\t<meta property=\"og:image:width\" content=\"2560\" \/>\n\t<meta property=\"og:image:height\" content=\"1920\" \/>\n\t<meta property=\"og:image:type\" content=\"image\/jpeg\" \/>\n<meta name=\"twitter:card\" content=\"summary_large_image\" \/>\n<meta name=\"twitter:label1\" content=\"Est. reading time\" \/>\n\t<meta name=\"twitter:data1\" content=\"1 minute\" \/>\n<script type=\"application\/ld+json\" class=\"yoast-schema-graph\">{\"@context\":\"https:\\\/\\\/schema.org\",\"@graph\":[{\"@type\":\"WebPage\",\"@id\":\"https:\\\/\\\/www.analoggwerz.com\\\/produit\\\/sacoche-vintage-pour-appareil-photo\\\/\",\"url\":\"https:\\\/\\\/www.analoggwerz.com\\\/produit\\\/sacoche-vintage-pour-appareil-photo\\\/\",\"name\":\"Sacoche vintage pour appareil photo est disponible sur la boutique !\",\"isPartOf\":{\"@id\":\"https:\\\/\\\/www.analoggwerz.com\\\/#website\"},\"primaryImageOfPage\":{\"@id\":\"https:\\\/\\\/www.analoggwerz.com\\\/produit\\\/sacoche-vintage-pour-appareil-photo\\\/#primaryimage\"},\"image\":{\"@id\":\"https:\\\/\\\/www.analoggwerz.com\\\/produit\\\/sacoche-vintage-pour-appareil-photo\\\/#primaryimage\"},\"thumbnailUrl\":\"https:\\\/\\\/www.analoggwerz.com\\\/wp-content\\\/uploads\\\/2025\\\/05\\\/img_7116-scaled.jpeg\",\"datePublished\":\"2025-05-12T11:51:32+00:00\",\"dateModified\":\"2025-10-31T21:55:11+00:00\",\"description\":\"Cliquez ici pour d\u00e9couvrir Sacoche vintage pour appareil photo sur la boutique.\",\"breadcrumb\":{\"@id\":\"https:\\\/\\\/www.analoggwerz.com\\\/produit\\\/sacoche-vintage-pour-appareil-photo\\\/#breadcrumb\"},\"inLanguage\":\"en-US\",\"potentialAction\":[{\"@type\":\"ReadAction\",\"target\":[\"https:\\\/\\\/www.analoggwerz.com\\\/produit\\\/sacoche-vintage-pour-appareil-photo\\\/\"]}]},{\"@type\":\"ImageObject\",\"inLanguage\":\"en-US\",\"@id\":\"https:\\\/\\\/www.analoggwerz.com\\\/produit\\\/sacoche-vintage-pour-appareil-photo\\\/#primaryimage\",\"url\":\"https:\\\/\\\/www.analoggwerz.com\\\/wp-content\\\/uploads\\\/2025\\\/05\\\/img_7116-scaled.jpeg\",\"contentUrl\":\"https:\\\/\\\/www.analoggwerz.com\\\/wp-content\\\/uploads\\\/2025\\\/05\\\/img_7116-scaled.jpeg\",\"width\":2560,\"height\":1920},{\"@type\":\"BreadcrumbList\",\"@id\":\"https:\\\/\\\/www.analoggwerz.com\\\/produit\\\/sacoche-vintage-pour-appareil-photo\\\/#breadcrumb\",\"itemListElement\":[{\"@type\":\"ListItem\",\"position\":1,\"name\":\"Accueil\",\"item\":\"https:\\\/\\\/www.analoggwerz.com\\\/\"},{\"@type\":\"ListItem\",\"position\":2,\"name\":\"Boutique\",\"item\":\"https:\\\/\\\/www.analoggwerz.com\\\/shop\\\/\"},{\"@type\":\"ListItem\",\"position\":3,\"name\":\"Sacoche vintage pour appareil photo\"}]},{\"@type\":\"WebSite\",\"@id\":\"https:\\\/\\\/www.analoggwerz.com\\\/#website\",\"url\":\"https:\\\/\\\/www.analoggwerz.com\\\/\",\"name\":\"Analog Gwerz\",\"description\":\"Pas besoin de neuf pour capturer l&#039;instant !\",\"publisher\":{\"@id\":\"https:\\\/\\\/www.analoggwerz.com\\\/#organization\"},\"potentialAction\":[{\"@type\":\"SearchAction\",\"target\":{\"@type\":\"EntryPoint\",\"urlTemplate\":\"https:\\\/\\\/www.analoggwerz.com\\\/?s={search_term_string}\"},\"query-input\":{\"@type\":\"PropertyValueSpecification\",\"valueRequired\":true,\"valueName\":\"search_term_string\"}}],\"inLanguage\":\"en-US\"},{\"@type\":\"Organization\",\"@id\":\"https:\\\/\\\/www.analoggwerz.com\\\/#organization\",\"name\":\"Analog Gwerz\",\"url\":\"https:\\\/\\\/www.analoggwerz.com\\\/\",\"logo\":{\"@type\":\"ImageObject\",\"inLanguage\":\"en-US\",\"@id\":\"https:\\\/\\\/www.analoggwerz.com\\\/#\\\/schema\\\/logo\\\/image\\\/\",\"url\":\"https:\\\/\\\/www.analoggwerz.com\\\/wp-content\\\/uploads\\\/2025\\\/10\\\/000-LOGO-ANALOG-GWERZ-NOIR-1.png\",\"contentUrl\":\"https:\\\/\\\/www.analoggwerz.com\\\/wp-content\\\/uploads\\\/2025\\\/10\\\/000-LOGO-ANALOG-GWERZ-NOIR-1.png\",\"width\":800,\"height\":407,\"caption\":\"Analog Gwerz\"},\"image\":{\"@id\":\"https:\\\/\\\/www.analoggwerz.com\\\/#\\\/schema\\\/logo\\\/image\\\/\"},\"sameAs\":[\"https:\\\/\\\/www.instagram.com\\\/analog_gwerz\\\/\",\"https:\\\/\\\/www.tiktok.com\\\/@analog_gwerz\"]}]}<\/script>\n<!-- \/ Yoast SEO plugin. -->","yoast_head_json":{"title":"Sacoche vintage pour appareil photo est disponible sur la boutique !","description":"Cliquez ici pour d\u00e9couvrir Sacoche vintage pour appareil photo sur la boutique.","robots":{"index":"index","follow":"follow","max-snippet":"max-snippet:-1","max-image-preview":"max-image-preview:large","max-video-preview":"max-video-preview:-1"},"canonical":"https:\/\/www.analoggwerz.com\/en\/product\/sacoche-vintage-pour-appareil-photo\/","og_locale":"en_US","og_type":"article","og_title":"Sacoche vintage pour appareil photo est disponible sur la boutique !","og_description":"Cliquez ici pour d\u00e9couvrir Sacoche vintage pour appareil photo sur la boutique.","og_url":"https:\/\/www.analoggwerz.com\/en\/product\/sacoche-vintage-pour-appareil-photo\/","og_site_name":"Analog Gwerz","article_modified_time":"2025-10-31T21:55:11+00:00","og_image":[{"width":2560,"height":1920,"url":"https:\/\/www.analoggwerz.com\/wp-content\/uploads\/2025\/05\/img_7116-scaled.jpeg","type":"image\/jpeg"}],"twitter_card":"summary_large_image","twitter_misc":{"Est. reading time":"1 minute"},"schema":{"@context":"https:\/\/schema.org","@graph":[{"@type":"WebPage","@id":"https:\/\/www.analoggwerz.com\/produit\/sacoche-vintage-pour-appareil-photo\/","url":"https:\/\/www.analoggwerz.com\/produit\/sacoche-vintage-pour-appareil-photo\/","name":"Sacoche vintage pour appareil photo est disponible sur la boutique !","isPartOf":{"@id":"https:\/\/www.analoggwerz.com\/#website"},"primaryImageOfPage":{"@id":"https:\/\/www.analoggwerz.com\/produit\/sacoche-vintage-pour-appareil-photo\/#primaryimage"},"image":{"@id":"https:\/\/www.analoggwerz.com\/produit\/sacoche-vintage-pour-appareil-photo\/#primaryimage"},"thumbnailUrl":"https:\/\/www.analoggwerz.com\/wp-content\/uploads\/2025\/05\/img_7116-scaled.jpeg","datePublished":"2025-05-12T11:51:32+00:00","dateModified":"2025-10-31T21:55:11+00:00","description":"Cliquez ici pour d\u00e9couvrir Sacoche vintage pour appareil photo sur la boutique.","breadcrumb":{"@id":"https:\/\/www.analoggwerz.com\/produit\/sacoche-vintage-pour-appareil-photo\/#breadcrumb"},"inLanguage":"en-US","potentialAction":[{"@type":"ReadAction","target":["https:\/\/www.analoggwerz.com\/produit\/sacoche-vintage-pour-appareil-photo\/"]}]},{"@type":"ImageObject","inLanguage":"en-US","@id":"https:\/\/www.analoggwerz.com\/produit\/sacoche-vintage-pour-appareil-photo\/#primaryimage","url":"https:\/\/www.analoggwerz.com\/wp-content\/uploads\/2025\/05\/img_7116-scaled.jpeg","contentUrl":"https:\/\/www.analoggwerz.com\/wp-content\/uploads\/2025\/05\/img_7116-scaled.jpeg","width":2560,"height":1920},{"@type":"BreadcrumbList","@id":"https:\/\/www.analoggwerz.com\/produit\/sacoche-vintage-pour-appareil-photo\/#breadcrumb","itemListElement":[{"@type":"ListItem","position":1,"name":"Accueil","item":"https:\/\/www.analoggwerz.com\/"},{"@type":"ListItem","position":2,"name":"Boutique","item":"https:\/\/www.analoggwerz.com\/shop\/"},{"@type":"ListItem","position":3,"name":"Sacoche vintage pour appareil photo"}]},{"@type":"WebSite","@id":"https:\/\/www.analoggwerz.com\/#website","url":"https:\/\/www.analoggwerz.com\/","name":"Analog Gwerz","description":"Pas besoin de neuf pour capturer l&#039;instant !","publisher":{"@id":"https:\/\/www.analoggwerz.com\/#organization"},"potentialAction":[{"@type":"SearchAction","target":{"@type":"EntryPoint","urlTemplate":"https:\/\/www.analoggwerz.com\/?s={search_term_string}"},"query-input":{"@type":"PropertyValueSpecification","valueRequired":true,"valueName":"search_term_string"}}],"inLanguage":"en-US"},{"@type":"Organization","@id":"https:\/\/www.analoggwerz.com\/#organization","name":"Analog Gwerz","url":"https:\/\/www.analoggwerz.com\/","logo":{"@type":"ImageObject","inLanguage":"en-US","@id":"https:\/\/www.analoggwerz.com\/#\/schema\/logo\/image\/","url":"https:\/\/www.analoggwerz.com\/wp-content\/uploads\/2025\/10\/000-LOGO-ANALOG-GWERZ-NOIR-1.png","contentUrl":"https:\/\/www.analoggwerz.com\/wp-content\/uploads\/2025\/10\/000-LOGO-ANALOG-GWERZ-NOIR-1.png","width":800,"height":407,"caption":"Analog Gwerz"},"image":{"@id":"https:\/\/www.analoggwerz.com\/#\/schema\/logo\/image\/"},"sameAs":["https:\/\/www.instagram.com\/analog_gwerz\/","https:\/\/www.tiktok.com\/@analog_gwerz"]}]}},"jetpack_sharing_enabled":true,"_links":{"self":[{"href":"https:\/\/www.analoggwerz.com\/en\/wp-json\/wp\/v2\/product\/5539","targetHints":{"allow":["GET"]}}],"collection":[{"href":"https:\/\/www.analoggwerz.com\/en\/wp-json\/wp\/v2\/product"}],"about":[{"href":"https:\/\/www.analoggwerz.com\/en\/wp-json\/wp\/v2\/types\/product"}],"wp:featuredmedia":[{"embeddable":true,"href":"https:\/\/www.analoggwerz.com\/en\/wp-json\/wp\/v2\/media\/5538"}],"wp:attachment":[{"href":"https:\/\/www.analoggwerz.com\/en\/wp-json\/wp\/v2\/media?parent=5539"}],"wp:term":[{"taxonomy":"product_brand","embeddable":true,"href":"https:\/\/www.analoggwerz.com\/en\/wp-json\/wp\/v2\/product_brand?post=5539"},{"taxonomy":"product_cat","embeddable":true,"href":"https:\/\/www.analoggwerz.com\/en\/wp-json\/wp\/v2\/product_cat?post=5539"},{"taxonomy":"product_tag","embeddable":true,"href":"https:\/\/www.analoggwerz.com\/en\/wp-json\/wp\/v2\/product_tag?post=5539"}],"curies":[{"name":"wp","href":"https:\/\/api.w.org\/{rel}","templated":true}]}}