{"id":5467,"date":"2025-05-12T00:36:31","date_gmt":"2025-05-12T00:36:31","guid":{"rendered":"https:\/\/www.analoggwerz.com\/produit\/kodak-easyshare-c183\/"},"modified":"2025-10-31T21:55:12","modified_gmt":"2025-10-31T21:55:12","slug":"kodak-easyshare-c183","status":"publish","type":"product","link":"https:\/\/www.analoggwerz.com\/en\/product\/kodak-easyshare-c183\/","title":{"rendered":"Kodak Easyshare C183"},"content":{"rendered":"<p>N\u2019h\u00e9sitez pas \u00e0 vous abonner \u00e0 mon Instagram (@analog_gwerz) si vous aimez la photo et les appareils. C\u2019est plus simple pour discuter, et j\u2019y pr\u00e9sente les appareils en d\u00e9tail.<\/p>\n<p>Appareil photo num\u00e9rique compact Kodak EasyShare C183 \u2013 Neuf en bo\u00eete<\/p>\n<p>Le Kodak EasyShare C183 est un compact num\u00e9rique simple, robuste et convivial. Il est id\u00e9al pour celles et ceux qui veulent un appareil efficace pour les souvenirs du quotidien. Son bouton \u00ab Share \u00bb permet un partage rapide vers Facebook, YouTube ou Flickr depuis le logiciel Kodak EasyShare.<\/p>\n<p>Ce mod\u00e8le est neuf, jamais utilis\u00e9, dans sa bo\u00eete d\u2019origine avec tous ses accessoires.<\/p>\n<p>Caract\u00e9ristiques principales :<\/p>\n<p>\u2022 Capteur 14 m\u00e9gapixels<\/p>\n<p>\u2022 Zoom optique 3x<\/p>\n<p>\u2022 Objectif Kodak AF (\u00e9quivalent 32-96 mm)<\/p>\n<p>\u2022 \u00c9cran LCD 3 pouces<\/p>\n<p>\u2022 D\u00e9tection des visages, modes automatiques<\/p>\n<p>\u2022 Enregistrement vid\u00e9o VGA<\/p>\n<p>\u2022 Compatible cartes SD\/SDHC<\/p>\n<p>\u2022 Fonction Share int\u00e9gr\u00e9e pour le partage rapide<\/p>\n<p>\u00c9tat : Produit neuf, jamais utilis\u00e9. Vendu dans sa bo\u00eete d\u2019origine avec tous les accessoires : c\u00e2ble USB, dragonne, manuels.<\/p>\n<p>Alimentation : Fonctionne avec 2 piles AA (non fournies).<\/p>\n<p>Photos contractuelles \u2014 elles montrent le produit r\u00e9el.<\/p>\n<p>Tous les appareils que je propose sont test\u00e9s ou neufs et parfaitement fonctionnels.<\/p>","protected":false},"excerpt":{"rendered":"<p>N\u2019h\u00e9sitez pas \u00e0 vous abonner \u00e0 mon Instagram (@analog_gwerz) si vous aimez la photo et les appareils. C\u2019est plus simple pour discuter, et j\u2019y pr\u00e9sente les appareils en d\u00e9tail. Appareil photo num\u00e9rique compact Kodak EasyShare C183 \u2013 Neuf en bo\u00eete Le Kodak EasyShare C183 est un compact num\u00e9rique simple, robuste et convivial. Il est id\u00e9al [&hellip;]<\/p>\n","protected":false},"featured_media":5466,"template":"","meta":[],"product_brand":[],"product_cat":[118,114,28],"product_tag":[],"class_list":{"0":"post-5467","1":"product","2":"type-product","3":"status-publish","4":"has-post-thumbnail","6":"product_cat-appareils-photo","7":"product_cat-appareils-photo-numeriques","8":"product_cat-appareils-photos-compacts-numeriques","9":"pa_marque-kodak","11":"first","12":"outofstock","13":"purchasable","14":"product-type-simple"},"yoast_head":"<!-- This site is optimized with the Yoast SEO plugin v27.5 - https:\/\/yoast.com\/product\/yoast-seo-wordpress\/ -->\n<title>Kodak Easyshare C183 est disponible sur la boutique !<\/title>\n<meta name=\"description\" content=\"Cliquez ici pour d\u00e9couvrir Kodak Easyshare C183 sur la boutique.\" \/>\n<meta name=\"robots\" content=\"index, follow, max-snippet:-1, max-image-preview:large, max-video-preview:-1\" \/>\n<link rel=\"canonical\" href=\"https:\/\/www.analoggwerz.com\/en\/product\/kodak-easyshare-c183\/\" \/>\n<meta property=\"og:locale\" content=\"en_US\" \/>\n<meta property=\"og:type\" content=\"article\" \/>\n<meta property=\"og:title\" content=\"Kodak Easyshare C183 est disponible sur la boutique !\" \/>\n<meta property=\"og:description\" content=\"Cliquez ici pour d\u00e9couvrir Kodak Easyshare C183 sur la boutique.\" \/>\n<meta property=\"og:url\" content=\"https:\/\/www.analoggwerz.com\/en\/product\/kodak-easyshare-c183\/\" \/>\n<meta property=\"og:site_name\" content=\"Analog Gwerz\" \/>\n<meta property=\"article:modified_time\" content=\"2025-10-31T21:55:12+00:00\" \/>\n<meta property=\"og:image\" content=\"https:\/\/www.analoggwerz.com\/wp-content\/uploads\/2025\/05\/img_7178-scaled.jpeg\" \/>\n\t<meta property=\"og:image:width\" content=\"2560\" \/>\n\t<meta property=\"og:image:height\" content=\"1920\" \/>\n\t<meta property=\"og:image:type\" content=\"image\/jpeg\" \/>\n<meta name=\"twitter:card\" content=\"summary_large_image\" \/>\n<meta name=\"twitter:label1\" content=\"Est. reading time\" \/>\n\t<meta name=\"twitter:data1\" content=\"1 minute\" \/>\n<script type=\"application\/ld+json\" class=\"yoast-schema-graph\">{\"@context\":\"https:\\\/\\\/schema.org\",\"@graph\":[{\"@type\":\"WebPage\",\"@id\":\"https:\\\/\\\/www.analoggwerz.com\\\/produit\\\/kodak-easyshare-c183\\\/\",\"url\":\"https:\\\/\\\/www.analoggwerz.com\\\/produit\\\/kodak-easyshare-c183\\\/\",\"name\":\"Kodak Easyshare C183 est disponible sur la boutique !\",\"isPartOf\":{\"@id\":\"https:\\\/\\\/www.analoggwerz.com\\\/#website\"},\"primaryImageOfPage\":{\"@id\":\"https:\\\/\\\/www.analoggwerz.com\\\/produit\\\/kodak-easyshare-c183\\\/#primaryimage\"},\"image\":{\"@id\":\"https:\\\/\\\/www.analoggwerz.com\\\/produit\\\/kodak-easyshare-c183\\\/#primaryimage\"},\"thumbnailUrl\":\"https:\\\/\\\/www.analoggwerz.com\\\/wp-content\\\/uploads\\\/2025\\\/05\\\/img_7178-scaled.jpeg\",\"datePublished\":\"2025-05-12T00:36:31+00:00\",\"dateModified\":\"2025-10-31T21:55:12+00:00\",\"description\":\"Cliquez ici pour d\u00e9couvrir Kodak Easyshare C183 sur la boutique.\",\"breadcrumb\":{\"@id\":\"https:\\\/\\\/www.analoggwerz.com\\\/produit\\\/kodak-easyshare-c183\\\/#breadcrumb\"},\"inLanguage\":\"en-US\",\"potentialAction\":[{\"@type\":\"ReadAction\",\"target\":[\"https:\\\/\\\/www.analoggwerz.com\\\/produit\\\/kodak-easyshare-c183\\\/\"]}]},{\"@type\":\"ImageObject\",\"inLanguage\":\"en-US\",\"@id\":\"https:\\\/\\\/www.analoggwerz.com\\\/produit\\\/kodak-easyshare-c183\\\/#primaryimage\",\"url\":\"https:\\\/\\\/www.analoggwerz.com\\\/wp-content\\\/uploads\\\/2025\\\/05\\\/img_7178-scaled.jpeg\",\"contentUrl\":\"https:\\\/\\\/www.analoggwerz.com\\\/wp-content\\\/uploads\\\/2025\\\/05\\\/img_7178-scaled.jpeg\",\"width\":2560,\"height\":1920},{\"@type\":\"BreadcrumbList\",\"@id\":\"https:\\\/\\\/www.analoggwerz.com\\\/produit\\\/kodak-easyshare-c183\\\/#breadcrumb\",\"itemListElement\":[{\"@type\":\"ListItem\",\"position\":1,\"name\":\"Accueil\",\"item\":\"https:\\\/\\\/www.analoggwerz.com\\\/\"},{\"@type\":\"ListItem\",\"position\":2,\"name\":\"Boutique\",\"item\":\"https:\\\/\\\/www.analoggwerz.com\\\/shop\\\/\"},{\"@type\":\"ListItem\",\"position\":3,\"name\":\"Kodak Easyshare C183\"}]},{\"@type\":\"WebSite\",\"@id\":\"https:\\\/\\\/www.analoggwerz.com\\\/#website\",\"url\":\"https:\\\/\\\/www.analoggwerz.com\\\/\",\"name\":\"Analog Gwerz\",\"description\":\"Pas besoin de neuf pour capturer l&#039;instant !\",\"publisher\":{\"@id\":\"https:\\\/\\\/www.analoggwerz.com\\\/#organization\"},\"potentialAction\":[{\"@type\":\"SearchAction\",\"target\":{\"@type\":\"EntryPoint\",\"urlTemplate\":\"https:\\\/\\\/www.analoggwerz.com\\\/?s={search_term_string}\"},\"query-input\":{\"@type\":\"PropertyValueSpecification\",\"valueRequired\":true,\"valueName\":\"search_term_string\"}}],\"inLanguage\":\"en-US\"},{\"@type\":\"Organization\",\"@id\":\"https:\\\/\\\/www.analoggwerz.com\\\/#organization\",\"name\":\"Analog Gwerz\",\"url\":\"https:\\\/\\\/www.analoggwerz.com\\\/\",\"logo\":{\"@type\":\"ImageObject\",\"inLanguage\":\"en-US\",\"@id\":\"https:\\\/\\\/www.analoggwerz.com\\\/#\\\/schema\\\/logo\\\/image\\\/\",\"url\":\"https:\\\/\\\/www.analoggwerz.com\\\/wp-content\\\/uploads\\\/2025\\\/10\\\/000-LOGO-ANALOG-GWERZ-NOIR-1.png\",\"contentUrl\":\"https:\\\/\\\/www.analoggwerz.com\\\/wp-content\\\/uploads\\\/2025\\\/10\\\/000-LOGO-ANALOG-GWERZ-NOIR-1.png\",\"width\":800,\"height\":407,\"caption\":\"Analog Gwerz\"},\"image\":{\"@id\":\"https:\\\/\\\/www.analoggwerz.com\\\/#\\\/schema\\\/logo\\\/image\\\/\"},\"sameAs\":[\"https:\\\/\\\/www.instagram.com\\\/analog_gwerz\\\/\",\"https:\\\/\\\/www.tiktok.com\\\/@analog_gwerz\"]}]}<\/script>\n<!-- \/ Yoast SEO plugin. -->","yoast_head_json":{"title":"Kodak Easyshare C183 est disponible sur la boutique !","description":"Cliquez ici pour d\u00e9couvrir Kodak Easyshare C183 sur la boutique.","robots":{"index":"index","follow":"follow","max-snippet":"max-snippet:-1","max-image-preview":"max-image-preview:large","max-video-preview":"max-video-preview:-1"},"canonical":"https:\/\/www.analoggwerz.com\/en\/product\/kodak-easyshare-c183\/","og_locale":"en_US","og_type":"article","og_title":"Kodak Easyshare C183 est disponible sur la boutique !","og_description":"Cliquez ici pour d\u00e9couvrir Kodak Easyshare C183 sur la boutique.","og_url":"https:\/\/www.analoggwerz.com\/en\/product\/kodak-easyshare-c183\/","og_site_name":"Analog Gwerz","article_modified_time":"2025-10-31T21:55:12+00:00","og_image":[{"width":2560,"height":1920,"url":"https:\/\/www.analoggwerz.com\/wp-content\/uploads\/2025\/05\/img_7178-scaled.jpeg","type":"image\/jpeg"}],"twitter_card":"summary_large_image","twitter_misc":{"Est. reading time":"1 minute"},"schema":{"@context":"https:\/\/schema.org","@graph":[{"@type":"WebPage","@id":"https:\/\/www.analoggwerz.com\/produit\/kodak-easyshare-c183\/","url":"https:\/\/www.analoggwerz.com\/produit\/kodak-easyshare-c183\/","name":"Kodak Easyshare C183 est disponible sur la boutique !","isPartOf":{"@id":"https:\/\/www.analoggwerz.com\/#website"},"primaryImageOfPage":{"@id":"https:\/\/www.analoggwerz.com\/produit\/kodak-easyshare-c183\/#primaryimage"},"image":{"@id":"https:\/\/www.analoggwerz.com\/produit\/kodak-easyshare-c183\/#primaryimage"},"thumbnailUrl":"https:\/\/www.analoggwerz.com\/wp-content\/uploads\/2025\/05\/img_7178-scaled.jpeg","datePublished":"2025-05-12T00:36:31+00:00","dateModified":"2025-10-31T21:55:12+00:00","description":"Cliquez ici pour d\u00e9couvrir Kodak Easyshare C183 sur la boutique.","breadcrumb":{"@id":"https:\/\/www.analoggwerz.com\/produit\/kodak-easyshare-c183\/#breadcrumb"},"inLanguage":"en-US","potentialAction":[{"@type":"ReadAction","target":["https:\/\/www.analoggwerz.com\/produit\/kodak-easyshare-c183\/"]}]},{"@type":"ImageObject","inLanguage":"en-US","@id":"https:\/\/www.analoggwerz.com\/produit\/kodak-easyshare-c183\/#primaryimage","url":"https:\/\/www.analoggwerz.com\/wp-content\/uploads\/2025\/05\/img_7178-scaled.jpeg","contentUrl":"https:\/\/www.analoggwerz.com\/wp-content\/uploads\/2025\/05\/img_7178-scaled.jpeg","width":2560,"height":1920},{"@type":"BreadcrumbList","@id":"https:\/\/www.analoggwerz.com\/produit\/kodak-easyshare-c183\/#breadcrumb","itemListElement":[{"@type":"ListItem","position":1,"name":"Accueil","item":"https:\/\/www.analoggwerz.com\/"},{"@type":"ListItem","position":2,"name":"Boutique","item":"https:\/\/www.analoggwerz.com\/shop\/"},{"@type":"ListItem","position":3,"name":"Kodak Easyshare C183"}]},{"@type":"WebSite","@id":"https:\/\/www.analoggwerz.com\/#website","url":"https:\/\/www.analoggwerz.com\/","name":"Analog Gwerz","description":"Pas besoin de neuf pour capturer l&#039;instant !","publisher":{"@id":"https:\/\/www.analoggwerz.com\/#organization"},"potentialAction":[{"@type":"SearchAction","target":{"@type":"EntryPoint","urlTemplate":"https:\/\/www.analoggwerz.com\/?s={search_term_string}"},"query-input":{"@type":"PropertyValueSpecification","valueRequired":true,"valueName":"search_term_string"}}],"inLanguage":"en-US"},{"@type":"Organization","@id":"https:\/\/www.analoggwerz.com\/#organization","name":"Analog Gwerz","url":"https:\/\/www.analoggwerz.com\/","logo":{"@type":"ImageObject","inLanguage":"en-US","@id":"https:\/\/www.analoggwerz.com\/#\/schema\/logo\/image\/","url":"https:\/\/www.analoggwerz.com\/wp-content\/uploads\/2025\/10\/000-LOGO-ANALOG-GWERZ-NOIR-1.png","contentUrl":"https:\/\/www.analoggwerz.com\/wp-content\/uploads\/2025\/10\/000-LOGO-ANALOG-GWERZ-NOIR-1.png","width":800,"height":407,"caption":"Analog Gwerz"},"image":{"@id":"https:\/\/www.analoggwerz.com\/#\/schema\/logo\/image\/"},"sameAs":["https:\/\/www.instagram.com\/analog_gwerz\/","https:\/\/www.tiktok.com\/@analog_gwerz"]}]}},"jetpack_sharing_enabled":true,"_links":{"self":[{"href":"https:\/\/www.analoggwerz.com\/en\/wp-json\/wp\/v2\/product\/5467","targetHints":{"allow":["GET"]}}],"collection":[{"href":"https:\/\/www.analoggwerz.com\/en\/wp-json\/wp\/v2\/product"}],"about":[{"href":"https:\/\/www.analoggwerz.com\/en\/wp-json\/wp\/v2\/types\/product"}],"wp:featuredmedia":[{"embeddable":true,"href":"https:\/\/www.analoggwerz.com\/en\/wp-json\/wp\/v2\/media\/5466"}],"wp:attachment":[{"href":"https:\/\/www.analoggwerz.com\/en\/wp-json\/wp\/v2\/media?parent=5467"}],"wp:term":[{"taxonomy":"product_brand","embeddable":true,"href":"https:\/\/www.analoggwerz.com\/en\/wp-json\/wp\/v2\/product_brand?post=5467"},{"taxonomy":"product_cat","embeddable":true,"href":"https:\/\/www.analoggwerz.com\/en\/wp-json\/wp\/v2\/product_cat?post=5467"},{"taxonomy":"product_tag","embeddable":true,"href":"https:\/\/www.analoggwerz.com\/en\/wp-json\/wp\/v2\/product_tag?post=5467"}],"curies":[{"name":"wp","href":"https:\/\/api.w.org\/{rel}","templated":true}]}}