{"id":5407,"date":"2025-05-11T23:43:43","date_gmt":"2025-05-11T23:43:43","guid":{"rendered":"https:\/\/www.analoggwerz.com\/produit\/nikon-coolpix-3700\/"},"modified":"2025-10-31T21:55:12","modified_gmt":"2025-10-31T21:55:12","slug":"nikon-coolpix-3700","status":"publish","type":"product","link":"https:\/\/www.analoggwerz.com\/en\/product\/nikon-coolpix-3700\/","title":{"rendered":"Nikon Coolpix 3700"},"content":{"rendered":"<p><strong>N\u2019h\u00e9sitez pas \u00e0 vous abonner \u00e0 mon Instagram (@analog_gwerz) si vous aimez la photo et les appareils. C\u2019est plus simple pour discuter, et j\u2019y pr\u00e9sente les appareils en d\u00e9tail.<\/strong><\/p>\n<p><strong>Appareil photo num\u00e9rique compact Nikon Coolpix 3700<\/strong><\/p>\n<p><strong>Le Nikon Coolpix 3700 est un compact num\u00e9rique haut de gamme au design \u00e9l\u00e9gant en m\u00e9tal bross\u00e9. Dot\u00e9 d\u2019une optique Nikkor lumineuse et d\u2019un zoom 3x, il offre une excellente qualit\u00e9 d\u2019image pour un usage quotidien, dans un bo\u00eetier compact et robuste.<\/strong><\/p>\n<p><strong>Caract\u00e9ristiques :<\/strong><\/p>\n<p><strong>\u2022 Capteur 3,2 m\u00e9gapixels<\/strong><\/p>\n<p><strong>\u2022 Objectif Nikkor 38-114mm f\/2.8-4.9 (\u00e9quiv. 24&#215;36)<\/strong><\/p>\n<p><strong>\u2022 Zoom optique 3x<\/strong><\/p>\n<p><strong>\u2022 \u00c9cran LCD 1,5\u201d<\/strong><\/p>\n<p><strong>\u2022 Enregistrement vid\u00e9o avec son<\/strong><\/p>\n<p><strong>\u2022 Port carte SD<\/strong><\/p>\n<p><strong>\u2022 Interface USB, sortie vid\u00e9o, et nombreux modes sc\u00e8ne<\/strong><\/p>\n<p><strong>\u00c9tat : Tr\u00e8s bon \u00e9tat g\u00e9n\u00e9ral, test\u00e9 et 100 % fonctionnel. Quelques micro-traces d\u2019usage mais rien de notable. Bo\u00eetier propre, objectif net, \u00e9cran lisible.<\/strong><\/p>\n<p><strong>Livr\u00e9 avec :<\/strong><\/p>\n<p><strong>\u2022 Bo\u00eete d\u2019origine<\/strong><\/p>\n<p><strong>\u2022 Chargeur Nikon MH-61<\/strong><\/p>\n<p><strong>\u2022 C\u00e2bles AV &amp; USB<\/strong><\/p>\n<p><strong>\u2022 CD logiciels<\/strong><\/p>\n<p><strong>\u2022 Batterie fournie<\/strong><\/p>\n<p><strong>Photos contractuelles \u2014 elles montrent le v\u00e9ritable \u00e9tat de l\u2019appareil.<\/strong><\/p>\n<p><strong>Tous les produits que je propose sont test\u00e9s et fonctionnels.<\/strong><\/p>","protected":false},"excerpt":{"rendered":"<p>N\u2019h\u00e9sitez pas \u00e0 vous abonner \u00e0 mon Instagram (@analog_gwerz) si vous aimez la photo et les appareils. C\u2019est plus simple pour discuter, et j\u2019y pr\u00e9sente les appareils en d\u00e9tail. Appareil photo num\u00e9rique compact Nikon Coolpix 3700 Le Nikon Coolpix 3700 est un compact num\u00e9rique haut de gamme au design \u00e9l\u00e9gant en m\u00e9tal bross\u00e9. Dot\u00e9 d\u2019une [&hellip;]<\/p>\n","protected":false},"featured_media":5405,"template":"","meta":[],"product_brand":[],"product_cat":[118,114,28],"product_tag":[],"class_list":{"0":"post-5407","1":"product","2":"type-product","3":"status-publish","4":"has-post-thumbnail","6":"product_cat-appareils-photo","7":"product_cat-appareils-photo-numeriques","8":"product_cat-appareils-photos-compacts-numeriques","9":"pa_marque-nikon","11":"first","12":"outofstock","13":"purchasable","14":"product-type-simple"},"yoast_head":"<!-- This site is optimized with the Yoast SEO plugin v27.5 - https:\/\/yoast.com\/product\/yoast-seo-wordpress\/ -->\n<title>Nikon Coolpix 3700 est disponible sur la boutique !<\/title>\n<meta name=\"description\" content=\"Cliquez ici pour d\u00e9couvrir Nikon Coolpix 3700 sur la boutique.\" \/>\n<meta name=\"robots\" content=\"index, follow, max-snippet:-1, max-image-preview:large, max-video-preview:-1\" \/>\n<link rel=\"canonical\" href=\"https:\/\/www.analoggwerz.com\/en\/product\/nikon-coolpix-3700\/\" \/>\n<meta property=\"og:locale\" content=\"en_US\" \/>\n<meta property=\"og:type\" content=\"article\" \/>\n<meta property=\"og:title\" content=\"Nikon Coolpix 3700 est disponible sur la boutique !\" \/>\n<meta property=\"og:description\" content=\"Cliquez ici pour d\u00e9couvrir Nikon Coolpix 3700 sur la boutique.\" \/>\n<meta property=\"og:url\" content=\"https:\/\/www.analoggwerz.com\/en\/product\/nikon-coolpix-3700\/\" \/>\n<meta property=\"og:site_name\" content=\"Analog Gwerz\" \/>\n<meta property=\"article:modified_time\" content=\"2025-10-31T21:55:12+00:00\" \/>\n<meta property=\"og:image\" content=\"https:\/\/www.analoggwerz.com\/wp-content\/uploads\/2025\/05\/img_7237-scaled.jpeg\" \/>\n\t<meta property=\"og:image:width\" content=\"2560\" \/>\n\t<meta property=\"og:image:height\" content=\"1920\" \/>\n\t<meta property=\"og:image:type\" content=\"image\/jpeg\" \/>\n<meta name=\"twitter:card\" content=\"summary_large_image\" \/>\n<meta name=\"twitter:label1\" content=\"Est. reading time\" \/>\n\t<meta name=\"twitter:data1\" content=\"1 minute\" \/>\n<script type=\"application\/ld+json\" class=\"yoast-schema-graph\">{\"@context\":\"https:\\\/\\\/schema.org\",\"@graph\":[{\"@type\":\"WebPage\",\"@id\":\"https:\\\/\\\/www.analoggwerz.com\\\/produit\\\/nikon-coolpix-3700\\\/\",\"url\":\"https:\\\/\\\/www.analoggwerz.com\\\/produit\\\/nikon-coolpix-3700\\\/\",\"name\":\"Nikon Coolpix 3700 est disponible sur la boutique !\",\"isPartOf\":{\"@id\":\"https:\\\/\\\/www.analoggwerz.com\\\/#website\"},\"primaryImageOfPage\":{\"@id\":\"https:\\\/\\\/www.analoggwerz.com\\\/produit\\\/nikon-coolpix-3700\\\/#primaryimage\"},\"image\":{\"@id\":\"https:\\\/\\\/www.analoggwerz.com\\\/produit\\\/nikon-coolpix-3700\\\/#primaryimage\"},\"thumbnailUrl\":\"https:\\\/\\\/www.analoggwerz.com\\\/wp-content\\\/uploads\\\/2025\\\/05\\\/img_7237-scaled.jpeg\",\"datePublished\":\"2025-05-11T23:43:43+00:00\",\"dateModified\":\"2025-10-31T21:55:12+00:00\",\"description\":\"Cliquez ici pour d\u00e9couvrir Nikon Coolpix 3700 sur la boutique.\",\"breadcrumb\":{\"@id\":\"https:\\\/\\\/www.analoggwerz.com\\\/produit\\\/nikon-coolpix-3700\\\/#breadcrumb\"},\"inLanguage\":\"en-US\",\"potentialAction\":[{\"@type\":\"ReadAction\",\"target\":[\"https:\\\/\\\/www.analoggwerz.com\\\/produit\\\/nikon-coolpix-3700\\\/\"]}]},{\"@type\":\"ImageObject\",\"inLanguage\":\"en-US\",\"@id\":\"https:\\\/\\\/www.analoggwerz.com\\\/produit\\\/nikon-coolpix-3700\\\/#primaryimage\",\"url\":\"https:\\\/\\\/www.analoggwerz.com\\\/wp-content\\\/uploads\\\/2025\\\/05\\\/img_7237-scaled.jpeg\",\"contentUrl\":\"https:\\\/\\\/www.analoggwerz.com\\\/wp-content\\\/uploads\\\/2025\\\/05\\\/img_7237-scaled.jpeg\",\"width\":2560,\"height\":1920},{\"@type\":\"BreadcrumbList\",\"@id\":\"https:\\\/\\\/www.analoggwerz.com\\\/produit\\\/nikon-coolpix-3700\\\/#breadcrumb\",\"itemListElement\":[{\"@type\":\"ListItem\",\"position\":1,\"name\":\"Accueil\",\"item\":\"https:\\\/\\\/www.analoggwerz.com\\\/\"},{\"@type\":\"ListItem\",\"position\":2,\"name\":\"Boutique\",\"item\":\"https:\\\/\\\/www.analoggwerz.com\\\/shop\\\/\"},{\"@type\":\"ListItem\",\"position\":3,\"name\":\"Nikon Coolpix 3700\"}]},{\"@type\":\"WebSite\",\"@id\":\"https:\\\/\\\/www.analoggwerz.com\\\/#website\",\"url\":\"https:\\\/\\\/www.analoggwerz.com\\\/\",\"name\":\"Analog Gwerz\",\"description\":\"Pas besoin de neuf pour capturer l&#039;instant !\",\"publisher\":{\"@id\":\"https:\\\/\\\/www.analoggwerz.com\\\/#organization\"},\"potentialAction\":[{\"@type\":\"SearchAction\",\"target\":{\"@type\":\"EntryPoint\",\"urlTemplate\":\"https:\\\/\\\/www.analoggwerz.com\\\/?s={search_term_string}\"},\"query-input\":{\"@type\":\"PropertyValueSpecification\",\"valueRequired\":true,\"valueName\":\"search_term_string\"}}],\"inLanguage\":\"en-US\"},{\"@type\":\"Organization\",\"@id\":\"https:\\\/\\\/www.analoggwerz.com\\\/#organization\",\"name\":\"Analog Gwerz\",\"url\":\"https:\\\/\\\/www.analoggwerz.com\\\/\",\"logo\":{\"@type\":\"ImageObject\",\"inLanguage\":\"en-US\",\"@id\":\"https:\\\/\\\/www.analoggwerz.com\\\/#\\\/schema\\\/logo\\\/image\\\/\",\"url\":\"https:\\\/\\\/www.analoggwerz.com\\\/wp-content\\\/uploads\\\/2025\\\/10\\\/000-LOGO-ANALOG-GWERZ-NOIR-1.png\",\"contentUrl\":\"https:\\\/\\\/www.analoggwerz.com\\\/wp-content\\\/uploads\\\/2025\\\/10\\\/000-LOGO-ANALOG-GWERZ-NOIR-1.png\",\"width\":800,\"height\":407,\"caption\":\"Analog Gwerz\"},\"image\":{\"@id\":\"https:\\\/\\\/www.analoggwerz.com\\\/#\\\/schema\\\/logo\\\/image\\\/\"},\"sameAs\":[\"https:\\\/\\\/www.instagram.com\\\/analog_gwerz\\\/\",\"https:\\\/\\\/www.tiktok.com\\\/@analog_gwerz\"]}]}<\/script>\n<!-- \/ Yoast SEO plugin. -->","yoast_head_json":{"title":"Nikon Coolpix 3700 est disponible sur la boutique !","description":"Cliquez ici pour d\u00e9couvrir Nikon Coolpix 3700 sur la boutique.","robots":{"index":"index","follow":"follow","max-snippet":"max-snippet:-1","max-image-preview":"max-image-preview:large","max-video-preview":"max-video-preview:-1"},"canonical":"https:\/\/www.analoggwerz.com\/en\/product\/nikon-coolpix-3700\/","og_locale":"en_US","og_type":"article","og_title":"Nikon Coolpix 3700 est disponible sur la boutique !","og_description":"Cliquez ici pour d\u00e9couvrir Nikon Coolpix 3700 sur la boutique.","og_url":"https:\/\/www.analoggwerz.com\/en\/product\/nikon-coolpix-3700\/","og_site_name":"Analog Gwerz","article_modified_time":"2025-10-31T21:55:12+00:00","og_image":[{"width":2560,"height":1920,"url":"https:\/\/www.analoggwerz.com\/wp-content\/uploads\/2025\/05\/img_7237-scaled.jpeg","type":"image\/jpeg"}],"twitter_card":"summary_large_image","twitter_misc":{"Est. reading time":"1 minute"},"schema":{"@context":"https:\/\/schema.org","@graph":[{"@type":"WebPage","@id":"https:\/\/www.analoggwerz.com\/produit\/nikon-coolpix-3700\/","url":"https:\/\/www.analoggwerz.com\/produit\/nikon-coolpix-3700\/","name":"Nikon Coolpix 3700 est disponible sur la boutique !","isPartOf":{"@id":"https:\/\/www.analoggwerz.com\/#website"},"primaryImageOfPage":{"@id":"https:\/\/www.analoggwerz.com\/produit\/nikon-coolpix-3700\/#primaryimage"},"image":{"@id":"https:\/\/www.analoggwerz.com\/produit\/nikon-coolpix-3700\/#primaryimage"},"thumbnailUrl":"https:\/\/www.analoggwerz.com\/wp-content\/uploads\/2025\/05\/img_7237-scaled.jpeg","datePublished":"2025-05-11T23:43:43+00:00","dateModified":"2025-10-31T21:55:12+00:00","description":"Cliquez ici pour d\u00e9couvrir Nikon Coolpix 3700 sur la boutique.","breadcrumb":{"@id":"https:\/\/www.analoggwerz.com\/produit\/nikon-coolpix-3700\/#breadcrumb"},"inLanguage":"en-US","potentialAction":[{"@type":"ReadAction","target":["https:\/\/www.analoggwerz.com\/produit\/nikon-coolpix-3700\/"]}]},{"@type":"ImageObject","inLanguage":"en-US","@id":"https:\/\/www.analoggwerz.com\/produit\/nikon-coolpix-3700\/#primaryimage","url":"https:\/\/www.analoggwerz.com\/wp-content\/uploads\/2025\/05\/img_7237-scaled.jpeg","contentUrl":"https:\/\/www.analoggwerz.com\/wp-content\/uploads\/2025\/05\/img_7237-scaled.jpeg","width":2560,"height":1920},{"@type":"BreadcrumbList","@id":"https:\/\/www.analoggwerz.com\/produit\/nikon-coolpix-3700\/#breadcrumb","itemListElement":[{"@type":"ListItem","position":1,"name":"Accueil","item":"https:\/\/www.analoggwerz.com\/"},{"@type":"ListItem","position":2,"name":"Boutique","item":"https:\/\/www.analoggwerz.com\/shop\/"},{"@type":"ListItem","position":3,"name":"Nikon Coolpix 3700"}]},{"@type":"WebSite","@id":"https:\/\/www.analoggwerz.com\/#website","url":"https:\/\/www.analoggwerz.com\/","name":"Analog Gwerz","description":"Pas besoin de neuf pour capturer l&#039;instant !","publisher":{"@id":"https:\/\/www.analoggwerz.com\/#organization"},"potentialAction":[{"@type":"SearchAction","target":{"@type":"EntryPoint","urlTemplate":"https:\/\/www.analoggwerz.com\/?s={search_term_string}"},"query-input":{"@type":"PropertyValueSpecification","valueRequired":true,"valueName":"search_term_string"}}],"inLanguage":"en-US"},{"@type":"Organization","@id":"https:\/\/www.analoggwerz.com\/#organization","name":"Analog Gwerz","url":"https:\/\/www.analoggwerz.com\/","logo":{"@type":"ImageObject","inLanguage":"en-US","@id":"https:\/\/www.analoggwerz.com\/#\/schema\/logo\/image\/","url":"https:\/\/www.analoggwerz.com\/wp-content\/uploads\/2025\/10\/000-LOGO-ANALOG-GWERZ-NOIR-1.png","contentUrl":"https:\/\/www.analoggwerz.com\/wp-content\/uploads\/2025\/10\/000-LOGO-ANALOG-GWERZ-NOIR-1.png","width":800,"height":407,"caption":"Analog Gwerz"},"image":{"@id":"https:\/\/www.analoggwerz.com\/#\/schema\/logo\/image\/"},"sameAs":["https:\/\/www.instagram.com\/analog_gwerz\/","https:\/\/www.tiktok.com\/@analog_gwerz"]}]}},"jetpack_sharing_enabled":true,"_links":{"self":[{"href":"https:\/\/www.analoggwerz.com\/en\/wp-json\/wp\/v2\/product\/5407","targetHints":{"allow":["GET"]}}],"collection":[{"href":"https:\/\/www.analoggwerz.com\/en\/wp-json\/wp\/v2\/product"}],"about":[{"href":"https:\/\/www.analoggwerz.com\/en\/wp-json\/wp\/v2\/types\/product"}],"wp:featuredmedia":[{"embeddable":true,"href":"https:\/\/www.analoggwerz.com\/en\/wp-json\/wp\/v2\/media\/5405"}],"wp:attachment":[{"href":"https:\/\/www.analoggwerz.com\/en\/wp-json\/wp\/v2\/media?parent=5407"}],"wp:term":[{"taxonomy":"product_brand","embeddable":true,"href":"https:\/\/www.analoggwerz.com\/en\/wp-json\/wp\/v2\/product_brand?post=5407"},{"taxonomy":"product_cat","embeddable":true,"href":"https:\/\/www.analoggwerz.com\/en\/wp-json\/wp\/v2\/product_cat?post=5407"},{"taxonomy":"product_tag","embeddable":true,"href":"https:\/\/www.analoggwerz.com\/en\/wp-json\/wp\/v2\/product_tag?post=5407"}],"curies":[{"name":"wp","href":"https:\/\/api.w.org\/{rel}","templated":true}]}}