{"id":5253,"date":"2025-05-11T20:07:40","date_gmt":"2025-05-11T20:07:40","guid":{"rendered":"https:\/\/www.analoggwerz.com\/produit\/sacoche-lowepro-pour-appareil-photo-2\/"},"modified":"2026-04-12T12:39:31","modified_gmt":"2026-04-12T12:39:31","slug":"sacoche-lowepro-pour-appareil-photo-2","status":"publish","type":"product","link":"https:\/\/www.analoggwerz.com\/en\/product\/sacoche-lowepro-pour-appareil-photo-2\/","title":{"rendered":"Sacoche Lowepro pour appareil photo &#8211; Vert"},"content":{"rendered":"<p>N\u2019h\u00e9sitez pas \u00e0 vous abonner \u00e0 mon Instagram (@analog_gwerz) si vous aimez la photo et les appareils. J\u2019y pr\u00e9sente des mod\u00e8les et parle de photo.<\/p>\n<p>Sacoche photo Lowepro verte \u2014 compacte, robuste, vintage<\/p>\n<p>Cette sacoche Lowepro au look vintage offre une excellente protection pour vos appareils photo compacts ou argentiques. Sa finition en toile verte \u00e9paisse, son int\u00e9rieur rembourr\u00e9 et son rabat \u00e0 scratch assurent un rangement s\u00fbr et rapide. Elle convient parfaitement aux petits bo\u00eetiers compacts et certains mod\u00e8les argentiques peu volumineux.<\/p>\n<p>Caract\u00e9ristiques principales :<\/p>\n<p>\u2022 Coloris vert et noir<\/p>\n<p>\u2022 Int\u00e9rieur rembourr\u00e9<\/p>\n<p>\u2022 Fermeture par rabat \u00e0 scratch<\/p>\n<p>\u2022 Sangle r\u00e9glable fournie<\/p>\n<p>\u2022 Passant ceinture \u00e0 l\u2019arri\u00e8re<\/p>\n<p>\u2022 Dimensions int\u00e9rieures approx. : 13 x 8 x 4 cm<\/p>\n<p>\u00c9tat : tr\u00e8s bon \u00e9tat g\u00e9n\u00e9ral, propre et fonctionnel.<\/p>\n<p>Photos contractuelles : l\u2019article que vous voyez est celui que vous achetez.<\/p>","protected":false},"excerpt":{"rendered":"<p>N\u2019h\u00e9sitez pas \u00e0 vous abonner \u00e0 mon Instagram (@analog_gwerz) si vous aimez la photo et les appareils. J\u2019y pr\u00e9sente des mod\u00e8les et parle de photo. Sacoche photo Lowepro verte \u2014 compacte, robuste, vintage Cette sacoche Lowepro au look vintage offre une excellente protection pour vos appareils photo compacts ou argentiques. Sa finition en toile verte [&hellip;]<\/p>\n","protected":false},"featured_media":5252,"template":"","meta":[],"product_brand":[],"product_cat":[55,143,144],"product_tag":[],"class_list":{"0":"post-5253","1":"product","2":"type-product","3":"status-publish","4":"has-post-thumbnail","6":"product_cat-accessoires","7":"product_cat-etuis-et-sacoches","8":"product_cat-etuis-pour-compact-argentique","9":"pa_couleur-vert","10":"pa_marque-lowepro","12":"first","13":"instock","14":"purchasable","15":"product-type-simple"},"yoast_head":"<!-- This site is optimized with the Yoast SEO plugin v27.5 - https:\/\/yoast.com\/product\/yoast-seo-wordpress\/ -->\n<title>Sacoche Lowepro pour appareil photo - Vert est disponible sur la boutique !<\/title>\n<meta name=\"description\" content=\"Cliquez ici pour d\u00e9couvrir Sacoche Lowepro pour appareil photo - Vert sur la boutique.\" \/>\n<meta name=\"robots\" content=\"index, follow, max-snippet:-1, max-image-preview:large, max-video-preview:-1\" \/>\n<link rel=\"canonical\" href=\"https:\/\/www.analoggwerz.com\/en\/product\/sacoche-lowepro-pour-appareil-photo-2\/\" \/>\n<meta property=\"og:locale\" content=\"en_US\" \/>\n<meta property=\"og:type\" content=\"article\" \/>\n<meta property=\"og:title\" content=\"Sacoche Lowepro pour appareil photo - Vert est disponible sur la boutique !\" \/>\n<meta property=\"og:description\" content=\"Cliquez ici pour d\u00e9couvrir Sacoche Lowepro pour appareil photo - Vert sur la boutique.\" \/>\n<meta property=\"og:url\" content=\"https:\/\/www.analoggwerz.com\/en\/product\/sacoche-lowepro-pour-appareil-photo-2\/\" \/>\n<meta property=\"og:site_name\" content=\"Analog Gwerz\" \/>\n<meta property=\"article:modified_time\" content=\"2026-04-12T12:39:31+00:00\" \/>\n<meta property=\"og:image\" content=\"https:\/\/www.analoggwerz.com\/wp-content\/uploads\/2025\/05\/img_7999-scaled.jpeg\" \/>\n\t<meta property=\"og:image:width\" content=\"2560\" \/>\n\t<meta property=\"og:image:height\" content=\"1920\" \/>\n\t<meta property=\"og:image:type\" content=\"image\/jpeg\" \/>\n<meta name=\"twitter:card\" content=\"summary_large_image\" \/>\n<meta name=\"twitter:label1\" content=\"Est. reading time\" \/>\n\t<meta name=\"twitter:data1\" content=\"1 minute\" \/>\n<script type=\"application\/ld+json\" class=\"yoast-schema-graph\">{\"@context\":\"https:\\\/\\\/schema.org\",\"@graph\":[{\"@type\":\"WebPage\",\"@id\":\"https:\\\/\\\/www.analoggwerz.com\\\/produit\\\/sacoche-lowepro-pour-appareil-photo-2\\\/\",\"url\":\"https:\\\/\\\/www.analoggwerz.com\\\/produit\\\/sacoche-lowepro-pour-appareil-photo-2\\\/\",\"name\":\"Sacoche Lowepro pour appareil photo - Vert est disponible sur la boutique !\",\"isPartOf\":{\"@id\":\"https:\\\/\\\/www.analoggwerz.com\\\/#website\"},\"primaryImageOfPage\":{\"@id\":\"https:\\\/\\\/www.analoggwerz.com\\\/produit\\\/sacoche-lowepro-pour-appareil-photo-2\\\/#primaryimage\"},\"image\":{\"@id\":\"https:\\\/\\\/www.analoggwerz.com\\\/produit\\\/sacoche-lowepro-pour-appareil-photo-2\\\/#primaryimage\"},\"thumbnailUrl\":\"https:\\\/\\\/www.analoggwerz.com\\\/wp-content\\\/uploads\\\/2025\\\/05\\\/img_7999-scaled.jpeg\",\"datePublished\":\"2025-05-11T20:07:40+00:00\",\"dateModified\":\"2026-04-12T12:39:31+00:00\",\"description\":\"Cliquez ici pour d\u00e9couvrir Sacoche Lowepro pour appareil photo - Vert sur la boutique.\",\"breadcrumb\":{\"@id\":\"https:\\\/\\\/www.analoggwerz.com\\\/produit\\\/sacoche-lowepro-pour-appareil-photo-2\\\/#breadcrumb\"},\"inLanguage\":\"en-US\",\"potentialAction\":[{\"@type\":\"ReadAction\",\"target\":[\"https:\\\/\\\/www.analoggwerz.com\\\/produit\\\/sacoche-lowepro-pour-appareil-photo-2\\\/\"]}]},{\"@type\":\"ImageObject\",\"inLanguage\":\"en-US\",\"@id\":\"https:\\\/\\\/www.analoggwerz.com\\\/produit\\\/sacoche-lowepro-pour-appareil-photo-2\\\/#primaryimage\",\"url\":\"https:\\\/\\\/www.analoggwerz.com\\\/wp-content\\\/uploads\\\/2025\\\/05\\\/img_7999-scaled.jpeg\",\"contentUrl\":\"https:\\\/\\\/www.analoggwerz.com\\\/wp-content\\\/uploads\\\/2025\\\/05\\\/img_7999-scaled.jpeg\",\"width\":2560,\"height\":1920},{\"@type\":\"BreadcrumbList\",\"@id\":\"https:\\\/\\\/www.analoggwerz.com\\\/produit\\\/sacoche-lowepro-pour-appareil-photo-2\\\/#breadcrumb\",\"itemListElement\":[{\"@type\":\"ListItem\",\"position\":1,\"name\":\"Accueil\",\"item\":\"https:\\\/\\\/www.analoggwerz.com\\\/\"},{\"@type\":\"ListItem\",\"position\":2,\"name\":\"Boutique\",\"item\":\"https:\\\/\\\/www.analoggwerz.com\\\/shop\\\/\"},{\"@type\":\"ListItem\",\"position\":3,\"name\":\"Sacoche Lowepro pour appareil photo &#8211; Vert\"}]},{\"@type\":\"WebSite\",\"@id\":\"https:\\\/\\\/www.analoggwerz.com\\\/#website\",\"url\":\"https:\\\/\\\/www.analoggwerz.com\\\/\",\"name\":\"Analog Gwerz\",\"description\":\"Pas besoin de neuf pour capturer l&#039;instant !\",\"publisher\":{\"@id\":\"https:\\\/\\\/www.analoggwerz.com\\\/#organization\"},\"potentialAction\":[{\"@type\":\"SearchAction\",\"target\":{\"@type\":\"EntryPoint\",\"urlTemplate\":\"https:\\\/\\\/www.analoggwerz.com\\\/?s={search_term_string}\"},\"query-input\":{\"@type\":\"PropertyValueSpecification\",\"valueRequired\":true,\"valueName\":\"search_term_string\"}}],\"inLanguage\":\"en-US\"},{\"@type\":\"Organization\",\"@id\":\"https:\\\/\\\/www.analoggwerz.com\\\/#organization\",\"name\":\"Analog Gwerz\",\"url\":\"https:\\\/\\\/www.analoggwerz.com\\\/\",\"logo\":{\"@type\":\"ImageObject\",\"inLanguage\":\"en-US\",\"@id\":\"https:\\\/\\\/www.analoggwerz.com\\\/#\\\/schema\\\/logo\\\/image\\\/\",\"url\":\"https:\\\/\\\/www.analoggwerz.com\\\/wp-content\\\/uploads\\\/2025\\\/10\\\/000-LOGO-ANALOG-GWERZ-NOIR-1.png\",\"contentUrl\":\"https:\\\/\\\/www.analoggwerz.com\\\/wp-content\\\/uploads\\\/2025\\\/10\\\/000-LOGO-ANALOG-GWERZ-NOIR-1.png\",\"width\":800,\"height\":407,\"caption\":\"Analog Gwerz\"},\"image\":{\"@id\":\"https:\\\/\\\/www.analoggwerz.com\\\/#\\\/schema\\\/logo\\\/image\\\/\"},\"sameAs\":[\"https:\\\/\\\/www.instagram.com\\\/analog_gwerz\\\/\",\"https:\\\/\\\/www.tiktok.com\\\/@analog_gwerz\"]}]}<\/script>\n<!-- \/ Yoast SEO plugin. -->","yoast_head_json":{"title":"Sacoche Lowepro pour appareil photo - Vert est disponible sur la boutique !","description":"Cliquez ici pour d\u00e9couvrir Sacoche Lowepro pour appareil photo - Vert sur la boutique.","robots":{"index":"index","follow":"follow","max-snippet":"max-snippet:-1","max-image-preview":"max-image-preview:large","max-video-preview":"max-video-preview:-1"},"canonical":"https:\/\/www.analoggwerz.com\/en\/product\/sacoche-lowepro-pour-appareil-photo-2\/","og_locale":"en_US","og_type":"article","og_title":"Sacoche Lowepro pour appareil photo - Vert est disponible sur la boutique !","og_description":"Cliquez ici pour d\u00e9couvrir Sacoche Lowepro pour appareil photo - Vert sur la boutique.","og_url":"https:\/\/www.analoggwerz.com\/en\/product\/sacoche-lowepro-pour-appareil-photo-2\/","og_site_name":"Analog Gwerz","article_modified_time":"2026-04-12T12:39:31+00:00","og_image":[{"width":2560,"height":1920,"url":"https:\/\/www.analoggwerz.com\/wp-content\/uploads\/2025\/05\/img_7999-scaled.jpeg","type":"image\/jpeg"}],"twitter_card":"summary_large_image","twitter_misc":{"Est. reading time":"1 minute"},"schema":{"@context":"https:\/\/schema.org","@graph":[{"@type":"WebPage","@id":"https:\/\/www.analoggwerz.com\/produit\/sacoche-lowepro-pour-appareil-photo-2\/","url":"https:\/\/www.analoggwerz.com\/produit\/sacoche-lowepro-pour-appareil-photo-2\/","name":"Sacoche Lowepro pour appareil photo - Vert est disponible sur la boutique !","isPartOf":{"@id":"https:\/\/www.analoggwerz.com\/#website"},"primaryImageOfPage":{"@id":"https:\/\/www.analoggwerz.com\/produit\/sacoche-lowepro-pour-appareil-photo-2\/#primaryimage"},"image":{"@id":"https:\/\/www.analoggwerz.com\/produit\/sacoche-lowepro-pour-appareil-photo-2\/#primaryimage"},"thumbnailUrl":"https:\/\/www.analoggwerz.com\/wp-content\/uploads\/2025\/05\/img_7999-scaled.jpeg","datePublished":"2025-05-11T20:07:40+00:00","dateModified":"2026-04-12T12:39:31+00:00","description":"Cliquez ici pour d\u00e9couvrir Sacoche Lowepro pour appareil photo - Vert sur la boutique.","breadcrumb":{"@id":"https:\/\/www.analoggwerz.com\/produit\/sacoche-lowepro-pour-appareil-photo-2\/#breadcrumb"},"inLanguage":"en-US","potentialAction":[{"@type":"ReadAction","target":["https:\/\/www.analoggwerz.com\/produit\/sacoche-lowepro-pour-appareil-photo-2\/"]}]},{"@type":"ImageObject","inLanguage":"en-US","@id":"https:\/\/www.analoggwerz.com\/produit\/sacoche-lowepro-pour-appareil-photo-2\/#primaryimage","url":"https:\/\/www.analoggwerz.com\/wp-content\/uploads\/2025\/05\/img_7999-scaled.jpeg","contentUrl":"https:\/\/www.analoggwerz.com\/wp-content\/uploads\/2025\/05\/img_7999-scaled.jpeg","width":2560,"height":1920},{"@type":"BreadcrumbList","@id":"https:\/\/www.analoggwerz.com\/produit\/sacoche-lowepro-pour-appareil-photo-2\/#breadcrumb","itemListElement":[{"@type":"ListItem","position":1,"name":"Accueil","item":"https:\/\/www.analoggwerz.com\/"},{"@type":"ListItem","position":2,"name":"Boutique","item":"https:\/\/www.analoggwerz.com\/shop\/"},{"@type":"ListItem","position":3,"name":"Sacoche Lowepro pour appareil photo &#8211; Vert"}]},{"@type":"WebSite","@id":"https:\/\/www.analoggwerz.com\/#website","url":"https:\/\/www.analoggwerz.com\/","name":"Analog Gwerz","description":"Pas besoin de neuf pour capturer l&#039;instant !","publisher":{"@id":"https:\/\/www.analoggwerz.com\/#organization"},"potentialAction":[{"@type":"SearchAction","target":{"@type":"EntryPoint","urlTemplate":"https:\/\/www.analoggwerz.com\/?s={search_term_string}"},"query-input":{"@type":"PropertyValueSpecification","valueRequired":true,"valueName":"search_term_string"}}],"inLanguage":"en-US"},{"@type":"Organization","@id":"https:\/\/www.analoggwerz.com\/#organization","name":"Analog Gwerz","url":"https:\/\/www.analoggwerz.com\/","logo":{"@type":"ImageObject","inLanguage":"en-US","@id":"https:\/\/www.analoggwerz.com\/#\/schema\/logo\/image\/","url":"https:\/\/www.analoggwerz.com\/wp-content\/uploads\/2025\/10\/000-LOGO-ANALOG-GWERZ-NOIR-1.png","contentUrl":"https:\/\/www.analoggwerz.com\/wp-content\/uploads\/2025\/10\/000-LOGO-ANALOG-GWERZ-NOIR-1.png","width":800,"height":407,"caption":"Analog Gwerz"},"image":{"@id":"https:\/\/www.analoggwerz.com\/#\/schema\/logo\/image\/"},"sameAs":["https:\/\/www.instagram.com\/analog_gwerz\/","https:\/\/www.tiktok.com\/@analog_gwerz"]}]}},"jetpack_sharing_enabled":true,"_links":{"self":[{"href":"https:\/\/www.analoggwerz.com\/en\/wp-json\/wp\/v2\/product\/5253","targetHints":{"allow":["GET"]}}],"collection":[{"href":"https:\/\/www.analoggwerz.com\/en\/wp-json\/wp\/v2\/product"}],"about":[{"href":"https:\/\/www.analoggwerz.com\/en\/wp-json\/wp\/v2\/types\/product"}],"wp:featuredmedia":[{"embeddable":true,"href":"https:\/\/www.analoggwerz.com\/en\/wp-json\/wp\/v2\/media\/5252"}],"wp:attachment":[{"href":"https:\/\/www.analoggwerz.com\/en\/wp-json\/wp\/v2\/media?parent=5253"}],"wp:term":[{"taxonomy":"product_brand","embeddable":true,"href":"https:\/\/www.analoggwerz.com\/en\/wp-json\/wp\/v2\/product_brand?post=5253"},{"taxonomy":"product_cat","embeddable":true,"href":"https:\/\/www.analoggwerz.com\/en\/wp-json\/wp\/v2\/product_cat?post=5253"},{"taxonomy":"product_tag","embeddable":true,"href":"https:\/\/www.analoggwerz.com\/en\/wp-json\/wp\/v2\/product_tag?post=5253"}],"curies":[{"name":"wp","href":"https:\/\/api.w.org\/{rel}","templated":true}]}}