{"id":4986,"date":"2025-05-10T00:22:19","date_gmt":"2025-05-10T00:22:19","guid":{"rendered":"https:\/\/www.analoggwerz.com\/produit\/samsung-vp-d361\/"},"modified":"2026-03-27T12:46:34","modified_gmt":"2026-03-27T12:46:34","slug":"samsung-vp-d361","status":"publish","type":"product","link":"https:\/\/www.analoggwerz.com\/en\/product\/samsung-vp-d361\/","title":{"rendered":"Samsung VP D361 &#8211; Gris"},"content":{"rendered":"<p>N\u2019h\u00e9sitez pas \u00e0 vous abonner \u00e0 mon Instagram (@analog_gwerz) si vous aimez la photo et les appareils. Je pr\u00e9sente plein de mod\u00e8les et c\u2019est plus simple pour \u00e9changer.<\/p>\n<p>Samsung VP-D361 \u2013 Cam\u00e9scope MiniDV compact \u2013 Zoom optique 33x \u2013 Stabilisation DIS \u2013 Mode photo<\/p>\n<p>Le Samsung VP-D361 est un cam\u00e9scope MiniDV compact et pratique, parfait pour red\u00e9couvrir le charme de la vid\u00e9o sur cassette. Il propose un zoom optique 33x, une stabilisation num\u00e9rique de l\u2019image (DIS) et m\u00eame un mode photo. Facile \u00e0 prendre en main, il est id\u00e9al pour d\u00e9buter ou compl\u00e9ter une collection.<\/p>\n<p>Cam\u00e9scope MiniDV avec zoom optique 33x (num\u00e9rique 1200x)<\/p>\n<p>Stabilisation DIS (Digital Image Stabilizer)<\/p>\n<p>\u00c9cran LCD orientable<\/p>\n<p>Fonction photo int\u00e9gr\u00e9e<\/p>\n<p>Nombreux modes automatiques (Easy Q, Color Nite, etc.)<\/p>\n<p>Entr\u00e9es\/sorties audio\/vid\u00e9o analogiques<\/p>\n<p>Compatible PC via port DV (FireWire)<\/p>\n<p>\u00c9tat : tr\u00e8s bon \u00e9tat g\u00e9n\u00e9ral. Quelques traces d\u2019usage, mais rien qui n\u2019entrave son fonctionnement. Cassette MiniDV non fournie. Test\u00e9 : fonctionne parfaitement (lecture, enregistrement, zoom, menu, \u00e9cran LCD, etc.).<\/p>\n<p>Accessoires inclus : chargeur secteur d\u2019origine.<\/p>\n<p>Photos contractuelles \u2013 ce que vous voyez est ce que vous recevrez.<\/p>\n<p>Tous mes appareils sont test\u00e9s et fonctionnels.<\/p>","protected":false},"excerpt":{"rendered":"<p>N\u2019h\u00e9sitez pas \u00e0 vous abonner \u00e0 mon Instagram (@analog_gwerz) si vous aimez la photo et les appareils. Je pr\u00e9sente plein de mod\u00e8les et c\u2019est plus simple pour \u00e9changer. Samsung VP-D361 \u2013 Cam\u00e9scope MiniDV compact \u2013 Zoom optique 33x \u2013 Stabilisation DIS \u2013 Mode photo Le Samsung VP-D361 est un cam\u00e9scope MiniDV compact et pratique, parfait [&hellip;]<\/p>\n","protected":false},"featured_media":4984,"template":"","meta":[],"product_brand":[],"product_cat":[32,124,131],"product_tag":[],"class_list":{"0":"post-4986","1":"product","2":"type-product","3":"status-publish","4":"has-post-thumbnail","6":"product_cat-camescopes","7":"product_cat-camescopes-analogiques","8":"product_cat-camescopes-mini-dv","9":"pa_couleur-gris","10":"pa_marque-samsung","12":"first","13":"outofstock","14":"sale","15":"purchasable","16":"product-type-simple"},"yoast_head":"<!-- This site is optimized with the Yoast SEO plugin v27.5 - https:\/\/yoast.com\/product\/yoast-seo-wordpress\/ -->\n<title>Samsung VP D361 - Gris est disponible sur la boutique !<\/title>\n<meta name=\"description\" content=\"Cliquez ici pour d\u00e9couvrir Samsung VP D361 - Gris sur la boutique.\" \/>\n<meta name=\"robots\" content=\"index, follow, max-snippet:-1, max-image-preview:large, max-video-preview:-1\" \/>\n<link rel=\"canonical\" href=\"https:\/\/www.analoggwerz.com\/en\/product\/samsung-vp-d361\/\" \/>\n<meta property=\"og:locale\" content=\"en_US\" \/>\n<meta property=\"og:type\" content=\"article\" \/>\n<meta property=\"og:title\" content=\"Samsung VP D361 - Gris est disponible sur la boutique !\" \/>\n<meta property=\"og:description\" content=\"Cliquez ici pour d\u00e9couvrir Samsung VP D361 - Gris sur la boutique.\" \/>\n<meta property=\"og:url\" content=\"https:\/\/www.analoggwerz.com\/en\/product\/samsung-vp-d361\/\" \/>\n<meta property=\"og:site_name\" content=\"Analog Gwerz\" \/>\n<meta property=\"article:modified_time\" content=\"2026-03-27T12:46:34+00:00\" \/>\n<meta property=\"og:image\" content=\"https:\/\/www.analoggwerz.com\/wp-content\/uploads\/2025\/05\/img_7451-scaled.jpeg\" \/>\n\t<meta property=\"og:image:width\" content=\"2560\" \/>\n\t<meta property=\"og:image:height\" content=\"1920\" \/>\n\t<meta property=\"og:image:type\" content=\"image\/jpeg\" \/>\n<meta name=\"twitter:card\" content=\"summary_large_image\" \/>\n<meta name=\"twitter:label1\" content=\"Est. reading time\" \/>\n\t<meta name=\"twitter:data1\" content=\"1 minute\" \/>\n<script type=\"application\/ld+json\" class=\"yoast-schema-graph\">{\"@context\":\"https:\\\/\\\/schema.org\",\"@graph\":[{\"@type\":\"WebPage\",\"@id\":\"https:\\\/\\\/www.analoggwerz.com\\\/produit\\\/samsung-vp-d361\\\/\",\"url\":\"https:\\\/\\\/www.analoggwerz.com\\\/produit\\\/samsung-vp-d361\\\/\",\"name\":\"Samsung VP D361 - Gris est disponible sur la boutique !\",\"isPartOf\":{\"@id\":\"https:\\\/\\\/www.analoggwerz.com\\\/#website\"},\"primaryImageOfPage\":{\"@id\":\"https:\\\/\\\/www.analoggwerz.com\\\/produit\\\/samsung-vp-d361\\\/#primaryimage\"},\"image\":{\"@id\":\"https:\\\/\\\/www.analoggwerz.com\\\/produit\\\/samsung-vp-d361\\\/#primaryimage\"},\"thumbnailUrl\":\"https:\\\/\\\/www.analoggwerz.com\\\/wp-content\\\/uploads\\\/2025\\\/05\\\/img_7451-scaled.jpeg\",\"datePublished\":\"2025-05-10T00:22:19+00:00\",\"dateModified\":\"2026-03-27T12:46:34+00:00\",\"description\":\"Cliquez ici pour d\u00e9couvrir Samsung VP D361 - Gris sur la boutique.\",\"breadcrumb\":{\"@id\":\"https:\\\/\\\/www.analoggwerz.com\\\/produit\\\/samsung-vp-d361\\\/#breadcrumb\"},\"inLanguage\":\"en-US\",\"potentialAction\":[{\"@type\":\"ReadAction\",\"target\":[\"https:\\\/\\\/www.analoggwerz.com\\\/produit\\\/samsung-vp-d361\\\/\"]}]},{\"@type\":\"ImageObject\",\"inLanguage\":\"en-US\",\"@id\":\"https:\\\/\\\/www.analoggwerz.com\\\/produit\\\/samsung-vp-d361\\\/#primaryimage\",\"url\":\"https:\\\/\\\/www.analoggwerz.com\\\/wp-content\\\/uploads\\\/2025\\\/05\\\/img_7451-scaled.jpeg\",\"contentUrl\":\"https:\\\/\\\/www.analoggwerz.com\\\/wp-content\\\/uploads\\\/2025\\\/05\\\/img_7451-scaled.jpeg\",\"width\":2560,\"height\":1920},{\"@type\":\"BreadcrumbList\",\"@id\":\"https:\\\/\\\/www.analoggwerz.com\\\/produit\\\/samsung-vp-d361\\\/#breadcrumb\",\"itemListElement\":[{\"@type\":\"ListItem\",\"position\":1,\"name\":\"Accueil\",\"item\":\"https:\\\/\\\/www.analoggwerz.com\\\/\"},{\"@type\":\"ListItem\",\"position\":2,\"name\":\"Boutique\",\"item\":\"https:\\\/\\\/www.analoggwerz.com\\\/shop\\\/\"},{\"@type\":\"ListItem\",\"position\":3,\"name\":\"Samsung VP D361 &#8211; Gris\"}]},{\"@type\":\"WebSite\",\"@id\":\"https:\\\/\\\/www.analoggwerz.com\\\/#website\",\"url\":\"https:\\\/\\\/www.analoggwerz.com\\\/\",\"name\":\"Analog Gwerz\",\"description\":\"Pas besoin de neuf pour capturer l&#039;instant !\",\"publisher\":{\"@id\":\"https:\\\/\\\/www.analoggwerz.com\\\/#organization\"},\"potentialAction\":[{\"@type\":\"SearchAction\",\"target\":{\"@type\":\"EntryPoint\",\"urlTemplate\":\"https:\\\/\\\/www.analoggwerz.com\\\/?s={search_term_string}\"},\"query-input\":{\"@type\":\"PropertyValueSpecification\",\"valueRequired\":true,\"valueName\":\"search_term_string\"}}],\"inLanguage\":\"en-US\"},{\"@type\":\"Organization\",\"@id\":\"https:\\\/\\\/www.analoggwerz.com\\\/#organization\",\"name\":\"Analog Gwerz\",\"url\":\"https:\\\/\\\/www.analoggwerz.com\\\/\",\"logo\":{\"@type\":\"ImageObject\",\"inLanguage\":\"en-US\",\"@id\":\"https:\\\/\\\/www.analoggwerz.com\\\/#\\\/schema\\\/logo\\\/image\\\/\",\"url\":\"https:\\\/\\\/www.analoggwerz.com\\\/wp-content\\\/uploads\\\/2025\\\/10\\\/000-LOGO-ANALOG-GWERZ-NOIR-1.png\",\"contentUrl\":\"https:\\\/\\\/www.analoggwerz.com\\\/wp-content\\\/uploads\\\/2025\\\/10\\\/000-LOGO-ANALOG-GWERZ-NOIR-1.png\",\"width\":800,\"height\":407,\"caption\":\"Analog Gwerz\"},\"image\":{\"@id\":\"https:\\\/\\\/www.analoggwerz.com\\\/#\\\/schema\\\/logo\\\/image\\\/\"},\"sameAs\":[\"https:\\\/\\\/www.instagram.com\\\/analog_gwerz\\\/\",\"https:\\\/\\\/www.tiktok.com\\\/@analog_gwerz\"]}]}<\/script>\n<!-- \/ Yoast SEO plugin. -->","yoast_head_json":{"title":"Samsung VP D361 - Gris est disponible sur la boutique !","description":"Cliquez ici pour d\u00e9couvrir Samsung VP D361 - Gris sur la boutique.","robots":{"index":"index","follow":"follow","max-snippet":"max-snippet:-1","max-image-preview":"max-image-preview:large","max-video-preview":"max-video-preview:-1"},"canonical":"https:\/\/www.analoggwerz.com\/en\/product\/samsung-vp-d361\/","og_locale":"en_US","og_type":"article","og_title":"Samsung VP D361 - Gris est disponible sur la boutique !","og_description":"Cliquez ici pour d\u00e9couvrir Samsung VP D361 - Gris sur la boutique.","og_url":"https:\/\/www.analoggwerz.com\/en\/product\/samsung-vp-d361\/","og_site_name":"Analog Gwerz","article_modified_time":"2026-03-27T12:46:34+00:00","og_image":[{"width":2560,"height":1920,"url":"https:\/\/www.analoggwerz.com\/wp-content\/uploads\/2025\/05\/img_7451-scaled.jpeg","type":"image\/jpeg"}],"twitter_card":"summary_large_image","twitter_misc":{"Est. reading time":"1 minute"},"schema":{"@context":"https:\/\/schema.org","@graph":[{"@type":"WebPage","@id":"https:\/\/www.analoggwerz.com\/produit\/samsung-vp-d361\/","url":"https:\/\/www.analoggwerz.com\/produit\/samsung-vp-d361\/","name":"Samsung VP D361 - Gris est disponible sur la boutique !","isPartOf":{"@id":"https:\/\/www.analoggwerz.com\/#website"},"primaryImageOfPage":{"@id":"https:\/\/www.analoggwerz.com\/produit\/samsung-vp-d361\/#primaryimage"},"image":{"@id":"https:\/\/www.analoggwerz.com\/produit\/samsung-vp-d361\/#primaryimage"},"thumbnailUrl":"https:\/\/www.analoggwerz.com\/wp-content\/uploads\/2025\/05\/img_7451-scaled.jpeg","datePublished":"2025-05-10T00:22:19+00:00","dateModified":"2026-03-27T12:46:34+00:00","description":"Cliquez ici pour d\u00e9couvrir Samsung VP D361 - Gris sur la boutique.","breadcrumb":{"@id":"https:\/\/www.analoggwerz.com\/produit\/samsung-vp-d361\/#breadcrumb"},"inLanguage":"en-US","potentialAction":[{"@type":"ReadAction","target":["https:\/\/www.analoggwerz.com\/produit\/samsung-vp-d361\/"]}]},{"@type":"ImageObject","inLanguage":"en-US","@id":"https:\/\/www.analoggwerz.com\/produit\/samsung-vp-d361\/#primaryimage","url":"https:\/\/www.analoggwerz.com\/wp-content\/uploads\/2025\/05\/img_7451-scaled.jpeg","contentUrl":"https:\/\/www.analoggwerz.com\/wp-content\/uploads\/2025\/05\/img_7451-scaled.jpeg","width":2560,"height":1920},{"@type":"BreadcrumbList","@id":"https:\/\/www.analoggwerz.com\/produit\/samsung-vp-d361\/#breadcrumb","itemListElement":[{"@type":"ListItem","position":1,"name":"Accueil","item":"https:\/\/www.analoggwerz.com\/"},{"@type":"ListItem","position":2,"name":"Boutique","item":"https:\/\/www.analoggwerz.com\/shop\/"},{"@type":"ListItem","position":3,"name":"Samsung VP D361 &#8211; Gris"}]},{"@type":"WebSite","@id":"https:\/\/www.analoggwerz.com\/#website","url":"https:\/\/www.analoggwerz.com\/","name":"Analog Gwerz","description":"Pas besoin de neuf pour capturer l&#039;instant !","publisher":{"@id":"https:\/\/www.analoggwerz.com\/#organization"},"potentialAction":[{"@type":"SearchAction","target":{"@type":"EntryPoint","urlTemplate":"https:\/\/www.analoggwerz.com\/?s={search_term_string}"},"query-input":{"@type":"PropertyValueSpecification","valueRequired":true,"valueName":"search_term_string"}}],"inLanguage":"en-US"},{"@type":"Organization","@id":"https:\/\/www.analoggwerz.com\/#organization","name":"Analog Gwerz","url":"https:\/\/www.analoggwerz.com\/","logo":{"@type":"ImageObject","inLanguage":"en-US","@id":"https:\/\/www.analoggwerz.com\/#\/schema\/logo\/image\/","url":"https:\/\/www.analoggwerz.com\/wp-content\/uploads\/2025\/10\/000-LOGO-ANALOG-GWERZ-NOIR-1.png","contentUrl":"https:\/\/www.analoggwerz.com\/wp-content\/uploads\/2025\/10\/000-LOGO-ANALOG-GWERZ-NOIR-1.png","width":800,"height":407,"caption":"Analog Gwerz"},"image":{"@id":"https:\/\/www.analoggwerz.com\/#\/schema\/logo\/image\/"},"sameAs":["https:\/\/www.instagram.com\/analog_gwerz\/","https:\/\/www.tiktok.com\/@analog_gwerz"]}]}},"jetpack_sharing_enabled":true,"_links":{"self":[{"href":"https:\/\/www.analoggwerz.com\/en\/wp-json\/wp\/v2\/product\/4986","targetHints":{"allow":["GET"]}}],"collection":[{"href":"https:\/\/www.analoggwerz.com\/en\/wp-json\/wp\/v2\/product"}],"about":[{"href":"https:\/\/www.analoggwerz.com\/en\/wp-json\/wp\/v2\/types\/product"}],"wp:featuredmedia":[{"embeddable":true,"href":"https:\/\/www.analoggwerz.com\/en\/wp-json\/wp\/v2\/media\/4984"}],"wp:attachment":[{"href":"https:\/\/www.analoggwerz.com\/en\/wp-json\/wp\/v2\/media?parent=4986"}],"wp:term":[{"taxonomy":"product_brand","embeddable":true,"href":"https:\/\/www.analoggwerz.com\/en\/wp-json\/wp\/v2\/product_brand?post=4986"},{"taxonomy":"product_cat","embeddable":true,"href":"https:\/\/www.analoggwerz.com\/en\/wp-json\/wp\/v2\/product_cat?post=4986"},{"taxonomy":"product_tag","embeddable":true,"href":"https:\/\/www.analoggwerz.com\/en\/wp-json\/wp\/v2\/product_tag?post=4986"}],"curies":[{"name":"wp","href":"https:\/\/api.w.org\/{rel}","templated":true}]}}