{"id":4716,"date":"2025-05-09T11:00:29","date_gmt":"2025-05-09T11:00:29","guid":{"rendered":"https:\/\/www.analoggwerz.com\/produit\/canon-a1100is\/"},"modified":"2025-10-31T21:55:17","modified_gmt":"2025-10-31T21:55:17","slug":"canon-a1100is","status":"publish","type":"product","link":"https:\/\/www.analoggwerz.com\/en\/product\/canon-a1100is\/","title":{"rendered":"Canon A1100IS"},"content":{"rendered":"<p>N\u2019h\u00e9sitez pas \u00e0 vous abonner \u00e0 mon Instagram (@analog_gwerz) si vous aimez la photo et les appareils.<\/p>\n<p>Canon PowerShot A1100 IS \u2013 Appareil photo num\u00e9rique compact avec viseur optique<\/p>\n<p>Le Canon PowerShot A1100 IS est un compact num\u00e9rique fiable, simple d\u2019utilisation et \u00e9quip\u00e9 d\u2019un viseur optique, une raret\u00e9 appr\u00e9ciable sur ce type d\u2019appareil. Parfait pour les photos du quotidien, il int\u00e8gre un stabilisateur d\u2019image et plusieurs modes sc\u00e8ne pour s\u2019adapter \u00e0 toutes les situations.<\/p>\n<p>Caract\u00e9ristiques principales :<\/p>\n<p>\u2022 Capteur 12,1 m\u00e9gapixels<\/p>\n<p>\u2022 Zoom optique 4x (35-140 mm)<\/p>\n<p>\u2022 Viseur optique int\u00e9gr\u00e9<\/p>\n<p>\u2022 \u00c9cran LCD 2,5 pouces<\/p>\n<p>\u2022 Stabilisateur d\u2019image (IS)<\/p>\n<p>\u2022 Enregistrement vid\u00e9o VGA<\/p>\n<p>\u2022 D\u00e9tection des visages et modes automatiques<\/p>\n<p>\u00c9tat :<\/p>\n<p>Bon \u00e9tat g\u00e9n\u00e9ral avec quelques marques d\u2019usage. Appareil test\u00e9, tout fonctionne parfaitement.<\/p>\n<p>Accessoires fournis :<\/p>\n<p>\u2022 Dragonne d\u2019origine<\/p>\n<p>Alimentation :<\/p>\n<p>Fonctionne avec deux piles AA (non fournies)<\/p>\n<p>Photos contractuelles : vous achetez exactement ce que vous voyez. Tous les produits sont test\u00e9s et pr\u00eats \u00e0 l\u2019emploi.<\/p>","protected":false},"excerpt":{"rendered":"<p>N\u2019h\u00e9sitez pas \u00e0 vous abonner \u00e0 mon Instagram (@analog_gwerz) si vous aimez la photo et les appareils. Canon PowerShot A1100 IS \u2013 Appareil photo num\u00e9rique compact avec viseur optique Le Canon PowerShot A1100 IS est un compact num\u00e9rique fiable, simple d\u2019utilisation et \u00e9quip\u00e9 d\u2019un viseur optique, une raret\u00e9 appr\u00e9ciable sur ce type d\u2019appareil. Parfait pour [&hellip;]<\/p>\n","protected":false},"featured_media":4712,"template":"","meta":[],"product_brand":[],"product_cat":[118,114,28],"product_tag":[],"class_list":{"0":"post-4716","1":"product","2":"type-product","3":"status-publish","4":"has-post-thumbnail","6":"product_cat-appareils-photo","7":"product_cat-appareils-photo-numeriques","8":"product_cat-appareils-photos-compacts-numeriques","9":"pa_marque-canon","11":"first","12":"outofstock","13":"purchasable","14":"product-type-simple"},"yoast_head":"<!-- This site is optimized with the Yoast SEO plugin v27.5 - https:\/\/yoast.com\/product\/yoast-seo-wordpress\/ -->\n<title>Canon A1100IS est disponible sur la boutique !<\/title>\n<meta name=\"description\" content=\"Cliquez ici pour d\u00e9couvrir Canon A1100IS sur la boutique.\" \/>\n<meta name=\"robots\" content=\"index, follow, max-snippet:-1, max-image-preview:large, max-video-preview:-1\" \/>\n<link rel=\"canonical\" href=\"https:\/\/www.analoggwerz.com\/en\/product\/canon-a1100is\/\" \/>\n<meta property=\"og:locale\" content=\"en_US\" \/>\n<meta property=\"og:type\" content=\"article\" \/>\n<meta property=\"og:title\" content=\"Canon A1100IS est disponible sur la boutique !\" \/>\n<meta property=\"og:description\" content=\"Cliquez ici pour d\u00e9couvrir Canon A1100IS sur la boutique.\" \/>\n<meta property=\"og:url\" content=\"https:\/\/www.analoggwerz.com\/en\/product\/canon-a1100is\/\" \/>\n<meta property=\"og:site_name\" content=\"Analog Gwerz\" \/>\n<meta property=\"article:modified_time\" content=\"2025-10-31T21:55:17+00:00\" \/>\n<meta property=\"og:image\" content=\"https:\/\/www.analoggwerz.com\/wp-content\/uploads\/2025\/05\/img_7754-scaled.jpeg\" \/>\n\t<meta property=\"og:image:width\" content=\"2560\" \/>\n\t<meta property=\"og:image:height\" content=\"1920\" \/>\n\t<meta property=\"og:image:type\" content=\"image\/jpeg\" \/>\n<meta name=\"twitter:card\" content=\"summary_large_image\" \/>\n<meta name=\"twitter:label1\" content=\"Est. reading time\" \/>\n\t<meta name=\"twitter:data1\" content=\"1 minute\" \/>\n<script type=\"application\/ld+json\" class=\"yoast-schema-graph\">{\"@context\":\"https:\\\/\\\/schema.org\",\"@graph\":[{\"@type\":\"WebPage\",\"@id\":\"https:\\\/\\\/www.analoggwerz.com\\\/produit\\\/canon-a1100is\\\/\",\"url\":\"https:\\\/\\\/www.analoggwerz.com\\\/produit\\\/canon-a1100is\\\/\",\"name\":\"Canon A1100IS est disponible sur la boutique !\",\"isPartOf\":{\"@id\":\"https:\\\/\\\/www.analoggwerz.com\\\/#website\"},\"primaryImageOfPage\":{\"@id\":\"https:\\\/\\\/www.analoggwerz.com\\\/produit\\\/canon-a1100is\\\/#primaryimage\"},\"image\":{\"@id\":\"https:\\\/\\\/www.analoggwerz.com\\\/produit\\\/canon-a1100is\\\/#primaryimage\"},\"thumbnailUrl\":\"https:\\\/\\\/www.analoggwerz.com\\\/wp-content\\\/uploads\\\/2025\\\/05\\\/img_7754-scaled.jpeg\",\"datePublished\":\"2025-05-09T11:00:29+00:00\",\"dateModified\":\"2025-10-31T21:55:17+00:00\",\"description\":\"Cliquez ici pour d\u00e9couvrir Canon A1100IS sur la boutique.\",\"breadcrumb\":{\"@id\":\"https:\\\/\\\/www.analoggwerz.com\\\/produit\\\/canon-a1100is\\\/#breadcrumb\"},\"inLanguage\":\"en-US\",\"potentialAction\":[{\"@type\":\"ReadAction\",\"target\":[\"https:\\\/\\\/www.analoggwerz.com\\\/produit\\\/canon-a1100is\\\/\"]}]},{\"@type\":\"ImageObject\",\"inLanguage\":\"en-US\",\"@id\":\"https:\\\/\\\/www.analoggwerz.com\\\/produit\\\/canon-a1100is\\\/#primaryimage\",\"url\":\"https:\\\/\\\/www.analoggwerz.com\\\/wp-content\\\/uploads\\\/2025\\\/05\\\/img_7754-scaled.jpeg\",\"contentUrl\":\"https:\\\/\\\/www.analoggwerz.com\\\/wp-content\\\/uploads\\\/2025\\\/05\\\/img_7754-scaled.jpeg\",\"width\":2560,\"height\":1920},{\"@type\":\"BreadcrumbList\",\"@id\":\"https:\\\/\\\/www.analoggwerz.com\\\/produit\\\/canon-a1100is\\\/#breadcrumb\",\"itemListElement\":[{\"@type\":\"ListItem\",\"position\":1,\"name\":\"Accueil\",\"item\":\"https:\\\/\\\/www.analoggwerz.com\\\/\"},{\"@type\":\"ListItem\",\"position\":2,\"name\":\"Boutique\",\"item\":\"https:\\\/\\\/www.analoggwerz.com\\\/shop\\\/\"},{\"@type\":\"ListItem\",\"position\":3,\"name\":\"Canon A1100IS\"}]},{\"@type\":\"WebSite\",\"@id\":\"https:\\\/\\\/www.analoggwerz.com\\\/#website\",\"url\":\"https:\\\/\\\/www.analoggwerz.com\\\/\",\"name\":\"Analog Gwerz\",\"description\":\"Pas besoin de neuf pour capturer l&#039;instant !\",\"publisher\":{\"@id\":\"https:\\\/\\\/www.analoggwerz.com\\\/#organization\"},\"potentialAction\":[{\"@type\":\"SearchAction\",\"target\":{\"@type\":\"EntryPoint\",\"urlTemplate\":\"https:\\\/\\\/www.analoggwerz.com\\\/?s={search_term_string}\"},\"query-input\":{\"@type\":\"PropertyValueSpecification\",\"valueRequired\":true,\"valueName\":\"search_term_string\"}}],\"inLanguage\":\"en-US\"},{\"@type\":\"Organization\",\"@id\":\"https:\\\/\\\/www.analoggwerz.com\\\/#organization\",\"name\":\"Analog Gwerz\",\"url\":\"https:\\\/\\\/www.analoggwerz.com\\\/\",\"logo\":{\"@type\":\"ImageObject\",\"inLanguage\":\"en-US\",\"@id\":\"https:\\\/\\\/www.analoggwerz.com\\\/#\\\/schema\\\/logo\\\/image\\\/\",\"url\":\"https:\\\/\\\/www.analoggwerz.com\\\/wp-content\\\/uploads\\\/2025\\\/10\\\/000-LOGO-ANALOG-GWERZ-NOIR-1.png\",\"contentUrl\":\"https:\\\/\\\/www.analoggwerz.com\\\/wp-content\\\/uploads\\\/2025\\\/10\\\/000-LOGO-ANALOG-GWERZ-NOIR-1.png\",\"width\":800,\"height\":407,\"caption\":\"Analog Gwerz\"},\"image\":{\"@id\":\"https:\\\/\\\/www.analoggwerz.com\\\/#\\\/schema\\\/logo\\\/image\\\/\"},\"sameAs\":[\"https:\\\/\\\/www.instagram.com\\\/analog_gwerz\\\/\",\"https:\\\/\\\/www.tiktok.com\\\/@analog_gwerz\"]}]}<\/script>\n<!-- \/ Yoast SEO plugin. -->","yoast_head_json":{"title":"Canon A1100IS est disponible sur la boutique !","description":"Cliquez ici pour d\u00e9couvrir Canon A1100IS sur la boutique.","robots":{"index":"index","follow":"follow","max-snippet":"max-snippet:-1","max-image-preview":"max-image-preview:large","max-video-preview":"max-video-preview:-1"},"canonical":"https:\/\/www.analoggwerz.com\/en\/product\/canon-a1100is\/","og_locale":"en_US","og_type":"article","og_title":"Canon A1100IS est disponible sur la boutique !","og_description":"Cliquez ici pour d\u00e9couvrir Canon A1100IS sur la boutique.","og_url":"https:\/\/www.analoggwerz.com\/en\/product\/canon-a1100is\/","og_site_name":"Analog Gwerz","article_modified_time":"2025-10-31T21:55:17+00:00","og_image":[{"width":2560,"height":1920,"url":"https:\/\/www.analoggwerz.com\/wp-content\/uploads\/2025\/05\/img_7754-scaled.jpeg","type":"image\/jpeg"}],"twitter_card":"summary_large_image","twitter_misc":{"Est. reading time":"1 minute"},"schema":{"@context":"https:\/\/schema.org","@graph":[{"@type":"WebPage","@id":"https:\/\/www.analoggwerz.com\/produit\/canon-a1100is\/","url":"https:\/\/www.analoggwerz.com\/produit\/canon-a1100is\/","name":"Canon A1100IS est disponible sur la boutique !","isPartOf":{"@id":"https:\/\/www.analoggwerz.com\/#website"},"primaryImageOfPage":{"@id":"https:\/\/www.analoggwerz.com\/produit\/canon-a1100is\/#primaryimage"},"image":{"@id":"https:\/\/www.analoggwerz.com\/produit\/canon-a1100is\/#primaryimage"},"thumbnailUrl":"https:\/\/www.analoggwerz.com\/wp-content\/uploads\/2025\/05\/img_7754-scaled.jpeg","datePublished":"2025-05-09T11:00:29+00:00","dateModified":"2025-10-31T21:55:17+00:00","description":"Cliquez ici pour d\u00e9couvrir Canon A1100IS sur la boutique.","breadcrumb":{"@id":"https:\/\/www.analoggwerz.com\/produit\/canon-a1100is\/#breadcrumb"},"inLanguage":"en-US","potentialAction":[{"@type":"ReadAction","target":["https:\/\/www.analoggwerz.com\/produit\/canon-a1100is\/"]}]},{"@type":"ImageObject","inLanguage":"en-US","@id":"https:\/\/www.analoggwerz.com\/produit\/canon-a1100is\/#primaryimage","url":"https:\/\/www.analoggwerz.com\/wp-content\/uploads\/2025\/05\/img_7754-scaled.jpeg","contentUrl":"https:\/\/www.analoggwerz.com\/wp-content\/uploads\/2025\/05\/img_7754-scaled.jpeg","width":2560,"height":1920},{"@type":"BreadcrumbList","@id":"https:\/\/www.analoggwerz.com\/produit\/canon-a1100is\/#breadcrumb","itemListElement":[{"@type":"ListItem","position":1,"name":"Accueil","item":"https:\/\/www.analoggwerz.com\/"},{"@type":"ListItem","position":2,"name":"Boutique","item":"https:\/\/www.analoggwerz.com\/shop\/"},{"@type":"ListItem","position":3,"name":"Canon A1100IS"}]},{"@type":"WebSite","@id":"https:\/\/www.analoggwerz.com\/#website","url":"https:\/\/www.analoggwerz.com\/","name":"Analog Gwerz","description":"Pas besoin de neuf pour capturer l&#039;instant !","publisher":{"@id":"https:\/\/www.analoggwerz.com\/#organization"},"potentialAction":[{"@type":"SearchAction","target":{"@type":"EntryPoint","urlTemplate":"https:\/\/www.analoggwerz.com\/?s={search_term_string}"},"query-input":{"@type":"PropertyValueSpecification","valueRequired":true,"valueName":"search_term_string"}}],"inLanguage":"en-US"},{"@type":"Organization","@id":"https:\/\/www.analoggwerz.com\/#organization","name":"Analog Gwerz","url":"https:\/\/www.analoggwerz.com\/","logo":{"@type":"ImageObject","inLanguage":"en-US","@id":"https:\/\/www.analoggwerz.com\/#\/schema\/logo\/image\/","url":"https:\/\/www.analoggwerz.com\/wp-content\/uploads\/2025\/10\/000-LOGO-ANALOG-GWERZ-NOIR-1.png","contentUrl":"https:\/\/www.analoggwerz.com\/wp-content\/uploads\/2025\/10\/000-LOGO-ANALOG-GWERZ-NOIR-1.png","width":800,"height":407,"caption":"Analog Gwerz"},"image":{"@id":"https:\/\/www.analoggwerz.com\/#\/schema\/logo\/image\/"},"sameAs":["https:\/\/www.instagram.com\/analog_gwerz\/","https:\/\/www.tiktok.com\/@analog_gwerz"]}]}},"jetpack_sharing_enabled":true,"_links":{"self":[{"href":"https:\/\/www.analoggwerz.com\/en\/wp-json\/wp\/v2\/product\/4716","targetHints":{"allow":["GET"]}}],"collection":[{"href":"https:\/\/www.analoggwerz.com\/en\/wp-json\/wp\/v2\/product"}],"about":[{"href":"https:\/\/www.analoggwerz.com\/en\/wp-json\/wp\/v2\/types\/product"}],"wp:featuredmedia":[{"embeddable":true,"href":"https:\/\/www.analoggwerz.com\/en\/wp-json\/wp\/v2\/media\/4712"}],"wp:attachment":[{"href":"https:\/\/www.analoggwerz.com\/en\/wp-json\/wp\/v2\/media?parent=4716"}],"wp:term":[{"taxonomy":"product_brand","embeddable":true,"href":"https:\/\/www.analoggwerz.com\/en\/wp-json\/wp\/v2\/product_brand?post=4716"},{"taxonomy":"product_cat","embeddable":true,"href":"https:\/\/www.analoggwerz.com\/en\/wp-json\/wp\/v2\/product_cat?post=4716"},{"taxonomy":"product_tag","embeddable":true,"href":"https:\/\/www.analoggwerz.com\/en\/wp-json\/wp\/v2\/product_tag?post=4716"}],"curies":[{"name":"wp","href":"https:\/\/api.w.org\/{rel}","templated":true}]}}