{"id":4415,"date":"2025-05-08T08:17:06","date_gmt":"2025-05-08T08:17:06","guid":{"rendered":"https:\/\/www.analoggwerz.com\/produit\/sacoche-pour-compact-numerique-3\/"},"modified":"2025-11-01T11:07:11","modified_gmt":"2025-11-01T11:07:11","slug":"sacoche-pour-compact-numerique-3","status":"publish","type":"product","link":"https:\/\/www.analoggwerz.com\/en\/product\/sacoche-pour-compact-numerique-3\/","title":{"rendered":"Sacoche pour compact numerique &#8211; Noir"},"content":{"rendered":"<p><strong>Housse noire compacte \u2013 tissu mesh et bande blanche<\/strong><\/p>\n<p><strong>Housse de protection noire avec bande blanche, l\u00e9g\u00e8re et sobre. Elle prot\u00e8ge efficacement les compacts num\u00e9riques contre les rayures et petits chocs gr\u00e2ce \u00e0 son int\u00e9rieur doux.<\/strong><\/p>\n<p><strong>Fermeture zipp\u00e9e double curseur<\/strong><\/p>\n<p><strong>Attache ceinture au dos<\/strong><\/p>\n<p><strong>Int\u00e9rieur rembourr\u00e9 et doux<\/strong><\/p>\n<p><strong>Dimensions : 11 \u00d7 7 \u00d7 3 cm environ<\/strong><\/p>\n<p><strong>Compatible uniquement avec les appareils photo num\u00e9riques compacts (type Canon Ixus, Sony Cyber-shot, etc.).<\/strong><\/p>\n<p><strong>Les compacts argentiques sont souvent trop \u00e9pais pour ce format.<\/strong><\/p>\n<p><strong>\u00c9tat : tr\u00e8s bon \u00e9tat g\u00e9n\u00e9ral, propre, fermeture fonctionnelle.<\/strong><\/p>\n<p><strong>Photos contractuelles \u2013 ce que vous voyez est ce que vous recevrez.<\/strong><\/p>\n<p><strong>Tous mes accessoires sont v\u00e9rifi\u00e9s et nettoy\u00e9s.<\/strong><\/p>","protected":false},"excerpt":{"rendered":"<p>Housse noire compacte \u2013 tissu mesh et bande blanche Housse de protection noire avec bande blanche, l\u00e9g\u00e8re et sobre. Elle prot\u00e8ge efficacement les compacts num\u00e9riques contre les rayures et petits chocs gr\u00e2ce \u00e0 son int\u00e9rieur doux. Fermeture zipp\u00e9e double curseur Attache ceinture au dos Int\u00e9rieur rembourr\u00e9 et doux Dimensions : 11 \u00d7 7 \u00d7 3 [&hellip;]<\/p>\n","protected":false},"featured_media":4413,"template":"","meta":[],"product_brand":[],"product_cat":[55,146,143],"product_tag":[],"class_list":{"0":"post-4415","1":"product","2":"type-product","3":"status-publish","4":"has-post-thumbnail","6":"product_cat-accessoires","7":"product_cat-etuis-sacoches-pour-compact-numerique","8":"product_cat-etuis-et-sacoches","9":"pa_couleur-noir","10":"pa_marque-autre","12":"first","13":"outofstock","14":"purchasable","15":"product-type-simple"},"yoast_head":"<!-- This site is optimized with the Yoast SEO plugin v27.5 - https:\/\/yoast.com\/product\/yoast-seo-wordpress\/ -->\n<title>Sacoche pour compact numerique - Noir est disponible sur la boutique !<\/title>\n<meta name=\"description\" content=\"Cliquez ici pour d\u00e9couvrir Sacoche pour compact numerique - Noir sur la boutique.\" \/>\n<meta name=\"robots\" content=\"index, follow, max-snippet:-1, max-image-preview:large, max-video-preview:-1\" \/>\n<link rel=\"canonical\" href=\"https:\/\/www.analoggwerz.com\/en\/product\/sacoche-pour-compact-numerique-3\/\" \/>\n<meta property=\"og:locale\" content=\"en_US\" \/>\n<meta property=\"og:type\" content=\"article\" \/>\n<meta property=\"og:title\" content=\"Sacoche pour compact numerique - Noir est disponible sur la boutique !\" \/>\n<meta property=\"og:description\" content=\"Cliquez ici pour d\u00e9couvrir Sacoche pour compact numerique - Noir sur la boutique.\" \/>\n<meta property=\"og:url\" content=\"https:\/\/www.analoggwerz.com\/en\/product\/sacoche-pour-compact-numerique-3\/\" \/>\n<meta property=\"og:site_name\" content=\"Analog Gwerz\" \/>\n<meta property=\"article:modified_time\" content=\"2025-11-01T11:07:11+00:00\" \/>\n<meta property=\"og:image\" content=\"https:\/\/www.analoggwerz.com\/wp-content\/uploads\/2025\/05\/img_7544-scaled.jpeg\" \/>\n\t<meta property=\"og:image:width\" content=\"2560\" \/>\n\t<meta property=\"og:image:height\" content=\"1920\" \/>\n\t<meta property=\"og:image:type\" content=\"image\/jpeg\" \/>\n<meta name=\"twitter:card\" content=\"summary_large_image\" \/>\n<meta name=\"twitter:label1\" content=\"Est. reading time\" \/>\n\t<meta name=\"twitter:data1\" content=\"1 minute\" \/>\n<script type=\"application\/ld+json\" class=\"yoast-schema-graph\">{\"@context\":\"https:\\\/\\\/schema.org\",\"@graph\":[{\"@type\":\"WebPage\",\"@id\":\"https:\\\/\\\/www.analoggwerz.com\\\/produit\\\/sacoche-pour-compact-numerique-3\\\/\",\"url\":\"https:\\\/\\\/www.analoggwerz.com\\\/produit\\\/sacoche-pour-compact-numerique-3\\\/\",\"name\":\"Sacoche pour compact numerique - Noir est disponible sur la boutique !\",\"isPartOf\":{\"@id\":\"https:\\\/\\\/www.analoggwerz.com\\\/#website\"},\"primaryImageOfPage\":{\"@id\":\"https:\\\/\\\/www.analoggwerz.com\\\/produit\\\/sacoche-pour-compact-numerique-3\\\/#primaryimage\"},\"image\":{\"@id\":\"https:\\\/\\\/www.analoggwerz.com\\\/produit\\\/sacoche-pour-compact-numerique-3\\\/#primaryimage\"},\"thumbnailUrl\":\"https:\\\/\\\/www.analoggwerz.com\\\/wp-content\\\/uploads\\\/2025\\\/05\\\/img_7544-scaled.jpeg\",\"datePublished\":\"2025-05-08T08:17:06+00:00\",\"dateModified\":\"2025-11-01T11:07:11+00:00\",\"description\":\"Cliquez ici pour d\u00e9couvrir Sacoche pour compact numerique - Noir sur la boutique.\",\"breadcrumb\":{\"@id\":\"https:\\\/\\\/www.analoggwerz.com\\\/produit\\\/sacoche-pour-compact-numerique-3\\\/#breadcrumb\"},\"inLanguage\":\"en-US\",\"potentialAction\":[{\"@type\":\"ReadAction\",\"target\":[\"https:\\\/\\\/www.analoggwerz.com\\\/produit\\\/sacoche-pour-compact-numerique-3\\\/\"]}]},{\"@type\":\"ImageObject\",\"inLanguage\":\"en-US\",\"@id\":\"https:\\\/\\\/www.analoggwerz.com\\\/produit\\\/sacoche-pour-compact-numerique-3\\\/#primaryimage\",\"url\":\"https:\\\/\\\/www.analoggwerz.com\\\/wp-content\\\/uploads\\\/2025\\\/05\\\/img_7544-scaled.jpeg\",\"contentUrl\":\"https:\\\/\\\/www.analoggwerz.com\\\/wp-content\\\/uploads\\\/2025\\\/05\\\/img_7544-scaled.jpeg\",\"width\":2560,\"height\":1920},{\"@type\":\"BreadcrumbList\",\"@id\":\"https:\\\/\\\/www.analoggwerz.com\\\/produit\\\/sacoche-pour-compact-numerique-3\\\/#breadcrumb\",\"itemListElement\":[{\"@type\":\"ListItem\",\"position\":1,\"name\":\"Accueil\",\"item\":\"https:\\\/\\\/www.analoggwerz.com\\\/\"},{\"@type\":\"ListItem\",\"position\":2,\"name\":\"Boutique\",\"item\":\"https:\\\/\\\/www.analoggwerz.com\\\/shop\\\/\"},{\"@type\":\"ListItem\",\"position\":3,\"name\":\"Sacoche pour compact numerique &#8211; Noir\"}]},{\"@type\":\"WebSite\",\"@id\":\"https:\\\/\\\/www.analoggwerz.com\\\/#website\",\"url\":\"https:\\\/\\\/www.analoggwerz.com\\\/\",\"name\":\"Analog Gwerz\",\"description\":\"Pas besoin de neuf pour capturer l&#039;instant !\",\"publisher\":{\"@id\":\"https:\\\/\\\/www.analoggwerz.com\\\/#organization\"},\"potentialAction\":[{\"@type\":\"SearchAction\",\"target\":{\"@type\":\"EntryPoint\",\"urlTemplate\":\"https:\\\/\\\/www.analoggwerz.com\\\/?s={search_term_string}\"},\"query-input\":{\"@type\":\"PropertyValueSpecification\",\"valueRequired\":true,\"valueName\":\"search_term_string\"}}],\"inLanguage\":\"en-US\"},{\"@type\":\"Organization\",\"@id\":\"https:\\\/\\\/www.analoggwerz.com\\\/#organization\",\"name\":\"Analog Gwerz\",\"url\":\"https:\\\/\\\/www.analoggwerz.com\\\/\",\"logo\":{\"@type\":\"ImageObject\",\"inLanguage\":\"en-US\",\"@id\":\"https:\\\/\\\/www.analoggwerz.com\\\/#\\\/schema\\\/logo\\\/image\\\/\",\"url\":\"https:\\\/\\\/www.analoggwerz.com\\\/wp-content\\\/uploads\\\/2025\\\/10\\\/000-LOGO-ANALOG-GWERZ-NOIR-1.png\",\"contentUrl\":\"https:\\\/\\\/www.analoggwerz.com\\\/wp-content\\\/uploads\\\/2025\\\/10\\\/000-LOGO-ANALOG-GWERZ-NOIR-1.png\",\"width\":800,\"height\":407,\"caption\":\"Analog Gwerz\"},\"image\":{\"@id\":\"https:\\\/\\\/www.analoggwerz.com\\\/#\\\/schema\\\/logo\\\/image\\\/\"},\"sameAs\":[\"https:\\\/\\\/www.instagram.com\\\/analog_gwerz\\\/\",\"https:\\\/\\\/www.tiktok.com\\\/@analog_gwerz\"]}]}<\/script>\n<!-- \/ Yoast SEO plugin. -->","yoast_head_json":{"title":"Sacoche pour compact numerique - Noir est disponible sur la boutique !","description":"Cliquez ici pour d\u00e9couvrir Sacoche pour compact numerique - Noir sur la boutique.","robots":{"index":"index","follow":"follow","max-snippet":"max-snippet:-1","max-image-preview":"max-image-preview:large","max-video-preview":"max-video-preview:-1"},"canonical":"https:\/\/www.analoggwerz.com\/en\/product\/sacoche-pour-compact-numerique-3\/","og_locale":"en_US","og_type":"article","og_title":"Sacoche pour compact numerique - Noir est disponible sur la boutique !","og_description":"Cliquez ici pour d\u00e9couvrir Sacoche pour compact numerique - Noir sur la boutique.","og_url":"https:\/\/www.analoggwerz.com\/en\/product\/sacoche-pour-compact-numerique-3\/","og_site_name":"Analog Gwerz","article_modified_time":"2025-11-01T11:07:11+00:00","og_image":[{"width":2560,"height":1920,"url":"https:\/\/www.analoggwerz.com\/wp-content\/uploads\/2025\/05\/img_7544-scaled.jpeg","type":"image\/jpeg"}],"twitter_card":"summary_large_image","twitter_misc":{"Est. reading time":"1 minute"},"schema":{"@context":"https:\/\/schema.org","@graph":[{"@type":"WebPage","@id":"https:\/\/www.analoggwerz.com\/produit\/sacoche-pour-compact-numerique-3\/","url":"https:\/\/www.analoggwerz.com\/produit\/sacoche-pour-compact-numerique-3\/","name":"Sacoche pour compact numerique - Noir est disponible sur la boutique !","isPartOf":{"@id":"https:\/\/www.analoggwerz.com\/#website"},"primaryImageOfPage":{"@id":"https:\/\/www.analoggwerz.com\/produit\/sacoche-pour-compact-numerique-3\/#primaryimage"},"image":{"@id":"https:\/\/www.analoggwerz.com\/produit\/sacoche-pour-compact-numerique-3\/#primaryimage"},"thumbnailUrl":"https:\/\/www.analoggwerz.com\/wp-content\/uploads\/2025\/05\/img_7544-scaled.jpeg","datePublished":"2025-05-08T08:17:06+00:00","dateModified":"2025-11-01T11:07:11+00:00","description":"Cliquez ici pour d\u00e9couvrir Sacoche pour compact numerique - Noir sur la boutique.","breadcrumb":{"@id":"https:\/\/www.analoggwerz.com\/produit\/sacoche-pour-compact-numerique-3\/#breadcrumb"},"inLanguage":"en-US","potentialAction":[{"@type":"ReadAction","target":["https:\/\/www.analoggwerz.com\/produit\/sacoche-pour-compact-numerique-3\/"]}]},{"@type":"ImageObject","inLanguage":"en-US","@id":"https:\/\/www.analoggwerz.com\/produit\/sacoche-pour-compact-numerique-3\/#primaryimage","url":"https:\/\/www.analoggwerz.com\/wp-content\/uploads\/2025\/05\/img_7544-scaled.jpeg","contentUrl":"https:\/\/www.analoggwerz.com\/wp-content\/uploads\/2025\/05\/img_7544-scaled.jpeg","width":2560,"height":1920},{"@type":"BreadcrumbList","@id":"https:\/\/www.analoggwerz.com\/produit\/sacoche-pour-compact-numerique-3\/#breadcrumb","itemListElement":[{"@type":"ListItem","position":1,"name":"Accueil","item":"https:\/\/www.analoggwerz.com\/"},{"@type":"ListItem","position":2,"name":"Boutique","item":"https:\/\/www.analoggwerz.com\/shop\/"},{"@type":"ListItem","position":3,"name":"Sacoche pour compact numerique &#8211; Noir"}]},{"@type":"WebSite","@id":"https:\/\/www.analoggwerz.com\/#website","url":"https:\/\/www.analoggwerz.com\/","name":"Analog Gwerz","description":"Pas besoin de neuf pour capturer l&#039;instant !","publisher":{"@id":"https:\/\/www.analoggwerz.com\/#organization"},"potentialAction":[{"@type":"SearchAction","target":{"@type":"EntryPoint","urlTemplate":"https:\/\/www.analoggwerz.com\/?s={search_term_string}"},"query-input":{"@type":"PropertyValueSpecification","valueRequired":true,"valueName":"search_term_string"}}],"inLanguage":"en-US"},{"@type":"Organization","@id":"https:\/\/www.analoggwerz.com\/#organization","name":"Analog Gwerz","url":"https:\/\/www.analoggwerz.com\/","logo":{"@type":"ImageObject","inLanguage":"en-US","@id":"https:\/\/www.analoggwerz.com\/#\/schema\/logo\/image\/","url":"https:\/\/www.analoggwerz.com\/wp-content\/uploads\/2025\/10\/000-LOGO-ANALOG-GWERZ-NOIR-1.png","contentUrl":"https:\/\/www.analoggwerz.com\/wp-content\/uploads\/2025\/10\/000-LOGO-ANALOG-GWERZ-NOIR-1.png","width":800,"height":407,"caption":"Analog Gwerz"},"image":{"@id":"https:\/\/www.analoggwerz.com\/#\/schema\/logo\/image\/"},"sameAs":["https:\/\/www.instagram.com\/analog_gwerz\/","https:\/\/www.tiktok.com\/@analog_gwerz"]}]}},"jetpack_sharing_enabled":true,"_links":{"self":[{"href":"https:\/\/www.analoggwerz.com\/en\/wp-json\/wp\/v2\/product\/4415","targetHints":{"allow":["GET"]}}],"collection":[{"href":"https:\/\/www.analoggwerz.com\/en\/wp-json\/wp\/v2\/product"}],"about":[{"href":"https:\/\/www.analoggwerz.com\/en\/wp-json\/wp\/v2\/types\/product"}],"wp:featuredmedia":[{"embeddable":true,"href":"https:\/\/www.analoggwerz.com\/en\/wp-json\/wp\/v2\/media\/4413"}],"wp:attachment":[{"href":"https:\/\/www.analoggwerz.com\/en\/wp-json\/wp\/v2\/media?parent=4415"}],"wp:term":[{"taxonomy":"product_brand","embeddable":true,"href":"https:\/\/www.analoggwerz.com\/en\/wp-json\/wp\/v2\/product_brand?post=4415"},{"taxonomy":"product_cat","embeddable":true,"href":"https:\/\/www.analoggwerz.com\/en\/wp-json\/wp\/v2\/product_cat?post=4415"},{"taxonomy":"product_tag","embeddable":true,"href":"https:\/\/www.analoggwerz.com\/en\/wp-json\/wp\/v2\/product_tag?post=4415"}],"curies":[{"name":"wp","href":"https:\/\/api.w.org\/{rel}","templated":true}]}}