{"id":4327,"date":"2025-05-07T22:27:41","date_gmt":"2025-05-07T22:27:41","guid":{"rendered":"https:\/\/www.analoggwerz.com\/produit\/sangle-pour-appareil-photo-corde\/"},"modified":"2025-10-31T21:55:19","modified_gmt":"2025-10-31T21:55:19","slug":"sangle-pour-appareil-photo-corde","status":"publish","type":"product","link":"https:\/\/www.analoggwerz.com\/en\/product\/sangle-pour-appareil-photo-corde\/","title":{"rendered":"Sangle pour appareil photo \u00ab\u00a0corde\u00a0\u00bb"},"content":{"rendered":"<p>Dragonne appareil photo type corde \u2013 Vert kaki (neuve)<\/p>\n<p>Solide, l\u00e9g\u00e8re et confortable, cette dragonne en corde tress\u00e9e s\u2019inspire des sangles d\u2019alpinisme. Son design \u00e9pur\u00e9 s\u2019adapte parfaitement aux appareils photo argentiques ou num\u00e9riques compacts, hybrides ou reflex. Gr\u00e2ce \u00e0 ses attaches m\u00e9talliques renforc\u00e9es et \u00e0 son syst\u00e8me de fixation s\u00e9curis\u00e9, elle garantit une excellente tenue au poignet ou en bandouli\u00e8re.<\/p>\n<p>Caract\u00e9ristiques techniques :<\/p>\n<p>\u2022\tLongueur totale : env. 105 cm (non ajustable)<\/p>\n<p>\u2022\tDiam\u00e8tre de la corde : env. 10 mm<\/p>\n<p>\u2022\tCouleur : vert kaki, finitions noires et cuir camel<\/p>\n<p>\u2022\tCompatibilit\u00e9 : appareils photo \u00e0 \u0153illets standards (voir photos)<\/p>\n<p>\u2022\tAttaches m\u00e9tal avec anneaux d\u00e9tachables et syst\u00e8me anti-rayures<\/p>\n<p>\u00c9tat : neuve, jamais utilis\u00e9e.<\/p>\n<p>Parfaite pour s\u00e9curiser et styliser ton bo\u00eetier, en balade ou en usage pro.<\/p>","protected":false},"excerpt":{"rendered":"<p>Dragonne appareil photo type corde \u2013 Vert kaki (neuve) Solide, l\u00e9g\u00e8re et confortable, cette dragonne en corde tress\u00e9e s\u2019inspire des sangles d\u2019alpinisme. Son design \u00e9pur\u00e9 s\u2019adapte parfaitement aux appareils photo argentiques ou num\u00e9riques compacts, hybrides ou reflex. Gr\u00e2ce \u00e0 ses attaches m\u00e9talliques renforc\u00e9es et \u00e0 son syst\u00e8me de fixation s\u00e9curis\u00e9, elle garantit une excellente tenue [&hellip;]<\/p>\n","protected":false},"featured_media":4324,"template":"","meta":[],"product_brand":[],"product_cat":[55,162],"product_tag":[],"class_list":{"0":"post-4327","1":"product","2":"type-product","3":"status-publish","4":"has-post-thumbnail","6":"product_cat-accessoires","7":"product_cat-sangles-et-dragonnes","9":"first","10":"outofstock","11":"purchasable","12":"product-type-simple"},"yoast_head":"<!-- This site is optimized with the Yoast SEO plugin v27.5 - https:\/\/yoast.com\/product\/yoast-seo-wordpress\/ -->\n<title>Sangle pour appareil photo \u00ab\u00a0corde\u00a0\u00bb est disponible sur la boutique !<\/title>\n<meta name=\"description\" content=\"Cliquez ici pour d\u00e9couvrir Sangle pour appareil photo \u00ab\u00a0corde\u00a0\u00bb sur la boutique.\" \/>\n<meta name=\"robots\" content=\"index, follow, max-snippet:-1, max-image-preview:large, max-video-preview:-1\" \/>\n<link rel=\"canonical\" href=\"https:\/\/www.analoggwerz.com\/en\/product\/sangle-pour-appareil-photo-corde\/\" \/>\n<meta property=\"og:locale\" content=\"en_US\" \/>\n<meta property=\"og:type\" content=\"article\" \/>\n<meta property=\"og:title\" content=\"Sangle pour appareil photo \u00ab\u00a0corde\u00a0\u00bb est disponible sur la boutique !\" \/>\n<meta property=\"og:description\" content=\"Cliquez ici pour d\u00e9couvrir Sangle pour appareil photo \u00ab\u00a0corde\u00a0\u00bb sur la boutique.\" \/>\n<meta property=\"og:url\" content=\"https:\/\/www.analoggwerz.com\/en\/product\/sangle-pour-appareil-photo-corde\/\" \/>\n<meta property=\"og:site_name\" content=\"Analog Gwerz\" \/>\n<meta property=\"article:modified_time\" content=\"2025-10-31T21:55:19+00:00\" \/>\n<meta property=\"og:image\" content=\"https:\/\/www.analoggwerz.com\/wp-content\/uploads\/2025\/05\/img_7375-1-scaled.jpeg\" \/>\n\t<meta property=\"og:image:width\" content=\"2560\" \/>\n\t<meta property=\"og:image:height\" content=\"1920\" \/>\n\t<meta property=\"og:image:type\" content=\"image\/jpeg\" \/>\n<meta name=\"twitter:card\" content=\"summary_large_image\" \/>\n<meta name=\"twitter:label1\" content=\"Est. reading time\" \/>\n\t<meta name=\"twitter:data1\" content=\"1 minute\" \/>\n<script type=\"application\/ld+json\" class=\"yoast-schema-graph\">{\"@context\":\"https:\\\/\\\/schema.org\",\"@graph\":[{\"@type\":\"WebPage\",\"@id\":\"https:\\\/\\\/www.analoggwerz.com\\\/produit\\\/sangle-pour-appareil-photo-corde\\\/\",\"url\":\"https:\\\/\\\/www.analoggwerz.com\\\/produit\\\/sangle-pour-appareil-photo-corde\\\/\",\"name\":\"Sangle pour appareil photo \u00ab\u00a0corde\u00a0\u00bb est disponible sur la boutique !\",\"isPartOf\":{\"@id\":\"https:\\\/\\\/www.analoggwerz.com\\\/#website\"},\"primaryImageOfPage\":{\"@id\":\"https:\\\/\\\/www.analoggwerz.com\\\/produit\\\/sangle-pour-appareil-photo-corde\\\/#primaryimage\"},\"image\":{\"@id\":\"https:\\\/\\\/www.analoggwerz.com\\\/produit\\\/sangle-pour-appareil-photo-corde\\\/#primaryimage\"},\"thumbnailUrl\":\"https:\\\/\\\/www.analoggwerz.com\\\/wp-content\\\/uploads\\\/2025\\\/05\\\/img_7375-1-scaled.jpeg\",\"datePublished\":\"2025-05-07T22:27:41+00:00\",\"dateModified\":\"2025-10-31T21:55:19+00:00\",\"description\":\"Cliquez ici pour d\u00e9couvrir Sangle pour appareil photo \u00ab\u00a0corde\u00a0\u00bb sur la boutique.\",\"breadcrumb\":{\"@id\":\"https:\\\/\\\/www.analoggwerz.com\\\/produit\\\/sangle-pour-appareil-photo-corde\\\/#breadcrumb\"},\"inLanguage\":\"en-US\",\"potentialAction\":[{\"@type\":\"ReadAction\",\"target\":[\"https:\\\/\\\/www.analoggwerz.com\\\/produit\\\/sangle-pour-appareil-photo-corde\\\/\"]}]},{\"@type\":\"ImageObject\",\"inLanguage\":\"en-US\",\"@id\":\"https:\\\/\\\/www.analoggwerz.com\\\/produit\\\/sangle-pour-appareil-photo-corde\\\/#primaryimage\",\"url\":\"https:\\\/\\\/www.analoggwerz.com\\\/wp-content\\\/uploads\\\/2025\\\/05\\\/img_7375-1-scaled.jpeg\",\"contentUrl\":\"https:\\\/\\\/www.analoggwerz.com\\\/wp-content\\\/uploads\\\/2025\\\/05\\\/img_7375-1-scaled.jpeg\",\"width\":2560,\"height\":1920},{\"@type\":\"BreadcrumbList\",\"@id\":\"https:\\\/\\\/www.analoggwerz.com\\\/produit\\\/sangle-pour-appareil-photo-corde\\\/#breadcrumb\",\"itemListElement\":[{\"@type\":\"ListItem\",\"position\":1,\"name\":\"Accueil\",\"item\":\"https:\\\/\\\/www.analoggwerz.com\\\/\"},{\"@type\":\"ListItem\",\"position\":2,\"name\":\"Boutique\",\"item\":\"https:\\\/\\\/www.analoggwerz.com\\\/shop\\\/\"},{\"@type\":\"ListItem\",\"position\":3,\"name\":\"Sangle pour appareil photo \u00ab\u00a0corde\u00a0\u00bb\"}]},{\"@type\":\"WebSite\",\"@id\":\"https:\\\/\\\/www.analoggwerz.com\\\/#website\",\"url\":\"https:\\\/\\\/www.analoggwerz.com\\\/\",\"name\":\"Analog Gwerz\",\"description\":\"Pas besoin de neuf pour capturer l&#039;instant !\",\"publisher\":{\"@id\":\"https:\\\/\\\/www.analoggwerz.com\\\/#organization\"},\"potentialAction\":[{\"@type\":\"SearchAction\",\"target\":{\"@type\":\"EntryPoint\",\"urlTemplate\":\"https:\\\/\\\/www.analoggwerz.com\\\/?s={search_term_string}\"},\"query-input\":{\"@type\":\"PropertyValueSpecification\",\"valueRequired\":true,\"valueName\":\"search_term_string\"}}],\"inLanguage\":\"en-US\"},{\"@type\":\"Organization\",\"@id\":\"https:\\\/\\\/www.analoggwerz.com\\\/#organization\",\"name\":\"Analog Gwerz\",\"url\":\"https:\\\/\\\/www.analoggwerz.com\\\/\",\"logo\":{\"@type\":\"ImageObject\",\"inLanguage\":\"en-US\",\"@id\":\"https:\\\/\\\/www.analoggwerz.com\\\/#\\\/schema\\\/logo\\\/image\\\/\",\"url\":\"https:\\\/\\\/www.analoggwerz.com\\\/wp-content\\\/uploads\\\/2025\\\/10\\\/000-LOGO-ANALOG-GWERZ-NOIR-1.png\",\"contentUrl\":\"https:\\\/\\\/www.analoggwerz.com\\\/wp-content\\\/uploads\\\/2025\\\/10\\\/000-LOGO-ANALOG-GWERZ-NOIR-1.png\",\"width\":800,\"height\":407,\"caption\":\"Analog Gwerz\"},\"image\":{\"@id\":\"https:\\\/\\\/www.analoggwerz.com\\\/#\\\/schema\\\/logo\\\/image\\\/\"},\"sameAs\":[\"https:\\\/\\\/www.instagram.com\\\/analog_gwerz\\\/\",\"https:\\\/\\\/www.tiktok.com\\\/@analog_gwerz\"]}]}<\/script>\n<!-- \/ Yoast SEO plugin. -->","yoast_head_json":{"title":"Sangle pour appareil photo \u00ab\u00a0corde\u00a0\u00bb est disponible sur la boutique !","description":"Cliquez ici pour d\u00e9couvrir Sangle pour appareil photo \u00ab\u00a0corde\u00a0\u00bb sur la boutique.","robots":{"index":"index","follow":"follow","max-snippet":"max-snippet:-1","max-image-preview":"max-image-preview:large","max-video-preview":"max-video-preview:-1"},"canonical":"https:\/\/www.analoggwerz.com\/en\/product\/sangle-pour-appareil-photo-corde\/","og_locale":"en_US","og_type":"article","og_title":"Sangle pour appareil photo \u00ab\u00a0corde\u00a0\u00bb est disponible sur la boutique !","og_description":"Cliquez ici pour d\u00e9couvrir Sangle pour appareil photo \u00ab\u00a0corde\u00a0\u00bb sur la boutique.","og_url":"https:\/\/www.analoggwerz.com\/en\/product\/sangle-pour-appareil-photo-corde\/","og_site_name":"Analog Gwerz","article_modified_time":"2025-10-31T21:55:19+00:00","og_image":[{"width":2560,"height":1920,"url":"https:\/\/www.analoggwerz.com\/wp-content\/uploads\/2025\/05\/img_7375-1-scaled.jpeg","type":"image\/jpeg"}],"twitter_card":"summary_large_image","twitter_misc":{"Est. reading time":"1 minute"},"schema":{"@context":"https:\/\/schema.org","@graph":[{"@type":"WebPage","@id":"https:\/\/www.analoggwerz.com\/produit\/sangle-pour-appareil-photo-corde\/","url":"https:\/\/www.analoggwerz.com\/produit\/sangle-pour-appareil-photo-corde\/","name":"Sangle pour appareil photo \u00ab\u00a0corde\u00a0\u00bb est disponible sur la boutique !","isPartOf":{"@id":"https:\/\/www.analoggwerz.com\/#website"},"primaryImageOfPage":{"@id":"https:\/\/www.analoggwerz.com\/produit\/sangle-pour-appareil-photo-corde\/#primaryimage"},"image":{"@id":"https:\/\/www.analoggwerz.com\/produit\/sangle-pour-appareil-photo-corde\/#primaryimage"},"thumbnailUrl":"https:\/\/www.analoggwerz.com\/wp-content\/uploads\/2025\/05\/img_7375-1-scaled.jpeg","datePublished":"2025-05-07T22:27:41+00:00","dateModified":"2025-10-31T21:55:19+00:00","description":"Cliquez ici pour d\u00e9couvrir Sangle pour appareil photo \u00ab\u00a0corde\u00a0\u00bb sur la boutique.","breadcrumb":{"@id":"https:\/\/www.analoggwerz.com\/produit\/sangle-pour-appareil-photo-corde\/#breadcrumb"},"inLanguage":"en-US","potentialAction":[{"@type":"ReadAction","target":["https:\/\/www.analoggwerz.com\/produit\/sangle-pour-appareil-photo-corde\/"]}]},{"@type":"ImageObject","inLanguage":"en-US","@id":"https:\/\/www.analoggwerz.com\/produit\/sangle-pour-appareil-photo-corde\/#primaryimage","url":"https:\/\/www.analoggwerz.com\/wp-content\/uploads\/2025\/05\/img_7375-1-scaled.jpeg","contentUrl":"https:\/\/www.analoggwerz.com\/wp-content\/uploads\/2025\/05\/img_7375-1-scaled.jpeg","width":2560,"height":1920},{"@type":"BreadcrumbList","@id":"https:\/\/www.analoggwerz.com\/produit\/sangle-pour-appareil-photo-corde\/#breadcrumb","itemListElement":[{"@type":"ListItem","position":1,"name":"Accueil","item":"https:\/\/www.analoggwerz.com\/"},{"@type":"ListItem","position":2,"name":"Boutique","item":"https:\/\/www.analoggwerz.com\/shop\/"},{"@type":"ListItem","position":3,"name":"Sangle pour appareil photo \u00ab\u00a0corde\u00a0\u00bb"}]},{"@type":"WebSite","@id":"https:\/\/www.analoggwerz.com\/#website","url":"https:\/\/www.analoggwerz.com\/","name":"Analog Gwerz","description":"Pas besoin de neuf pour capturer l&#039;instant !","publisher":{"@id":"https:\/\/www.analoggwerz.com\/#organization"},"potentialAction":[{"@type":"SearchAction","target":{"@type":"EntryPoint","urlTemplate":"https:\/\/www.analoggwerz.com\/?s={search_term_string}"},"query-input":{"@type":"PropertyValueSpecification","valueRequired":true,"valueName":"search_term_string"}}],"inLanguage":"en-US"},{"@type":"Organization","@id":"https:\/\/www.analoggwerz.com\/#organization","name":"Analog Gwerz","url":"https:\/\/www.analoggwerz.com\/","logo":{"@type":"ImageObject","inLanguage":"en-US","@id":"https:\/\/www.analoggwerz.com\/#\/schema\/logo\/image\/","url":"https:\/\/www.analoggwerz.com\/wp-content\/uploads\/2025\/10\/000-LOGO-ANALOG-GWERZ-NOIR-1.png","contentUrl":"https:\/\/www.analoggwerz.com\/wp-content\/uploads\/2025\/10\/000-LOGO-ANALOG-GWERZ-NOIR-1.png","width":800,"height":407,"caption":"Analog Gwerz"},"image":{"@id":"https:\/\/www.analoggwerz.com\/#\/schema\/logo\/image\/"},"sameAs":["https:\/\/www.instagram.com\/analog_gwerz\/","https:\/\/www.tiktok.com\/@analog_gwerz"]}]}},"jetpack_sharing_enabled":true,"_links":{"self":[{"href":"https:\/\/www.analoggwerz.com\/en\/wp-json\/wp\/v2\/product\/4327","targetHints":{"allow":["GET"]}}],"collection":[{"href":"https:\/\/www.analoggwerz.com\/en\/wp-json\/wp\/v2\/product"}],"about":[{"href":"https:\/\/www.analoggwerz.com\/en\/wp-json\/wp\/v2\/types\/product"}],"wp:featuredmedia":[{"embeddable":true,"href":"https:\/\/www.analoggwerz.com\/en\/wp-json\/wp\/v2\/media\/4324"}],"wp:attachment":[{"href":"https:\/\/www.analoggwerz.com\/en\/wp-json\/wp\/v2\/media?parent=4327"}],"wp:term":[{"taxonomy":"product_brand","embeddable":true,"href":"https:\/\/www.analoggwerz.com\/en\/wp-json\/wp\/v2\/product_brand?post=4327"},{"taxonomy":"product_cat","embeddable":true,"href":"https:\/\/www.analoggwerz.com\/en\/wp-json\/wp\/v2\/product_cat?post=4327"},{"taxonomy":"product_tag","embeddable":true,"href":"https:\/\/www.analoggwerz.com\/en\/wp-json\/wp\/v2\/product_tag?post=4327"}],"curies":[{"name":"wp","href":"https:\/\/api.w.org\/{rel}","templated":true}]}}