{"id":4247,"date":"2025-05-07T10:36:49","date_gmt":"2025-05-07T10:36:49","guid":{"rendered":"https:\/\/www.analoggwerz.com\/produit\/sony-cybershot-dsc-w130\/"},"modified":"2025-10-31T21:55:20","modified_gmt":"2025-10-31T21:55:20","slug":"sony-cybershot-dsc-w130","status":"publish","type":"product","link":"https:\/\/www.analoggwerz.com\/en\/product\/sony-cybershot-dsc-w130\/","title":{"rendered":"Sony Cybershot DSC W130"},"content":{"rendered":"<p>Le Sony Cyber-shot DSC-W130 est un appareil photo num\u00e9rique compact \u00e9l\u00e9gant et performant, id\u00e9al pour la photo de rue, les voyages ou les souvenirs du quotidien. Dot\u00e9 d\u2019un capteur de 8,1 m\u00e9gapixels, d\u2019un zoom optique 4x Carl Zeiss et du stabilisateur Super SteadyShot, il offre des images nettes en toutes circonstances, m\u00eame en faible luminosit\u00e9.<\/p>\n<p>Il se distingue aussi par son \u00e9cran LCD de 2,5 pouces, sa d\u00e9tection des visages, son mode haute sensibilit\u00e9 jusqu\u2019\u00e0 ISO 3200, et sa fonction Smile Shutter pour capturer les sourires au bon moment. Compact, rapide \u00e0 d\u00e9gainer et simple d\u2019utilisation, c\u2019est un excellent choix pour les amateurs de photo r\u00e9tro et les fans du look des ann\u00e9es 2000.<\/p>\n<p>Caract\u00e9ristiques principales :<\/p>\n<p>Capteur 8,1 m\u00e9gapixels<\/p>\n<p>Zoom optique 4x (Carl Zeiss Vario-Tessar)<\/p>\n<p>Stabilisation Super SteadyShot<\/p>\n<p>ISO jusqu\u2019\u00e0 3200<\/p>\n<p>D\u00e9tection des visages et mode Smile Shutter<\/p>\n<p>\u00c9cran LCD 2,5 pouces<\/p>\n<p>Enregistrement vid\u00e9o VGA<\/p>\n<p>Design compact et finition m\u00e9tallique<\/p>\n<p>\u00c9tat g\u00e9n\u00e9ral : tr\u00e8s bon \u00e9tat, traces d\u2019usage l\u00e9g\u00e8res. Fonctionne parfaitement.<\/p>\n<p>Accessoires : livr\u00e9 avec un chargeur universel.<\/p>\n<p>\u00c0 noter : les cartes m\u00e9moire ne sont pas fournies.<\/p>","protected":false},"excerpt":{"rendered":"<p>Le Sony Cyber-shot DSC-W130 est un appareil photo num\u00e9rique compact \u00e9l\u00e9gant et performant, id\u00e9al pour la photo de rue, les voyages ou les souvenirs du quotidien. Dot\u00e9 d\u2019un capteur de 8,1 m\u00e9gapixels, d\u2019un zoom optique 4x Carl Zeiss et du stabilisateur Super SteadyShot, il offre des images nettes en toutes circonstances, m\u00eame en faible luminosit\u00e9. [&hellip;]<\/p>\n","protected":false},"featured_media":4246,"template":"","meta":[],"product_brand":[],"product_cat":[118,114,28],"product_tag":[],"class_list":{"0":"post-4247","1":"product","2":"type-product","3":"status-publish","4":"has-post-thumbnail","6":"product_cat-appareils-photo","7":"product_cat-appareils-photo-numeriques","8":"product_cat-appareils-photos-compacts-numeriques","9":"pa_marque-sony","11":"first","12":"outofstock","13":"purchasable","14":"product-type-simple"},"yoast_head":"<!-- This site is optimized with the Yoast SEO plugin v27.5 - https:\/\/yoast.com\/product\/yoast-seo-wordpress\/ -->\n<title>Sony Cybershot DSC W130 est disponible sur la boutique !<\/title>\n<meta name=\"description\" content=\"Cliquez ici pour d\u00e9couvrir Sony Cybershot DSC W130 sur la boutique.\" \/>\n<meta name=\"robots\" content=\"index, follow, max-snippet:-1, max-image-preview:large, max-video-preview:-1\" \/>\n<link rel=\"canonical\" href=\"https:\/\/www.analoggwerz.com\/en\/product\/sony-cybershot-dsc-w130\/\" \/>\n<meta property=\"og:locale\" content=\"en_US\" \/>\n<meta property=\"og:type\" content=\"article\" \/>\n<meta property=\"og:title\" content=\"Sony Cybershot DSC W130 est disponible sur la boutique !\" \/>\n<meta property=\"og:description\" content=\"Cliquez ici pour d\u00e9couvrir Sony Cybershot DSC W130 sur la boutique.\" \/>\n<meta property=\"og:url\" content=\"https:\/\/www.analoggwerz.com\/en\/product\/sony-cybershot-dsc-w130\/\" \/>\n<meta property=\"og:site_name\" content=\"Analog Gwerz\" \/>\n<meta property=\"article:modified_time\" content=\"2025-10-31T21:55:20+00:00\" \/>\n<meta property=\"og:image\" content=\"https:\/\/www.analoggwerz.com\/wp-content\/uploads\/2025\/05\/img_6240-scaled.jpeg\" \/>\n\t<meta property=\"og:image:width\" content=\"2560\" \/>\n\t<meta property=\"og:image:height\" content=\"1920\" \/>\n\t<meta property=\"og:image:type\" content=\"image\/jpeg\" \/>\n<meta name=\"twitter:card\" content=\"summary_large_image\" \/>\n<meta name=\"twitter:label1\" content=\"Est. reading time\" \/>\n\t<meta name=\"twitter:data1\" content=\"1 minute\" \/>\n<script type=\"application\/ld+json\" class=\"yoast-schema-graph\">{\"@context\":\"https:\\\/\\\/schema.org\",\"@graph\":[{\"@type\":\"WebPage\",\"@id\":\"https:\\\/\\\/www.analoggwerz.com\\\/produit\\\/sony-cybershot-dsc-w130\\\/\",\"url\":\"https:\\\/\\\/www.analoggwerz.com\\\/produit\\\/sony-cybershot-dsc-w130\\\/\",\"name\":\"Sony Cybershot DSC W130 est disponible sur la boutique !\",\"isPartOf\":{\"@id\":\"https:\\\/\\\/www.analoggwerz.com\\\/#website\"},\"primaryImageOfPage\":{\"@id\":\"https:\\\/\\\/www.analoggwerz.com\\\/produit\\\/sony-cybershot-dsc-w130\\\/#primaryimage\"},\"image\":{\"@id\":\"https:\\\/\\\/www.analoggwerz.com\\\/produit\\\/sony-cybershot-dsc-w130\\\/#primaryimage\"},\"thumbnailUrl\":\"https:\\\/\\\/www.analoggwerz.com\\\/wp-content\\\/uploads\\\/2025\\\/05\\\/img_6240-scaled.jpeg\",\"datePublished\":\"2025-05-07T10:36:49+00:00\",\"dateModified\":\"2025-10-31T21:55:20+00:00\",\"description\":\"Cliquez ici pour d\u00e9couvrir Sony Cybershot DSC W130 sur la boutique.\",\"breadcrumb\":{\"@id\":\"https:\\\/\\\/www.analoggwerz.com\\\/produit\\\/sony-cybershot-dsc-w130\\\/#breadcrumb\"},\"inLanguage\":\"en-US\",\"potentialAction\":[{\"@type\":\"ReadAction\",\"target\":[\"https:\\\/\\\/www.analoggwerz.com\\\/produit\\\/sony-cybershot-dsc-w130\\\/\"]}]},{\"@type\":\"ImageObject\",\"inLanguage\":\"en-US\",\"@id\":\"https:\\\/\\\/www.analoggwerz.com\\\/produit\\\/sony-cybershot-dsc-w130\\\/#primaryimage\",\"url\":\"https:\\\/\\\/www.analoggwerz.com\\\/wp-content\\\/uploads\\\/2025\\\/05\\\/img_6240-scaled.jpeg\",\"contentUrl\":\"https:\\\/\\\/www.analoggwerz.com\\\/wp-content\\\/uploads\\\/2025\\\/05\\\/img_6240-scaled.jpeg\",\"width\":2560,\"height\":1920},{\"@type\":\"BreadcrumbList\",\"@id\":\"https:\\\/\\\/www.analoggwerz.com\\\/produit\\\/sony-cybershot-dsc-w130\\\/#breadcrumb\",\"itemListElement\":[{\"@type\":\"ListItem\",\"position\":1,\"name\":\"Accueil\",\"item\":\"https:\\\/\\\/www.analoggwerz.com\\\/\"},{\"@type\":\"ListItem\",\"position\":2,\"name\":\"Boutique\",\"item\":\"https:\\\/\\\/www.analoggwerz.com\\\/shop\\\/\"},{\"@type\":\"ListItem\",\"position\":3,\"name\":\"Sony Cybershot DSC W130\"}]},{\"@type\":\"WebSite\",\"@id\":\"https:\\\/\\\/www.analoggwerz.com\\\/#website\",\"url\":\"https:\\\/\\\/www.analoggwerz.com\\\/\",\"name\":\"Analog Gwerz\",\"description\":\"Pas besoin de neuf pour capturer l&#039;instant !\",\"publisher\":{\"@id\":\"https:\\\/\\\/www.analoggwerz.com\\\/#organization\"},\"potentialAction\":[{\"@type\":\"SearchAction\",\"target\":{\"@type\":\"EntryPoint\",\"urlTemplate\":\"https:\\\/\\\/www.analoggwerz.com\\\/?s={search_term_string}\"},\"query-input\":{\"@type\":\"PropertyValueSpecification\",\"valueRequired\":true,\"valueName\":\"search_term_string\"}}],\"inLanguage\":\"en-US\"},{\"@type\":\"Organization\",\"@id\":\"https:\\\/\\\/www.analoggwerz.com\\\/#organization\",\"name\":\"Analog Gwerz\",\"url\":\"https:\\\/\\\/www.analoggwerz.com\\\/\",\"logo\":{\"@type\":\"ImageObject\",\"inLanguage\":\"en-US\",\"@id\":\"https:\\\/\\\/www.analoggwerz.com\\\/#\\\/schema\\\/logo\\\/image\\\/\",\"url\":\"https:\\\/\\\/www.analoggwerz.com\\\/wp-content\\\/uploads\\\/2025\\\/10\\\/000-LOGO-ANALOG-GWERZ-NOIR-1.png\",\"contentUrl\":\"https:\\\/\\\/www.analoggwerz.com\\\/wp-content\\\/uploads\\\/2025\\\/10\\\/000-LOGO-ANALOG-GWERZ-NOIR-1.png\",\"width\":800,\"height\":407,\"caption\":\"Analog Gwerz\"},\"image\":{\"@id\":\"https:\\\/\\\/www.analoggwerz.com\\\/#\\\/schema\\\/logo\\\/image\\\/\"},\"sameAs\":[\"https:\\\/\\\/www.instagram.com\\\/analog_gwerz\\\/\",\"https:\\\/\\\/www.tiktok.com\\\/@analog_gwerz\"]}]}<\/script>\n<!-- \/ Yoast SEO plugin. -->","yoast_head_json":{"title":"Sony Cybershot DSC W130 est disponible sur la boutique !","description":"Cliquez ici pour d\u00e9couvrir Sony Cybershot DSC W130 sur la boutique.","robots":{"index":"index","follow":"follow","max-snippet":"max-snippet:-1","max-image-preview":"max-image-preview:large","max-video-preview":"max-video-preview:-1"},"canonical":"https:\/\/www.analoggwerz.com\/en\/product\/sony-cybershot-dsc-w130\/","og_locale":"en_US","og_type":"article","og_title":"Sony Cybershot DSC W130 est disponible sur la boutique !","og_description":"Cliquez ici pour d\u00e9couvrir Sony Cybershot DSC W130 sur la boutique.","og_url":"https:\/\/www.analoggwerz.com\/en\/product\/sony-cybershot-dsc-w130\/","og_site_name":"Analog Gwerz","article_modified_time":"2025-10-31T21:55:20+00:00","og_image":[{"width":2560,"height":1920,"url":"https:\/\/www.analoggwerz.com\/wp-content\/uploads\/2025\/05\/img_6240-scaled.jpeg","type":"image\/jpeg"}],"twitter_card":"summary_large_image","twitter_misc":{"Est. reading time":"1 minute"},"schema":{"@context":"https:\/\/schema.org","@graph":[{"@type":"WebPage","@id":"https:\/\/www.analoggwerz.com\/produit\/sony-cybershot-dsc-w130\/","url":"https:\/\/www.analoggwerz.com\/produit\/sony-cybershot-dsc-w130\/","name":"Sony Cybershot DSC W130 est disponible sur la boutique !","isPartOf":{"@id":"https:\/\/www.analoggwerz.com\/#website"},"primaryImageOfPage":{"@id":"https:\/\/www.analoggwerz.com\/produit\/sony-cybershot-dsc-w130\/#primaryimage"},"image":{"@id":"https:\/\/www.analoggwerz.com\/produit\/sony-cybershot-dsc-w130\/#primaryimage"},"thumbnailUrl":"https:\/\/www.analoggwerz.com\/wp-content\/uploads\/2025\/05\/img_6240-scaled.jpeg","datePublished":"2025-05-07T10:36:49+00:00","dateModified":"2025-10-31T21:55:20+00:00","description":"Cliquez ici pour d\u00e9couvrir Sony Cybershot DSC W130 sur la boutique.","breadcrumb":{"@id":"https:\/\/www.analoggwerz.com\/produit\/sony-cybershot-dsc-w130\/#breadcrumb"},"inLanguage":"en-US","potentialAction":[{"@type":"ReadAction","target":["https:\/\/www.analoggwerz.com\/produit\/sony-cybershot-dsc-w130\/"]}]},{"@type":"ImageObject","inLanguage":"en-US","@id":"https:\/\/www.analoggwerz.com\/produit\/sony-cybershot-dsc-w130\/#primaryimage","url":"https:\/\/www.analoggwerz.com\/wp-content\/uploads\/2025\/05\/img_6240-scaled.jpeg","contentUrl":"https:\/\/www.analoggwerz.com\/wp-content\/uploads\/2025\/05\/img_6240-scaled.jpeg","width":2560,"height":1920},{"@type":"BreadcrumbList","@id":"https:\/\/www.analoggwerz.com\/produit\/sony-cybershot-dsc-w130\/#breadcrumb","itemListElement":[{"@type":"ListItem","position":1,"name":"Accueil","item":"https:\/\/www.analoggwerz.com\/"},{"@type":"ListItem","position":2,"name":"Boutique","item":"https:\/\/www.analoggwerz.com\/shop\/"},{"@type":"ListItem","position":3,"name":"Sony Cybershot DSC W130"}]},{"@type":"WebSite","@id":"https:\/\/www.analoggwerz.com\/#website","url":"https:\/\/www.analoggwerz.com\/","name":"Analog Gwerz","description":"Pas besoin de neuf pour capturer l&#039;instant !","publisher":{"@id":"https:\/\/www.analoggwerz.com\/#organization"},"potentialAction":[{"@type":"SearchAction","target":{"@type":"EntryPoint","urlTemplate":"https:\/\/www.analoggwerz.com\/?s={search_term_string}"},"query-input":{"@type":"PropertyValueSpecification","valueRequired":true,"valueName":"search_term_string"}}],"inLanguage":"en-US"},{"@type":"Organization","@id":"https:\/\/www.analoggwerz.com\/#organization","name":"Analog Gwerz","url":"https:\/\/www.analoggwerz.com\/","logo":{"@type":"ImageObject","inLanguage":"en-US","@id":"https:\/\/www.analoggwerz.com\/#\/schema\/logo\/image\/","url":"https:\/\/www.analoggwerz.com\/wp-content\/uploads\/2025\/10\/000-LOGO-ANALOG-GWERZ-NOIR-1.png","contentUrl":"https:\/\/www.analoggwerz.com\/wp-content\/uploads\/2025\/10\/000-LOGO-ANALOG-GWERZ-NOIR-1.png","width":800,"height":407,"caption":"Analog Gwerz"},"image":{"@id":"https:\/\/www.analoggwerz.com\/#\/schema\/logo\/image\/"},"sameAs":["https:\/\/www.instagram.com\/analog_gwerz\/","https:\/\/www.tiktok.com\/@analog_gwerz"]}]}},"jetpack_sharing_enabled":true,"_links":{"self":[{"href":"https:\/\/www.analoggwerz.com\/en\/wp-json\/wp\/v2\/product\/4247","targetHints":{"allow":["GET"]}}],"collection":[{"href":"https:\/\/www.analoggwerz.com\/en\/wp-json\/wp\/v2\/product"}],"about":[{"href":"https:\/\/www.analoggwerz.com\/en\/wp-json\/wp\/v2\/types\/product"}],"wp:featuredmedia":[{"embeddable":true,"href":"https:\/\/www.analoggwerz.com\/en\/wp-json\/wp\/v2\/media\/4246"}],"wp:attachment":[{"href":"https:\/\/www.analoggwerz.com\/en\/wp-json\/wp\/v2\/media?parent=4247"}],"wp:term":[{"taxonomy":"product_brand","embeddable":true,"href":"https:\/\/www.analoggwerz.com\/en\/wp-json\/wp\/v2\/product_brand?post=4247"},{"taxonomy":"product_cat","embeddable":true,"href":"https:\/\/www.analoggwerz.com\/en\/wp-json\/wp\/v2\/product_cat?post=4247"},{"taxonomy":"product_tag","embeddable":true,"href":"https:\/\/www.analoggwerz.com\/en\/wp-json\/wp\/v2\/product_tag?post=4247"}],"curies":[{"name":"wp","href":"https:\/\/api.w.org\/{rel}","templated":true}]}}