{"id":4200,"date":"2025-05-06T22:27:27","date_gmt":"2025-05-06T22:27:27","guid":{"rendered":"https:\/\/www.analoggwerz.com\/produit\/casio-exilim-ex-n1\/"},"modified":"2026-03-27T12:57:17","modified_gmt":"2026-03-27T12:57:17","slug":"casio-exilim-ex-n1","status":"publish","type":"product","link":"https:\/\/www.analoggwerz.com\/en\/product\/casio-exilim-ex-n1\/","title":{"rendered":"Casio Exilim EX N1 &#8211; Rouge"},"content":{"rendered":"<p>Le Casio Exilim EX-N1 est un compact num\u00e9rique styl\u00e9 et performant, parfait pour immortaliser vos instants du quotidien avec simplicit\u00e9. Dot\u00e9 d\u2019un capteur de 16,1 m\u00e9gapixels, d\u2019un zoom optique 5x et d\u2019un \u00e9cran LCD lumineux, il offre une belle qualit\u00e9 d\u2019image dans un format ultra-plat et color\u00e9. Id\u00e9al pour les utilisateurs \u00e0 la recherche d\u2019un appareil l\u00e9ger, intuitif et esth\u00e9tique.<\/p>\n<p>Caract\u00e9ristiques techniques :<\/p>\n<p>Capteur CCD 16,1 m\u00e9gapixels<\/p>\n<p>Objectif grand-angle 26 mm, zoom optique 5x<\/p>\n<p>\u00c9cran LCD 2,7 pouces (6,86 cm)<\/p>\n<p>Enregistrement vid\u00e9o HD<\/p>\n<p>Stabilisation \u00e9lectronique de l\u2019image<\/p>\n<p>D\u00e9tection des visages<\/p>\n<p>Design compact, finition brillante rouge<\/p>\n<p>\u00c9tat g\u00e9n\u00e9ral :<\/p>\n<p>Appareil en tr\u00e8s bon \u00e9tat esth\u00e9tique et parfaitement fonctionnel. Bo\u00eetier brillant bien conserv\u00e9, \u00e9cran propre et sans rayures.<\/p>\n<p>Accessoires inclus :<\/p>\n<p>Bo\u00eete d\u2019origine<\/p>\n<p>Batterie fournie<\/p>\n<p>Chargeur fourni<\/p>\n<p>Dragonne d\u2019origine<\/p>\n<p>Carte SD non incluse<\/p>\n<p>Photos contractuelles : elles t\u00e9moignent au mieux de l\u2019\u00e9tat r\u00e9el du produit. Il s\u2019agit d\u2019un produit d\u2019occasion, il peut pr\u00e9senter quelques marques d\u2019usure.<\/p>","protected":false},"excerpt":{"rendered":"<p>Le Casio Exilim EX-N1 est un compact num\u00e9rique styl\u00e9 et performant, parfait pour immortaliser vos instants du quotidien avec simplicit\u00e9. Dot\u00e9 d\u2019un capteur de 16,1 m\u00e9gapixels, d\u2019un zoom optique 5x et d\u2019un \u00e9cran LCD lumineux, il offre une belle qualit\u00e9 d\u2019image dans un format ultra-plat et color\u00e9. Id\u00e9al pour les utilisateurs \u00e0 la recherche d\u2019un [&hellip;]<\/p>\n","protected":false},"featured_media":4198,"template":"","meta":[],"product_brand":[],"product_cat":[118,114,28],"product_tag":[],"class_list":{"0":"post-4200","1":"product","2":"type-product","3":"status-publish","4":"has-post-thumbnail","6":"product_cat-appareils-photo","7":"product_cat-appareils-photo-numeriques","8":"product_cat-appareils-photos-compacts-numeriques","9":"pa_couleur-rouge","10":"pa_marque-casio","12":"first","13":"instock","14":"sale","15":"purchasable","16":"product-type-simple"},"yoast_head":"<!-- This site is optimized with the Yoast SEO plugin v27.5 - https:\/\/yoast.com\/product\/yoast-seo-wordpress\/ -->\n<title>Casio Exilim EX N1 - Rouge est disponible sur la boutique !<\/title>\n<meta name=\"description\" content=\"Cliquez ici pour d\u00e9couvrir Casio Exilim EX N1 - Rouge sur la boutique.\" \/>\n<meta name=\"robots\" content=\"index, follow, max-snippet:-1, max-image-preview:large, max-video-preview:-1\" \/>\n<link rel=\"canonical\" href=\"https:\/\/www.analoggwerz.com\/en\/product\/casio-exilim-ex-n1\/\" \/>\n<meta property=\"og:locale\" content=\"en_US\" \/>\n<meta property=\"og:type\" content=\"article\" \/>\n<meta property=\"og:title\" content=\"Casio Exilim EX N1 - Rouge est disponible sur la boutique !\" \/>\n<meta property=\"og:description\" content=\"Cliquez ici pour d\u00e9couvrir Casio Exilim EX N1 - Rouge sur la boutique.\" \/>\n<meta property=\"og:url\" content=\"https:\/\/www.analoggwerz.com\/en\/product\/casio-exilim-ex-n1\/\" \/>\n<meta property=\"og:site_name\" content=\"Analog Gwerz\" \/>\n<meta property=\"article:modified_time\" content=\"2026-03-27T12:57:17+00:00\" \/>\n<meta property=\"og:image\" content=\"https:\/\/www.analoggwerz.com\/wp-content\/uploads\/2025\/05\/img_6206-scaled.jpeg\" \/>\n\t<meta property=\"og:image:width\" content=\"2560\" \/>\n\t<meta property=\"og:image:height\" content=\"1920\" \/>\n\t<meta property=\"og:image:type\" content=\"image\/jpeg\" \/>\n<meta name=\"twitter:card\" content=\"summary_large_image\" \/>\n<meta name=\"twitter:label1\" content=\"Est. reading time\" \/>\n\t<meta name=\"twitter:data1\" content=\"1 minute\" \/>\n<script type=\"application\/ld+json\" class=\"yoast-schema-graph\">{\"@context\":\"https:\\\/\\\/schema.org\",\"@graph\":[{\"@type\":\"WebPage\",\"@id\":\"https:\\\/\\\/www.analoggwerz.com\\\/produit\\\/casio-exilim-ex-n1\\\/\",\"url\":\"https:\\\/\\\/www.analoggwerz.com\\\/produit\\\/casio-exilim-ex-n1\\\/\",\"name\":\"Casio Exilim EX N1 - Rouge est disponible sur la boutique !\",\"isPartOf\":{\"@id\":\"https:\\\/\\\/www.analoggwerz.com\\\/#website\"},\"primaryImageOfPage\":{\"@id\":\"https:\\\/\\\/www.analoggwerz.com\\\/produit\\\/casio-exilim-ex-n1\\\/#primaryimage\"},\"image\":{\"@id\":\"https:\\\/\\\/www.analoggwerz.com\\\/produit\\\/casio-exilim-ex-n1\\\/#primaryimage\"},\"thumbnailUrl\":\"https:\\\/\\\/www.analoggwerz.com\\\/wp-content\\\/uploads\\\/2025\\\/05\\\/img_6206-scaled.jpeg\",\"datePublished\":\"2025-05-06T22:27:27+00:00\",\"dateModified\":\"2026-03-27T12:57:17+00:00\",\"description\":\"Cliquez ici pour d\u00e9couvrir Casio Exilim EX N1 - Rouge sur la boutique.\",\"breadcrumb\":{\"@id\":\"https:\\\/\\\/www.analoggwerz.com\\\/produit\\\/casio-exilim-ex-n1\\\/#breadcrumb\"},\"inLanguage\":\"en-US\",\"potentialAction\":[{\"@type\":\"ReadAction\",\"target\":[\"https:\\\/\\\/www.analoggwerz.com\\\/produit\\\/casio-exilim-ex-n1\\\/\"]}]},{\"@type\":\"ImageObject\",\"inLanguage\":\"en-US\",\"@id\":\"https:\\\/\\\/www.analoggwerz.com\\\/produit\\\/casio-exilim-ex-n1\\\/#primaryimage\",\"url\":\"https:\\\/\\\/www.analoggwerz.com\\\/wp-content\\\/uploads\\\/2025\\\/05\\\/img_6206-scaled.jpeg\",\"contentUrl\":\"https:\\\/\\\/www.analoggwerz.com\\\/wp-content\\\/uploads\\\/2025\\\/05\\\/img_6206-scaled.jpeg\",\"width\":2560,\"height\":1920},{\"@type\":\"BreadcrumbList\",\"@id\":\"https:\\\/\\\/www.analoggwerz.com\\\/produit\\\/casio-exilim-ex-n1\\\/#breadcrumb\",\"itemListElement\":[{\"@type\":\"ListItem\",\"position\":1,\"name\":\"Accueil\",\"item\":\"https:\\\/\\\/www.analoggwerz.com\\\/\"},{\"@type\":\"ListItem\",\"position\":2,\"name\":\"Boutique\",\"item\":\"https:\\\/\\\/www.analoggwerz.com\\\/shop\\\/\"},{\"@type\":\"ListItem\",\"position\":3,\"name\":\"Casio Exilim EX N1 &#8211; Rouge\"}]},{\"@type\":\"WebSite\",\"@id\":\"https:\\\/\\\/www.analoggwerz.com\\\/#website\",\"url\":\"https:\\\/\\\/www.analoggwerz.com\\\/\",\"name\":\"Analog Gwerz\",\"description\":\"Pas besoin de neuf pour capturer l&#039;instant !\",\"publisher\":{\"@id\":\"https:\\\/\\\/www.analoggwerz.com\\\/#organization\"},\"potentialAction\":[{\"@type\":\"SearchAction\",\"target\":{\"@type\":\"EntryPoint\",\"urlTemplate\":\"https:\\\/\\\/www.analoggwerz.com\\\/?s={search_term_string}\"},\"query-input\":{\"@type\":\"PropertyValueSpecification\",\"valueRequired\":true,\"valueName\":\"search_term_string\"}}],\"inLanguage\":\"en-US\"},{\"@type\":\"Organization\",\"@id\":\"https:\\\/\\\/www.analoggwerz.com\\\/#organization\",\"name\":\"Analog Gwerz\",\"url\":\"https:\\\/\\\/www.analoggwerz.com\\\/\",\"logo\":{\"@type\":\"ImageObject\",\"inLanguage\":\"en-US\",\"@id\":\"https:\\\/\\\/www.analoggwerz.com\\\/#\\\/schema\\\/logo\\\/image\\\/\",\"url\":\"https:\\\/\\\/www.analoggwerz.com\\\/wp-content\\\/uploads\\\/2025\\\/10\\\/000-LOGO-ANALOG-GWERZ-NOIR-1.png\",\"contentUrl\":\"https:\\\/\\\/www.analoggwerz.com\\\/wp-content\\\/uploads\\\/2025\\\/10\\\/000-LOGO-ANALOG-GWERZ-NOIR-1.png\",\"width\":800,\"height\":407,\"caption\":\"Analog Gwerz\"},\"image\":{\"@id\":\"https:\\\/\\\/www.analoggwerz.com\\\/#\\\/schema\\\/logo\\\/image\\\/\"},\"sameAs\":[\"https:\\\/\\\/www.instagram.com\\\/analog_gwerz\\\/\",\"https:\\\/\\\/www.tiktok.com\\\/@analog_gwerz\"]}]}<\/script>\n<!-- \/ Yoast SEO plugin. -->","yoast_head_json":{"title":"Casio Exilim EX N1 - Rouge est disponible sur la boutique !","description":"Cliquez ici pour d\u00e9couvrir Casio Exilim EX N1 - Rouge sur la boutique.","robots":{"index":"index","follow":"follow","max-snippet":"max-snippet:-1","max-image-preview":"max-image-preview:large","max-video-preview":"max-video-preview:-1"},"canonical":"https:\/\/www.analoggwerz.com\/en\/product\/casio-exilim-ex-n1\/","og_locale":"en_US","og_type":"article","og_title":"Casio Exilim EX N1 - Rouge est disponible sur la boutique !","og_description":"Cliquez ici pour d\u00e9couvrir Casio Exilim EX N1 - Rouge sur la boutique.","og_url":"https:\/\/www.analoggwerz.com\/en\/product\/casio-exilim-ex-n1\/","og_site_name":"Analog Gwerz","article_modified_time":"2026-03-27T12:57:17+00:00","og_image":[{"width":2560,"height":1920,"url":"https:\/\/www.analoggwerz.com\/wp-content\/uploads\/2025\/05\/img_6206-scaled.jpeg","type":"image\/jpeg"}],"twitter_card":"summary_large_image","twitter_misc":{"Est. reading time":"1 minute"},"schema":{"@context":"https:\/\/schema.org","@graph":[{"@type":"WebPage","@id":"https:\/\/www.analoggwerz.com\/produit\/casio-exilim-ex-n1\/","url":"https:\/\/www.analoggwerz.com\/produit\/casio-exilim-ex-n1\/","name":"Casio Exilim EX N1 - Rouge est disponible sur la boutique !","isPartOf":{"@id":"https:\/\/www.analoggwerz.com\/#website"},"primaryImageOfPage":{"@id":"https:\/\/www.analoggwerz.com\/produit\/casio-exilim-ex-n1\/#primaryimage"},"image":{"@id":"https:\/\/www.analoggwerz.com\/produit\/casio-exilim-ex-n1\/#primaryimage"},"thumbnailUrl":"https:\/\/www.analoggwerz.com\/wp-content\/uploads\/2025\/05\/img_6206-scaled.jpeg","datePublished":"2025-05-06T22:27:27+00:00","dateModified":"2026-03-27T12:57:17+00:00","description":"Cliquez ici pour d\u00e9couvrir Casio Exilim EX N1 - Rouge sur la boutique.","breadcrumb":{"@id":"https:\/\/www.analoggwerz.com\/produit\/casio-exilim-ex-n1\/#breadcrumb"},"inLanguage":"en-US","potentialAction":[{"@type":"ReadAction","target":["https:\/\/www.analoggwerz.com\/produit\/casio-exilim-ex-n1\/"]}]},{"@type":"ImageObject","inLanguage":"en-US","@id":"https:\/\/www.analoggwerz.com\/produit\/casio-exilim-ex-n1\/#primaryimage","url":"https:\/\/www.analoggwerz.com\/wp-content\/uploads\/2025\/05\/img_6206-scaled.jpeg","contentUrl":"https:\/\/www.analoggwerz.com\/wp-content\/uploads\/2025\/05\/img_6206-scaled.jpeg","width":2560,"height":1920},{"@type":"BreadcrumbList","@id":"https:\/\/www.analoggwerz.com\/produit\/casio-exilim-ex-n1\/#breadcrumb","itemListElement":[{"@type":"ListItem","position":1,"name":"Accueil","item":"https:\/\/www.analoggwerz.com\/"},{"@type":"ListItem","position":2,"name":"Boutique","item":"https:\/\/www.analoggwerz.com\/shop\/"},{"@type":"ListItem","position":3,"name":"Casio Exilim EX N1 &#8211; Rouge"}]},{"@type":"WebSite","@id":"https:\/\/www.analoggwerz.com\/#website","url":"https:\/\/www.analoggwerz.com\/","name":"Analog Gwerz","description":"Pas besoin de neuf pour capturer l&#039;instant !","publisher":{"@id":"https:\/\/www.analoggwerz.com\/#organization"},"potentialAction":[{"@type":"SearchAction","target":{"@type":"EntryPoint","urlTemplate":"https:\/\/www.analoggwerz.com\/?s={search_term_string}"},"query-input":{"@type":"PropertyValueSpecification","valueRequired":true,"valueName":"search_term_string"}}],"inLanguage":"en-US"},{"@type":"Organization","@id":"https:\/\/www.analoggwerz.com\/#organization","name":"Analog Gwerz","url":"https:\/\/www.analoggwerz.com\/","logo":{"@type":"ImageObject","inLanguage":"en-US","@id":"https:\/\/www.analoggwerz.com\/#\/schema\/logo\/image\/","url":"https:\/\/www.analoggwerz.com\/wp-content\/uploads\/2025\/10\/000-LOGO-ANALOG-GWERZ-NOIR-1.png","contentUrl":"https:\/\/www.analoggwerz.com\/wp-content\/uploads\/2025\/10\/000-LOGO-ANALOG-GWERZ-NOIR-1.png","width":800,"height":407,"caption":"Analog Gwerz"},"image":{"@id":"https:\/\/www.analoggwerz.com\/#\/schema\/logo\/image\/"},"sameAs":["https:\/\/www.instagram.com\/analog_gwerz\/","https:\/\/www.tiktok.com\/@analog_gwerz"]}]}},"jetpack_sharing_enabled":true,"_links":{"self":[{"href":"https:\/\/www.analoggwerz.com\/en\/wp-json\/wp\/v2\/product\/4200","targetHints":{"allow":["GET"]}}],"collection":[{"href":"https:\/\/www.analoggwerz.com\/en\/wp-json\/wp\/v2\/product"}],"about":[{"href":"https:\/\/www.analoggwerz.com\/en\/wp-json\/wp\/v2\/types\/product"}],"wp:featuredmedia":[{"embeddable":true,"href":"https:\/\/www.analoggwerz.com\/en\/wp-json\/wp\/v2\/media\/4198"}],"wp:attachment":[{"href":"https:\/\/www.analoggwerz.com\/en\/wp-json\/wp\/v2\/media?parent=4200"}],"wp:term":[{"taxonomy":"product_brand","embeddable":true,"href":"https:\/\/www.analoggwerz.com\/en\/wp-json\/wp\/v2\/product_brand?post=4200"},{"taxonomy":"product_cat","embeddable":true,"href":"https:\/\/www.analoggwerz.com\/en\/wp-json\/wp\/v2\/product_cat?post=4200"},{"taxonomy":"product_tag","embeddable":true,"href":"https:\/\/www.analoggwerz.com\/en\/wp-json\/wp\/v2\/product_tag?post=4200"}],"curies":[{"name":"wp","href":"https:\/\/api.w.org\/{rel}","templated":true}]}}