{"id":4103,"date":"2025-05-06T08:03:42","date_gmt":"2025-05-06T08:03:42","guid":{"rendered":"https:\/\/www.analoggwerz.com\/produit\/appareil-photo-hybride-nikon-1-s1-blanc-objectif-11-27-5mm-accessoires-tres-bon-etat\/"},"modified":"2025-10-31T21:55:21","modified_gmt":"2025-10-31T21:55:21","slug":"appareil-photo-hybride-nikon-1-s1-blanc-objectif-11-27-5mm-accessoires-tres-bon-etat","status":"publish","type":"product","link":"https:\/\/www.analoggwerz.com\/en\/product\/appareil-photo-hybride-nikon-1-s1-blanc-objectif-11-27-5mm-accessoires-tres-bon-etat\/","title":{"rendered":"Nikon 1 S1 + objectif 11-27.5mm"},"content":{"rendered":"<p>D\u00e9couvrez le Nikon 1 S1, un appareil photo hybride compact, rapide et intuitif, id\u00e9al pour les photographes d\u00e9butants comme confirm\u00e9s. L\u00e9ger et performant, il est ici propos\u00e9 en excellent \u00e9tat avec son objectif d\u2019origine 1 NIKKOR 11-27.5mm f\/3.5-5.6, son flash pop-up int\u00e9gr\u00e9, et de nombreux accessoires.<\/p>\n<p>Caract\u00e9ristiques techniques :<\/p>\n<p>Capteur CMOS de 10,1 Mpx au format CX<\/p>\n<p>Autofocus ultra-rapide avec d\u00e9tection de phase<\/p>\n<p>Rafale jusqu\u2019\u00e0 15 images\/sec avec autofocus continu<\/p>\n<p>Enregistrement vid\u00e9o Full HD 1080p<\/p>\n<p>Objectif compact NIKKOR 11-27.5mm inclus (\u00e9quivalent 30-74mm)<\/p>\n<p>Flash int\u00e9gr\u00e9 escamotable<\/p>\n<p>\u00c9cran LCD 3\u201d lumineux<\/p>\n<p>\u00c9tat g\u00e9n\u00e9ral :<\/p>\n<p>Appareil en tr\u00e8s bon \u00e9tat cosm\u00e9tique et fonctionnel<\/p>\n<p>\u00c9cran sans rayures marqu\u00e9es<\/p>\n<p>Objectif propre, sans poussi\u00e8re ni champignon<\/p>\n<p>Accessoires inclus :<\/p>\n<p>Batterie Nikon d\u2019origine + chargeur secteur<\/p>\n<p>C\u00e2ble USB<\/p>\n<p>Courroie d\u2019origine<\/p>\n<p>Bouchons avant et arri\u00e8re d\u2019objectif<\/p>\n<p>Filtre de protection UV Halida<\/p>\n<p>Bo\u00eete d\u2019origine<\/p>\n<p>Photos contractuelles : les images montrent le produit dans son \u00e9tat r\u00e9el. Tous nos appareils sont test\u00e9s et garantis fonctionnels.<\/p>","protected":false},"excerpt":{"rendered":"<p>D\u00e9couvrez le Nikon 1 S1, un appareil photo hybride compact, rapide et intuitif, id\u00e9al pour les photographes d\u00e9butants comme confirm\u00e9s. L\u00e9ger et performant, il est ici propos\u00e9 en excellent \u00e9tat avec son objectif d\u2019origine 1 NIKKOR 11-27.5mm f\/3.5-5.6, son flash pop-up int\u00e9gr\u00e9, et de nombreux accessoires. Caract\u00e9ristiques techniques : Capteur CMOS de 10,1 Mpx au [&hellip;]<\/p>\n","protected":false},"featured_media":4099,"template":"","meta":[],"product_brand":[],"product_cat":[118,114,116],"product_tag":[],"class_list":{"0":"post-4103","1":"product","2":"type-product","3":"status-publish","4":"has-post-thumbnail","6":"product_cat-appareils-photo","7":"product_cat-appareils-photo-numeriques","8":"product_cat-reflex-numeriques","9":"pa_marque-nikon","11":"first","12":"outofstock","13":"purchasable","14":"product-type-simple"},"yoast_head":"<!-- This site is optimized with the Yoast SEO plugin v27.5 - https:\/\/yoast.com\/product\/yoast-seo-wordpress\/ -->\n<title>Nikon 1 S1 + objectif 11-27.5mm est disponible sur la boutique !<\/title>\n<meta name=\"description\" content=\"Cliquez ici pour d\u00e9couvrir Nikon 1 S1 + objectif 11-27.5mm sur la boutique.\" \/>\n<meta name=\"robots\" content=\"index, follow, max-snippet:-1, max-image-preview:large, max-video-preview:-1\" \/>\n<link rel=\"canonical\" href=\"https:\/\/www.analoggwerz.com\/en\/product\/appareil-photo-hybride-nikon-1-s1-blanc-objectif-11-27-5mm-accessoires-tres-bon-etat\/\" \/>\n<meta property=\"og:locale\" content=\"en_US\" \/>\n<meta property=\"og:type\" content=\"article\" \/>\n<meta property=\"og:title\" content=\"Nikon 1 S1 + objectif 11-27.5mm est disponible sur la boutique !\" \/>\n<meta property=\"og:description\" content=\"Cliquez ici pour d\u00e9couvrir Nikon 1 S1 + objectif 11-27.5mm sur la boutique.\" \/>\n<meta property=\"og:url\" content=\"https:\/\/www.analoggwerz.com\/en\/product\/appareil-photo-hybride-nikon-1-s1-blanc-objectif-11-27-5mm-accessoires-tres-bon-etat\/\" \/>\n<meta property=\"og:site_name\" content=\"Analog Gwerz\" \/>\n<meta property=\"article:modified_time\" content=\"2025-10-31T21:55:21+00:00\" \/>\n<meta property=\"og:image\" content=\"https:\/\/www.analoggwerz.com\/wp-content\/uploads\/2025\/05\/img_6713-scaled.jpeg\" \/>\n\t<meta property=\"og:image:width\" content=\"2560\" \/>\n\t<meta property=\"og:image:height\" content=\"1920\" \/>\n\t<meta property=\"og:image:type\" content=\"image\/jpeg\" \/>\n<meta name=\"twitter:card\" content=\"summary_large_image\" \/>\n<meta name=\"twitter:label1\" content=\"Est. reading time\" \/>\n\t<meta name=\"twitter:data1\" content=\"1 minute\" \/>\n<script type=\"application\/ld+json\" class=\"yoast-schema-graph\">{\"@context\":\"https:\\\/\\\/schema.org\",\"@graph\":[{\"@type\":\"WebPage\",\"@id\":\"https:\\\/\\\/www.analoggwerz.com\\\/produit\\\/appareil-photo-hybride-nikon-1-s1-blanc-objectif-11-27-5mm-accessoires-tres-bon-etat\\\/\",\"url\":\"https:\\\/\\\/www.analoggwerz.com\\\/produit\\\/appareil-photo-hybride-nikon-1-s1-blanc-objectif-11-27-5mm-accessoires-tres-bon-etat\\\/\",\"name\":\"Nikon 1 S1 + objectif 11-27.5mm est disponible sur la boutique !\",\"isPartOf\":{\"@id\":\"https:\\\/\\\/www.analoggwerz.com\\\/#website\"},\"primaryImageOfPage\":{\"@id\":\"https:\\\/\\\/www.analoggwerz.com\\\/produit\\\/appareil-photo-hybride-nikon-1-s1-blanc-objectif-11-27-5mm-accessoires-tres-bon-etat\\\/#primaryimage\"},\"image\":{\"@id\":\"https:\\\/\\\/www.analoggwerz.com\\\/produit\\\/appareil-photo-hybride-nikon-1-s1-blanc-objectif-11-27-5mm-accessoires-tres-bon-etat\\\/#primaryimage\"},\"thumbnailUrl\":\"https:\\\/\\\/www.analoggwerz.com\\\/wp-content\\\/uploads\\\/2025\\\/05\\\/img_6713-scaled.jpeg\",\"datePublished\":\"2025-05-06T08:03:42+00:00\",\"dateModified\":\"2025-10-31T21:55:21+00:00\",\"description\":\"Cliquez ici pour d\u00e9couvrir Nikon 1 S1 + objectif 11-27.5mm sur la boutique.\",\"breadcrumb\":{\"@id\":\"https:\\\/\\\/www.analoggwerz.com\\\/produit\\\/appareil-photo-hybride-nikon-1-s1-blanc-objectif-11-27-5mm-accessoires-tres-bon-etat\\\/#breadcrumb\"},\"inLanguage\":\"en-US\",\"potentialAction\":[{\"@type\":\"ReadAction\",\"target\":[\"https:\\\/\\\/www.analoggwerz.com\\\/produit\\\/appareil-photo-hybride-nikon-1-s1-blanc-objectif-11-27-5mm-accessoires-tres-bon-etat\\\/\"]}]},{\"@type\":\"ImageObject\",\"inLanguage\":\"en-US\",\"@id\":\"https:\\\/\\\/www.analoggwerz.com\\\/produit\\\/appareil-photo-hybride-nikon-1-s1-blanc-objectif-11-27-5mm-accessoires-tres-bon-etat\\\/#primaryimage\",\"url\":\"https:\\\/\\\/www.analoggwerz.com\\\/wp-content\\\/uploads\\\/2025\\\/05\\\/img_6713-scaled.jpeg\",\"contentUrl\":\"https:\\\/\\\/www.analoggwerz.com\\\/wp-content\\\/uploads\\\/2025\\\/05\\\/img_6713-scaled.jpeg\",\"width\":2560,\"height\":1920},{\"@type\":\"BreadcrumbList\",\"@id\":\"https:\\\/\\\/www.analoggwerz.com\\\/produit\\\/appareil-photo-hybride-nikon-1-s1-blanc-objectif-11-27-5mm-accessoires-tres-bon-etat\\\/#breadcrumb\",\"itemListElement\":[{\"@type\":\"ListItem\",\"position\":1,\"name\":\"Accueil\",\"item\":\"https:\\\/\\\/www.analoggwerz.com\\\/\"},{\"@type\":\"ListItem\",\"position\":2,\"name\":\"Boutique\",\"item\":\"https:\\\/\\\/www.analoggwerz.com\\\/shop\\\/\"},{\"@type\":\"ListItem\",\"position\":3,\"name\":\"Nikon 1 S1 + objectif 11-27.5mm\"}]},{\"@type\":\"WebSite\",\"@id\":\"https:\\\/\\\/www.analoggwerz.com\\\/#website\",\"url\":\"https:\\\/\\\/www.analoggwerz.com\\\/\",\"name\":\"Analog Gwerz\",\"description\":\"Pas besoin de neuf pour capturer l&#039;instant !\",\"publisher\":{\"@id\":\"https:\\\/\\\/www.analoggwerz.com\\\/#organization\"},\"potentialAction\":[{\"@type\":\"SearchAction\",\"target\":{\"@type\":\"EntryPoint\",\"urlTemplate\":\"https:\\\/\\\/www.analoggwerz.com\\\/?s={search_term_string}\"},\"query-input\":{\"@type\":\"PropertyValueSpecification\",\"valueRequired\":true,\"valueName\":\"search_term_string\"}}],\"inLanguage\":\"en-US\"},{\"@type\":\"Organization\",\"@id\":\"https:\\\/\\\/www.analoggwerz.com\\\/#organization\",\"name\":\"Analog Gwerz\",\"url\":\"https:\\\/\\\/www.analoggwerz.com\\\/\",\"logo\":{\"@type\":\"ImageObject\",\"inLanguage\":\"en-US\",\"@id\":\"https:\\\/\\\/www.analoggwerz.com\\\/#\\\/schema\\\/logo\\\/image\\\/\",\"url\":\"https:\\\/\\\/www.analoggwerz.com\\\/wp-content\\\/uploads\\\/2025\\\/10\\\/000-LOGO-ANALOG-GWERZ-NOIR-1.png\",\"contentUrl\":\"https:\\\/\\\/www.analoggwerz.com\\\/wp-content\\\/uploads\\\/2025\\\/10\\\/000-LOGO-ANALOG-GWERZ-NOIR-1.png\",\"width\":800,\"height\":407,\"caption\":\"Analog Gwerz\"},\"image\":{\"@id\":\"https:\\\/\\\/www.analoggwerz.com\\\/#\\\/schema\\\/logo\\\/image\\\/\"},\"sameAs\":[\"https:\\\/\\\/www.instagram.com\\\/analog_gwerz\\\/\",\"https:\\\/\\\/www.tiktok.com\\\/@analog_gwerz\"]}]}<\/script>\n<!-- \/ Yoast SEO plugin. -->","yoast_head_json":{"title":"Nikon 1 S1 + objectif 11-27.5mm est disponible sur la boutique !","description":"Cliquez ici pour d\u00e9couvrir Nikon 1 S1 + objectif 11-27.5mm sur la boutique.","robots":{"index":"index","follow":"follow","max-snippet":"max-snippet:-1","max-image-preview":"max-image-preview:large","max-video-preview":"max-video-preview:-1"},"canonical":"https:\/\/www.analoggwerz.com\/en\/product\/appareil-photo-hybride-nikon-1-s1-blanc-objectif-11-27-5mm-accessoires-tres-bon-etat\/","og_locale":"en_US","og_type":"article","og_title":"Nikon 1 S1 + objectif 11-27.5mm est disponible sur la boutique !","og_description":"Cliquez ici pour d\u00e9couvrir Nikon 1 S1 + objectif 11-27.5mm sur la boutique.","og_url":"https:\/\/www.analoggwerz.com\/en\/product\/appareil-photo-hybride-nikon-1-s1-blanc-objectif-11-27-5mm-accessoires-tres-bon-etat\/","og_site_name":"Analog Gwerz","article_modified_time":"2025-10-31T21:55:21+00:00","og_image":[{"width":2560,"height":1920,"url":"https:\/\/www.analoggwerz.com\/wp-content\/uploads\/2025\/05\/img_6713-scaled.jpeg","type":"image\/jpeg"}],"twitter_card":"summary_large_image","twitter_misc":{"Est. reading time":"1 minute"},"schema":{"@context":"https:\/\/schema.org","@graph":[{"@type":"WebPage","@id":"https:\/\/www.analoggwerz.com\/produit\/appareil-photo-hybride-nikon-1-s1-blanc-objectif-11-27-5mm-accessoires-tres-bon-etat\/","url":"https:\/\/www.analoggwerz.com\/produit\/appareil-photo-hybride-nikon-1-s1-blanc-objectif-11-27-5mm-accessoires-tres-bon-etat\/","name":"Nikon 1 S1 + objectif 11-27.5mm est disponible sur la boutique !","isPartOf":{"@id":"https:\/\/www.analoggwerz.com\/#website"},"primaryImageOfPage":{"@id":"https:\/\/www.analoggwerz.com\/produit\/appareil-photo-hybride-nikon-1-s1-blanc-objectif-11-27-5mm-accessoires-tres-bon-etat\/#primaryimage"},"image":{"@id":"https:\/\/www.analoggwerz.com\/produit\/appareil-photo-hybride-nikon-1-s1-blanc-objectif-11-27-5mm-accessoires-tres-bon-etat\/#primaryimage"},"thumbnailUrl":"https:\/\/www.analoggwerz.com\/wp-content\/uploads\/2025\/05\/img_6713-scaled.jpeg","datePublished":"2025-05-06T08:03:42+00:00","dateModified":"2025-10-31T21:55:21+00:00","description":"Cliquez ici pour d\u00e9couvrir Nikon 1 S1 + objectif 11-27.5mm sur la boutique.","breadcrumb":{"@id":"https:\/\/www.analoggwerz.com\/produit\/appareil-photo-hybride-nikon-1-s1-blanc-objectif-11-27-5mm-accessoires-tres-bon-etat\/#breadcrumb"},"inLanguage":"en-US","potentialAction":[{"@type":"ReadAction","target":["https:\/\/www.analoggwerz.com\/produit\/appareil-photo-hybride-nikon-1-s1-blanc-objectif-11-27-5mm-accessoires-tres-bon-etat\/"]}]},{"@type":"ImageObject","inLanguage":"en-US","@id":"https:\/\/www.analoggwerz.com\/produit\/appareil-photo-hybride-nikon-1-s1-blanc-objectif-11-27-5mm-accessoires-tres-bon-etat\/#primaryimage","url":"https:\/\/www.analoggwerz.com\/wp-content\/uploads\/2025\/05\/img_6713-scaled.jpeg","contentUrl":"https:\/\/www.analoggwerz.com\/wp-content\/uploads\/2025\/05\/img_6713-scaled.jpeg","width":2560,"height":1920},{"@type":"BreadcrumbList","@id":"https:\/\/www.analoggwerz.com\/produit\/appareil-photo-hybride-nikon-1-s1-blanc-objectif-11-27-5mm-accessoires-tres-bon-etat\/#breadcrumb","itemListElement":[{"@type":"ListItem","position":1,"name":"Accueil","item":"https:\/\/www.analoggwerz.com\/"},{"@type":"ListItem","position":2,"name":"Boutique","item":"https:\/\/www.analoggwerz.com\/shop\/"},{"@type":"ListItem","position":3,"name":"Nikon 1 S1 + objectif 11-27.5mm"}]},{"@type":"WebSite","@id":"https:\/\/www.analoggwerz.com\/#website","url":"https:\/\/www.analoggwerz.com\/","name":"Analog Gwerz","description":"Pas besoin de neuf pour capturer l&#039;instant !","publisher":{"@id":"https:\/\/www.analoggwerz.com\/#organization"},"potentialAction":[{"@type":"SearchAction","target":{"@type":"EntryPoint","urlTemplate":"https:\/\/www.analoggwerz.com\/?s={search_term_string}"},"query-input":{"@type":"PropertyValueSpecification","valueRequired":true,"valueName":"search_term_string"}}],"inLanguage":"en-US"},{"@type":"Organization","@id":"https:\/\/www.analoggwerz.com\/#organization","name":"Analog Gwerz","url":"https:\/\/www.analoggwerz.com\/","logo":{"@type":"ImageObject","inLanguage":"en-US","@id":"https:\/\/www.analoggwerz.com\/#\/schema\/logo\/image\/","url":"https:\/\/www.analoggwerz.com\/wp-content\/uploads\/2025\/10\/000-LOGO-ANALOG-GWERZ-NOIR-1.png","contentUrl":"https:\/\/www.analoggwerz.com\/wp-content\/uploads\/2025\/10\/000-LOGO-ANALOG-GWERZ-NOIR-1.png","width":800,"height":407,"caption":"Analog Gwerz"},"image":{"@id":"https:\/\/www.analoggwerz.com\/#\/schema\/logo\/image\/"},"sameAs":["https:\/\/www.instagram.com\/analog_gwerz\/","https:\/\/www.tiktok.com\/@analog_gwerz"]}]}},"jetpack_sharing_enabled":true,"_links":{"self":[{"href":"https:\/\/www.analoggwerz.com\/en\/wp-json\/wp\/v2\/product\/4103","targetHints":{"allow":["GET"]}}],"collection":[{"href":"https:\/\/www.analoggwerz.com\/en\/wp-json\/wp\/v2\/product"}],"about":[{"href":"https:\/\/www.analoggwerz.com\/en\/wp-json\/wp\/v2\/types\/product"}],"wp:featuredmedia":[{"embeddable":true,"href":"https:\/\/www.analoggwerz.com\/en\/wp-json\/wp\/v2\/media\/4099"}],"wp:attachment":[{"href":"https:\/\/www.analoggwerz.com\/en\/wp-json\/wp\/v2\/media?parent=4103"}],"wp:term":[{"taxonomy":"product_brand","embeddable":true,"href":"https:\/\/www.analoggwerz.com\/en\/wp-json\/wp\/v2\/product_brand?post=4103"},{"taxonomy":"product_cat","embeddable":true,"href":"https:\/\/www.analoggwerz.com\/en\/wp-json\/wp\/v2\/product_cat?post=4103"},{"taxonomy":"product_tag","embeddable":true,"href":"https:\/\/www.analoggwerz.com\/en\/wp-json\/wp\/v2\/product_tag?post=4103"}],"curies":[{"name":"wp","href":"https:\/\/api.w.org\/{rel}","templated":true}]}}