{"id":4001,"date":"2025-05-05T22:16:51","date_gmt":"2025-05-05T22:16:51","guid":{"rendered":"https:\/\/www.analoggwerz.com\/produit\/sony-dcr-sx30e\/"},"modified":"2025-10-31T21:55:22","modified_gmt":"2025-10-31T21:55:22","slug":"sony-dcr-sx30e","status":"publish","type":"product","link":"https:\/\/www.analoggwerz.com\/en\/product\/sony-dcr-sx30e\/","title":{"rendered":"Sony Handycam DCR SX30E"},"content":{"rendered":"<p>Le Sony DCR-SX30E est un cam\u00e9scope num\u00e9rique compact con\u00e7u pour filmer facilement en toutes circonstances, que ce soit en voyage, en famille ou au quotidien. Il se distingue par son zoom optique 60x ultra-puissant, son objectif Carl Zeiss de qualit\u00e9, et ses 4 Go de m\u00e9moire flash int\u00e9gr\u00e9e, extensible via carte Memory Stick.<\/p>\n<p>L\u2019\u00e9cran tactile de 2,7 pouces offre une navigation intuitive dans les menus et un bon confort de cadrage. Il propose des fonctions pratiques comme la d\u00e9tection de visages, la stabilisation d\u2019image SteadyShot, l\u2019enregistrement longue dur\u00e9e (jusqu\u2019\u00e0 90 min en LP), et une prise USB int\u00e9gr\u00e9e pour transf\u00e9rer facilement les vid\u00e9os.<\/p>\n<p>Ce mod\u00e8le est vendu avec sa bo\u00eete d\u2019origine, ses manuels, son chargeur secteur, ses c\u00e2bles AV et USB d\u2019origine, et sa batterie Sony.<\/p>\n<p>Caract\u00e9ristiques principales :<\/p>\n<p>Capteur : CCD 1\/8\u201d (env. 800 000 pixels effectifs vid\u00e9o)<\/p>\n<p>Zoom : 60x optique \/ 2000x num\u00e9rique<\/p>\n<p>Objectif : Carl Zeiss Vario-Tessar<\/p>\n<p>M\u00e9moire : 4 Go int\u00e9gr\u00e9s + emplacement Memory Stick Duo<\/p>\n<p>\u00c9cran : LCD tactile 2,7 pouces<\/p>\n<p>Stabilisation : SteadyShot<\/p>\n<p>Fonctions : d\u00e9tection de visages, index des visages, mode Easy<\/p>\n<p>Connectique : USB int\u00e9gr\u00e9, AV, alimentation secteur<\/p>\n<p>Accessoires inclus : bo\u00eete d\u2019origine, batterie Sony, chargeur secteur, c\u00e2ble USB, c\u00e2ble AV, manuels<\/p>\n<p>Les photos pr\u00e9sent\u00e9es montrent pr\u00e9cis\u00e9ment l\u2019\u00e9tat de la cam\u00e9ra et des accessoires, qui sont tous en bon \u00e9tat et parfaitement fonctionnels.<\/p>","protected":false},"excerpt":{"rendered":"<p>Le Sony DCR-SX30E est un cam\u00e9scope num\u00e9rique compact con\u00e7u pour filmer facilement en toutes circonstances, que ce soit en voyage, en famille ou au quotidien. Il se distingue par son zoom optique 60x ultra-puissant, son objectif Carl Zeiss de qualit\u00e9, et ses 4 Go de m\u00e9moire flash int\u00e9gr\u00e9e, extensible via carte Memory Stick. L\u2019\u00e9cran tactile [&hellip;]<\/p>\n","protected":false},"featured_media":3995,"template":"","meta":[],"product_brand":[],"product_cat":[32,126,125,123],"product_tag":[],"class_list":{"0":"post-4001","1":"product","2":"type-product","3":"status-publish","4":"has-post-thumbnail","6":"product_cat-camescopes","7":"product_cat-camescopes-a-carte-memoire","8":"product_cat-camescopes-a-disque-dur","9":"product_cat-camescopes-numeriques","10":"pa_marque-sony","12":"first","13":"outofstock","14":"shipping-taxable","15":"purchasable","16":"product-type-simple"},"yoast_head":"<!-- This site is optimized with the Yoast SEO plugin v27.5 - https:\/\/yoast.com\/product\/yoast-seo-wordpress\/ -->\n<title>Sony Handycam DCR SX30E est disponible sur la boutique !<\/title>\n<meta name=\"description\" content=\"Cliquez ici pour d\u00e9couvrir Sony Handycam DCR SX30E sur la boutique.\" \/>\n<meta name=\"robots\" content=\"index, follow, max-snippet:-1, max-image-preview:large, max-video-preview:-1\" \/>\n<link rel=\"canonical\" href=\"https:\/\/www.analoggwerz.com\/en\/product\/sony-dcr-sx30e\/\" \/>\n<meta property=\"og:locale\" content=\"en_US\" \/>\n<meta property=\"og:type\" content=\"article\" \/>\n<meta property=\"og:title\" content=\"Sony Handycam DCR SX30E est disponible sur la boutique !\" \/>\n<meta property=\"og:description\" content=\"Cliquez ici pour d\u00e9couvrir Sony Handycam DCR SX30E sur la boutique.\" \/>\n<meta property=\"og:url\" content=\"https:\/\/www.analoggwerz.com\/en\/product\/sony-dcr-sx30e\/\" \/>\n<meta property=\"og:site_name\" content=\"Analog Gwerz\" \/>\n<meta property=\"article:modified_time\" content=\"2025-10-31T21:55:22+00:00\" \/>\n<meta property=\"og:image\" content=\"https:\/\/www.analoggwerz.com\/wp-content\/uploads\/2025\/05\/img_6803-scaled.jpeg\" \/>\n\t<meta property=\"og:image:width\" content=\"2560\" \/>\n\t<meta property=\"og:image:height\" content=\"1920\" \/>\n\t<meta property=\"og:image:type\" content=\"image\/jpeg\" \/>\n<meta name=\"twitter:card\" content=\"summary_large_image\" \/>\n<meta name=\"twitter:label1\" content=\"Est. reading time\" \/>\n\t<meta name=\"twitter:data1\" content=\"1 minute\" \/>\n<script type=\"application\/ld+json\" class=\"yoast-schema-graph\">{\"@context\":\"https:\\\/\\\/schema.org\",\"@graph\":[{\"@type\":\"WebPage\",\"@id\":\"https:\\\/\\\/www.analoggwerz.com\\\/produit\\\/sony-dcr-sx30e\\\/\",\"url\":\"https:\\\/\\\/www.analoggwerz.com\\\/produit\\\/sony-dcr-sx30e\\\/\",\"name\":\"Sony Handycam DCR SX30E est disponible sur la boutique !\",\"isPartOf\":{\"@id\":\"https:\\\/\\\/www.analoggwerz.com\\\/#website\"},\"primaryImageOfPage\":{\"@id\":\"https:\\\/\\\/www.analoggwerz.com\\\/produit\\\/sony-dcr-sx30e\\\/#primaryimage\"},\"image\":{\"@id\":\"https:\\\/\\\/www.analoggwerz.com\\\/produit\\\/sony-dcr-sx30e\\\/#primaryimage\"},\"thumbnailUrl\":\"https:\\\/\\\/www.analoggwerz.com\\\/wp-content\\\/uploads\\\/2025\\\/05\\\/img_6803-scaled.jpeg\",\"datePublished\":\"2025-05-05T22:16:51+00:00\",\"dateModified\":\"2025-10-31T21:55:22+00:00\",\"description\":\"Cliquez ici pour d\u00e9couvrir Sony Handycam DCR SX30E sur la boutique.\",\"breadcrumb\":{\"@id\":\"https:\\\/\\\/www.analoggwerz.com\\\/produit\\\/sony-dcr-sx30e\\\/#breadcrumb\"},\"inLanguage\":\"en-US\",\"potentialAction\":[{\"@type\":\"ReadAction\",\"target\":[\"https:\\\/\\\/www.analoggwerz.com\\\/produit\\\/sony-dcr-sx30e\\\/\"]}]},{\"@type\":\"ImageObject\",\"inLanguage\":\"en-US\",\"@id\":\"https:\\\/\\\/www.analoggwerz.com\\\/produit\\\/sony-dcr-sx30e\\\/#primaryimage\",\"url\":\"https:\\\/\\\/www.analoggwerz.com\\\/wp-content\\\/uploads\\\/2025\\\/05\\\/img_6803-scaled.jpeg\",\"contentUrl\":\"https:\\\/\\\/www.analoggwerz.com\\\/wp-content\\\/uploads\\\/2025\\\/05\\\/img_6803-scaled.jpeg\",\"width\":2560,\"height\":1920},{\"@type\":\"BreadcrumbList\",\"@id\":\"https:\\\/\\\/www.analoggwerz.com\\\/produit\\\/sony-dcr-sx30e\\\/#breadcrumb\",\"itemListElement\":[{\"@type\":\"ListItem\",\"position\":1,\"name\":\"Accueil\",\"item\":\"https:\\\/\\\/www.analoggwerz.com\\\/\"},{\"@type\":\"ListItem\",\"position\":2,\"name\":\"Boutique\",\"item\":\"https:\\\/\\\/www.analoggwerz.com\\\/shop\\\/\"},{\"@type\":\"ListItem\",\"position\":3,\"name\":\"Sony Handycam DCR SX30E\"}]},{\"@type\":\"WebSite\",\"@id\":\"https:\\\/\\\/www.analoggwerz.com\\\/#website\",\"url\":\"https:\\\/\\\/www.analoggwerz.com\\\/\",\"name\":\"Analog Gwerz\",\"description\":\"Pas besoin de neuf pour capturer l&#039;instant !\",\"publisher\":{\"@id\":\"https:\\\/\\\/www.analoggwerz.com\\\/#organization\"},\"potentialAction\":[{\"@type\":\"SearchAction\",\"target\":{\"@type\":\"EntryPoint\",\"urlTemplate\":\"https:\\\/\\\/www.analoggwerz.com\\\/?s={search_term_string}\"},\"query-input\":{\"@type\":\"PropertyValueSpecification\",\"valueRequired\":true,\"valueName\":\"search_term_string\"}}],\"inLanguage\":\"en-US\"},{\"@type\":\"Organization\",\"@id\":\"https:\\\/\\\/www.analoggwerz.com\\\/#organization\",\"name\":\"Analog Gwerz\",\"url\":\"https:\\\/\\\/www.analoggwerz.com\\\/\",\"logo\":{\"@type\":\"ImageObject\",\"inLanguage\":\"en-US\",\"@id\":\"https:\\\/\\\/www.analoggwerz.com\\\/#\\\/schema\\\/logo\\\/image\\\/\",\"url\":\"https:\\\/\\\/www.analoggwerz.com\\\/wp-content\\\/uploads\\\/2025\\\/10\\\/000-LOGO-ANALOG-GWERZ-NOIR-1.png\",\"contentUrl\":\"https:\\\/\\\/www.analoggwerz.com\\\/wp-content\\\/uploads\\\/2025\\\/10\\\/000-LOGO-ANALOG-GWERZ-NOIR-1.png\",\"width\":800,\"height\":407,\"caption\":\"Analog Gwerz\"},\"image\":{\"@id\":\"https:\\\/\\\/www.analoggwerz.com\\\/#\\\/schema\\\/logo\\\/image\\\/\"},\"sameAs\":[\"https:\\\/\\\/www.instagram.com\\\/analog_gwerz\\\/\",\"https:\\\/\\\/www.tiktok.com\\\/@analog_gwerz\"]}]}<\/script>\n<!-- \/ Yoast SEO plugin. -->","yoast_head_json":{"title":"Sony Handycam DCR SX30E est disponible sur la boutique !","description":"Cliquez ici pour d\u00e9couvrir Sony Handycam DCR SX30E sur la boutique.","robots":{"index":"index","follow":"follow","max-snippet":"max-snippet:-1","max-image-preview":"max-image-preview:large","max-video-preview":"max-video-preview:-1"},"canonical":"https:\/\/www.analoggwerz.com\/en\/product\/sony-dcr-sx30e\/","og_locale":"en_US","og_type":"article","og_title":"Sony Handycam DCR SX30E est disponible sur la boutique !","og_description":"Cliquez ici pour d\u00e9couvrir Sony Handycam DCR SX30E sur la boutique.","og_url":"https:\/\/www.analoggwerz.com\/en\/product\/sony-dcr-sx30e\/","og_site_name":"Analog Gwerz","article_modified_time":"2025-10-31T21:55:22+00:00","og_image":[{"width":2560,"height":1920,"url":"https:\/\/www.analoggwerz.com\/wp-content\/uploads\/2025\/05\/img_6803-scaled.jpeg","type":"image\/jpeg"}],"twitter_card":"summary_large_image","twitter_misc":{"Est. reading time":"1 minute"},"schema":{"@context":"https:\/\/schema.org","@graph":[{"@type":"WebPage","@id":"https:\/\/www.analoggwerz.com\/produit\/sony-dcr-sx30e\/","url":"https:\/\/www.analoggwerz.com\/produit\/sony-dcr-sx30e\/","name":"Sony Handycam DCR SX30E est disponible sur la boutique !","isPartOf":{"@id":"https:\/\/www.analoggwerz.com\/#website"},"primaryImageOfPage":{"@id":"https:\/\/www.analoggwerz.com\/produit\/sony-dcr-sx30e\/#primaryimage"},"image":{"@id":"https:\/\/www.analoggwerz.com\/produit\/sony-dcr-sx30e\/#primaryimage"},"thumbnailUrl":"https:\/\/www.analoggwerz.com\/wp-content\/uploads\/2025\/05\/img_6803-scaled.jpeg","datePublished":"2025-05-05T22:16:51+00:00","dateModified":"2025-10-31T21:55:22+00:00","description":"Cliquez ici pour d\u00e9couvrir Sony Handycam DCR SX30E sur la boutique.","breadcrumb":{"@id":"https:\/\/www.analoggwerz.com\/produit\/sony-dcr-sx30e\/#breadcrumb"},"inLanguage":"en-US","potentialAction":[{"@type":"ReadAction","target":["https:\/\/www.analoggwerz.com\/produit\/sony-dcr-sx30e\/"]}]},{"@type":"ImageObject","inLanguage":"en-US","@id":"https:\/\/www.analoggwerz.com\/produit\/sony-dcr-sx30e\/#primaryimage","url":"https:\/\/www.analoggwerz.com\/wp-content\/uploads\/2025\/05\/img_6803-scaled.jpeg","contentUrl":"https:\/\/www.analoggwerz.com\/wp-content\/uploads\/2025\/05\/img_6803-scaled.jpeg","width":2560,"height":1920},{"@type":"BreadcrumbList","@id":"https:\/\/www.analoggwerz.com\/produit\/sony-dcr-sx30e\/#breadcrumb","itemListElement":[{"@type":"ListItem","position":1,"name":"Accueil","item":"https:\/\/www.analoggwerz.com\/"},{"@type":"ListItem","position":2,"name":"Boutique","item":"https:\/\/www.analoggwerz.com\/shop\/"},{"@type":"ListItem","position":3,"name":"Sony Handycam DCR SX30E"}]},{"@type":"WebSite","@id":"https:\/\/www.analoggwerz.com\/#website","url":"https:\/\/www.analoggwerz.com\/","name":"Analog Gwerz","description":"Pas besoin de neuf pour capturer l&#039;instant !","publisher":{"@id":"https:\/\/www.analoggwerz.com\/#organization"},"potentialAction":[{"@type":"SearchAction","target":{"@type":"EntryPoint","urlTemplate":"https:\/\/www.analoggwerz.com\/?s={search_term_string}"},"query-input":{"@type":"PropertyValueSpecification","valueRequired":true,"valueName":"search_term_string"}}],"inLanguage":"en-US"},{"@type":"Organization","@id":"https:\/\/www.analoggwerz.com\/#organization","name":"Analog Gwerz","url":"https:\/\/www.analoggwerz.com\/","logo":{"@type":"ImageObject","inLanguage":"en-US","@id":"https:\/\/www.analoggwerz.com\/#\/schema\/logo\/image\/","url":"https:\/\/www.analoggwerz.com\/wp-content\/uploads\/2025\/10\/000-LOGO-ANALOG-GWERZ-NOIR-1.png","contentUrl":"https:\/\/www.analoggwerz.com\/wp-content\/uploads\/2025\/10\/000-LOGO-ANALOG-GWERZ-NOIR-1.png","width":800,"height":407,"caption":"Analog Gwerz"},"image":{"@id":"https:\/\/www.analoggwerz.com\/#\/schema\/logo\/image\/"},"sameAs":["https:\/\/www.instagram.com\/analog_gwerz\/","https:\/\/www.tiktok.com\/@analog_gwerz"]}]}},"jetpack_sharing_enabled":true,"_links":{"self":[{"href":"https:\/\/www.analoggwerz.com\/en\/wp-json\/wp\/v2\/product\/4001","targetHints":{"allow":["GET"]}}],"collection":[{"href":"https:\/\/www.analoggwerz.com\/en\/wp-json\/wp\/v2\/product"}],"about":[{"href":"https:\/\/www.analoggwerz.com\/en\/wp-json\/wp\/v2\/types\/product"}],"wp:featuredmedia":[{"embeddable":true,"href":"https:\/\/www.analoggwerz.com\/en\/wp-json\/wp\/v2\/media\/3995"}],"wp:attachment":[{"href":"https:\/\/www.analoggwerz.com\/en\/wp-json\/wp\/v2\/media?parent=4001"}],"wp:term":[{"taxonomy":"product_brand","embeddable":true,"href":"https:\/\/www.analoggwerz.com\/en\/wp-json\/wp\/v2\/product_brand?post=4001"},{"taxonomy":"product_cat","embeddable":true,"href":"https:\/\/www.analoggwerz.com\/en\/wp-json\/wp\/v2\/product_cat?post=4001"},{"taxonomy":"product_tag","embeddable":true,"href":"https:\/\/www.analoggwerz.com\/en\/wp-json\/wp\/v2\/product_tag?post=4001"}],"curies":[{"name":"wp","href":"https:\/\/api.w.org\/{rel}","templated":true}]}}