{"id":11506,"date":"2026-05-05T21:20:25","date_gmt":"2026-05-05T21:20:25","guid":{"rendered":"https:\/\/www.analoggwerz.com\/produit\/pellicule-argentique-kodak-gold-200-format-120-perimee\/"},"modified":"2026-05-05T21:20:28","modified_gmt":"2026-05-05T21:20:28","slug":"pellicule-argentique-kodak-gold-200-format-120-perimee","status":"publish","type":"product","link":"https:\/\/www.analoggwerz.com\/en\/product\/pellicule-argentique-kodak-gold-200-format-120-perimee\/","title":{"rendered":"Pellicule Argentique Kodak Gold 200 (Format 120) \u2013 P\u00e9rim\u00e9e"},"content":{"rendered":"<p><strong>Pellicule Argentique Kodak Gold 200 (Format 120) \u2013 P\u00e9rim\u00e9e (09\/2024)<\/strong><\/p>\n<p><strong>La Kodak Gold 200 est une pellicule couleur culte, r\u00e9put\u00e9e pour ses tons dor\u00e9s et chaleureux, son grain classique et son rendu d\u00e9licieusement vintage. R\u00e9cemment r\u00e9introduite au format 120 pour les appareils moyen format, elle est parfaite pour les portraits ensoleill\u00e9s et la photographie de tous les jours.<\/strong><\/p>\n<p><strong>Attention : Ce rouleau a d\u00e9pass\u00e9 sa date d&rsquo;expiration initiale, id\u00e9al pour les amateurs de rendus exp\u00e9rimentaux.<\/strong><\/p>\n<p><strong>Sp\u00e9cifications Techniques :<\/strong><\/p>\n<p><strong>\u2022 Marque : Kodak.<\/strong><\/p>\n<p><strong>\u2022 Gamme : Gold 200.<\/strong><\/p>\n<p><strong>\u2022 Format : 120 (Moyen Format).<\/strong><\/p>\n<p><strong>\u2022 Sensibilit\u00e9 : 200 ISO. Parfaite pour la prise de vue en ext\u00e9rieur par temps clair.<\/strong><\/p>\n<p><strong>\u2022 D\u00e9veloppement : Proc\u00e9d\u00e9 couleur standard C-41.<\/strong><\/p>\n<p><strong>\u00c9tat de Conservation :<\/strong><\/p>\n<p><strong>\u2022 Conditionnement : Pellicule neuve, jamais ouverte, toujours scell\u00e9e dans son emballage plastique (foil) d&rsquo;origine, la prot\u00e9geant de l&rsquo;humidit\u00e9.<\/strong><\/p>\n<p><strong>\u2022 Date de p\u00e9remption : 09\/2024. Il s&rsquo;agit d&rsquo;un film expir\u00e9e depuis un peu plus d&rsquo;un an et demi. Dans le monde de l&rsquo;argentique, c&rsquo;est une p\u00e9remption tr\u00e8s r\u00e9cente : la pellicule devrait donner d&rsquo;excellents r\u00e9sultats, avec potentiellement de l\u00e9gers virages colorim\u00e9triques tr\u00e8s appr\u00e9ci\u00e9s (rendu vintage garanti). Vous pouvez la shooter \u00e0 100 ou 200 ISO.<\/strong><\/p>\n<p>\ud83d\udce6<strong> Envoi soign\u00e9<\/strong><\/p>","protected":false},"excerpt":{"rendered":"<p>Pellicule Argentique Kodak Gold 200 (Format 120) \u2013 P\u00e9rim\u00e9e (09\/2024) La Kodak Gold 200 est une pellicule couleur culte, r\u00e9put\u00e9e pour ses tons dor\u00e9s et chaleureux, son grain classique et son rendu d\u00e9licieusement vintage. R\u00e9cemment r\u00e9introduite au format 120 pour les appareils moyen format, elle est parfaite pour les portraits ensoleill\u00e9s et la photographie de [&hellip;]<\/p>\n","protected":false},"featured_media":11504,"template":"","meta":[],"product_brand":[],"product_cat":[137,160,133],"product_tag":[],"class_list":{"0":"post-11506","1":"product","2":"type-product","3":"status-publish","4":"has-post-thumbnail","6":"product_cat-120-mm-couleurs","7":"product_cat-consommables","8":"product_cat-pellicules-argentiques","10":"first","11":"instock","12":"purchasable","13":"product-type-simple"},"yoast_head":"<!-- This site is optimized with the Yoast SEO plugin v27.5 - https:\/\/yoast.com\/product\/yoast-seo-wordpress\/ -->\n<title>Pellicule Argentique Kodak Gold 200 (Format 120) \u2013 P\u00e9rim\u00e9e est disponible sur la boutique !<\/title>\n<meta name=\"description\" content=\"Cliquez ici pour d\u00e9couvrir Pellicule Argentique Kodak Gold 200 (Format 120) \u2013 P\u00e9rim\u00e9e sur la boutique.\" \/>\n<meta name=\"robots\" content=\"index, follow, max-snippet:-1, max-image-preview:large, max-video-preview:-1\" \/>\n<link rel=\"canonical\" href=\"https:\/\/www.analoggwerz.com\/en\/product\/pellicule-argentique-kodak-gold-200-format-120-perimee\/\" \/>\n<meta property=\"og:locale\" content=\"en_US\" \/>\n<meta property=\"og:type\" content=\"article\" \/>\n<meta property=\"og:title\" content=\"Pellicule Argentique Kodak Gold 200 (Format 120) \u2013 P\u00e9rim\u00e9e est disponible sur la boutique !\" \/>\n<meta property=\"og:description\" content=\"Cliquez ici pour d\u00e9couvrir Pellicule Argentique Kodak Gold 200 (Format 120) \u2013 P\u00e9rim\u00e9e sur la boutique.\" \/>\n<meta property=\"og:url\" content=\"https:\/\/www.analoggwerz.com\/en\/product\/pellicule-argentique-kodak-gold-200-format-120-perimee\/\" \/>\n<meta property=\"og:site_name\" content=\"Analog Gwerz\" \/>\n<meta property=\"article:modified_time\" content=\"2026-05-05T21:20:28+00:00\" \/>\n<meta property=\"og:image\" content=\"https:\/\/www.analoggwerz.com\/wp-content\/uploads\/2025\/04\/assets_task_01jra9s5ypffzbqebsyr432pm0_img_0.webp\" \/>\n\t<meta property=\"og:image:width\" content=\"1536\" \/>\n\t<meta property=\"og:image:height\" content=\"1024\" \/>\n\t<meta property=\"og:image:type\" content=\"image\/webp\" \/>\n<meta name=\"twitter:card\" content=\"summary_large_image\" \/>\n<meta name=\"twitter:label1\" content=\"Est. reading time\" \/>\n\t<meta name=\"twitter:data1\" content=\"1 minute\" \/>\n<script type=\"application\/ld+json\" class=\"yoast-schema-graph\">{\"@context\":\"https:\\\/\\\/schema.org\",\"@graph\":[{\"@type\":\"WebPage\",\"@id\":\"https:\\\/\\\/www.analoggwerz.com\\\/produit\\\/pellicule-argentique-kodak-gold-200-format-120-perimee\\\/\",\"url\":\"https:\\\/\\\/www.analoggwerz.com\\\/produit\\\/pellicule-argentique-kodak-gold-200-format-120-perimee\\\/\",\"name\":\"Pellicule Argentique Kodak Gold 200 (Format 120) \u2013 P\u00e9rim\u00e9e est disponible sur la boutique !\",\"isPartOf\":{\"@id\":\"https:\\\/\\\/www.analoggwerz.com\\\/#website\"},\"primaryImageOfPage\":{\"@id\":\"https:\\\/\\\/www.analoggwerz.com\\\/produit\\\/pellicule-argentique-kodak-gold-200-format-120-perimee\\\/#primaryimage\"},\"image\":{\"@id\":\"https:\\\/\\\/www.analoggwerz.com\\\/produit\\\/pellicule-argentique-kodak-gold-200-format-120-perimee\\\/#primaryimage\"},\"thumbnailUrl\":\"https:\\\/\\\/www.analoggwerz.com\\\/wp-content\\\/uploads\\\/2026\\\/05\\\/img_7832-scaled.jpeg\",\"datePublished\":\"2026-05-05T21:20:25+00:00\",\"dateModified\":\"2026-05-05T21:20:28+00:00\",\"description\":\"Cliquez ici pour d\u00e9couvrir Pellicule Argentique Kodak Gold 200 (Format 120) \u2013 P\u00e9rim\u00e9e sur la boutique.\",\"breadcrumb\":{\"@id\":\"https:\\\/\\\/www.analoggwerz.com\\\/produit\\\/pellicule-argentique-kodak-gold-200-format-120-perimee\\\/#breadcrumb\"},\"inLanguage\":\"en-US\",\"potentialAction\":[{\"@type\":\"ReadAction\",\"target\":[\"https:\\\/\\\/www.analoggwerz.com\\\/produit\\\/pellicule-argentique-kodak-gold-200-format-120-perimee\\\/\"]}]},{\"@type\":\"ImageObject\",\"inLanguage\":\"en-US\",\"@id\":\"https:\\\/\\\/www.analoggwerz.com\\\/produit\\\/pellicule-argentique-kodak-gold-200-format-120-perimee\\\/#primaryimage\",\"url\":\"https:\\\/\\\/www.analoggwerz.com\\\/wp-content\\\/uploads\\\/2026\\\/05\\\/img_7832-scaled.jpeg\",\"contentUrl\":\"https:\\\/\\\/www.analoggwerz.com\\\/wp-content\\\/uploads\\\/2026\\\/05\\\/img_7832-scaled.jpeg\",\"width\":2560,\"height\":1920},{\"@type\":\"BreadcrumbList\",\"@id\":\"https:\\\/\\\/www.analoggwerz.com\\\/produit\\\/pellicule-argentique-kodak-gold-200-format-120-perimee\\\/#breadcrumb\",\"itemListElement\":[{\"@type\":\"ListItem\",\"position\":1,\"name\":\"Accueil\",\"item\":\"https:\\\/\\\/www.analoggwerz.com\\\/\"},{\"@type\":\"ListItem\",\"position\":2,\"name\":\"Boutique\",\"item\":\"https:\\\/\\\/www.analoggwerz.com\\\/shop\\\/\"},{\"@type\":\"ListItem\",\"position\":3,\"name\":\"Pellicule Argentique Kodak Gold 200 (Format 120) \u2013 P\u00e9rim\u00e9e\"}]},{\"@type\":\"WebSite\",\"@id\":\"https:\\\/\\\/www.analoggwerz.com\\\/#website\",\"url\":\"https:\\\/\\\/www.analoggwerz.com\\\/\",\"name\":\"Analog Gwerz\",\"description\":\"Pas besoin de neuf pour capturer l&#039;instant !\",\"publisher\":{\"@id\":\"https:\\\/\\\/www.analoggwerz.com\\\/#organization\"},\"potentialAction\":[{\"@type\":\"SearchAction\",\"target\":{\"@type\":\"EntryPoint\",\"urlTemplate\":\"https:\\\/\\\/www.analoggwerz.com\\\/?s={search_term_string}\"},\"query-input\":{\"@type\":\"PropertyValueSpecification\",\"valueRequired\":true,\"valueName\":\"search_term_string\"}}],\"inLanguage\":\"en-US\"},{\"@type\":\"Organization\",\"@id\":\"https:\\\/\\\/www.analoggwerz.com\\\/#organization\",\"name\":\"Analog Gwerz\",\"url\":\"https:\\\/\\\/www.analoggwerz.com\\\/\",\"logo\":{\"@type\":\"ImageObject\",\"inLanguage\":\"en-US\",\"@id\":\"https:\\\/\\\/www.analoggwerz.com\\\/#\\\/schema\\\/logo\\\/image\\\/\",\"url\":\"https:\\\/\\\/www.analoggwerz.com\\\/wp-content\\\/uploads\\\/2025\\\/10\\\/000-LOGO-ANALOG-GWERZ-NOIR-1.png\",\"contentUrl\":\"https:\\\/\\\/www.analoggwerz.com\\\/wp-content\\\/uploads\\\/2025\\\/10\\\/000-LOGO-ANALOG-GWERZ-NOIR-1.png\",\"width\":800,\"height\":407,\"caption\":\"Analog Gwerz\"},\"image\":{\"@id\":\"https:\\\/\\\/www.analoggwerz.com\\\/#\\\/schema\\\/logo\\\/image\\\/\"},\"sameAs\":[\"https:\\\/\\\/www.instagram.com\\\/analog_gwerz\\\/\",\"https:\\\/\\\/www.tiktok.com\\\/@analog_gwerz\"]}]}<\/script>\n<!-- \/ Yoast SEO plugin. -->","yoast_head_json":{"title":"Pellicule Argentique Kodak Gold 200 (Format 120) \u2013 P\u00e9rim\u00e9e est disponible sur la boutique !","description":"Cliquez ici pour d\u00e9couvrir Pellicule Argentique Kodak Gold 200 (Format 120) \u2013 P\u00e9rim\u00e9e sur la boutique.","robots":{"index":"index","follow":"follow","max-snippet":"max-snippet:-1","max-image-preview":"max-image-preview:large","max-video-preview":"max-video-preview:-1"},"canonical":"https:\/\/www.analoggwerz.com\/en\/product\/pellicule-argentique-kodak-gold-200-format-120-perimee\/","og_locale":"en_US","og_type":"article","og_title":"Pellicule Argentique Kodak Gold 200 (Format 120) \u2013 P\u00e9rim\u00e9e est disponible sur la boutique !","og_description":"Cliquez ici pour d\u00e9couvrir Pellicule Argentique Kodak Gold 200 (Format 120) \u2013 P\u00e9rim\u00e9e sur la boutique.","og_url":"https:\/\/www.analoggwerz.com\/en\/product\/pellicule-argentique-kodak-gold-200-format-120-perimee\/","og_site_name":"Analog Gwerz","article_modified_time":"2026-05-05T21:20:28+00:00","og_image":[{"width":1536,"height":1024,"url":"https:\/\/www.analoggwerz.com\/wp-content\/uploads\/2025\/04\/assets_task_01jra9s5ypffzbqebsyr432pm0_img_0.webp","type":"image\/webp"}],"twitter_card":"summary_large_image","twitter_misc":{"Est. reading time":"1 minute"},"schema":{"@context":"https:\/\/schema.org","@graph":[{"@type":"WebPage","@id":"https:\/\/www.analoggwerz.com\/produit\/pellicule-argentique-kodak-gold-200-format-120-perimee\/","url":"https:\/\/www.analoggwerz.com\/produit\/pellicule-argentique-kodak-gold-200-format-120-perimee\/","name":"Pellicule Argentique Kodak Gold 200 (Format 120) \u2013 P\u00e9rim\u00e9e est disponible sur la boutique !","isPartOf":{"@id":"https:\/\/www.analoggwerz.com\/#website"},"primaryImageOfPage":{"@id":"https:\/\/www.analoggwerz.com\/produit\/pellicule-argentique-kodak-gold-200-format-120-perimee\/#primaryimage"},"image":{"@id":"https:\/\/www.analoggwerz.com\/produit\/pellicule-argentique-kodak-gold-200-format-120-perimee\/#primaryimage"},"thumbnailUrl":"https:\/\/www.analoggwerz.com\/wp-content\/uploads\/2026\/05\/img_7832-scaled.jpeg","datePublished":"2026-05-05T21:20:25+00:00","dateModified":"2026-05-05T21:20:28+00:00","description":"Cliquez ici pour d\u00e9couvrir Pellicule Argentique Kodak Gold 200 (Format 120) \u2013 P\u00e9rim\u00e9e sur la boutique.","breadcrumb":{"@id":"https:\/\/www.analoggwerz.com\/produit\/pellicule-argentique-kodak-gold-200-format-120-perimee\/#breadcrumb"},"inLanguage":"en-US","potentialAction":[{"@type":"ReadAction","target":["https:\/\/www.analoggwerz.com\/produit\/pellicule-argentique-kodak-gold-200-format-120-perimee\/"]}]},{"@type":"ImageObject","inLanguage":"en-US","@id":"https:\/\/www.analoggwerz.com\/produit\/pellicule-argentique-kodak-gold-200-format-120-perimee\/#primaryimage","url":"https:\/\/www.analoggwerz.com\/wp-content\/uploads\/2026\/05\/img_7832-scaled.jpeg","contentUrl":"https:\/\/www.analoggwerz.com\/wp-content\/uploads\/2026\/05\/img_7832-scaled.jpeg","width":2560,"height":1920},{"@type":"BreadcrumbList","@id":"https:\/\/www.analoggwerz.com\/produit\/pellicule-argentique-kodak-gold-200-format-120-perimee\/#breadcrumb","itemListElement":[{"@type":"ListItem","position":1,"name":"Accueil","item":"https:\/\/www.analoggwerz.com\/"},{"@type":"ListItem","position":2,"name":"Boutique","item":"https:\/\/www.analoggwerz.com\/shop\/"},{"@type":"ListItem","position":3,"name":"Pellicule Argentique Kodak Gold 200 (Format 120) \u2013 P\u00e9rim\u00e9e"}]},{"@type":"WebSite","@id":"https:\/\/www.analoggwerz.com\/#website","url":"https:\/\/www.analoggwerz.com\/","name":"Analog Gwerz","description":"Pas besoin de neuf pour capturer l&#039;instant !","publisher":{"@id":"https:\/\/www.analoggwerz.com\/#organization"},"potentialAction":[{"@type":"SearchAction","target":{"@type":"EntryPoint","urlTemplate":"https:\/\/www.analoggwerz.com\/?s={search_term_string}"},"query-input":{"@type":"PropertyValueSpecification","valueRequired":true,"valueName":"search_term_string"}}],"inLanguage":"en-US"},{"@type":"Organization","@id":"https:\/\/www.analoggwerz.com\/#organization","name":"Analog Gwerz","url":"https:\/\/www.analoggwerz.com\/","logo":{"@type":"ImageObject","inLanguage":"en-US","@id":"https:\/\/www.analoggwerz.com\/#\/schema\/logo\/image\/","url":"https:\/\/www.analoggwerz.com\/wp-content\/uploads\/2025\/10\/000-LOGO-ANALOG-GWERZ-NOIR-1.png","contentUrl":"https:\/\/www.analoggwerz.com\/wp-content\/uploads\/2025\/10\/000-LOGO-ANALOG-GWERZ-NOIR-1.png","width":800,"height":407,"caption":"Analog Gwerz"},"image":{"@id":"https:\/\/www.analoggwerz.com\/#\/schema\/logo\/image\/"},"sameAs":["https:\/\/www.instagram.com\/analog_gwerz\/","https:\/\/www.tiktok.com\/@analog_gwerz"]}]}},"jetpack_sharing_enabled":true,"_links":{"self":[{"href":"https:\/\/www.analoggwerz.com\/en\/wp-json\/wp\/v2\/product\/11506","targetHints":{"allow":["GET"]}}],"collection":[{"href":"https:\/\/www.analoggwerz.com\/en\/wp-json\/wp\/v2\/product"}],"about":[{"href":"https:\/\/www.analoggwerz.com\/en\/wp-json\/wp\/v2\/types\/product"}],"wp:featuredmedia":[{"embeddable":true,"href":"https:\/\/www.analoggwerz.com\/en\/wp-json\/wp\/v2\/media\/11504"}],"wp:attachment":[{"href":"https:\/\/www.analoggwerz.com\/en\/wp-json\/wp\/v2\/media?parent=11506"}],"wp:term":[{"taxonomy":"product_brand","embeddable":true,"href":"https:\/\/www.analoggwerz.com\/en\/wp-json\/wp\/v2\/product_brand?post=11506"},{"taxonomy":"product_cat","embeddable":true,"href":"https:\/\/www.analoggwerz.com\/en\/wp-json\/wp\/v2\/product_cat?post=11506"},{"taxonomy":"product_tag","embeddable":true,"href":"https:\/\/www.analoggwerz.com\/en\/wp-json\/wp\/v2\/product_tag?post=11506"}],"curies":[{"name":"wp","href":"https:\/\/api.w.org\/{rel}","templated":true}]}}