{"id":11317,"date":"2026-04-10T16:10:16","date_gmt":"2026-04-10T16:10:16","guid":{"rendered":"https:\/\/www.analoggwerz.com\/produit\/appareil-photo-numerique-compact-pentax-optio-m900-12-1-mp\/"},"modified":"2026-04-13T22:33:49","modified_gmt":"2026-04-13T22:33:49","slug":"appareil-photo-numerique-compact-pentax-optio-m900-12-1-mp","status":"publish","type":"product","link":"https:\/\/www.analoggwerz.com\/en\/product\/appareil-photo-numerique-compact-pentax-optio-m900-12-1-mp\/","title":{"rendered":"Appareil Photo Num\u00e9rique Compact Pentax Optio M900 &#8211; 12.1 MP"},"content":{"rendered":"<p><strong>Appareil Photo Num\u00e9rique Compact Pentax Optio M900 &#8211; 12.1 MP<\/strong><\/p>\n<p><strong>Le Pentax Optio M900 est un appareil photo num\u00e9rique compact id\u00e9al pour surfer sur la tendance \u00ab\u00a0digicam\u00a0\u00bb. Avec son capteur de 12.1 m\u00e9gapixels et son zoom optique 5x, il offre ce rendu num\u00e9rique r\u00e9tro si recherch\u00e9 du d\u00e9but des ann\u00e9es 2010. L\u00e9ger, fin et enti\u00e8rement automatique avec ses modes sc\u00e8nes, c&rsquo;est l&rsquo;appareil de poche parfait pour immortaliser votre quotidien ou vos soir\u00e9es avec un minimum d&rsquo;encombrement.<\/strong><\/p>\n<p><strong>D\u00e9tails et \u00c9tat :<\/strong><\/p>\n<p><strong>\u2022 Appareil nettoy\u00e9 et inspect\u00e9 avec soin.<\/strong><\/p>\n<p><strong>\u2022 \u00c9tat fonctionnel : Parfaitement op\u00e9rationnel. L&rsquo;\u00e9cran LCD est bien lumineux et sans d\u00e9fauts (comme visible sur les photos). Le zoom motoris\u00e9, le flash et l&rsquo;autofocus fonctionnent tr\u00e8s bien.<\/strong><\/p>\n<p><strong>\u2022 \u00c9tat esth\u00e9tique : Tr\u00e8s bel \u00e9tat cosm\u00e9tique. Le bo\u00eetier noir est propre, \u00e9l\u00e9gant et bien conserv\u00e9, ne pr\u00e9sentant que de tr\u00e8s l\u00e9g\u00e8res traces d&rsquo;usage normales.<\/strong><\/p>\n<p><strong>\u2022 Accessoires inclus : Un beau kit complet ! Il est vendu avec sa pochette de transport souple sigl\u00e9e Pentax, sa dragonne d&rsquo;origine, sa batterie et son chargeur de batterie sur prise secteur Pentax.<\/strong><\/p>\n<p><strong>\u2022 Stockage : L&rsquo;appareil enregistre les photos sur une carte m\u00e9moire SD standard (non fournie).<\/strong><\/p>\n<p><strong>Un petit compact num\u00e9rique fiable, complet et pr\u00eat \u00e0 l&#8217;emploi, parfait pour retrouver l&rsquo;esth\u00e9tique photo des ann\u00e9es 2000.<\/strong><\/p>","protected":false},"excerpt":{"rendered":"<p>Appareil Photo Num\u00e9rique Compact Pentax Optio M900 &#8211; 12.1 MP Le Pentax Optio M900 est un appareil photo num\u00e9rique compact id\u00e9al pour surfer sur la tendance \u00ab\u00a0digicam\u00a0\u00bb. Avec son capteur de 12.1 m\u00e9gapixels et son zoom optique 5x, il offre ce rendu num\u00e9rique r\u00e9tro si recherch\u00e9 du d\u00e9but des ann\u00e9es 2010. L\u00e9ger, fin et enti\u00e8rement [&hellip;]<\/p>\n","protected":false},"featured_media":11316,"template":"","meta":[],"product_brand":[],"product_cat":[118,114,28],"product_tag":[],"class_list":{"0":"post-11317","1":"product","2":"type-product","3":"status-publish","4":"has-post-thumbnail","6":"product_cat-appareils-photo","7":"product_cat-appareils-photo-numeriques","8":"product_cat-appareils-photos-compacts-numeriques","10":"first","11":"outofstock","12":"purchasable","13":"product-type-simple"},"yoast_head":"<!-- This site is optimized with the Yoast SEO plugin v27.5 - https:\/\/yoast.com\/product\/yoast-seo-wordpress\/ -->\n<title>Appareil Photo Num\u00e9rique Compact Pentax Optio M900 - 12.1 MP est disponible sur la boutique !<\/title>\n<meta name=\"description\" content=\"Cliquez ici pour d\u00e9couvrir Appareil Photo Num\u00e9rique Compact Pentax Optio M900 - 12.1 MP sur la boutique.\" \/>\n<meta name=\"robots\" content=\"index, follow, max-snippet:-1, max-image-preview:large, max-video-preview:-1\" \/>\n<link rel=\"canonical\" href=\"https:\/\/www.analoggwerz.com\/en\/product\/appareil-photo-numerique-compact-pentax-optio-m900-12-1-mp\/\" \/>\n<meta property=\"og:locale\" content=\"en_US\" \/>\n<meta property=\"og:type\" content=\"article\" \/>\n<meta property=\"og:title\" content=\"Appareil Photo Num\u00e9rique Compact Pentax Optio M900 - 12.1 MP est disponible sur la boutique !\" \/>\n<meta property=\"og:description\" content=\"Cliquez ici pour d\u00e9couvrir Appareil Photo Num\u00e9rique Compact Pentax Optio M900 - 12.1 MP sur la boutique.\" \/>\n<meta property=\"og:url\" content=\"https:\/\/www.analoggwerz.com\/en\/product\/appareil-photo-numerique-compact-pentax-optio-m900-12-1-mp\/\" \/>\n<meta property=\"og:site_name\" content=\"Analog Gwerz\" \/>\n<meta property=\"article:modified_time\" content=\"2026-04-13T22:33:49+00:00\" \/>\n<meta property=\"og:image\" content=\"https:\/\/www.analoggwerz.com\/wp-content\/uploads\/2026\/04\/img_7465-scaled.jpeg\" \/>\n\t<meta property=\"og:image:width\" content=\"2560\" \/>\n\t<meta property=\"og:image:height\" content=\"1920\" \/>\n\t<meta property=\"og:image:type\" content=\"image\/jpeg\" \/>\n<meta name=\"twitter:card\" content=\"summary_large_image\" \/>\n<meta name=\"twitter:label1\" content=\"Est. reading time\" \/>\n\t<meta name=\"twitter:data1\" content=\"1 minute\" \/>\n<script type=\"application\/ld+json\" class=\"yoast-schema-graph\">{\"@context\":\"https:\\\/\\\/schema.org\",\"@graph\":[{\"@type\":\"WebPage\",\"@id\":\"https:\\\/\\\/www.analoggwerz.com\\\/produit\\\/appareil-photo-numerique-compact-pentax-optio-m900-12-1-mp\\\/\",\"url\":\"https:\\\/\\\/www.analoggwerz.com\\\/produit\\\/appareil-photo-numerique-compact-pentax-optio-m900-12-1-mp\\\/\",\"name\":\"Appareil Photo Num\u00e9rique Compact Pentax Optio M900 - 12.1 MP est disponible sur la boutique !\",\"isPartOf\":{\"@id\":\"https:\\\/\\\/www.analoggwerz.com\\\/#website\"},\"primaryImageOfPage\":{\"@id\":\"https:\\\/\\\/www.analoggwerz.com\\\/produit\\\/appareil-photo-numerique-compact-pentax-optio-m900-12-1-mp\\\/#primaryimage\"},\"image\":{\"@id\":\"https:\\\/\\\/www.analoggwerz.com\\\/produit\\\/appareil-photo-numerique-compact-pentax-optio-m900-12-1-mp\\\/#primaryimage\"},\"thumbnailUrl\":\"https:\\\/\\\/www.analoggwerz.com\\\/wp-content\\\/uploads\\\/2026\\\/04\\\/img_7465-scaled.jpeg\",\"datePublished\":\"2026-04-10T16:10:16+00:00\",\"dateModified\":\"2026-04-13T22:33:49+00:00\",\"description\":\"Cliquez ici pour d\u00e9couvrir Appareil Photo Num\u00e9rique Compact Pentax Optio M900 - 12.1 MP sur la boutique.\",\"breadcrumb\":{\"@id\":\"https:\\\/\\\/www.analoggwerz.com\\\/produit\\\/appareil-photo-numerique-compact-pentax-optio-m900-12-1-mp\\\/#breadcrumb\"},\"inLanguage\":\"en-US\",\"potentialAction\":[{\"@type\":\"ReadAction\",\"target\":[\"https:\\\/\\\/www.analoggwerz.com\\\/produit\\\/appareil-photo-numerique-compact-pentax-optio-m900-12-1-mp\\\/\"]}]},{\"@type\":\"ImageObject\",\"inLanguage\":\"en-US\",\"@id\":\"https:\\\/\\\/www.analoggwerz.com\\\/produit\\\/appareil-photo-numerique-compact-pentax-optio-m900-12-1-mp\\\/#primaryimage\",\"url\":\"https:\\\/\\\/www.analoggwerz.com\\\/wp-content\\\/uploads\\\/2026\\\/04\\\/img_7465-scaled.jpeg\",\"contentUrl\":\"https:\\\/\\\/www.analoggwerz.com\\\/wp-content\\\/uploads\\\/2026\\\/04\\\/img_7465-scaled.jpeg\",\"width\":2560,\"height\":1920},{\"@type\":\"BreadcrumbList\",\"@id\":\"https:\\\/\\\/www.analoggwerz.com\\\/produit\\\/appareil-photo-numerique-compact-pentax-optio-m900-12-1-mp\\\/#breadcrumb\",\"itemListElement\":[{\"@type\":\"ListItem\",\"position\":1,\"name\":\"Accueil\",\"item\":\"https:\\\/\\\/www.analoggwerz.com\\\/\"},{\"@type\":\"ListItem\",\"position\":2,\"name\":\"Boutique\",\"item\":\"https:\\\/\\\/www.analoggwerz.com\\\/shop\\\/\"},{\"@type\":\"ListItem\",\"position\":3,\"name\":\"Appareil Photo Num\u00e9rique Compact Pentax Optio M900 &#8211; 12.1 MP\"}]},{\"@type\":\"WebSite\",\"@id\":\"https:\\\/\\\/www.analoggwerz.com\\\/#website\",\"url\":\"https:\\\/\\\/www.analoggwerz.com\\\/\",\"name\":\"Analog Gwerz\",\"description\":\"Pas besoin de neuf pour capturer l&#039;instant !\",\"publisher\":{\"@id\":\"https:\\\/\\\/www.analoggwerz.com\\\/#organization\"},\"potentialAction\":[{\"@type\":\"SearchAction\",\"target\":{\"@type\":\"EntryPoint\",\"urlTemplate\":\"https:\\\/\\\/www.analoggwerz.com\\\/?s={search_term_string}\"},\"query-input\":{\"@type\":\"PropertyValueSpecification\",\"valueRequired\":true,\"valueName\":\"search_term_string\"}}],\"inLanguage\":\"en-US\"},{\"@type\":\"Organization\",\"@id\":\"https:\\\/\\\/www.analoggwerz.com\\\/#organization\",\"name\":\"Analog Gwerz\",\"url\":\"https:\\\/\\\/www.analoggwerz.com\\\/\",\"logo\":{\"@type\":\"ImageObject\",\"inLanguage\":\"en-US\",\"@id\":\"https:\\\/\\\/www.analoggwerz.com\\\/#\\\/schema\\\/logo\\\/image\\\/\",\"url\":\"https:\\\/\\\/www.analoggwerz.com\\\/wp-content\\\/uploads\\\/2025\\\/10\\\/000-LOGO-ANALOG-GWERZ-NOIR-1.png\",\"contentUrl\":\"https:\\\/\\\/www.analoggwerz.com\\\/wp-content\\\/uploads\\\/2025\\\/10\\\/000-LOGO-ANALOG-GWERZ-NOIR-1.png\",\"width\":800,\"height\":407,\"caption\":\"Analog Gwerz\"},\"image\":{\"@id\":\"https:\\\/\\\/www.analoggwerz.com\\\/#\\\/schema\\\/logo\\\/image\\\/\"},\"sameAs\":[\"https:\\\/\\\/www.instagram.com\\\/analog_gwerz\\\/\",\"https:\\\/\\\/www.tiktok.com\\\/@analog_gwerz\"]}]}<\/script>\n<!-- \/ Yoast SEO plugin. -->","yoast_head_json":{"title":"Appareil Photo Num\u00e9rique Compact Pentax Optio M900 - 12.1 MP est disponible sur la boutique !","description":"Cliquez ici pour d\u00e9couvrir Appareil Photo Num\u00e9rique Compact Pentax Optio M900 - 12.1 MP sur la boutique.","robots":{"index":"index","follow":"follow","max-snippet":"max-snippet:-1","max-image-preview":"max-image-preview:large","max-video-preview":"max-video-preview:-1"},"canonical":"https:\/\/www.analoggwerz.com\/en\/product\/appareil-photo-numerique-compact-pentax-optio-m900-12-1-mp\/","og_locale":"en_US","og_type":"article","og_title":"Appareil Photo Num\u00e9rique Compact Pentax Optio M900 - 12.1 MP est disponible sur la boutique !","og_description":"Cliquez ici pour d\u00e9couvrir Appareil Photo Num\u00e9rique Compact Pentax Optio M900 - 12.1 MP sur la boutique.","og_url":"https:\/\/www.analoggwerz.com\/en\/product\/appareil-photo-numerique-compact-pentax-optio-m900-12-1-mp\/","og_site_name":"Analog Gwerz","article_modified_time":"2026-04-13T22:33:49+00:00","og_image":[{"width":2560,"height":1920,"url":"https:\/\/www.analoggwerz.com\/wp-content\/uploads\/2026\/04\/img_7465-scaled.jpeg","type":"image\/jpeg"}],"twitter_card":"summary_large_image","twitter_misc":{"Est. reading time":"1 minute"},"schema":{"@context":"https:\/\/schema.org","@graph":[{"@type":"WebPage","@id":"https:\/\/www.analoggwerz.com\/produit\/appareil-photo-numerique-compact-pentax-optio-m900-12-1-mp\/","url":"https:\/\/www.analoggwerz.com\/produit\/appareil-photo-numerique-compact-pentax-optio-m900-12-1-mp\/","name":"Appareil Photo Num\u00e9rique Compact Pentax Optio M900 - 12.1 MP est disponible sur la boutique !","isPartOf":{"@id":"https:\/\/www.analoggwerz.com\/#website"},"primaryImageOfPage":{"@id":"https:\/\/www.analoggwerz.com\/produit\/appareil-photo-numerique-compact-pentax-optio-m900-12-1-mp\/#primaryimage"},"image":{"@id":"https:\/\/www.analoggwerz.com\/produit\/appareil-photo-numerique-compact-pentax-optio-m900-12-1-mp\/#primaryimage"},"thumbnailUrl":"https:\/\/www.analoggwerz.com\/wp-content\/uploads\/2026\/04\/img_7465-scaled.jpeg","datePublished":"2026-04-10T16:10:16+00:00","dateModified":"2026-04-13T22:33:49+00:00","description":"Cliquez ici pour d\u00e9couvrir Appareil Photo Num\u00e9rique Compact Pentax Optio M900 - 12.1 MP sur la boutique.","breadcrumb":{"@id":"https:\/\/www.analoggwerz.com\/produit\/appareil-photo-numerique-compact-pentax-optio-m900-12-1-mp\/#breadcrumb"},"inLanguage":"en-US","potentialAction":[{"@type":"ReadAction","target":["https:\/\/www.analoggwerz.com\/produit\/appareil-photo-numerique-compact-pentax-optio-m900-12-1-mp\/"]}]},{"@type":"ImageObject","inLanguage":"en-US","@id":"https:\/\/www.analoggwerz.com\/produit\/appareil-photo-numerique-compact-pentax-optio-m900-12-1-mp\/#primaryimage","url":"https:\/\/www.analoggwerz.com\/wp-content\/uploads\/2026\/04\/img_7465-scaled.jpeg","contentUrl":"https:\/\/www.analoggwerz.com\/wp-content\/uploads\/2026\/04\/img_7465-scaled.jpeg","width":2560,"height":1920},{"@type":"BreadcrumbList","@id":"https:\/\/www.analoggwerz.com\/produit\/appareil-photo-numerique-compact-pentax-optio-m900-12-1-mp\/#breadcrumb","itemListElement":[{"@type":"ListItem","position":1,"name":"Accueil","item":"https:\/\/www.analoggwerz.com\/"},{"@type":"ListItem","position":2,"name":"Boutique","item":"https:\/\/www.analoggwerz.com\/shop\/"},{"@type":"ListItem","position":3,"name":"Appareil Photo Num\u00e9rique Compact Pentax Optio M900 &#8211; 12.1 MP"}]},{"@type":"WebSite","@id":"https:\/\/www.analoggwerz.com\/#website","url":"https:\/\/www.analoggwerz.com\/","name":"Analog Gwerz","description":"Pas besoin de neuf pour capturer l&#039;instant !","publisher":{"@id":"https:\/\/www.analoggwerz.com\/#organization"},"potentialAction":[{"@type":"SearchAction","target":{"@type":"EntryPoint","urlTemplate":"https:\/\/www.analoggwerz.com\/?s={search_term_string}"},"query-input":{"@type":"PropertyValueSpecification","valueRequired":true,"valueName":"search_term_string"}}],"inLanguage":"en-US"},{"@type":"Organization","@id":"https:\/\/www.analoggwerz.com\/#organization","name":"Analog Gwerz","url":"https:\/\/www.analoggwerz.com\/","logo":{"@type":"ImageObject","inLanguage":"en-US","@id":"https:\/\/www.analoggwerz.com\/#\/schema\/logo\/image\/","url":"https:\/\/www.analoggwerz.com\/wp-content\/uploads\/2025\/10\/000-LOGO-ANALOG-GWERZ-NOIR-1.png","contentUrl":"https:\/\/www.analoggwerz.com\/wp-content\/uploads\/2025\/10\/000-LOGO-ANALOG-GWERZ-NOIR-1.png","width":800,"height":407,"caption":"Analog Gwerz"},"image":{"@id":"https:\/\/www.analoggwerz.com\/#\/schema\/logo\/image\/"},"sameAs":["https:\/\/www.instagram.com\/analog_gwerz\/","https:\/\/www.tiktok.com\/@analog_gwerz"]}]}},"jetpack_sharing_enabled":true,"_links":{"self":[{"href":"https:\/\/www.analoggwerz.com\/en\/wp-json\/wp\/v2\/product\/11317","targetHints":{"allow":["GET"]}}],"collection":[{"href":"https:\/\/www.analoggwerz.com\/en\/wp-json\/wp\/v2\/product"}],"about":[{"href":"https:\/\/www.analoggwerz.com\/en\/wp-json\/wp\/v2\/types\/product"}],"wp:featuredmedia":[{"embeddable":true,"href":"https:\/\/www.analoggwerz.com\/en\/wp-json\/wp\/v2\/media\/11316"}],"wp:attachment":[{"href":"https:\/\/www.analoggwerz.com\/en\/wp-json\/wp\/v2\/media?parent=11317"}],"wp:term":[{"taxonomy":"product_brand","embeddable":true,"href":"https:\/\/www.analoggwerz.com\/en\/wp-json\/wp\/v2\/product_brand?post=11317"},{"taxonomy":"product_cat","embeddable":true,"href":"https:\/\/www.analoggwerz.com\/en\/wp-json\/wp\/v2\/product_cat?post=11317"},{"taxonomy":"product_tag","embeddable":true,"href":"https:\/\/www.analoggwerz.com\/en\/wp-json\/wp\/v2\/product_tag?post=11317"}],"curies":[{"name":"wp","href":"https:\/\/api.w.org\/{rel}","templated":true}]}}