{"id":11262,"date":"2026-04-03T10:52:14","date_gmt":"2026-04-03T10:52:14","guid":{"rendered":"https:\/\/www.analoggwerz.com\/produit\/objectif-vivitar-auto-telephoto-135mm-f-2-8-monture-canon-fd-fl\/"},"modified":"2026-04-03T10:52:17","modified_gmt":"2026-04-03T10:52:17","slug":"objectif-vivitar-auto-telephoto-135mm-f-2-8-monture-canon-fd-fl","status":"publish","type":"product","link":"https:\/\/www.analoggwerz.com\/en\/product\/objectif-vivitar-auto-telephoto-135mm-f-2-8-monture-canon-fd-fl\/","title":{"rendered":"Objectif Vivitar Auto Telephoto 135mm f\/2.8 &#8211; Monture Canon FD \/ FL"},"content":{"rendered":"<p><strong>Objectif Vivitar Auto Telephoto 135mm f\/2.8 &#8211; Monture Canon FD \/ FL<\/strong><\/p>\n<p><strong>D\u00e9couvrez le Vivitar Auto Telephoto 135mm f\/2.8, un t\u00e9l\u00e9objectif vintage r\u00e9put\u00e9 pour sa grande luminosit\u00e9 et sa construction robuste en m\u00e9tal. Id\u00e9al pour la photographie de portrait, il permet d&rsquo;isoler parfaitement le sujet et d&rsquo;obtenir un magnifique flou d&rsquo;arri\u00e8re-plan (bokeh) gr\u00e2ce \u00e0 sa focale de 135mm coupl\u00e9e \u00e0 sa grande ouverture de f\/2.8. Il est \u00e9quip\u00e9 de la fameuse monture \u00e0 bague de serrage (breech-lock), le rendant compatible avec les mythiques bo\u00eetiers argentiques Canon (s\u00e9ries AE-1, A-1, FTb, etc.) et facilement adaptable sur les hybrides num\u00e9riques.<\/strong><\/p>\n<p><strong>D\u00e9tails et \u00c9tat :<\/strong><\/p>\n<p><strong>\u2022 Objectif test\u00e9 et nettoy\u00e9 rigoureusement.<\/strong><\/p>\n<p><strong>\u2022 Monture : Canon FD \/ FL (syst\u00e8me \u00e0 bague de verrouillage rotative).<\/strong><\/p>\n<p><strong>\u2022 \u00c9tat optique : Les lentilles sont propres, claires et lumineuses, sans rayures, voile ni champignons. Le diam\u00e8tre pour filtre est de 55mm.<\/strong><\/p>\n<p><strong>\u2022 M\u00e9canique : La large bague de mise au point textur\u00e9e est douce et tr\u00e8s agr\u00e9able \u00e0 manipuler. La bague de diaphragme est crant\u00e9e et parfaitement r\u00e9active. Le syst\u00e8me de fixation \u00e0 la monture est fluide.<\/strong><\/p>\n<p><strong>\u2022 \u00c9tat esth\u00e9tique : Tr\u00e8s bel \u00e9tat cosm\u00e9tique g\u00e9n\u00e9ral. Le f\u00fbt m\u00e9tallique noir est superbement conserv\u00e9 avec des inscriptions claires.<\/strong><\/p>\n<p><strong>\u2022 Alimentation : Cet objectif \u00e9tant enti\u00e8rement manuel, il est bien entendu fourni sans piles (inutiles ici) ni pellicule.<\/strong><\/p>\n<p><strong>Une optique lumineuse, solide et performante pour des portraits au rendu vintage exceptionnel sur votre Canon argentique.<\/strong><\/p>","protected":false},"excerpt":{"rendered":"<p>Objectif Vivitar Auto Telephoto 135mm f\/2.8 &#8211; Monture Canon FD \/ FL D\u00e9couvrez le Vivitar Auto Telephoto 135mm f\/2.8, un t\u00e9l\u00e9objectif vintage r\u00e9put\u00e9 pour sa grande luminosit\u00e9 et sa construction robuste en m\u00e9tal. Id\u00e9al pour la photographie de portrait, il permet d&rsquo;isoler parfaitement le sujet et d&rsquo;obtenir un magnifique flou d&rsquo;arri\u00e8re-plan (bokeh) gr\u00e2ce \u00e0 sa [&hellip;]<\/p>\n","protected":false},"featured_media":11261,"template":"","meta":[],"product_brand":[],"product_cat":[57,174,176],"product_tag":[],"class_list":{"0":"post-11262","1":"product","2":"type-product","3":"status-publish","4":"has-post-thumbnail","6":"product_cat-objectifs","7":"product_cat-objectifs-a-focale-fixe","8":"product_cat-teleobjectifs","10":"first","11":"instock","12":"purchasable","13":"product-type-simple"},"yoast_head":"<!-- This site is optimized with the Yoast SEO plugin v27.5 - https:\/\/yoast.com\/product\/yoast-seo-wordpress\/ -->\n<title>Objectif Vivitar Auto Telephoto 135mm f\/2.8 - Monture Canon FD \/ FL est disponible sur la boutique !<\/title>\n<meta name=\"description\" content=\"Cliquez ici pour d\u00e9couvrir Objectif Vivitar Auto Telephoto 135mm f\/2.8 - Monture Canon FD \/ FL sur la boutique.\" \/>\n<meta name=\"robots\" content=\"index, follow, max-snippet:-1, max-image-preview:large, max-video-preview:-1\" \/>\n<link rel=\"canonical\" href=\"https:\/\/www.analoggwerz.com\/en\/product\/objectif-vivitar-auto-telephoto-135mm-f-2-8-monture-canon-fd-fl\/\" \/>\n<meta property=\"og:locale\" content=\"en_US\" \/>\n<meta property=\"og:type\" content=\"article\" \/>\n<meta property=\"og:title\" content=\"Objectif Vivitar Auto Telephoto 135mm f\/2.8 - Monture Canon FD \/ FL est disponible sur la boutique !\" \/>\n<meta property=\"og:description\" content=\"Cliquez ici pour d\u00e9couvrir Objectif Vivitar Auto Telephoto 135mm f\/2.8 - Monture Canon FD \/ FL sur la boutique.\" \/>\n<meta property=\"og:url\" content=\"https:\/\/www.analoggwerz.com\/en\/product\/objectif-vivitar-auto-telephoto-135mm-f-2-8-monture-canon-fd-fl\/\" \/>\n<meta property=\"og:site_name\" content=\"Analog Gwerz\" \/>\n<meta property=\"article:modified_time\" content=\"2026-04-03T10:52:17+00:00\" \/>\n<meta property=\"og:image\" content=\"https:\/\/www.analoggwerz.com\/wp-content\/uploads\/2025\/04\/assets_task_01jra9s5ypffzbqebsyr432pm0_img_0.webp\" \/>\n\t<meta property=\"og:image:width\" content=\"1536\" \/>\n\t<meta property=\"og:image:height\" content=\"1024\" \/>\n\t<meta property=\"og:image:type\" content=\"image\/webp\" \/>\n<meta name=\"twitter:card\" content=\"summary_large_image\" \/>\n<meta name=\"twitter:label1\" content=\"Est. reading time\" \/>\n\t<meta name=\"twitter:data1\" content=\"1 minute\" \/>\n<script type=\"application\/ld+json\" class=\"yoast-schema-graph\">{\"@context\":\"https:\\\/\\\/schema.org\",\"@graph\":[{\"@type\":\"WebPage\",\"@id\":\"https:\\\/\\\/www.analoggwerz.com\\\/produit\\\/objectif-vivitar-auto-telephoto-135mm-f-2-8-monture-canon-fd-fl\\\/\",\"url\":\"https:\\\/\\\/www.analoggwerz.com\\\/produit\\\/objectif-vivitar-auto-telephoto-135mm-f-2-8-monture-canon-fd-fl\\\/\",\"name\":\"Objectif Vivitar Auto Telephoto 135mm f\\\/2.8 - Monture Canon FD \\\/ FL est disponible sur la boutique !\",\"isPartOf\":{\"@id\":\"https:\\\/\\\/www.analoggwerz.com\\\/#website\"},\"primaryImageOfPage\":{\"@id\":\"https:\\\/\\\/www.analoggwerz.com\\\/produit\\\/objectif-vivitar-auto-telephoto-135mm-f-2-8-monture-canon-fd-fl\\\/#primaryimage\"},\"image\":{\"@id\":\"https:\\\/\\\/www.analoggwerz.com\\\/produit\\\/objectif-vivitar-auto-telephoto-135mm-f-2-8-monture-canon-fd-fl\\\/#primaryimage\"},\"thumbnailUrl\":\"https:\\\/\\\/www.analoggwerz.com\\\/wp-content\\\/uploads\\\/2026\\\/04\\\/img_7373-scaled.jpeg\",\"datePublished\":\"2026-04-03T10:52:14+00:00\",\"dateModified\":\"2026-04-03T10:52:17+00:00\",\"description\":\"Cliquez ici pour d\u00e9couvrir Objectif Vivitar Auto Telephoto 135mm f\\\/2.8 - Monture Canon FD \\\/ FL sur la boutique.\",\"breadcrumb\":{\"@id\":\"https:\\\/\\\/www.analoggwerz.com\\\/produit\\\/objectif-vivitar-auto-telephoto-135mm-f-2-8-monture-canon-fd-fl\\\/#breadcrumb\"},\"inLanguage\":\"en-US\",\"potentialAction\":[{\"@type\":\"ReadAction\",\"target\":[\"https:\\\/\\\/www.analoggwerz.com\\\/produit\\\/objectif-vivitar-auto-telephoto-135mm-f-2-8-monture-canon-fd-fl\\\/\"]}]},{\"@type\":\"ImageObject\",\"inLanguage\":\"en-US\",\"@id\":\"https:\\\/\\\/www.analoggwerz.com\\\/produit\\\/objectif-vivitar-auto-telephoto-135mm-f-2-8-monture-canon-fd-fl\\\/#primaryimage\",\"url\":\"https:\\\/\\\/www.analoggwerz.com\\\/wp-content\\\/uploads\\\/2026\\\/04\\\/img_7373-scaled.jpeg\",\"contentUrl\":\"https:\\\/\\\/www.analoggwerz.com\\\/wp-content\\\/uploads\\\/2026\\\/04\\\/img_7373-scaled.jpeg\",\"width\":2560,\"height\":1920},{\"@type\":\"BreadcrumbList\",\"@id\":\"https:\\\/\\\/www.analoggwerz.com\\\/produit\\\/objectif-vivitar-auto-telephoto-135mm-f-2-8-monture-canon-fd-fl\\\/#breadcrumb\",\"itemListElement\":[{\"@type\":\"ListItem\",\"position\":1,\"name\":\"Accueil\",\"item\":\"https:\\\/\\\/www.analoggwerz.com\\\/\"},{\"@type\":\"ListItem\",\"position\":2,\"name\":\"Boutique\",\"item\":\"https:\\\/\\\/www.analoggwerz.com\\\/shop\\\/\"},{\"@type\":\"ListItem\",\"position\":3,\"name\":\"Objectif Vivitar Auto Telephoto 135mm f\\\/2.8 &#8211; Monture Canon FD \\\/ FL\"}]},{\"@type\":\"WebSite\",\"@id\":\"https:\\\/\\\/www.analoggwerz.com\\\/#website\",\"url\":\"https:\\\/\\\/www.analoggwerz.com\\\/\",\"name\":\"Analog Gwerz\",\"description\":\"Pas besoin de neuf pour capturer l&#039;instant !\",\"publisher\":{\"@id\":\"https:\\\/\\\/www.analoggwerz.com\\\/#organization\"},\"potentialAction\":[{\"@type\":\"SearchAction\",\"target\":{\"@type\":\"EntryPoint\",\"urlTemplate\":\"https:\\\/\\\/www.analoggwerz.com\\\/?s={search_term_string}\"},\"query-input\":{\"@type\":\"PropertyValueSpecification\",\"valueRequired\":true,\"valueName\":\"search_term_string\"}}],\"inLanguage\":\"en-US\"},{\"@type\":\"Organization\",\"@id\":\"https:\\\/\\\/www.analoggwerz.com\\\/#organization\",\"name\":\"Analog Gwerz\",\"url\":\"https:\\\/\\\/www.analoggwerz.com\\\/\",\"logo\":{\"@type\":\"ImageObject\",\"inLanguage\":\"en-US\",\"@id\":\"https:\\\/\\\/www.analoggwerz.com\\\/#\\\/schema\\\/logo\\\/image\\\/\",\"url\":\"https:\\\/\\\/www.analoggwerz.com\\\/wp-content\\\/uploads\\\/2025\\\/10\\\/000-LOGO-ANALOG-GWERZ-NOIR-1.png\",\"contentUrl\":\"https:\\\/\\\/www.analoggwerz.com\\\/wp-content\\\/uploads\\\/2025\\\/10\\\/000-LOGO-ANALOG-GWERZ-NOIR-1.png\",\"width\":800,\"height\":407,\"caption\":\"Analog Gwerz\"},\"image\":{\"@id\":\"https:\\\/\\\/www.analoggwerz.com\\\/#\\\/schema\\\/logo\\\/image\\\/\"},\"sameAs\":[\"https:\\\/\\\/www.instagram.com\\\/analog_gwerz\\\/\",\"https:\\\/\\\/www.tiktok.com\\\/@analog_gwerz\"]}]}<\/script>\n<!-- \/ Yoast SEO plugin. -->","yoast_head_json":{"title":"Objectif Vivitar Auto Telephoto 135mm f\/2.8 - Monture Canon FD \/ FL est disponible sur la boutique !","description":"Cliquez ici pour d\u00e9couvrir Objectif Vivitar Auto Telephoto 135mm f\/2.8 - Monture Canon FD \/ FL sur la boutique.","robots":{"index":"index","follow":"follow","max-snippet":"max-snippet:-1","max-image-preview":"max-image-preview:large","max-video-preview":"max-video-preview:-1"},"canonical":"https:\/\/www.analoggwerz.com\/en\/product\/objectif-vivitar-auto-telephoto-135mm-f-2-8-monture-canon-fd-fl\/","og_locale":"en_US","og_type":"article","og_title":"Objectif Vivitar Auto Telephoto 135mm f\/2.8 - Monture Canon FD \/ FL est disponible sur la boutique !","og_description":"Cliquez ici pour d\u00e9couvrir Objectif Vivitar Auto Telephoto 135mm f\/2.8 - Monture Canon FD \/ FL sur la boutique.","og_url":"https:\/\/www.analoggwerz.com\/en\/product\/objectif-vivitar-auto-telephoto-135mm-f-2-8-monture-canon-fd-fl\/","og_site_name":"Analog Gwerz","article_modified_time":"2026-04-03T10:52:17+00:00","og_image":[{"width":1536,"height":1024,"url":"https:\/\/www.analoggwerz.com\/wp-content\/uploads\/2025\/04\/assets_task_01jra9s5ypffzbqebsyr432pm0_img_0.webp","type":"image\/webp"}],"twitter_card":"summary_large_image","twitter_misc":{"Est. reading time":"1 minute"},"schema":{"@context":"https:\/\/schema.org","@graph":[{"@type":"WebPage","@id":"https:\/\/www.analoggwerz.com\/produit\/objectif-vivitar-auto-telephoto-135mm-f-2-8-monture-canon-fd-fl\/","url":"https:\/\/www.analoggwerz.com\/produit\/objectif-vivitar-auto-telephoto-135mm-f-2-8-monture-canon-fd-fl\/","name":"Objectif Vivitar Auto Telephoto 135mm f\/2.8 - Monture Canon FD \/ FL est disponible sur la boutique !","isPartOf":{"@id":"https:\/\/www.analoggwerz.com\/#website"},"primaryImageOfPage":{"@id":"https:\/\/www.analoggwerz.com\/produit\/objectif-vivitar-auto-telephoto-135mm-f-2-8-monture-canon-fd-fl\/#primaryimage"},"image":{"@id":"https:\/\/www.analoggwerz.com\/produit\/objectif-vivitar-auto-telephoto-135mm-f-2-8-monture-canon-fd-fl\/#primaryimage"},"thumbnailUrl":"https:\/\/www.analoggwerz.com\/wp-content\/uploads\/2026\/04\/img_7373-scaled.jpeg","datePublished":"2026-04-03T10:52:14+00:00","dateModified":"2026-04-03T10:52:17+00:00","description":"Cliquez ici pour d\u00e9couvrir Objectif Vivitar Auto Telephoto 135mm f\/2.8 - Monture Canon FD \/ FL sur la boutique.","breadcrumb":{"@id":"https:\/\/www.analoggwerz.com\/produit\/objectif-vivitar-auto-telephoto-135mm-f-2-8-monture-canon-fd-fl\/#breadcrumb"},"inLanguage":"en-US","potentialAction":[{"@type":"ReadAction","target":["https:\/\/www.analoggwerz.com\/produit\/objectif-vivitar-auto-telephoto-135mm-f-2-8-monture-canon-fd-fl\/"]}]},{"@type":"ImageObject","inLanguage":"en-US","@id":"https:\/\/www.analoggwerz.com\/produit\/objectif-vivitar-auto-telephoto-135mm-f-2-8-monture-canon-fd-fl\/#primaryimage","url":"https:\/\/www.analoggwerz.com\/wp-content\/uploads\/2026\/04\/img_7373-scaled.jpeg","contentUrl":"https:\/\/www.analoggwerz.com\/wp-content\/uploads\/2026\/04\/img_7373-scaled.jpeg","width":2560,"height":1920},{"@type":"BreadcrumbList","@id":"https:\/\/www.analoggwerz.com\/produit\/objectif-vivitar-auto-telephoto-135mm-f-2-8-monture-canon-fd-fl\/#breadcrumb","itemListElement":[{"@type":"ListItem","position":1,"name":"Accueil","item":"https:\/\/www.analoggwerz.com\/"},{"@type":"ListItem","position":2,"name":"Boutique","item":"https:\/\/www.analoggwerz.com\/shop\/"},{"@type":"ListItem","position":3,"name":"Objectif Vivitar Auto Telephoto 135mm f\/2.8 &#8211; Monture Canon FD \/ FL"}]},{"@type":"WebSite","@id":"https:\/\/www.analoggwerz.com\/#website","url":"https:\/\/www.analoggwerz.com\/","name":"Analog Gwerz","description":"Pas besoin de neuf pour capturer l&#039;instant !","publisher":{"@id":"https:\/\/www.analoggwerz.com\/#organization"},"potentialAction":[{"@type":"SearchAction","target":{"@type":"EntryPoint","urlTemplate":"https:\/\/www.analoggwerz.com\/?s={search_term_string}"},"query-input":{"@type":"PropertyValueSpecification","valueRequired":true,"valueName":"search_term_string"}}],"inLanguage":"en-US"},{"@type":"Organization","@id":"https:\/\/www.analoggwerz.com\/#organization","name":"Analog Gwerz","url":"https:\/\/www.analoggwerz.com\/","logo":{"@type":"ImageObject","inLanguage":"en-US","@id":"https:\/\/www.analoggwerz.com\/#\/schema\/logo\/image\/","url":"https:\/\/www.analoggwerz.com\/wp-content\/uploads\/2025\/10\/000-LOGO-ANALOG-GWERZ-NOIR-1.png","contentUrl":"https:\/\/www.analoggwerz.com\/wp-content\/uploads\/2025\/10\/000-LOGO-ANALOG-GWERZ-NOIR-1.png","width":800,"height":407,"caption":"Analog Gwerz"},"image":{"@id":"https:\/\/www.analoggwerz.com\/#\/schema\/logo\/image\/"},"sameAs":["https:\/\/www.instagram.com\/analog_gwerz\/","https:\/\/www.tiktok.com\/@analog_gwerz"]}]}},"jetpack_sharing_enabled":true,"_links":{"self":[{"href":"https:\/\/www.analoggwerz.com\/en\/wp-json\/wp\/v2\/product\/11262","targetHints":{"allow":["GET"]}}],"collection":[{"href":"https:\/\/www.analoggwerz.com\/en\/wp-json\/wp\/v2\/product"}],"about":[{"href":"https:\/\/www.analoggwerz.com\/en\/wp-json\/wp\/v2\/types\/product"}],"wp:featuredmedia":[{"embeddable":true,"href":"https:\/\/www.analoggwerz.com\/en\/wp-json\/wp\/v2\/media\/11261"}],"wp:attachment":[{"href":"https:\/\/www.analoggwerz.com\/en\/wp-json\/wp\/v2\/media?parent=11262"}],"wp:term":[{"taxonomy":"product_brand","embeddable":true,"href":"https:\/\/www.analoggwerz.com\/en\/wp-json\/wp\/v2\/product_brand?post=11262"},{"taxonomy":"product_cat","embeddable":true,"href":"https:\/\/www.analoggwerz.com\/en\/wp-json\/wp\/v2\/product_cat?post=11262"},{"taxonomy":"product_tag","embeddable":true,"href":"https:\/\/www.analoggwerz.com\/en\/wp-json\/wp\/v2\/product_tag?post=11262"}],"curies":[{"name":"wp","href":"https:\/\/api.w.org\/{rel}","templated":true}]}}