{"id":11225,"date":"2026-03-30T20:39:21","date_gmt":"2026-03-30T20:39:21","guid":{"rendered":"https:\/\/www.analoggwerz.com\/produit\/etui-de-protection-rigide-pentacon-sacoche-vintage-noir-et-rouge\/"},"modified":"2026-03-30T20:39:24","modified_gmt":"2026-03-30T20:39:24","slug":"etui-de-protection-rigide-pentacon-sacoche-vintage-noir-et-rouge","status":"publish","type":"product","link":"https:\/\/www.analoggwerz.com\/en\/product\/etui-de-protection-rigide-pentacon-sacoche-vintage-noir-et-rouge\/","title":{"rendered":"\u00c9tui de Protection Rigide Pentacon &#8211; Sacoche Vintage Noir et Rouge"},"content":{"rendered":"<p><strong>\u00c9tui de Protection Rigide Pentacon &#8211; Sacoche Vintage Noir et Rouge<\/strong><\/p>\n<p><strong>Prot\u00e9gez votre appareil photo argentique avec cet \u00e9l\u00e9gant \u00e9tui \u00ab\u00a0ever-ready\u00a0\u00bb (pr\u00eat \u00e0 l&#8217;emploi) d&rsquo;origine de la marque Pentacon. Dot\u00e9 d&rsquo;une coque rigide noire brillante arborant le c\u00e9l\u00e8bre logo de la tour Pentacon en relief, cet \u00e9tui de protection s&rsquo;ouvre pour r\u00e9v\u00e9ler un magnifique int\u00e9rieur doubl\u00e9 de velours rouge. Il est id\u00e9al pour transporter et prot\u00e9ger votre bo\u00eetier reflex est-allemand (type Praktica ou Pentacon) \u00e9quip\u00e9 de son objectif standard, tout en vous permettant de d\u00e9gainer rapidement.<\/strong><\/p>\n<p><strong>D\u00e9tails et \u00c9tat :<\/strong><\/p>\n<p><strong>\u2022 Accessoire nettoy\u00e9 et inspect\u00e9 avec soin.<\/strong><\/p>\n<p><strong>\u2022 \u00c9tat ext\u00e9rieur : Tr\u00e8s bon \u00e9tat g\u00e9n\u00e9ral. La coque rigide est bien conserv\u00e9e et conserve sa brillance, avec de l\u00e9g\u00e8res traces d&rsquo;usage normales. Les boutons-pression m\u00e9talliques ferment fermement.<\/strong><\/p>\n<p><strong>\u2022 \u00c9tat int\u00e9rieur : Le rev\u00eatement en feutrine rouge est tr\u00e8s propre et en excellent \u00e9tat, garantissant une protection douce pour votre appareil contre les rayures.<\/strong><\/p>\n<p><strong>\u2022 Sangle : Livr\u00e9 avec sa sangle de transport d&rsquo;origine. Le cuir de la lani\u00e8re pr\u00e9sente une belle patine mais aussi des signes d&rsquo;usure prononc\u00e9s et des craquelures li\u00e9es au temps (visibles sur les photos).<\/strong><\/p>\n<p><strong>\u2022 Fixation : Pr\u00e9sence du trou \u00e0 la base pour utiliser la vis de fixation standard reliant l&rsquo;\u00e9tui \u00e0 la semelle de votre appareil photo.<\/strong><\/p>\n<p><strong>Un bel accessoire d&rsquo;\u00e9poque, robuste et particuli\u00e8rement esth\u00e9tique avec son contraste noir et rouge.<\/strong><\/p>","protected":false},"excerpt":{"rendered":"<p>\u00c9tui de Protection Rigide Pentacon &#8211; Sacoche Vintage Noir et Rouge Prot\u00e9gez votre appareil photo argentique avec cet \u00e9l\u00e9gant \u00e9tui \u00ab\u00a0ever-ready\u00a0\u00bb (pr\u00eat \u00e0 l&#8217;emploi) d&rsquo;origine de la marque Pentacon. Dot\u00e9 d&rsquo;une coque rigide noire brillante arborant le c\u00e9l\u00e8bre logo de la tour Pentacon en relief, cet \u00e9tui de protection s&rsquo;ouvre pour r\u00e9v\u00e9ler un magnifique int\u00e9rieur [&hellip;]<\/p>\n","protected":false},"featured_media":11223,"template":"","meta":[],"product_brand":[],"product_cat":[143,145],"product_tag":[],"class_list":{"0":"post-11225","1":"product","2":"type-product","3":"status-publish","4":"has-post-thumbnail","6":"product_cat-etuis-et-sacoches","7":"product_cat-etui-pour-reflex-argentique","9":"first","10":"instock","11":"purchasable","12":"product-type-simple"},"yoast_head":"<!-- This site is optimized with the Yoast SEO plugin v27.5 - https:\/\/yoast.com\/product\/yoast-seo-wordpress\/ -->\n<title>\u00c9tui de Protection Rigide Pentacon - Sacoche Vintage Noir et Rouge est disponible sur la boutique !<\/title>\n<meta name=\"description\" content=\"Cliquez ici pour d\u00e9couvrir \u00c9tui de Protection Rigide Pentacon - Sacoche Vintage Noir et Rouge sur la boutique.\" \/>\n<meta name=\"robots\" content=\"index, follow, max-snippet:-1, max-image-preview:large, max-video-preview:-1\" \/>\n<link rel=\"canonical\" href=\"https:\/\/www.analoggwerz.com\/en\/product\/etui-de-protection-rigide-pentacon-sacoche-vintage-noir-et-rouge\/\" \/>\n<meta property=\"og:locale\" content=\"en_US\" \/>\n<meta property=\"og:type\" content=\"article\" \/>\n<meta property=\"og:title\" content=\"\u00c9tui de Protection Rigide Pentacon - Sacoche Vintage Noir et Rouge est disponible sur la boutique !\" \/>\n<meta property=\"og:description\" content=\"Cliquez ici pour d\u00e9couvrir \u00c9tui de Protection Rigide Pentacon - Sacoche Vintage Noir et Rouge sur la boutique.\" \/>\n<meta property=\"og:url\" content=\"https:\/\/www.analoggwerz.com\/en\/product\/etui-de-protection-rigide-pentacon-sacoche-vintage-noir-et-rouge\/\" \/>\n<meta property=\"og:site_name\" content=\"Analog Gwerz\" \/>\n<meta property=\"article:modified_time\" content=\"2026-03-30T20:39:24+00:00\" \/>\n<meta property=\"og:image\" content=\"https:\/\/www.analoggwerz.com\/wp-content\/uploads\/2025\/04\/assets_task_01jra9s5ypffzbqebsyr432pm0_img_0.webp\" \/>\n\t<meta property=\"og:image:width\" content=\"1536\" \/>\n\t<meta property=\"og:image:height\" content=\"1024\" \/>\n\t<meta property=\"og:image:type\" content=\"image\/webp\" \/>\n<meta name=\"twitter:card\" content=\"summary_large_image\" \/>\n<meta name=\"twitter:label1\" content=\"Est. reading time\" \/>\n\t<meta name=\"twitter:data1\" content=\"1 minute\" \/>\n<script type=\"application\/ld+json\" class=\"yoast-schema-graph\">{\"@context\":\"https:\\\/\\\/schema.org\",\"@graph\":[{\"@type\":\"WebPage\",\"@id\":\"https:\\\/\\\/www.analoggwerz.com\\\/produit\\\/etui-de-protection-rigide-pentacon-sacoche-vintage-noir-et-rouge\\\/\",\"url\":\"https:\\\/\\\/www.analoggwerz.com\\\/produit\\\/etui-de-protection-rigide-pentacon-sacoche-vintage-noir-et-rouge\\\/\",\"name\":\"\u00c9tui de Protection Rigide Pentacon - Sacoche Vintage Noir et Rouge est disponible sur la boutique !\",\"isPartOf\":{\"@id\":\"https:\\\/\\\/www.analoggwerz.com\\\/#website\"},\"primaryImageOfPage\":{\"@id\":\"https:\\\/\\\/www.analoggwerz.com\\\/produit\\\/etui-de-protection-rigide-pentacon-sacoche-vintage-noir-et-rouge\\\/#primaryimage\"},\"image\":{\"@id\":\"https:\\\/\\\/www.analoggwerz.com\\\/produit\\\/etui-de-protection-rigide-pentacon-sacoche-vintage-noir-et-rouge\\\/#primaryimage\"},\"thumbnailUrl\":\"https:\\\/\\\/www.analoggwerz.com\\\/wp-content\\\/uploads\\\/2026\\\/03\\\/img_7285-scaled.jpeg\",\"datePublished\":\"2026-03-30T20:39:21+00:00\",\"dateModified\":\"2026-03-30T20:39:24+00:00\",\"description\":\"Cliquez ici pour d\u00e9couvrir \u00c9tui de Protection Rigide Pentacon - Sacoche Vintage Noir et Rouge sur la boutique.\",\"breadcrumb\":{\"@id\":\"https:\\\/\\\/www.analoggwerz.com\\\/produit\\\/etui-de-protection-rigide-pentacon-sacoche-vintage-noir-et-rouge\\\/#breadcrumb\"},\"inLanguage\":\"en-US\",\"potentialAction\":[{\"@type\":\"ReadAction\",\"target\":[\"https:\\\/\\\/www.analoggwerz.com\\\/produit\\\/etui-de-protection-rigide-pentacon-sacoche-vintage-noir-et-rouge\\\/\"]}]},{\"@type\":\"ImageObject\",\"inLanguage\":\"en-US\",\"@id\":\"https:\\\/\\\/www.analoggwerz.com\\\/produit\\\/etui-de-protection-rigide-pentacon-sacoche-vintage-noir-et-rouge\\\/#primaryimage\",\"url\":\"https:\\\/\\\/www.analoggwerz.com\\\/wp-content\\\/uploads\\\/2026\\\/03\\\/img_7285-scaled.jpeg\",\"contentUrl\":\"https:\\\/\\\/www.analoggwerz.com\\\/wp-content\\\/uploads\\\/2026\\\/03\\\/img_7285-scaled.jpeg\",\"width\":2560,\"height\":1920},{\"@type\":\"BreadcrumbList\",\"@id\":\"https:\\\/\\\/www.analoggwerz.com\\\/produit\\\/etui-de-protection-rigide-pentacon-sacoche-vintage-noir-et-rouge\\\/#breadcrumb\",\"itemListElement\":[{\"@type\":\"ListItem\",\"position\":1,\"name\":\"Accueil\",\"item\":\"https:\\\/\\\/www.analoggwerz.com\\\/\"},{\"@type\":\"ListItem\",\"position\":2,\"name\":\"Boutique\",\"item\":\"https:\\\/\\\/www.analoggwerz.com\\\/shop\\\/\"},{\"@type\":\"ListItem\",\"position\":3,\"name\":\"\u00c9tui de Protection Rigide Pentacon &#8211; Sacoche Vintage Noir et Rouge\"}]},{\"@type\":\"WebSite\",\"@id\":\"https:\\\/\\\/www.analoggwerz.com\\\/#website\",\"url\":\"https:\\\/\\\/www.analoggwerz.com\\\/\",\"name\":\"Analog Gwerz\",\"description\":\"Pas besoin de neuf pour capturer l&#039;instant !\",\"publisher\":{\"@id\":\"https:\\\/\\\/www.analoggwerz.com\\\/#organization\"},\"potentialAction\":[{\"@type\":\"SearchAction\",\"target\":{\"@type\":\"EntryPoint\",\"urlTemplate\":\"https:\\\/\\\/www.analoggwerz.com\\\/?s={search_term_string}\"},\"query-input\":{\"@type\":\"PropertyValueSpecification\",\"valueRequired\":true,\"valueName\":\"search_term_string\"}}],\"inLanguage\":\"en-US\"},{\"@type\":\"Organization\",\"@id\":\"https:\\\/\\\/www.analoggwerz.com\\\/#organization\",\"name\":\"Analog Gwerz\",\"url\":\"https:\\\/\\\/www.analoggwerz.com\\\/\",\"logo\":{\"@type\":\"ImageObject\",\"inLanguage\":\"en-US\",\"@id\":\"https:\\\/\\\/www.analoggwerz.com\\\/#\\\/schema\\\/logo\\\/image\\\/\",\"url\":\"https:\\\/\\\/www.analoggwerz.com\\\/wp-content\\\/uploads\\\/2025\\\/10\\\/000-LOGO-ANALOG-GWERZ-NOIR-1.png\",\"contentUrl\":\"https:\\\/\\\/www.analoggwerz.com\\\/wp-content\\\/uploads\\\/2025\\\/10\\\/000-LOGO-ANALOG-GWERZ-NOIR-1.png\",\"width\":800,\"height\":407,\"caption\":\"Analog Gwerz\"},\"image\":{\"@id\":\"https:\\\/\\\/www.analoggwerz.com\\\/#\\\/schema\\\/logo\\\/image\\\/\"},\"sameAs\":[\"https:\\\/\\\/www.instagram.com\\\/analog_gwerz\\\/\",\"https:\\\/\\\/www.tiktok.com\\\/@analog_gwerz\"]}]}<\/script>\n<!-- \/ Yoast SEO plugin. -->","yoast_head_json":{"title":"\u00c9tui de Protection Rigide Pentacon - Sacoche Vintage Noir et Rouge est disponible sur la boutique !","description":"Cliquez ici pour d\u00e9couvrir \u00c9tui de Protection Rigide Pentacon - Sacoche Vintage Noir et Rouge sur la boutique.","robots":{"index":"index","follow":"follow","max-snippet":"max-snippet:-1","max-image-preview":"max-image-preview:large","max-video-preview":"max-video-preview:-1"},"canonical":"https:\/\/www.analoggwerz.com\/en\/product\/etui-de-protection-rigide-pentacon-sacoche-vintage-noir-et-rouge\/","og_locale":"en_US","og_type":"article","og_title":"\u00c9tui de Protection Rigide Pentacon - Sacoche Vintage Noir et Rouge est disponible sur la boutique !","og_description":"Cliquez ici pour d\u00e9couvrir \u00c9tui de Protection Rigide Pentacon - Sacoche Vintage Noir et Rouge sur la boutique.","og_url":"https:\/\/www.analoggwerz.com\/en\/product\/etui-de-protection-rigide-pentacon-sacoche-vintage-noir-et-rouge\/","og_site_name":"Analog Gwerz","article_modified_time":"2026-03-30T20:39:24+00:00","og_image":[{"width":1536,"height":1024,"url":"https:\/\/www.analoggwerz.com\/wp-content\/uploads\/2025\/04\/assets_task_01jra9s5ypffzbqebsyr432pm0_img_0.webp","type":"image\/webp"}],"twitter_card":"summary_large_image","twitter_misc":{"Est. reading time":"1 minute"},"schema":{"@context":"https:\/\/schema.org","@graph":[{"@type":"WebPage","@id":"https:\/\/www.analoggwerz.com\/produit\/etui-de-protection-rigide-pentacon-sacoche-vintage-noir-et-rouge\/","url":"https:\/\/www.analoggwerz.com\/produit\/etui-de-protection-rigide-pentacon-sacoche-vintage-noir-et-rouge\/","name":"\u00c9tui de Protection Rigide Pentacon - Sacoche Vintage Noir et Rouge est disponible sur la boutique !","isPartOf":{"@id":"https:\/\/www.analoggwerz.com\/#website"},"primaryImageOfPage":{"@id":"https:\/\/www.analoggwerz.com\/produit\/etui-de-protection-rigide-pentacon-sacoche-vintage-noir-et-rouge\/#primaryimage"},"image":{"@id":"https:\/\/www.analoggwerz.com\/produit\/etui-de-protection-rigide-pentacon-sacoche-vintage-noir-et-rouge\/#primaryimage"},"thumbnailUrl":"https:\/\/www.analoggwerz.com\/wp-content\/uploads\/2026\/03\/img_7285-scaled.jpeg","datePublished":"2026-03-30T20:39:21+00:00","dateModified":"2026-03-30T20:39:24+00:00","description":"Cliquez ici pour d\u00e9couvrir \u00c9tui de Protection Rigide Pentacon - Sacoche Vintage Noir et Rouge sur la boutique.","breadcrumb":{"@id":"https:\/\/www.analoggwerz.com\/produit\/etui-de-protection-rigide-pentacon-sacoche-vintage-noir-et-rouge\/#breadcrumb"},"inLanguage":"en-US","potentialAction":[{"@type":"ReadAction","target":["https:\/\/www.analoggwerz.com\/produit\/etui-de-protection-rigide-pentacon-sacoche-vintage-noir-et-rouge\/"]}]},{"@type":"ImageObject","inLanguage":"en-US","@id":"https:\/\/www.analoggwerz.com\/produit\/etui-de-protection-rigide-pentacon-sacoche-vintage-noir-et-rouge\/#primaryimage","url":"https:\/\/www.analoggwerz.com\/wp-content\/uploads\/2026\/03\/img_7285-scaled.jpeg","contentUrl":"https:\/\/www.analoggwerz.com\/wp-content\/uploads\/2026\/03\/img_7285-scaled.jpeg","width":2560,"height":1920},{"@type":"BreadcrumbList","@id":"https:\/\/www.analoggwerz.com\/produit\/etui-de-protection-rigide-pentacon-sacoche-vintage-noir-et-rouge\/#breadcrumb","itemListElement":[{"@type":"ListItem","position":1,"name":"Accueil","item":"https:\/\/www.analoggwerz.com\/"},{"@type":"ListItem","position":2,"name":"Boutique","item":"https:\/\/www.analoggwerz.com\/shop\/"},{"@type":"ListItem","position":3,"name":"\u00c9tui de Protection Rigide Pentacon &#8211; Sacoche Vintage Noir et Rouge"}]},{"@type":"WebSite","@id":"https:\/\/www.analoggwerz.com\/#website","url":"https:\/\/www.analoggwerz.com\/","name":"Analog Gwerz","description":"Pas besoin de neuf pour capturer l&#039;instant !","publisher":{"@id":"https:\/\/www.analoggwerz.com\/#organization"},"potentialAction":[{"@type":"SearchAction","target":{"@type":"EntryPoint","urlTemplate":"https:\/\/www.analoggwerz.com\/?s={search_term_string}"},"query-input":{"@type":"PropertyValueSpecification","valueRequired":true,"valueName":"search_term_string"}}],"inLanguage":"en-US"},{"@type":"Organization","@id":"https:\/\/www.analoggwerz.com\/#organization","name":"Analog Gwerz","url":"https:\/\/www.analoggwerz.com\/","logo":{"@type":"ImageObject","inLanguage":"en-US","@id":"https:\/\/www.analoggwerz.com\/#\/schema\/logo\/image\/","url":"https:\/\/www.analoggwerz.com\/wp-content\/uploads\/2025\/10\/000-LOGO-ANALOG-GWERZ-NOIR-1.png","contentUrl":"https:\/\/www.analoggwerz.com\/wp-content\/uploads\/2025\/10\/000-LOGO-ANALOG-GWERZ-NOIR-1.png","width":800,"height":407,"caption":"Analog Gwerz"},"image":{"@id":"https:\/\/www.analoggwerz.com\/#\/schema\/logo\/image\/"},"sameAs":["https:\/\/www.instagram.com\/analog_gwerz\/","https:\/\/www.tiktok.com\/@analog_gwerz"]}]}},"jetpack_sharing_enabled":true,"_links":{"self":[{"href":"https:\/\/www.analoggwerz.com\/en\/wp-json\/wp\/v2\/product\/11225","targetHints":{"allow":["GET"]}}],"collection":[{"href":"https:\/\/www.analoggwerz.com\/en\/wp-json\/wp\/v2\/product"}],"about":[{"href":"https:\/\/www.analoggwerz.com\/en\/wp-json\/wp\/v2\/types\/product"}],"wp:featuredmedia":[{"embeddable":true,"href":"https:\/\/www.analoggwerz.com\/en\/wp-json\/wp\/v2\/media\/11223"}],"wp:attachment":[{"href":"https:\/\/www.analoggwerz.com\/en\/wp-json\/wp\/v2\/media?parent=11225"}],"wp:term":[{"taxonomy":"product_brand","embeddable":true,"href":"https:\/\/www.analoggwerz.com\/en\/wp-json\/wp\/v2\/product_brand?post=11225"},{"taxonomy":"product_cat","embeddable":true,"href":"https:\/\/www.analoggwerz.com\/en\/wp-json\/wp\/v2\/product_cat?post=11225"},{"taxonomy":"product_tag","embeddable":true,"href":"https:\/\/www.analoggwerz.com\/en\/wp-json\/wp\/v2\/product_tag?post=11225"}],"curies":[{"name":"wp","href":"https:\/\/api.w.org\/{rel}","templated":true}]}}