{"id":11147,"date":"2026-03-26T11:09:27","date_gmt":"2026-03-26T11:09:27","guid":{"rendered":"https:\/\/www.analoggwerz.com\/produit\/rollei-100-xlc-flash-electronique-miniature-avec-boite-et-notices\/"},"modified":"2026-03-26T11:09:28","modified_gmt":"2026-03-26T11:09:28","slug":"rollei-100-xlc-flash-electronique-miniature-avec-boite-et-notices","status":"publish","type":"product","link":"https:\/\/www.analoggwerz.com\/en\/product\/rollei-100-xlc-flash-electronique-miniature-avec-boite-et-notices\/","title":{"rendered":"Rollei 100 XLC &#8211; Flash \u00c9lectronique Miniature avec Bo\u00eete et Notices"},"content":{"rendered":"<p><strong>Rollei 100 XLC &#8211; Flash \u00c9lectronique Miniature avec Bo\u00eete et Notices<\/strong><\/p>\n<p><strong>Compl\u00e9tez votre \u00e9quipement photographique avec ce flash \u00e9lectronique miniature Rollei 100 XLC. Tr\u00e8s compact et l\u00e9ger, c&rsquo;est l&rsquo;accessoire id\u00e9al pour apporter une source de lumi\u00e8re suppl\u00e9mentaire \u00e0 vos bo\u00eetiers argentiques munis d&rsquo;une griffe flash standard. Il dispose d&rsquo;un tableau d&rsquo;exposition tr\u00e8s pratique au dos pour faciliter vos r\u00e9glages de diaphragme en fonction de la sensibilit\u00e9 de votre pellicule et de la distance du sujet.<\/strong><\/p>\n<p><strong>D\u00e9tails et \u00c9tat :<\/strong><\/p>\n<p><strong>\u2022 Accessoire test\u00e9 et nettoy\u00e9 rigoureusement.<\/strong><\/p>\n<p><strong>\u2022 \u00c9tat fonctionnel : Le flash a \u00e9t\u00e9 test\u00e9, le d\u00e9clenchement et le temps de recyclage sont parfaitement op\u00e9rationnels.<\/strong><\/p>\n<p><strong>\u2022 Alimentation : Vendu sans piles, conform\u00e9ment \u00e0 nos habitudes pour le mat\u00e9riel non num\u00e9rique.<\/strong><\/p>\n<p><strong>\u2022 Accessoires inclus : Vendu dans sa bo\u00eete d&rsquo;origine argent\u00e9e, accompagn\u00e9 de ses manuels d&rsquo;utilisation d&rsquo;\u00e9poque.<\/strong><\/p>\n<p><strong>\u2022 \u00c9tat esth\u00e9tique : Le flash est en tr\u00e8s bon \u00e9tat cosm\u00e9tique. La bo\u00eete en carton pr\u00e9sente quelques traces d&rsquo;usure normales li\u00e9es au temps (visibles sur les photos).<\/strong><\/p>\n<p><strong>Un petit flash vintage, pratique et \u00e9l\u00e9gant, pr\u00eat \u00e0 rejoindre votre sac photo.<\/strong><\/p>","protected":false},"excerpt":{"rendered":"<p>Rollei 100 XLC &#8211; Flash \u00c9lectronique Miniature avec Bo\u00eete et Notices Compl\u00e9tez votre \u00e9quipement photographique avec ce flash \u00e9lectronique miniature Rollei 100 XLC. Tr\u00e8s compact et l\u00e9ger, c&rsquo;est l&rsquo;accessoire id\u00e9al pour apporter une source de lumi\u00e8re suppl\u00e9mentaire \u00e0 vos bo\u00eetiers argentiques munis d&rsquo;une griffe flash standard. Il dispose d&rsquo;un tableau d&rsquo;exposition tr\u00e8s pratique au dos [&hellip;]<\/p>\n","protected":false},"featured_media":11145,"template":"","meta":[],"product_brand":[],"product_cat":[55,63,159],"product_tag":[],"class_list":{"0":"post-11147","1":"product","2":"type-product","3":"status-publish","4":"has-post-thumbnail","6":"product_cat-accessoires","7":"product_cat-flashs","8":"product_cat-stabilite-et-eclairages","10":"first","11":"instock","12":"purchasable","13":"product-type-simple"},"yoast_head":"<!-- This site is optimized with the Yoast SEO plugin v27.5 - https:\/\/yoast.com\/product\/yoast-seo-wordpress\/ -->\n<title>Rollei 100 XLC - Flash \u00c9lectronique Miniature avec Bo\u00eete et Notices est disponible sur la boutique !<\/title>\n<meta name=\"description\" content=\"Cliquez ici pour d\u00e9couvrir Rollei 100 XLC - Flash \u00c9lectronique Miniature avec Bo\u00eete et Notices sur la boutique.\" \/>\n<meta name=\"robots\" content=\"index, follow, max-snippet:-1, max-image-preview:large, max-video-preview:-1\" \/>\n<link rel=\"canonical\" href=\"https:\/\/www.analoggwerz.com\/en\/product\/rollei-100-xlc-flash-electronique-miniature-avec-boite-et-notices\/\" \/>\n<meta property=\"og:locale\" content=\"en_US\" \/>\n<meta property=\"og:type\" content=\"article\" \/>\n<meta property=\"og:title\" content=\"Rollei 100 XLC - Flash \u00c9lectronique Miniature avec Bo\u00eete et Notices est disponible sur la boutique !\" \/>\n<meta property=\"og:description\" content=\"Cliquez ici pour d\u00e9couvrir Rollei 100 XLC - Flash \u00c9lectronique Miniature avec Bo\u00eete et Notices sur la boutique.\" \/>\n<meta property=\"og:url\" content=\"https:\/\/www.analoggwerz.com\/en\/product\/rollei-100-xlc-flash-electronique-miniature-avec-boite-et-notices\/\" \/>\n<meta property=\"og:site_name\" content=\"Analog Gwerz\" \/>\n<meta property=\"article:modified_time\" content=\"2026-03-26T11:09:28+00:00\" \/>\n<meta property=\"og:image\" content=\"https:\/\/www.analoggwerz.com\/wp-content\/uploads\/2025\/04\/assets_task_01jra9s5ypffzbqebsyr432pm0_img_0.webp\" \/>\n\t<meta property=\"og:image:width\" content=\"1536\" \/>\n\t<meta property=\"og:image:height\" content=\"1024\" \/>\n\t<meta property=\"og:image:type\" content=\"image\/webp\" \/>\n<meta name=\"twitter:card\" content=\"summary_large_image\" \/>\n<meta name=\"twitter:label1\" content=\"Est. reading time\" \/>\n\t<meta name=\"twitter:data1\" content=\"1 minute\" \/>\n<script type=\"application\/ld+json\" class=\"yoast-schema-graph\">{\"@context\":\"https:\\\/\\\/schema.org\",\"@graph\":[{\"@type\":\"WebPage\",\"@id\":\"https:\\\/\\\/www.analoggwerz.com\\\/produit\\\/rollei-100-xlc-flash-electronique-miniature-avec-boite-et-notices\\\/\",\"url\":\"https:\\\/\\\/www.analoggwerz.com\\\/produit\\\/rollei-100-xlc-flash-electronique-miniature-avec-boite-et-notices\\\/\",\"name\":\"Rollei 100 XLC - Flash \u00c9lectronique Miniature avec Bo\u00eete et Notices est disponible sur la boutique !\",\"isPartOf\":{\"@id\":\"https:\\\/\\\/www.analoggwerz.com\\\/#website\"},\"primaryImageOfPage\":{\"@id\":\"https:\\\/\\\/www.analoggwerz.com\\\/produit\\\/rollei-100-xlc-flash-electronique-miniature-avec-boite-et-notices\\\/#primaryimage\"},\"image\":{\"@id\":\"https:\\\/\\\/www.analoggwerz.com\\\/produit\\\/rollei-100-xlc-flash-electronique-miniature-avec-boite-et-notices\\\/#primaryimage\"},\"thumbnailUrl\":\"https:\\\/\\\/www.analoggwerz.com\\\/wp-content\\\/uploads\\\/2026\\\/03\\\/img_7210-scaled.jpeg\",\"datePublished\":\"2026-03-26T11:09:27+00:00\",\"dateModified\":\"2026-03-26T11:09:28+00:00\",\"description\":\"Cliquez ici pour d\u00e9couvrir Rollei 100 XLC - Flash \u00c9lectronique Miniature avec Bo\u00eete et Notices sur la boutique.\",\"breadcrumb\":{\"@id\":\"https:\\\/\\\/www.analoggwerz.com\\\/produit\\\/rollei-100-xlc-flash-electronique-miniature-avec-boite-et-notices\\\/#breadcrumb\"},\"inLanguage\":\"en-US\",\"potentialAction\":[{\"@type\":\"ReadAction\",\"target\":[\"https:\\\/\\\/www.analoggwerz.com\\\/produit\\\/rollei-100-xlc-flash-electronique-miniature-avec-boite-et-notices\\\/\"]}]},{\"@type\":\"ImageObject\",\"inLanguage\":\"en-US\",\"@id\":\"https:\\\/\\\/www.analoggwerz.com\\\/produit\\\/rollei-100-xlc-flash-electronique-miniature-avec-boite-et-notices\\\/#primaryimage\",\"url\":\"https:\\\/\\\/www.analoggwerz.com\\\/wp-content\\\/uploads\\\/2026\\\/03\\\/img_7210-scaled.jpeg\",\"contentUrl\":\"https:\\\/\\\/www.analoggwerz.com\\\/wp-content\\\/uploads\\\/2026\\\/03\\\/img_7210-scaled.jpeg\",\"width\":2560,\"height\":1920},{\"@type\":\"BreadcrumbList\",\"@id\":\"https:\\\/\\\/www.analoggwerz.com\\\/produit\\\/rollei-100-xlc-flash-electronique-miniature-avec-boite-et-notices\\\/#breadcrumb\",\"itemListElement\":[{\"@type\":\"ListItem\",\"position\":1,\"name\":\"Accueil\",\"item\":\"https:\\\/\\\/www.analoggwerz.com\\\/\"},{\"@type\":\"ListItem\",\"position\":2,\"name\":\"Boutique\",\"item\":\"https:\\\/\\\/www.analoggwerz.com\\\/shop\\\/\"},{\"@type\":\"ListItem\",\"position\":3,\"name\":\"Rollei 100 XLC &#8211; Flash \u00c9lectronique Miniature avec Bo\u00eete et Notices\"}]},{\"@type\":\"WebSite\",\"@id\":\"https:\\\/\\\/www.analoggwerz.com\\\/#website\",\"url\":\"https:\\\/\\\/www.analoggwerz.com\\\/\",\"name\":\"Analog Gwerz\",\"description\":\"Pas besoin de neuf pour capturer l&#039;instant !\",\"publisher\":{\"@id\":\"https:\\\/\\\/www.analoggwerz.com\\\/#organization\"},\"potentialAction\":[{\"@type\":\"SearchAction\",\"target\":{\"@type\":\"EntryPoint\",\"urlTemplate\":\"https:\\\/\\\/www.analoggwerz.com\\\/?s={search_term_string}\"},\"query-input\":{\"@type\":\"PropertyValueSpecification\",\"valueRequired\":true,\"valueName\":\"search_term_string\"}}],\"inLanguage\":\"en-US\"},{\"@type\":\"Organization\",\"@id\":\"https:\\\/\\\/www.analoggwerz.com\\\/#organization\",\"name\":\"Analog Gwerz\",\"url\":\"https:\\\/\\\/www.analoggwerz.com\\\/\",\"logo\":{\"@type\":\"ImageObject\",\"inLanguage\":\"en-US\",\"@id\":\"https:\\\/\\\/www.analoggwerz.com\\\/#\\\/schema\\\/logo\\\/image\\\/\",\"url\":\"https:\\\/\\\/www.analoggwerz.com\\\/wp-content\\\/uploads\\\/2025\\\/10\\\/000-LOGO-ANALOG-GWERZ-NOIR-1.png\",\"contentUrl\":\"https:\\\/\\\/www.analoggwerz.com\\\/wp-content\\\/uploads\\\/2025\\\/10\\\/000-LOGO-ANALOG-GWERZ-NOIR-1.png\",\"width\":800,\"height\":407,\"caption\":\"Analog Gwerz\"},\"image\":{\"@id\":\"https:\\\/\\\/www.analoggwerz.com\\\/#\\\/schema\\\/logo\\\/image\\\/\"},\"sameAs\":[\"https:\\\/\\\/www.instagram.com\\\/analog_gwerz\\\/\",\"https:\\\/\\\/www.tiktok.com\\\/@analog_gwerz\"]}]}<\/script>\n<!-- \/ Yoast SEO plugin. -->","yoast_head_json":{"title":"Rollei 100 XLC - Flash \u00c9lectronique Miniature avec Bo\u00eete et Notices est disponible sur la boutique !","description":"Cliquez ici pour d\u00e9couvrir Rollei 100 XLC - Flash \u00c9lectronique Miniature avec Bo\u00eete et Notices sur la boutique.","robots":{"index":"index","follow":"follow","max-snippet":"max-snippet:-1","max-image-preview":"max-image-preview:large","max-video-preview":"max-video-preview:-1"},"canonical":"https:\/\/www.analoggwerz.com\/en\/product\/rollei-100-xlc-flash-electronique-miniature-avec-boite-et-notices\/","og_locale":"en_US","og_type":"article","og_title":"Rollei 100 XLC - Flash \u00c9lectronique Miniature avec Bo\u00eete et Notices est disponible sur la boutique !","og_description":"Cliquez ici pour d\u00e9couvrir Rollei 100 XLC - Flash \u00c9lectronique Miniature avec Bo\u00eete et Notices sur la boutique.","og_url":"https:\/\/www.analoggwerz.com\/en\/product\/rollei-100-xlc-flash-electronique-miniature-avec-boite-et-notices\/","og_site_name":"Analog Gwerz","article_modified_time":"2026-03-26T11:09:28+00:00","og_image":[{"width":1536,"height":1024,"url":"https:\/\/www.analoggwerz.com\/wp-content\/uploads\/2025\/04\/assets_task_01jra9s5ypffzbqebsyr432pm0_img_0.webp","type":"image\/webp"}],"twitter_card":"summary_large_image","twitter_misc":{"Est. reading time":"1 minute"},"schema":{"@context":"https:\/\/schema.org","@graph":[{"@type":"WebPage","@id":"https:\/\/www.analoggwerz.com\/produit\/rollei-100-xlc-flash-electronique-miniature-avec-boite-et-notices\/","url":"https:\/\/www.analoggwerz.com\/produit\/rollei-100-xlc-flash-electronique-miniature-avec-boite-et-notices\/","name":"Rollei 100 XLC - Flash \u00c9lectronique Miniature avec Bo\u00eete et Notices est disponible sur la boutique !","isPartOf":{"@id":"https:\/\/www.analoggwerz.com\/#website"},"primaryImageOfPage":{"@id":"https:\/\/www.analoggwerz.com\/produit\/rollei-100-xlc-flash-electronique-miniature-avec-boite-et-notices\/#primaryimage"},"image":{"@id":"https:\/\/www.analoggwerz.com\/produit\/rollei-100-xlc-flash-electronique-miniature-avec-boite-et-notices\/#primaryimage"},"thumbnailUrl":"https:\/\/www.analoggwerz.com\/wp-content\/uploads\/2026\/03\/img_7210-scaled.jpeg","datePublished":"2026-03-26T11:09:27+00:00","dateModified":"2026-03-26T11:09:28+00:00","description":"Cliquez ici pour d\u00e9couvrir Rollei 100 XLC - Flash \u00c9lectronique Miniature avec Bo\u00eete et Notices sur la boutique.","breadcrumb":{"@id":"https:\/\/www.analoggwerz.com\/produit\/rollei-100-xlc-flash-electronique-miniature-avec-boite-et-notices\/#breadcrumb"},"inLanguage":"en-US","potentialAction":[{"@type":"ReadAction","target":["https:\/\/www.analoggwerz.com\/produit\/rollei-100-xlc-flash-electronique-miniature-avec-boite-et-notices\/"]}]},{"@type":"ImageObject","inLanguage":"en-US","@id":"https:\/\/www.analoggwerz.com\/produit\/rollei-100-xlc-flash-electronique-miniature-avec-boite-et-notices\/#primaryimage","url":"https:\/\/www.analoggwerz.com\/wp-content\/uploads\/2026\/03\/img_7210-scaled.jpeg","contentUrl":"https:\/\/www.analoggwerz.com\/wp-content\/uploads\/2026\/03\/img_7210-scaled.jpeg","width":2560,"height":1920},{"@type":"BreadcrumbList","@id":"https:\/\/www.analoggwerz.com\/produit\/rollei-100-xlc-flash-electronique-miniature-avec-boite-et-notices\/#breadcrumb","itemListElement":[{"@type":"ListItem","position":1,"name":"Accueil","item":"https:\/\/www.analoggwerz.com\/"},{"@type":"ListItem","position":2,"name":"Boutique","item":"https:\/\/www.analoggwerz.com\/shop\/"},{"@type":"ListItem","position":3,"name":"Rollei 100 XLC &#8211; Flash \u00c9lectronique Miniature avec Bo\u00eete et Notices"}]},{"@type":"WebSite","@id":"https:\/\/www.analoggwerz.com\/#website","url":"https:\/\/www.analoggwerz.com\/","name":"Analog Gwerz","description":"Pas besoin de neuf pour capturer l&#039;instant !","publisher":{"@id":"https:\/\/www.analoggwerz.com\/#organization"},"potentialAction":[{"@type":"SearchAction","target":{"@type":"EntryPoint","urlTemplate":"https:\/\/www.analoggwerz.com\/?s={search_term_string}"},"query-input":{"@type":"PropertyValueSpecification","valueRequired":true,"valueName":"search_term_string"}}],"inLanguage":"en-US"},{"@type":"Organization","@id":"https:\/\/www.analoggwerz.com\/#organization","name":"Analog Gwerz","url":"https:\/\/www.analoggwerz.com\/","logo":{"@type":"ImageObject","inLanguage":"en-US","@id":"https:\/\/www.analoggwerz.com\/#\/schema\/logo\/image\/","url":"https:\/\/www.analoggwerz.com\/wp-content\/uploads\/2025\/10\/000-LOGO-ANALOG-GWERZ-NOIR-1.png","contentUrl":"https:\/\/www.analoggwerz.com\/wp-content\/uploads\/2025\/10\/000-LOGO-ANALOG-GWERZ-NOIR-1.png","width":800,"height":407,"caption":"Analog Gwerz"},"image":{"@id":"https:\/\/www.analoggwerz.com\/#\/schema\/logo\/image\/"},"sameAs":["https:\/\/www.instagram.com\/analog_gwerz\/","https:\/\/www.tiktok.com\/@analog_gwerz"]}]}},"jetpack_sharing_enabled":true,"_links":{"self":[{"href":"https:\/\/www.analoggwerz.com\/en\/wp-json\/wp\/v2\/product\/11147","targetHints":{"allow":["GET"]}}],"collection":[{"href":"https:\/\/www.analoggwerz.com\/en\/wp-json\/wp\/v2\/product"}],"about":[{"href":"https:\/\/www.analoggwerz.com\/en\/wp-json\/wp\/v2\/types\/product"}],"wp:featuredmedia":[{"embeddable":true,"href":"https:\/\/www.analoggwerz.com\/en\/wp-json\/wp\/v2\/media\/11145"}],"wp:attachment":[{"href":"https:\/\/www.analoggwerz.com\/en\/wp-json\/wp\/v2\/media?parent=11147"}],"wp:term":[{"taxonomy":"product_brand","embeddable":true,"href":"https:\/\/www.analoggwerz.com\/en\/wp-json\/wp\/v2\/product_brand?post=11147"},{"taxonomy":"product_cat","embeddable":true,"href":"https:\/\/www.analoggwerz.com\/en\/wp-json\/wp\/v2\/product_cat?post=11147"},{"taxonomy":"product_tag","embeddable":true,"href":"https:\/\/www.analoggwerz.com\/en\/wp-json\/wp\/v2\/product_tag?post=11147"}],"curies":[{"name":"wp","href":"https:\/\/api.w.org\/{rel}","templated":true}]}}