{"id":11141,"date":"2026-03-26T11:02:22","date_gmt":"2026-03-26T11:02:22","guid":{"rendered":"https:\/\/www.analoggwerz.com\/produit\/cable-adaptateur-peritel-male-vers-rca-male-audio-video\/"},"modified":"2026-04-12T12:23:02","modified_gmt":"2026-04-12T12:23:02","slug":"cable-adaptateur-peritel-male-vers-rca-male-audio-video","status":"publish","type":"product","link":"https:\/\/www.analoggwerz.com\/en\/product\/cable-adaptateur-peritel-male-vers-rca-male-audio-video\/","title":{"rendered":"C\u00e2ble Adaptateur P\u00e9ritel M\u00e2le vers RCA M\u00e2le Audio Vid\u00e9o"},"content":{"rendered":"<p><strong>C\u00e2ble Adaptateur P\u00e9ritel M\u00e2le vers RCA M\u00e2le Audio Vid\u00e9o<\/strong><\/p>\n<p><strong>Ce c\u00e2ble adaptateur P\u00e9ritel vers RCA est la solution id\u00e9ale pour connecter vos \u00e9quipements audio et vid\u00e9o vintage (consoles de jeux r\u00e9tro, magn\u00e9toscopes, lecteurs DVD) \u00e0 votre t\u00e9l\u00e9viseur ou moniteur \u00e9quip\u00e9 de ports RCA. Il permet la transmission des signaux vid\u00e9o et audio st\u00e9r\u00e9o. Le c\u00e2ble est dot\u00e9 d&rsquo;un connecteur P\u00e9ritel m\u00e2le 21 broches \u00e0 une extr\u00e9mit\u00e9 et de quatre connecteurs RCA m\u00e2les \u00e0 l&rsquo;autre extr\u00e9mit\u00e9 (deux jaunes pour la vid\u00e9o et deux blancs pour l&rsquo;audio).<\/strong><\/p>\n<p><strong>D\u00e9tails et \u00c9tat :<\/strong><\/p>\n<p><strong>\u2022 C\u00e2ble test\u00e9 et nettoy\u00e9 rigoureusement.<\/strong><\/p>\n<p><strong>\u2022 Connecteurs : Un connecteur P\u00e9ritel m\u00e2le et quatre connecteurs RCA m\u00e2les (blanc et jaune).<\/strong><\/p>\n<p><strong>\u2022 Fonctionnalit\u00e9 : Parfaitement fonctionnel pour la transmission audio\/vid\u00e9o.<\/strong><\/p>\n<p><strong>\u2022 Compatibilit\u00e9 : Id\u00e9al pour brancher vos appareils anciens sur un \u00e9cran moderne.<\/strong><\/p>\n<p><strong>Ce c\u00e2ble robuste et fiable est un accessoire indispensable pour tout amateur d&rsquo;\u00e9quipements vintage.<\/strong><\/p>","protected":false},"excerpt":{"rendered":"<p>C\u00e2ble Adaptateur P\u00e9ritel M\u00e2le vers RCA M\u00e2le Audio Vid\u00e9o Ce c\u00e2ble adaptateur P\u00e9ritel vers RCA est la solution id\u00e9ale pour connecter vos \u00e9quipements audio et vid\u00e9o vintage (consoles de jeux r\u00e9tro, magn\u00e9toscopes, lecteurs DVD) \u00e0 votre t\u00e9l\u00e9viseur ou moniteur \u00e9quip\u00e9 de ports RCA. Il permet la transmission des signaux vid\u00e9o et audio st\u00e9r\u00e9o. Le c\u00e2ble [&hellip;]<\/p>\n","protected":false},"featured_media":11140,"template":"","meta":[],"product_brand":[],"product_cat":[55,161],"product_tag":[],"class_list":{"0":"post-11141","1":"product","2":"type-product","3":"status-publish","4":"has-post-thumbnail","6":"product_cat-accessoires","7":"product_cat-cables","9":"first","10":"instock","11":"purchasable","12":"product-type-simple"},"yoast_head":"<!-- This site is optimized with the Yoast SEO plugin v27.5 - https:\/\/yoast.com\/product\/yoast-seo-wordpress\/ -->\n<title>C\u00e2ble Adaptateur P\u00e9ritel M\u00e2le vers RCA M\u00e2le Audio Vid\u00e9o est disponible sur la boutique !<\/title>\n<meta name=\"description\" content=\"Cliquez ici pour d\u00e9couvrir C\u00e2ble Adaptateur P\u00e9ritel M\u00e2le vers RCA M\u00e2le Audio Vid\u00e9o sur la boutique.\" \/>\n<meta name=\"robots\" content=\"index, follow, max-snippet:-1, max-image-preview:large, max-video-preview:-1\" \/>\n<link rel=\"canonical\" href=\"https:\/\/www.analoggwerz.com\/en\/product\/cable-adaptateur-peritel-male-vers-rca-male-audio-video\/\" \/>\n<meta property=\"og:locale\" content=\"en_US\" \/>\n<meta property=\"og:type\" content=\"article\" \/>\n<meta property=\"og:title\" content=\"C\u00e2ble Adaptateur P\u00e9ritel M\u00e2le vers RCA M\u00e2le Audio Vid\u00e9o est disponible sur la boutique !\" \/>\n<meta property=\"og:description\" content=\"Cliquez ici pour d\u00e9couvrir C\u00e2ble Adaptateur P\u00e9ritel M\u00e2le vers RCA M\u00e2le Audio Vid\u00e9o sur la boutique.\" \/>\n<meta property=\"og:url\" content=\"https:\/\/www.analoggwerz.com\/en\/product\/cable-adaptateur-peritel-male-vers-rca-male-audio-video\/\" \/>\n<meta property=\"og:site_name\" content=\"Analog Gwerz\" \/>\n<meta property=\"article:modified_time\" content=\"2026-04-12T12:23:02+00:00\" \/>\n<meta property=\"og:image\" content=\"https:\/\/www.analoggwerz.com\/wp-content\/uploads\/2026\/03\/img_7207-scaled.jpeg\" \/>\n\t<meta property=\"og:image:width\" content=\"2560\" \/>\n\t<meta property=\"og:image:height\" content=\"1920\" \/>\n\t<meta property=\"og:image:type\" content=\"image\/jpeg\" \/>\n<meta name=\"twitter:card\" content=\"summary_large_image\" \/>\n<meta name=\"twitter:label1\" content=\"Est. reading time\" \/>\n\t<meta name=\"twitter:data1\" content=\"1 minute\" \/>\n<script type=\"application\/ld+json\" class=\"yoast-schema-graph\">{\"@context\":\"https:\\\/\\\/schema.org\",\"@graph\":[{\"@type\":\"WebPage\",\"@id\":\"https:\\\/\\\/www.analoggwerz.com\\\/produit\\\/cable-adaptateur-peritel-male-vers-rca-male-audio-video\\\/\",\"url\":\"https:\\\/\\\/www.analoggwerz.com\\\/produit\\\/cable-adaptateur-peritel-male-vers-rca-male-audio-video\\\/\",\"name\":\"C\u00e2ble Adaptateur P\u00e9ritel M\u00e2le vers RCA M\u00e2le Audio Vid\u00e9o est disponible sur la boutique !\",\"isPartOf\":{\"@id\":\"https:\\\/\\\/www.analoggwerz.com\\\/#website\"},\"primaryImageOfPage\":{\"@id\":\"https:\\\/\\\/www.analoggwerz.com\\\/produit\\\/cable-adaptateur-peritel-male-vers-rca-male-audio-video\\\/#primaryimage\"},\"image\":{\"@id\":\"https:\\\/\\\/www.analoggwerz.com\\\/produit\\\/cable-adaptateur-peritel-male-vers-rca-male-audio-video\\\/#primaryimage\"},\"thumbnailUrl\":\"https:\\\/\\\/www.analoggwerz.com\\\/wp-content\\\/uploads\\\/2026\\\/03\\\/img_7207-scaled.jpeg\",\"datePublished\":\"2026-03-26T11:02:22+00:00\",\"dateModified\":\"2026-04-12T12:23:02+00:00\",\"description\":\"Cliquez ici pour d\u00e9couvrir C\u00e2ble Adaptateur P\u00e9ritel M\u00e2le vers RCA M\u00e2le Audio Vid\u00e9o sur la boutique.\",\"breadcrumb\":{\"@id\":\"https:\\\/\\\/www.analoggwerz.com\\\/produit\\\/cable-adaptateur-peritel-male-vers-rca-male-audio-video\\\/#breadcrumb\"},\"inLanguage\":\"en-US\",\"potentialAction\":[{\"@type\":\"ReadAction\",\"target\":[\"https:\\\/\\\/www.analoggwerz.com\\\/produit\\\/cable-adaptateur-peritel-male-vers-rca-male-audio-video\\\/\"]}]},{\"@type\":\"ImageObject\",\"inLanguage\":\"en-US\",\"@id\":\"https:\\\/\\\/www.analoggwerz.com\\\/produit\\\/cable-adaptateur-peritel-male-vers-rca-male-audio-video\\\/#primaryimage\",\"url\":\"https:\\\/\\\/www.analoggwerz.com\\\/wp-content\\\/uploads\\\/2026\\\/03\\\/img_7207-scaled.jpeg\",\"contentUrl\":\"https:\\\/\\\/www.analoggwerz.com\\\/wp-content\\\/uploads\\\/2026\\\/03\\\/img_7207-scaled.jpeg\",\"width\":2560,\"height\":1920},{\"@type\":\"BreadcrumbList\",\"@id\":\"https:\\\/\\\/www.analoggwerz.com\\\/produit\\\/cable-adaptateur-peritel-male-vers-rca-male-audio-video\\\/#breadcrumb\",\"itemListElement\":[{\"@type\":\"ListItem\",\"position\":1,\"name\":\"Accueil\",\"item\":\"https:\\\/\\\/www.analoggwerz.com\\\/\"},{\"@type\":\"ListItem\",\"position\":2,\"name\":\"Boutique\",\"item\":\"https:\\\/\\\/www.analoggwerz.com\\\/shop\\\/\"},{\"@type\":\"ListItem\",\"position\":3,\"name\":\"C\u00e2ble Adaptateur P\u00e9ritel M\u00e2le vers RCA M\u00e2le Audio Vid\u00e9o\"}]},{\"@type\":\"WebSite\",\"@id\":\"https:\\\/\\\/www.analoggwerz.com\\\/#website\",\"url\":\"https:\\\/\\\/www.analoggwerz.com\\\/\",\"name\":\"Analog Gwerz\",\"description\":\"Pas besoin de neuf pour capturer l&#039;instant !\",\"publisher\":{\"@id\":\"https:\\\/\\\/www.analoggwerz.com\\\/#organization\"},\"potentialAction\":[{\"@type\":\"SearchAction\",\"target\":{\"@type\":\"EntryPoint\",\"urlTemplate\":\"https:\\\/\\\/www.analoggwerz.com\\\/?s={search_term_string}\"},\"query-input\":{\"@type\":\"PropertyValueSpecification\",\"valueRequired\":true,\"valueName\":\"search_term_string\"}}],\"inLanguage\":\"en-US\"},{\"@type\":\"Organization\",\"@id\":\"https:\\\/\\\/www.analoggwerz.com\\\/#organization\",\"name\":\"Analog Gwerz\",\"url\":\"https:\\\/\\\/www.analoggwerz.com\\\/\",\"logo\":{\"@type\":\"ImageObject\",\"inLanguage\":\"en-US\",\"@id\":\"https:\\\/\\\/www.analoggwerz.com\\\/#\\\/schema\\\/logo\\\/image\\\/\",\"url\":\"https:\\\/\\\/www.analoggwerz.com\\\/wp-content\\\/uploads\\\/2025\\\/10\\\/000-LOGO-ANALOG-GWERZ-NOIR-1.png\",\"contentUrl\":\"https:\\\/\\\/www.analoggwerz.com\\\/wp-content\\\/uploads\\\/2025\\\/10\\\/000-LOGO-ANALOG-GWERZ-NOIR-1.png\",\"width\":800,\"height\":407,\"caption\":\"Analog Gwerz\"},\"image\":{\"@id\":\"https:\\\/\\\/www.analoggwerz.com\\\/#\\\/schema\\\/logo\\\/image\\\/\"},\"sameAs\":[\"https:\\\/\\\/www.instagram.com\\\/analog_gwerz\\\/\",\"https:\\\/\\\/www.tiktok.com\\\/@analog_gwerz\"]}]}<\/script>\n<!-- \/ Yoast SEO plugin. -->","yoast_head_json":{"title":"C\u00e2ble Adaptateur P\u00e9ritel M\u00e2le vers RCA M\u00e2le Audio Vid\u00e9o est disponible sur la boutique !","description":"Cliquez ici pour d\u00e9couvrir C\u00e2ble Adaptateur P\u00e9ritel M\u00e2le vers RCA M\u00e2le Audio Vid\u00e9o sur la boutique.","robots":{"index":"index","follow":"follow","max-snippet":"max-snippet:-1","max-image-preview":"max-image-preview:large","max-video-preview":"max-video-preview:-1"},"canonical":"https:\/\/www.analoggwerz.com\/en\/product\/cable-adaptateur-peritel-male-vers-rca-male-audio-video\/","og_locale":"en_US","og_type":"article","og_title":"C\u00e2ble Adaptateur P\u00e9ritel M\u00e2le vers RCA M\u00e2le Audio Vid\u00e9o est disponible sur la boutique !","og_description":"Cliquez ici pour d\u00e9couvrir C\u00e2ble Adaptateur P\u00e9ritel M\u00e2le vers RCA M\u00e2le Audio Vid\u00e9o sur la boutique.","og_url":"https:\/\/www.analoggwerz.com\/en\/product\/cable-adaptateur-peritel-male-vers-rca-male-audio-video\/","og_site_name":"Analog Gwerz","article_modified_time":"2026-04-12T12:23:02+00:00","og_image":[{"width":2560,"height":1920,"url":"https:\/\/www.analoggwerz.com\/wp-content\/uploads\/2026\/03\/img_7207-scaled.jpeg","type":"image\/jpeg"}],"twitter_card":"summary_large_image","twitter_misc":{"Est. reading time":"1 minute"},"schema":{"@context":"https:\/\/schema.org","@graph":[{"@type":"WebPage","@id":"https:\/\/www.analoggwerz.com\/produit\/cable-adaptateur-peritel-male-vers-rca-male-audio-video\/","url":"https:\/\/www.analoggwerz.com\/produit\/cable-adaptateur-peritel-male-vers-rca-male-audio-video\/","name":"C\u00e2ble Adaptateur P\u00e9ritel M\u00e2le vers RCA M\u00e2le Audio Vid\u00e9o est disponible sur la boutique !","isPartOf":{"@id":"https:\/\/www.analoggwerz.com\/#website"},"primaryImageOfPage":{"@id":"https:\/\/www.analoggwerz.com\/produit\/cable-adaptateur-peritel-male-vers-rca-male-audio-video\/#primaryimage"},"image":{"@id":"https:\/\/www.analoggwerz.com\/produit\/cable-adaptateur-peritel-male-vers-rca-male-audio-video\/#primaryimage"},"thumbnailUrl":"https:\/\/www.analoggwerz.com\/wp-content\/uploads\/2026\/03\/img_7207-scaled.jpeg","datePublished":"2026-03-26T11:02:22+00:00","dateModified":"2026-04-12T12:23:02+00:00","description":"Cliquez ici pour d\u00e9couvrir C\u00e2ble Adaptateur P\u00e9ritel M\u00e2le vers RCA M\u00e2le Audio Vid\u00e9o sur la boutique.","breadcrumb":{"@id":"https:\/\/www.analoggwerz.com\/produit\/cable-adaptateur-peritel-male-vers-rca-male-audio-video\/#breadcrumb"},"inLanguage":"en-US","potentialAction":[{"@type":"ReadAction","target":["https:\/\/www.analoggwerz.com\/produit\/cable-adaptateur-peritel-male-vers-rca-male-audio-video\/"]}]},{"@type":"ImageObject","inLanguage":"en-US","@id":"https:\/\/www.analoggwerz.com\/produit\/cable-adaptateur-peritel-male-vers-rca-male-audio-video\/#primaryimage","url":"https:\/\/www.analoggwerz.com\/wp-content\/uploads\/2026\/03\/img_7207-scaled.jpeg","contentUrl":"https:\/\/www.analoggwerz.com\/wp-content\/uploads\/2026\/03\/img_7207-scaled.jpeg","width":2560,"height":1920},{"@type":"BreadcrumbList","@id":"https:\/\/www.analoggwerz.com\/produit\/cable-adaptateur-peritel-male-vers-rca-male-audio-video\/#breadcrumb","itemListElement":[{"@type":"ListItem","position":1,"name":"Accueil","item":"https:\/\/www.analoggwerz.com\/"},{"@type":"ListItem","position":2,"name":"Boutique","item":"https:\/\/www.analoggwerz.com\/shop\/"},{"@type":"ListItem","position":3,"name":"C\u00e2ble Adaptateur P\u00e9ritel M\u00e2le vers RCA M\u00e2le Audio Vid\u00e9o"}]},{"@type":"WebSite","@id":"https:\/\/www.analoggwerz.com\/#website","url":"https:\/\/www.analoggwerz.com\/","name":"Analog Gwerz","description":"Pas besoin de neuf pour capturer l&#039;instant !","publisher":{"@id":"https:\/\/www.analoggwerz.com\/#organization"},"potentialAction":[{"@type":"SearchAction","target":{"@type":"EntryPoint","urlTemplate":"https:\/\/www.analoggwerz.com\/?s={search_term_string}"},"query-input":{"@type":"PropertyValueSpecification","valueRequired":true,"valueName":"search_term_string"}}],"inLanguage":"en-US"},{"@type":"Organization","@id":"https:\/\/www.analoggwerz.com\/#organization","name":"Analog Gwerz","url":"https:\/\/www.analoggwerz.com\/","logo":{"@type":"ImageObject","inLanguage":"en-US","@id":"https:\/\/www.analoggwerz.com\/#\/schema\/logo\/image\/","url":"https:\/\/www.analoggwerz.com\/wp-content\/uploads\/2025\/10\/000-LOGO-ANALOG-GWERZ-NOIR-1.png","contentUrl":"https:\/\/www.analoggwerz.com\/wp-content\/uploads\/2025\/10\/000-LOGO-ANALOG-GWERZ-NOIR-1.png","width":800,"height":407,"caption":"Analog Gwerz"},"image":{"@id":"https:\/\/www.analoggwerz.com\/#\/schema\/logo\/image\/"},"sameAs":["https:\/\/www.instagram.com\/analog_gwerz\/","https:\/\/www.tiktok.com\/@analog_gwerz"]}]}},"jetpack_sharing_enabled":true,"_links":{"self":[{"href":"https:\/\/www.analoggwerz.com\/en\/wp-json\/wp\/v2\/product\/11141","targetHints":{"allow":["GET"]}}],"collection":[{"href":"https:\/\/www.analoggwerz.com\/en\/wp-json\/wp\/v2\/product"}],"about":[{"href":"https:\/\/www.analoggwerz.com\/en\/wp-json\/wp\/v2\/types\/product"}],"wp:featuredmedia":[{"embeddable":true,"href":"https:\/\/www.analoggwerz.com\/en\/wp-json\/wp\/v2\/media\/11140"}],"wp:attachment":[{"href":"https:\/\/www.analoggwerz.com\/en\/wp-json\/wp\/v2\/media?parent=11141"}],"wp:term":[{"taxonomy":"product_brand","embeddable":true,"href":"https:\/\/www.analoggwerz.com\/en\/wp-json\/wp\/v2\/product_brand?post=11141"},{"taxonomy":"product_cat","embeddable":true,"href":"https:\/\/www.analoggwerz.com\/en\/wp-json\/wp\/v2\/product_cat?post=11141"},{"taxonomy":"product_tag","embeddable":true,"href":"https:\/\/www.analoggwerz.com\/en\/wp-json\/wp\/v2\/product_tag?post=11141"}],"curies":[{"name":"wp","href":"https:\/\/api.w.org\/{rel}","templated":true}]}}