{"id":11067,"date":"2026-03-23T10:30:49","date_gmt":"2026-03-23T10:30:49","guid":{"rendered":"https:\/\/www.analoggwerz.com\/produit\/sacoche-photo-compacte-yellow-moon-etui-rembourre-argentique-numerique\/"},"modified":"2026-03-23T10:30:51","modified_gmt":"2026-03-23T10:30:51","slug":"sacoche-photo-compacte-yellow-moon-etui-rembourre-argentique-numerique","status":"publish","type":"product","link":"https:\/\/www.analoggwerz.com\/en\/product\/sacoche-photo-compacte-yellow-moon-etui-rembourre-argentique-numerique\/","title":{"rendered":"Sacoche Photo Compacte \u00ab\u00a0Yellow Moon\u00a0\u00bb \u2013 \u00c9tui Rembourr\u00e9 (Argentique &amp; Num\u00e9rique)"},"content":{"rendered":"<p><strong>Sacoche Photo Compacte \u00ab\u00a0Yellow Moon\u00a0\u00bb \u2013 \u00c9tui Rembourr\u00e9 (Argentique &amp; Num\u00e9rique)<\/strong><\/p>\n<p><strong>Description :<\/strong><\/p>\n<p><strong>Petite sacoche\/\u00e9tui de la marque Yellow Moon, id\u00e9ale pour transporter un appareil photo compact (argentique type \u00ab\u00a0Point &amp; Shoot\u00a0\u00bb ou num\u00e9rique type \u00ab\u00a0Digicam\u00a0\u00bb).<\/strong><\/p>\n<p><strong>Fabriqu\u00e9e dans un mat\u00e9riau souple et \u00e9pais (style n\u00e9opr\u00e8ne), elle absorbe tr\u00e8s bien les petits chocs du quotidien. Elle est particuli\u00e8rement bien pens\u00e9e avec ses multiples options de transport et sa petite poche avant.<\/strong><\/p>\n<p><strong>Caract\u00e9ristiques :<\/strong><\/p>\n<p><strong>\u2022 Marque : Yellow Moon.<\/strong><\/p>\n<p><strong>\u2022 Rangements : * 1 compartiment principal zipp\u00e9 tr\u00e8s bien rembourr\u00e9 pour l&rsquo;appareil.<\/strong><\/p>\n<p><strong>\u2022 1 poche avant zipp\u00e9e situ\u00e9e sous le rabat (id\u00e9ale pour glisser une pellicule de rechange, une carte m\u00e9moire ou une batterie suppl\u00e9mentaire).<\/strong><\/p>\n<p><strong>\u2022 Transport : * Bandouli\u00e8re noire amovible (avec petits mousquetons en m\u00e9tal).<\/strong><\/p>\n<p><strong>\u2022 Passant ceinture ultra-s\u00e9curis\u00e9 \u00e0 l&rsquo;arri\u00e8re (avec syst\u00e8me de scratch large), parfait pour l&rsquo;avoir \u00e0 la taille en randonn\u00e9e sans que \u00e7a ne ballotte.<\/strong><\/p>\n<p><strong>\u2022 Couleurs : Bicolore Gris clair et Noir.<\/strong><\/p>\n<p><strong>\u00c9tat de l&rsquo;objet :<\/strong><\/p>\n<p><strong>\u2022 Esth\u00e9tique : Tr\u00e8s bon \u00e9tat g\u00e9n\u00e9ral. Le tissu est propre, les coutures sont solides et le logo est bien lisible.<\/strong><\/p>\n<p><strong>\u2022 M\u00e9canique : Tous les zips fonctionnent parfaitement, les scratchs accrochent tr\u00e8s bien. L&rsquo;int\u00e9rieur est impeccable.<\/strong><\/p>\n<p>\ud83d\udce6<strong> Envoi rapide.<\/strong><\/p>","protected":false},"excerpt":{"rendered":"<p>Sacoche Photo Compacte \u00ab\u00a0Yellow Moon\u00a0\u00bb \u2013 \u00c9tui Rembourr\u00e9 (Argentique &amp; Num\u00e9rique) Description : Petite sacoche\/\u00e9tui de la marque Yellow Moon, id\u00e9ale pour transporter un appareil photo compact (argentique type \u00ab\u00a0Point &amp; Shoot\u00a0\u00bb ou num\u00e9rique type \u00ab\u00a0Digicam\u00a0\u00bb). Fabriqu\u00e9e dans un mat\u00e9riau souple et \u00e9pais (style n\u00e9opr\u00e8ne), elle absorbe tr\u00e8s bien les petits chocs du quotidien. Elle [&hellip;]<\/p>\n","protected":false},"featured_media":11066,"template":"","meta":[],"product_brand":[],"product_cat":[55,143,2115],"product_tag":[],"class_list":{"0":"post-11067","1":"product","2":"type-product","3":"status-publish","4":"has-post-thumbnail","6":"product_cat-accessoires","7":"product_cat-etuis-et-sacoches","8":"product_cat-petites-sacoches","10":"first","11":"instock","12":"purchasable","13":"product-type-simple"},"yoast_head":"<!-- This site is optimized with the Yoast SEO plugin v27.5 - https:\/\/yoast.com\/product\/yoast-seo-wordpress\/ -->\n<title>Sacoche Photo Compacte &quot;Yellow Moon&quot; \u2013 \u00c9tui Rembourr\u00e9 (Argentique &amp; Num\u00e9rique) est disponible sur la boutique !<\/title>\n<meta name=\"description\" content=\"Cliquez ici pour d\u00e9couvrir Sacoche Photo Compacte &quot;Yellow Moon&quot; \u2013 \u00c9tui Rembourr\u00e9 (Argentique &amp; Num\u00e9rique) sur la boutique.\" \/>\n<meta name=\"robots\" content=\"index, follow, max-snippet:-1, max-image-preview:large, max-video-preview:-1\" \/>\n<link rel=\"canonical\" href=\"https:\/\/www.analoggwerz.com\/en\/product\/sacoche-photo-compacte-yellow-moon-etui-rembourre-argentique-numerique\/\" \/>\n<meta property=\"og:locale\" content=\"en_US\" \/>\n<meta property=\"og:type\" content=\"article\" \/>\n<meta property=\"og:title\" content=\"Sacoche Photo Compacte &quot;Yellow Moon&quot; \u2013 \u00c9tui Rembourr\u00e9 (Argentique &amp; Num\u00e9rique) est disponible sur la boutique !\" \/>\n<meta property=\"og:description\" content=\"Cliquez ici pour d\u00e9couvrir Sacoche Photo Compacte &quot;Yellow Moon&quot; \u2013 \u00c9tui Rembourr\u00e9 (Argentique &amp; Num\u00e9rique) sur la boutique.\" \/>\n<meta property=\"og:url\" content=\"https:\/\/www.analoggwerz.com\/en\/product\/sacoche-photo-compacte-yellow-moon-etui-rembourre-argentique-numerique\/\" \/>\n<meta property=\"og:site_name\" content=\"Analog Gwerz\" \/>\n<meta property=\"article:modified_time\" content=\"2026-03-23T10:30:51+00:00\" \/>\n<meta property=\"og:image\" content=\"https:\/\/www.analoggwerz.com\/wp-content\/uploads\/2025\/04\/assets_task_01jra9s5ypffzbqebsyr432pm0_img_0.webp\" \/>\n\t<meta property=\"og:image:width\" content=\"1536\" \/>\n\t<meta property=\"og:image:height\" content=\"1024\" \/>\n\t<meta property=\"og:image:type\" content=\"image\/webp\" \/>\n<meta name=\"twitter:card\" content=\"summary_large_image\" \/>\n<meta name=\"twitter:label1\" content=\"Est. reading time\" \/>\n\t<meta name=\"twitter:data1\" content=\"1 minute\" \/>\n<script type=\"application\/ld+json\" class=\"yoast-schema-graph\">{\"@context\":\"https:\\\/\\\/schema.org\",\"@graph\":[{\"@type\":\"WebPage\",\"@id\":\"https:\\\/\\\/www.analoggwerz.com\\\/produit\\\/sacoche-photo-compacte-yellow-moon-etui-rembourre-argentique-numerique\\\/\",\"url\":\"https:\\\/\\\/www.analoggwerz.com\\\/produit\\\/sacoche-photo-compacte-yellow-moon-etui-rembourre-argentique-numerique\\\/\",\"name\":\"Sacoche Photo Compacte \\\"Yellow Moon\\\" \u2013 \u00c9tui Rembourr\u00e9 (Argentique &amp; Num\u00e9rique) est disponible sur la boutique !\",\"isPartOf\":{\"@id\":\"https:\\\/\\\/www.analoggwerz.com\\\/#website\"},\"primaryImageOfPage\":{\"@id\":\"https:\\\/\\\/www.analoggwerz.com\\\/produit\\\/sacoche-photo-compacte-yellow-moon-etui-rembourre-argentique-numerique\\\/#primaryimage\"},\"image\":{\"@id\":\"https:\\\/\\\/www.analoggwerz.com\\\/produit\\\/sacoche-photo-compacte-yellow-moon-etui-rembourre-argentique-numerique\\\/#primaryimage\"},\"thumbnailUrl\":\"https:\\\/\\\/www.analoggwerz.com\\\/wp-content\\\/uploads\\\/2026\\\/03\\\/img_7145-scaled.jpeg\",\"datePublished\":\"2026-03-23T10:30:49+00:00\",\"dateModified\":\"2026-03-23T10:30:51+00:00\",\"description\":\"Cliquez ici pour d\u00e9couvrir Sacoche Photo Compacte \\\"Yellow Moon\\\" \u2013 \u00c9tui Rembourr\u00e9 (Argentique &amp; Num\u00e9rique) sur la boutique.\",\"breadcrumb\":{\"@id\":\"https:\\\/\\\/www.analoggwerz.com\\\/produit\\\/sacoche-photo-compacte-yellow-moon-etui-rembourre-argentique-numerique\\\/#breadcrumb\"},\"inLanguage\":\"en-US\",\"potentialAction\":[{\"@type\":\"ReadAction\",\"target\":[\"https:\\\/\\\/www.analoggwerz.com\\\/produit\\\/sacoche-photo-compacte-yellow-moon-etui-rembourre-argentique-numerique\\\/\"]}]},{\"@type\":\"ImageObject\",\"inLanguage\":\"en-US\",\"@id\":\"https:\\\/\\\/www.analoggwerz.com\\\/produit\\\/sacoche-photo-compacte-yellow-moon-etui-rembourre-argentique-numerique\\\/#primaryimage\",\"url\":\"https:\\\/\\\/www.analoggwerz.com\\\/wp-content\\\/uploads\\\/2026\\\/03\\\/img_7145-scaled.jpeg\",\"contentUrl\":\"https:\\\/\\\/www.analoggwerz.com\\\/wp-content\\\/uploads\\\/2026\\\/03\\\/img_7145-scaled.jpeg\",\"width\":2560,\"height\":1920},{\"@type\":\"BreadcrumbList\",\"@id\":\"https:\\\/\\\/www.analoggwerz.com\\\/produit\\\/sacoche-photo-compacte-yellow-moon-etui-rembourre-argentique-numerique\\\/#breadcrumb\",\"itemListElement\":[{\"@type\":\"ListItem\",\"position\":1,\"name\":\"Accueil\",\"item\":\"https:\\\/\\\/www.analoggwerz.com\\\/\"},{\"@type\":\"ListItem\",\"position\":2,\"name\":\"Boutique\",\"item\":\"https:\\\/\\\/www.analoggwerz.com\\\/shop\\\/\"},{\"@type\":\"ListItem\",\"position\":3,\"name\":\"Sacoche Photo Compacte \u00ab\u00a0Yellow Moon\u00a0\u00bb \u2013 \u00c9tui Rembourr\u00e9 (Argentique &amp; Num\u00e9rique)\"}]},{\"@type\":\"WebSite\",\"@id\":\"https:\\\/\\\/www.analoggwerz.com\\\/#website\",\"url\":\"https:\\\/\\\/www.analoggwerz.com\\\/\",\"name\":\"Analog Gwerz\",\"description\":\"Pas besoin de neuf pour capturer l&#039;instant !\",\"publisher\":{\"@id\":\"https:\\\/\\\/www.analoggwerz.com\\\/#organization\"},\"potentialAction\":[{\"@type\":\"SearchAction\",\"target\":{\"@type\":\"EntryPoint\",\"urlTemplate\":\"https:\\\/\\\/www.analoggwerz.com\\\/?s={search_term_string}\"},\"query-input\":{\"@type\":\"PropertyValueSpecification\",\"valueRequired\":true,\"valueName\":\"search_term_string\"}}],\"inLanguage\":\"en-US\"},{\"@type\":\"Organization\",\"@id\":\"https:\\\/\\\/www.analoggwerz.com\\\/#organization\",\"name\":\"Analog Gwerz\",\"url\":\"https:\\\/\\\/www.analoggwerz.com\\\/\",\"logo\":{\"@type\":\"ImageObject\",\"inLanguage\":\"en-US\",\"@id\":\"https:\\\/\\\/www.analoggwerz.com\\\/#\\\/schema\\\/logo\\\/image\\\/\",\"url\":\"https:\\\/\\\/www.analoggwerz.com\\\/wp-content\\\/uploads\\\/2025\\\/10\\\/000-LOGO-ANALOG-GWERZ-NOIR-1.png\",\"contentUrl\":\"https:\\\/\\\/www.analoggwerz.com\\\/wp-content\\\/uploads\\\/2025\\\/10\\\/000-LOGO-ANALOG-GWERZ-NOIR-1.png\",\"width\":800,\"height\":407,\"caption\":\"Analog Gwerz\"},\"image\":{\"@id\":\"https:\\\/\\\/www.analoggwerz.com\\\/#\\\/schema\\\/logo\\\/image\\\/\"},\"sameAs\":[\"https:\\\/\\\/www.instagram.com\\\/analog_gwerz\\\/\",\"https:\\\/\\\/www.tiktok.com\\\/@analog_gwerz\"]}]}<\/script>\n<!-- \/ Yoast SEO plugin. -->","yoast_head_json":{"title":"Sacoche Photo Compacte \"Yellow Moon\" \u2013 \u00c9tui Rembourr\u00e9 (Argentique &amp; Num\u00e9rique) est disponible sur la boutique !","description":"Cliquez ici pour d\u00e9couvrir Sacoche Photo Compacte \"Yellow Moon\" \u2013 \u00c9tui Rembourr\u00e9 (Argentique &amp; Num\u00e9rique) sur la boutique.","robots":{"index":"index","follow":"follow","max-snippet":"max-snippet:-1","max-image-preview":"max-image-preview:large","max-video-preview":"max-video-preview:-1"},"canonical":"https:\/\/www.analoggwerz.com\/en\/product\/sacoche-photo-compacte-yellow-moon-etui-rembourre-argentique-numerique\/","og_locale":"en_US","og_type":"article","og_title":"Sacoche Photo Compacte \"Yellow Moon\" \u2013 \u00c9tui Rembourr\u00e9 (Argentique &amp; Num\u00e9rique) est disponible sur la boutique !","og_description":"Cliquez ici pour d\u00e9couvrir Sacoche Photo Compacte \"Yellow Moon\" \u2013 \u00c9tui Rembourr\u00e9 (Argentique &amp; Num\u00e9rique) sur la boutique.","og_url":"https:\/\/www.analoggwerz.com\/en\/product\/sacoche-photo-compacte-yellow-moon-etui-rembourre-argentique-numerique\/","og_site_name":"Analog Gwerz","article_modified_time":"2026-03-23T10:30:51+00:00","og_image":[{"width":1536,"height":1024,"url":"https:\/\/www.analoggwerz.com\/wp-content\/uploads\/2025\/04\/assets_task_01jra9s5ypffzbqebsyr432pm0_img_0.webp","type":"image\/webp"}],"twitter_card":"summary_large_image","twitter_misc":{"Est. reading time":"1 minute"},"schema":{"@context":"https:\/\/schema.org","@graph":[{"@type":"WebPage","@id":"https:\/\/www.analoggwerz.com\/produit\/sacoche-photo-compacte-yellow-moon-etui-rembourre-argentique-numerique\/","url":"https:\/\/www.analoggwerz.com\/produit\/sacoche-photo-compacte-yellow-moon-etui-rembourre-argentique-numerique\/","name":"Sacoche Photo Compacte \"Yellow Moon\" \u2013 \u00c9tui Rembourr\u00e9 (Argentique &amp; Num\u00e9rique) est disponible sur la boutique !","isPartOf":{"@id":"https:\/\/www.analoggwerz.com\/#website"},"primaryImageOfPage":{"@id":"https:\/\/www.analoggwerz.com\/produit\/sacoche-photo-compacte-yellow-moon-etui-rembourre-argentique-numerique\/#primaryimage"},"image":{"@id":"https:\/\/www.analoggwerz.com\/produit\/sacoche-photo-compacte-yellow-moon-etui-rembourre-argentique-numerique\/#primaryimage"},"thumbnailUrl":"https:\/\/www.analoggwerz.com\/wp-content\/uploads\/2026\/03\/img_7145-scaled.jpeg","datePublished":"2026-03-23T10:30:49+00:00","dateModified":"2026-03-23T10:30:51+00:00","description":"Cliquez ici pour d\u00e9couvrir Sacoche Photo Compacte \"Yellow Moon\" \u2013 \u00c9tui Rembourr\u00e9 (Argentique &amp; Num\u00e9rique) sur la boutique.","breadcrumb":{"@id":"https:\/\/www.analoggwerz.com\/produit\/sacoche-photo-compacte-yellow-moon-etui-rembourre-argentique-numerique\/#breadcrumb"},"inLanguage":"en-US","potentialAction":[{"@type":"ReadAction","target":["https:\/\/www.analoggwerz.com\/produit\/sacoche-photo-compacte-yellow-moon-etui-rembourre-argentique-numerique\/"]}]},{"@type":"ImageObject","inLanguage":"en-US","@id":"https:\/\/www.analoggwerz.com\/produit\/sacoche-photo-compacte-yellow-moon-etui-rembourre-argentique-numerique\/#primaryimage","url":"https:\/\/www.analoggwerz.com\/wp-content\/uploads\/2026\/03\/img_7145-scaled.jpeg","contentUrl":"https:\/\/www.analoggwerz.com\/wp-content\/uploads\/2026\/03\/img_7145-scaled.jpeg","width":2560,"height":1920},{"@type":"BreadcrumbList","@id":"https:\/\/www.analoggwerz.com\/produit\/sacoche-photo-compacte-yellow-moon-etui-rembourre-argentique-numerique\/#breadcrumb","itemListElement":[{"@type":"ListItem","position":1,"name":"Accueil","item":"https:\/\/www.analoggwerz.com\/"},{"@type":"ListItem","position":2,"name":"Boutique","item":"https:\/\/www.analoggwerz.com\/shop\/"},{"@type":"ListItem","position":3,"name":"Sacoche Photo Compacte \u00ab\u00a0Yellow Moon\u00a0\u00bb \u2013 \u00c9tui Rembourr\u00e9 (Argentique &amp; Num\u00e9rique)"}]},{"@type":"WebSite","@id":"https:\/\/www.analoggwerz.com\/#website","url":"https:\/\/www.analoggwerz.com\/","name":"Analog Gwerz","description":"Pas besoin de neuf pour capturer l&#039;instant !","publisher":{"@id":"https:\/\/www.analoggwerz.com\/#organization"},"potentialAction":[{"@type":"SearchAction","target":{"@type":"EntryPoint","urlTemplate":"https:\/\/www.analoggwerz.com\/?s={search_term_string}"},"query-input":{"@type":"PropertyValueSpecification","valueRequired":true,"valueName":"search_term_string"}}],"inLanguage":"en-US"},{"@type":"Organization","@id":"https:\/\/www.analoggwerz.com\/#organization","name":"Analog Gwerz","url":"https:\/\/www.analoggwerz.com\/","logo":{"@type":"ImageObject","inLanguage":"en-US","@id":"https:\/\/www.analoggwerz.com\/#\/schema\/logo\/image\/","url":"https:\/\/www.analoggwerz.com\/wp-content\/uploads\/2025\/10\/000-LOGO-ANALOG-GWERZ-NOIR-1.png","contentUrl":"https:\/\/www.analoggwerz.com\/wp-content\/uploads\/2025\/10\/000-LOGO-ANALOG-GWERZ-NOIR-1.png","width":800,"height":407,"caption":"Analog Gwerz"},"image":{"@id":"https:\/\/www.analoggwerz.com\/#\/schema\/logo\/image\/"},"sameAs":["https:\/\/www.instagram.com\/analog_gwerz\/","https:\/\/www.tiktok.com\/@analog_gwerz"]}]}},"jetpack_sharing_enabled":true,"_links":{"self":[{"href":"https:\/\/www.analoggwerz.com\/en\/wp-json\/wp\/v2\/product\/11067","targetHints":{"allow":["GET"]}}],"collection":[{"href":"https:\/\/www.analoggwerz.com\/en\/wp-json\/wp\/v2\/product"}],"about":[{"href":"https:\/\/www.analoggwerz.com\/en\/wp-json\/wp\/v2\/types\/product"}],"wp:featuredmedia":[{"embeddable":true,"href":"https:\/\/www.analoggwerz.com\/en\/wp-json\/wp\/v2\/media\/11066"}],"wp:attachment":[{"href":"https:\/\/www.analoggwerz.com\/en\/wp-json\/wp\/v2\/media?parent=11067"}],"wp:term":[{"taxonomy":"product_brand","embeddable":true,"href":"https:\/\/www.analoggwerz.com\/en\/wp-json\/wp\/v2\/product_brand?post=11067"},{"taxonomy":"product_cat","embeddable":true,"href":"https:\/\/www.analoggwerz.com\/en\/wp-json\/wp\/v2\/product_cat?post=11067"},{"taxonomy":"product_tag","embeddable":true,"href":"https:\/\/www.analoggwerz.com\/en\/wp-json\/wp\/v2\/product_tag?post=11067"}],"curies":[{"name":"wp","href":"https:\/\/api.w.org\/{rel}","templated":true}]}}