{"id":10979,"date":"2026-03-08T12:56:30","date_gmt":"2026-03-08T12:56:30","guid":{"rendered":"https:\/\/www.analoggwerz.com\/produit\/sangle-depaule-rembourree-noire\/"},"modified":"2026-04-12T12:26:36","modified_gmt":"2026-04-12T12:26:36","slug":"sangle-depaule-rembourree-noire","status":"publish","type":"product","link":"https:\/\/www.analoggwerz.com\/en\/product\/sangle-depaule-rembourree-noire\/","title":{"rendered":"Sangle d&rsquo;\u00c9paule Rembourr\u00e9e &#8211; Noire"},"content":{"rendered":"<p><strong>Sangle d&rsquo;\u00c9paule Rembourr\u00e9e Noire (Universelle &#8211; Mousquetons M\u00e9tal)<\/strong><\/p>\n<p><strong>Description :<\/strong><\/p>\n<p><strong>Sangle d&rsquo;\u00e9paule universelle de couleur noire.<\/strong><\/p>\n<p><strong>Elle est \u00e9quip\u00e9e d&rsquo;une \u00e9pauli\u00e8re rembourr\u00e9e et antid\u00e9rapante (c\u00f4t\u00e9 texture cuir) pour plus de confort lors du portage de charges lourdes (sac photo, sacoche ordinateur, instrument de musique&#8230;).<\/strong><\/p>\n<p><strong>Le syst\u00e8me d&rsquo;accroche se fait par des mousquetons en m\u00e9tal robustes, ce qui est bien plus fiable que les attaches en plastique qui peuvent casser.<\/strong><\/p>\n<p><strong>Caract\u00e9ristiques :<\/strong><\/p>\n<p><strong>\u2022 Couleur : Noir.<\/strong><\/p>\n<p><strong>\u2022 Fixation : 2 mousquetons tournants en m\u00e9tal argent\u00e9.<\/strong><\/p>\n<p><strong>\u2022 R\u00e9glage : Longueur ajustable via une boucle coulissante.<\/strong><\/p>\n<p><strong>\u2022 Confort : Large pad d&rsquo;\u00e9paule rembourr\u00e9 (face externe tissu, face interne textur\u00e9e type cuir\/vinyle pour l&rsquo;adh\u00e9rence).<\/strong><\/p>\n<p><strong>\u2022 Compatibilit\u00e9 : Universelle pour tout sac disposant d&rsquo;anneaux d&rsquo;accroche (sacoches photo, sacs de voyage, \u00e9tuis d&rsquo;instruments&#8230;).<\/strong><\/p>\n<p><strong>\u00c9tat de l&rsquo;objet :<\/strong><\/p>\n<p><strong>\u2022 Esth\u00e9tique : Tr\u00e8s bon \u00e9tat. Le tissu est propre, pas d&rsquo;effilochage.<\/strong><\/p>\n<p><strong>\u2022 M\u00e9canique : Les mousquetons fonctionnent parfaitement (ressorts fermes).<\/strong><\/p>\n<p>\ud83d\udce6<strong> Envoi rapide.<\/strong><\/p>","protected":false},"excerpt":{"rendered":"<p>Sangle d&rsquo;\u00c9paule Rembourr\u00e9e Noire (Universelle &#8211; Mousquetons M\u00e9tal) Description : Sangle d&rsquo;\u00e9paule universelle de couleur noire. Elle est \u00e9quip\u00e9e d&rsquo;une \u00e9pauli\u00e8re rembourr\u00e9e et antid\u00e9rapante (c\u00f4t\u00e9 texture cuir) pour plus de confort lors du portage de charges lourdes (sac photo, sacoche ordinateur, instrument de musique&#8230;). Le syst\u00e8me d&rsquo;accroche se fait par des mousquetons en m\u00e9tal robustes, [&hellip;]<\/p>\n","protected":false},"featured_media":10978,"template":"","meta":[],"product_brand":[],"product_cat":[55,162],"product_tag":[],"class_list":{"0":"post-10979","1":"product","2":"type-product","3":"status-publish","4":"has-post-thumbnail","6":"product_cat-accessoires","7":"product_cat-sangles-et-dragonnes","9":"first","10":"instock","11":"purchasable","12":"product-type-simple"},"yoast_head":"<!-- This site is optimized with the Yoast SEO plugin v27.5 - https:\/\/yoast.com\/product\/yoast-seo-wordpress\/ -->\n<title>Sangle d&#039;\u00c9paule Rembourr\u00e9e - Noire est disponible sur la boutique !<\/title>\n<meta name=\"description\" content=\"Cliquez ici pour d\u00e9couvrir Sangle d&#039;\u00c9paule Rembourr\u00e9e - Noire sur la boutique.\" \/>\n<meta name=\"robots\" content=\"index, follow, max-snippet:-1, max-image-preview:large, max-video-preview:-1\" \/>\n<link rel=\"canonical\" href=\"https:\/\/www.analoggwerz.com\/en\/product\/sangle-depaule-rembourree-noire\/\" \/>\n<meta property=\"og:locale\" content=\"en_US\" \/>\n<meta property=\"og:type\" content=\"article\" \/>\n<meta property=\"og:title\" content=\"Sangle d&#039;\u00c9paule Rembourr\u00e9e - Noire est disponible sur la boutique !\" \/>\n<meta property=\"og:description\" content=\"Cliquez ici pour d\u00e9couvrir Sangle d&#039;\u00c9paule Rembourr\u00e9e - Noire sur la boutique.\" \/>\n<meta property=\"og:url\" content=\"https:\/\/www.analoggwerz.com\/en\/product\/sangle-depaule-rembourree-noire\/\" \/>\n<meta property=\"og:site_name\" content=\"Analog Gwerz\" \/>\n<meta property=\"article:modified_time\" content=\"2026-04-12T12:26:36+00:00\" \/>\n<meta property=\"og:image\" content=\"https:\/\/www.analoggwerz.com\/wp-content\/uploads\/2026\/03\/img_6973-scaled.jpeg\" \/>\n\t<meta property=\"og:image:width\" content=\"2560\" \/>\n\t<meta property=\"og:image:height\" content=\"1920\" \/>\n\t<meta property=\"og:image:type\" content=\"image\/jpeg\" \/>\n<meta name=\"twitter:card\" content=\"summary_large_image\" \/>\n<meta name=\"twitter:label1\" content=\"Est. reading time\" \/>\n\t<meta name=\"twitter:data1\" content=\"1 minute\" \/>\n<script type=\"application\/ld+json\" class=\"yoast-schema-graph\">{\"@context\":\"https:\\\/\\\/schema.org\",\"@graph\":[{\"@type\":\"WebPage\",\"@id\":\"https:\\\/\\\/www.analoggwerz.com\\\/produit\\\/sangle-depaule-rembourree-noire\\\/\",\"url\":\"https:\\\/\\\/www.analoggwerz.com\\\/produit\\\/sangle-depaule-rembourree-noire\\\/\",\"name\":\"Sangle d'\u00c9paule Rembourr\u00e9e - Noire est disponible sur la boutique !\",\"isPartOf\":{\"@id\":\"https:\\\/\\\/www.analoggwerz.com\\\/#website\"},\"primaryImageOfPage\":{\"@id\":\"https:\\\/\\\/www.analoggwerz.com\\\/produit\\\/sangle-depaule-rembourree-noire\\\/#primaryimage\"},\"image\":{\"@id\":\"https:\\\/\\\/www.analoggwerz.com\\\/produit\\\/sangle-depaule-rembourree-noire\\\/#primaryimage\"},\"thumbnailUrl\":\"https:\\\/\\\/www.analoggwerz.com\\\/wp-content\\\/uploads\\\/2026\\\/03\\\/img_6973-scaled.jpeg\",\"datePublished\":\"2026-03-08T12:56:30+00:00\",\"dateModified\":\"2026-04-12T12:26:36+00:00\",\"description\":\"Cliquez ici pour d\u00e9couvrir Sangle d'\u00c9paule Rembourr\u00e9e - Noire sur la boutique.\",\"breadcrumb\":{\"@id\":\"https:\\\/\\\/www.analoggwerz.com\\\/produit\\\/sangle-depaule-rembourree-noire\\\/#breadcrumb\"},\"inLanguage\":\"en-US\",\"potentialAction\":[{\"@type\":\"ReadAction\",\"target\":[\"https:\\\/\\\/www.analoggwerz.com\\\/produit\\\/sangle-depaule-rembourree-noire\\\/\"]}]},{\"@type\":\"ImageObject\",\"inLanguage\":\"en-US\",\"@id\":\"https:\\\/\\\/www.analoggwerz.com\\\/produit\\\/sangle-depaule-rembourree-noire\\\/#primaryimage\",\"url\":\"https:\\\/\\\/www.analoggwerz.com\\\/wp-content\\\/uploads\\\/2026\\\/03\\\/img_6973-scaled.jpeg\",\"contentUrl\":\"https:\\\/\\\/www.analoggwerz.com\\\/wp-content\\\/uploads\\\/2026\\\/03\\\/img_6973-scaled.jpeg\",\"width\":2560,\"height\":1920},{\"@type\":\"BreadcrumbList\",\"@id\":\"https:\\\/\\\/www.analoggwerz.com\\\/produit\\\/sangle-depaule-rembourree-noire\\\/#breadcrumb\",\"itemListElement\":[{\"@type\":\"ListItem\",\"position\":1,\"name\":\"Accueil\",\"item\":\"https:\\\/\\\/www.analoggwerz.com\\\/\"},{\"@type\":\"ListItem\",\"position\":2,\"name\":\"Boutique\",\"item\":\"https:\\\/\\\/www.analoggwerz.com\\\/shop\\\/\"},{\"@type\":\"ListItem\",\"position\":3,\"name\":\"Sangle d&rsquo;\u00c9paule Rembourr\u00e9e &#8211; Noire\"}]},{\"@type\":\"WebSite\",\"@id\":\"https:\\\/\\\/www.analoggwerz.com\\\/#website\",\"url\":\"https:\\\/\\\/www.analoggwerz.com\\\/\",\"name\":\"Analog Gwerz\",\"description\":\"Pas besoin de neuf pour capturer l&#039;instant !\",\"publisher\":{\"@id\":\"https:\\\/\\\/www.analoggwerz.com\\\/#organization\"},\"potentialAction\":[{\"@type\":\"SearchAction\",\"target\":{\"@type\":\"EntryPoint\",\"urlTemplate\":\"https:\\\/\\\/www.analoggwerz.com\\\/?s={search_term_string}\"},\"query-input\":{\"@type\":\"PropertyValueSpecification\",\"valueRequired\":true,\"valueName\":\"search_term_string\"}}],\"inLanguage\":\"en-US\"},{\"@type\":\"Organization\",\"@id\":\"https:\\\/\\\/www.analoggwerz.com\\\/#organization\",\"name\":\"Analog Gwerz\",\"url\":\"https:\\\/\\\/www.analoggwerz.com\\\/\",\"logo\":{\"@type\":\"ImageObject\",\"inLanguage\":\"en-US\",\"@id\":\"https:\\\/\\\/www.analoggwerz.com\\\/#\\\/schema\\\/logo\\\/image\\\/\",\"url\":\"https:\\\/\\\/www.analoggwerz.com\\\/wp-content\\\/uploads\\\/2025\\\/10\\\/000-LOGO-ANALOG-GWERZ-NOIR-1.png\",\"contentUrl\":\"https:\\\/\\\/www.analoggwerz.com\\\/wp-content\\\/uploads\\\/2025\\\/10\\\/000-LOGO-ANALOG-GWERZ-NOIR-1.png\",\"width\":800,\"height\":407,\"caption\":\"Analog Gwerz\"},\"image\":{\"@id\":\"https:\\\/\\\/www.analoggwerz.com\\\/#\\\/schema\\\/logo\\\/image\\\/\"},\"sameAs\":[\"https:\\\/\\\/www.instagram.com\\\/analog_gwerz\\\/\",\"https:\\\/\\\/www.tiktok.com\\\/@analog_gwerz\"]}]}<\/script>\n<!-- \/ Yoast SEO plugin. -->","yoast_head_json":{"title":"Sangle d'\u00c9paule Rembourr\u00e9e - Noire est disponible sur la boutique !","description":"Cliquez ici pour d\u00e9couvrir Sangle d'\u00c9paule Rembourr\u00e9e - Noire sur la boutique.","robots":{"index":"index","follow":"follow","max-snippet":"max-snippet:-1","max-image-preview":"max-image-preview:large","max-video-preview":"max-video-preview:-1"},"canonical":"https:\/\/www.analoggwerz.com\/en\/product\/sangle-depaule-rembourree-noire\/","og_locale":"en_US","og_type":"article","og_title":"Sangle d'\u00c9paule Rembourr\u00e9e - Noire est disponible sur la boutique !","og_description":"Cliquez ici pour d\u00e9couvrir Sangle d'\u00c9paule Rembourr\u00e9e - Noire sur la boutique.","og_url":"https:\/\/www.analoggwerz.com\/en\/product\/sangle-depaule-rembourree-noire\/","og_site_name":"Analog Gwerz","article_modified_time":"2026-04-12T12:26:36+00:00","og_image":[{"width":2560,"height":1920,"url":"https:\/\/www.analoggwerz.com\/wp-content\/uploads\/2026\/03\/img_6973-scaled.jpeg","type":"image\/jpeg"}],"twitter_card":"summary_large_image","twitter_misc":{"Est. reading time":"1 minute"},"schema":{"@context":"https:\/\/schema.org","@graph":[{"@type":"WebPage","@id":"https:\/\/www.analoggwerz.com\/produit\/sangle-depaule-rembourree-noire\/","url":"https:\/\/www.analoggwerz.com\/produit\/sangle-depaule-rembourree-noire\/","name":"Sangle d'\u00c9paule Rembourr\u00e9e - Noire est disponible sur la boutique !","isPartOf":{"@id":"https:\/\/www.analoggwerz.com\/#website"},"primaryImageOfPage":{"@id":"https:\/\/www.analoggwerz.com\/produit\/sangle-depaule-rembourree-noire\/#primaryimage"},"image":{"@id":"https:\/\/www.analoggwerz.com\/produit\/sangle-depaule-rembourree-noire\/#primaryimage"},"thumbnailUrl":"https:\/\/www.analoggwerz.com\/wp-content\/uploads\/2026\/03\/img_6973-scaled.jpeg","datePublished":"2026-03-08T12:56:30+00:00","dateModified":"2026-04-12T12:26:36+00:00","description":"Cliquez ici pour d\u00e9couvrir Sangle d'\u00c9paule Rembourr\u00e9e - Noire sur la boutique.","breadcrumb":{"@id":"https:\/\/www.analoggwerz.com\/produit\/sangle-depaule-rembourree-noire\/#breadcrumb"},"inLanguage":"en-US","potentialAction":[{"@type":"ReadAction","target":["https:\/\/www.analoggwerz.com\/produit\/sangle-depaule-rembourree-noire\/"]}]},{"@type":"ImageObject","inLanguage":"en-US","@id":"https:\/\/www.analoggwerz.com\/produit\/sangle-depaule-rembourree-noire\/#primaryimage","url":"https:\/\/www.analoggwerz.com\/wp-content\/uploads\/2026\/03\/img_6973-scaled.jpeg","contentUrl":"https:\/\/www.analoggwerz.com\/wp-content\/uploads\/2026\/03\/img_6973-scaled.jpeg","width":2560,"height":1920},{"@type":"BreadcrumbList","@id":"https:\/\/www.analoggwerz.com\/produit\/sangle-depaule-rembourree-noire\/#breadcrumb","itemListElement":[{"@type":"ListItem","position":1,"name":"Accueil","item":"https:\/\/www.analoggwerz.com\/"},{"@type":"ListItem","position":2,"name":"Boutique","item":"https:\/\/www.analoggwerz.com\/shop\/"},{"@type":"ListItem","position":3,"name":"Sangle d&rsquo;\u00c9paule Rembourr\u00e9e &#8211; Noire"}]},{"@type":"WebSite","@id":"https:\/\/www.analoggwerz.com\/#website","url":"https:\/\/www.analoggwerz.com\/","name":"Analog Gwerz","description":"Pas besoin de neuf pour capturer l&#039;instant !","publisher":{"@id":"https:\/\/www.analoggwerz.com\/#organization"},"potentialAction":[{"@type":"SearchAction","target":{"@type":"EntryPoint","urlTemplate":"https:\/\/www.analoggwerz.com\/?s={search_term_string}"},"query-input":{"@type":"PropertyValueSpecification","valueRequired":true,"valueName":"search_term_string"}}],"inLanguage":"en-US"},{"@type":"Organization","@id":"https:\/\/www.analoggwerz.com\/#organization","name":"Analog Gwerz","url":"https:\/\/www.analoggwerz.com\/","logo":{"@type":"ImageObject","inLanguage":"en-US","@id":"https:\/\/www.analoggwerz.com\/#\/schema\/logo\/image\/","url":"https:\/\/www.analoggwerz.com\/wp-content\/uploads\/2025\/10\/000-LOGO-ANALOG-GWERZ-NOIR-1.png","contentUrl":"https:\/\/www.analoggwerz.com\/wp-content\/uploads\/2025\/10\/000-LOGO-ANALOG-GWERZ-NOIR-1.png","width":800,"height":407,"caption":"Analog Gwerz"},"image":{"@id":"https:\/\/www.analoggwerz.com\/#\/schema\/logo\/image\/"},"sameAs":["https:\/\/www.instagram.com\/analog_gwerz\/","https:\/\/www.tiktok.com\/@analog_gwerz"]}]}},"jetpack_sharing_enabled":true,"_links":{"self":[{"href":"https:\/\/www.analoggwerz.com\/en\/wp-json\/wp\/v2\/product\/10979","targetHints":{"allow":["GET"]}}],"collection":[{"href":"https:\/\/www.analoggwerz.com\/en\/wp-json\/wp\/v2\/product"}],"about":[{"href":"https:\/\/www.analoggwerz.com\/en\/wp-json\/wp\/v2\/types\/product"}],"wp:featuredmedia":[{"embeddable":true,"href":"https:\/\/www.analoggwerz.com\/en\/wp-json\/wp\/v2\/media\/10978"}],"wp:attachment":[{"href":"https:\/\/www.analoggwerz.com\/en\/wp-json\/wp\/v2\/media?parent=10979"}],"wp:term":[{"taxonomy":"product_brand","embeddable":true,"href":"https:\/\/www.analoggwerz.com\/en\/wp-json\/wp\/v2\/product_brand?post=10979"},{"taxonomy":"product_cat","embeddable":true,"href":"https:\/\/www.analoggwerz.com\/en\/wp-json\/wp\/v2\/product_cat?post=10979"},{"taxonomy":"product_tag","embeddable":true,"href":"https:\/\/www.analoggwerz.com\/en\/wp-json\/wp\/v2\/product_tag?post=10979"}],"curies":[{"name":"wp","href":"https:\/\/api.w.org\/{rel}","templated":true}]}}