{"id":10961,"date":"2026-03-08T12:38:43","date_gmt":"2026-03-08T12:38:43","guid":{"rendered":"https:\/\/www.analoggwerz.com\/produit\/boite-vide-dorigine-canon-ef-50mm-f-1-8-stm\/"},"modified":"2026-04-12T12:26:17","modified_gmt":"2026-04-12T12:26:17","slug":"boite-vide-dorigine-canon-ef-50mm-f-1-8-stm","status":"publish","type":"product","link":"https:\/\/www.analoggwerz.com\/en\/product\/boite-vide-dorigine-canon-ef-50mm-f-1-8-stm\/","title":{"rendered":"Bo\u00eete Vide d&rsquo;Origine &#8211; Canon EF 50mm f\/1.8 STM"},"content":{"rendered":"<p><strong>Bo\u00eete Vide d&rsquo;Origine &#8211; Canon EF 50mm f\/1.8 STM (Pour Revente ou Collection)<\/strong><\/p>\n<p><strong>Vous revendez votre objectif Canon 50mm f\/1.8 STM mais vous avez perdu la bo\u00eete ? Cette annonce est pour vous !<\/strong><\/p>\n<p><strong>Description :<\/strong><\/p>\n<p><strong>Bo\u00eete en carton d&rsquo;origine pour l&rsquo;objectif Canon EF 50mm f\/1.8 STM (la version \u00ab\u00a0Nifty Fifty\u00a0\u00bb la plus r\u00e9cente).<\/strong><\/p>\n<p><strong>Vendre un objectif avec sa bo\u00eete d&rsquo;origine permet souvent d&rsquo;augmenter son prix de revente et rassure l&rsquo;acheteur sur le soin apport\u00e9 au mat\u00e9riel.<\/strong><\/p>\n<p>\u26a0\ufe0f<strong> Attention : Il s&rsquo;agit uniquement de l&#8217;emballage vide. L&rsquo;objectif n&rsquo;est PAS inclus.<\/strong><\/p>\n<p><strong>Caract\u00e9ristiques :<\/strong><\/p>\n<p><strong>\u2022 Mod\u00e8le : Canon EF 50mm f\/1.8 STM.<\/strong><\/p>\n<p><strong>\u2022 Contenu : Bo\u00eete carton ext\u00e9rieure + Cale en plastique moul\u00e9 interne (pour bien maintenir l&rsquo;objectif pendant le transport).<\/strong><\/p>\n<p><strong>\u00c9tat de l&rsquo;objet :<\/strong><\/p>\n<p><strong>\u2022 Esth\u00e9tique : Bon \u00e9tat g\u00e9n\u00e9ral. Quelques l\u00e9g\u00e8res marques de stockage sur les coins, mais la bo\u00eete se tient bien et ferme parfaitement.<\/strong><\/p>\n<p>\ud83d\udce6<strong> Envoi soign\u00e9<\/strong><\/p>","protected":false},"excerpt":{"rendered":"<p>Bo\u00eete Vide d&rsquo;Origine &#8211; Canon EF 50mm f\/1.8 STM (Pour Revente ou Collection) Vous revendez votre objectif Canon 50mm f\/1.8 STM mais vous avez perdu la bo\u00eete ? Cette annonce est pour vous ! Description : Bo\u00eete en carton d&rsquo;origine pour l&rsquo;objectif Canon EF 50mm f\/1.8 STM (la version \u00ab\u00a0Nifty Fifty\u00a0\u00bb la plus r\u00e9cente). Vendre [&hellip;]<\/p>\n","protected":false},"featured_media":10960,"template":"","meta":[],"product_brand":[],"product_cat":[55],"product_tag":[],"class_list":{"0":"post-10961","1":"product","2":"type-product","3":"status-publish","4":"has-post-thumbnail","6":"product_cat-accessoires","8":"first","9":"instock","10":"purchasable","11":"product-type-simple"},"yoast_head":"<!-- This site is optimized with the Yoast SEO plugin v27.5 - https:\/\/yoast.com\/product\/yoast-seo-wordpress\/ -->\n<title>Bo\u00eete Vide d&#039;Origine - Canon EF 50mm f\/1.8 STM est disponible sur la boutique !<\/title>\n<meta name=\"description\" content=\"Cliquez ici pour d\u00e9couvrir Bo\u00eete Vide d&#039;Origine - Canon EF 50mm f\/1.8 STM sur la boutique.\" \/>\n<meta name=\"robots\" content=\"index, follow, max-snippet:-1, max-image-preview:large, max-video-preview:-1\" \/>\n<link rel=\"canonical\" href=\"https:\/\/www.analoggwerz.com\/en\/product\/boite-vide-dorigine-canon-ef-50mm-f-1-8-stm\/\" \/>\n<meta property=\"og:locale\" content=\"en_US\" \/>\n<meta property=\"og:type\" content=\"article\" \/>\n<meta property=\"og:title\" content=\"Bo\u00eete Vide d&#039;Origine - Canon EF 50mm f\/1.8 STM est disponible sur la boutique !\" \/>\n<meta property=\"og:description\" content=\"Cliquez ici pour d\u00e9couvrir Bo\u00eete Vide d&#039;Origine - Canon EF 50mm f\/1.8 STM sur la boutique.\" \/>\n<meta property=\"og:url\" content=\"https:\/\/www.analoggwerz.com\/en\/product\/boite-vide-dorigine-canon-ef-50mm-f-1-8-stm\/\" \/>\n<meta property=\"og:site_name\" content=\"Analog Gwerz\" \/>\n<meta property=\"article:modified_time\" content=\"2026-04-12T12:26:17+00:00\" \/>\n<meta property=\"og:image\" content=\"https:\/\/www.analoggwerz.com\/wp-content\/uploads\/2026\/03\/img_6950-scaled.jpeg\" \/>\n\t<meta property=\"og:image:width\" content=\"2560\" \/>\n\t<meta property=\"og:image:height\" content=\"1920\" \/>\n\t<meta property=\"og:image:type\" content=\"image\/jpeg\" \/>\n<meta name=\"twitter:card\" content=\"summary_large_image\" \/>\n<meta name=\"twitter:label1\" content=\"Est. reading time\" \/>\n\t<meta name=\"twitter:data1\" content=\"1 minute\" \/>\n<script type=\"application\/ld+json\" class=\"yoast-schema-graph\">{\"@context\":\"https:\\\/\\\/schema.org\",\"@graph\":[{\"@type\":\"WebPage\",\"@id\":\"https:\\\/\\\/www.analoggwerz.com\\\/produit\\\/boite-vide-dorigine-canon-ef-50mm-f-1-8-stm\\\/\",\"url\":\"https:\\\/\\\/www.analoggwerz.com\\\/produit\\\/boite-vide-dorigine-canon-ef-50mm-f-1-8-stm\\\/\",\"name\":\"Bo\u00eete Vide d'Origine - Canon EF 50mm f\\\/1.8 STM est disponible sur la boutique !\",\"isPartOf\":{\"@id\":\"https:\\\/\\\/www.analoggwerz.com\\\/#website\"},\"primaryImageOfPage\":{\"@id\":\"https:\\\/\\\/www.analoggwerz.com\\\/produit\\\/boite-vide-dorigine-canon-ef-50mm-f-1-8-stm\\\/#primaryimage\"},\"image\":{\"@id\":\"https:\\\/\\\/www.analoggwerz.com\\\/produit\\\/boite-vide-dorigine-canon-ef-50mm-f-1-8-stm\\\/#primaryimage\"},\"thumbnailUrl\":\"https:\\\/\\\/www.analoggwerz.com\\\/wp-content\\\/uploads\\\/2026\\\/03\\\/img_6950-scaled.jpeg\",\"datePublished\":\"2026-03-08T12:38:43+00:00\",\"dateModified\":\"2026-04-12T12:26:17+00:00\",\"description\":\"Cliquez ici pour d\u00e9couvrir Bo\u00eete Vide d'Origine - Canon EF 50mm f\\\/1.8 STM sur la boutique.\",\"breadcrumb\":{\"@id\":\"https:\\\/\\\/www.analoggwerz.com\\\/produit\\\/boite-vide-dorigine-canon-ef-50mm-f-1-8-stm\\\/#breadcrumb\"},\"inLanguage\":\"en-US\",\"potentialAction\":[{\"@type\":\"ReadAction\",\"target\":[\"https:\\\/\\\/www.analoggwerz.com\\\/produit\\\/boite-vide-dorigine-canon-ef-50mm-f-1-8-stm\\\/\"]}]},{\"@type\":\"ImageObject\",\"inLanguage\":\"en-US\",\"@id\":\"https:\\\/\\\/www.analoggwerz.com\\\/produit\\\/boite-vide-dorigine-canon-ef-50mm-f-1-8-stm\\\/#primaryimage\",\"url\":\"https:\\\/\\\/www.analoggwerz.com\\\/wp-content\\\/uploads\\\/2026\\\/03\\\/img_6950-scaled.jpeg\",\"contentUrl\":\"https:\\\/\\\/www.analoggwerz.com\\\/wp-content\\\/uploads\\\/2026\\\/03\\\/img_6950-scaled.jpeg\",\"width\":2560,\"height\":1920},{\"@type\":\"BreadcrumbList\",\"@id\":\"https:\\\/\\\/www.analoggwerz.com\\\/produit\\\/boite-vide-dorigine-canon-ef-50mm-f-1-8-stm\\\/#breadcrumb\",\"itemListElement\":[{\"@type\":\"ListItem\",\"position\":1,\"name\":\"Accueil\",\"item\":\"https:\\\/\\\/www.analoggwerz.com\\\/\"},{\"@type\":\"ListItem\",\"position\":2,\"name\":\"Boutique\",\"item\":\"https:\\\/\\\/www.analoggwerz.com\\\/shop\\\/\"},{\"@type\":\"ListItem\",\"position\":3,\"name\":\"Bo\u00eete Vide d&rsquo;Origine &#8211; Canon EF 50mm f\\\/1.8 STM\"}]},{\"@type\":\"WebSite\",\"@id\":\"https:\\\/\\\/www.analoggwerz.com\\\/#website\",\"url\":\"https:\\\/\\\/www.analoggwerz.com\\\/\",\"name\":\"Analog Gwerz\",\"description\":\"Pas besoin de neuf pour capturer l&#039;instant !\",\"publisher\":{\"@id\":\"https:\\\/\\\/www.analoggwerz.com\\\/#organization\"},\"potentialAction\":[{\"@type\":\"SearchAction\",\"target\":{\"@type\":\"EntryPoint\",\"urlTemplate\":\"https:\\\/\\\/www.analoggwerz.com\\\/?s={search_term_string}\"},\"query-input\":{\"@type\":\"PropertyValueSpecification\",\"valueRequired\":true,\"valueName\":\"search_term_string\"}}],\"inLanguage\":\"en-US\"},{\"@type\":\"Organization\",\"@id\":\"https:\\\/\\\/www.analoggwerz.com\\\/#organization\",\"name\":\"Analog Gwerz\",\"url\":\"https:\\\/\\\/www.analoggwerz.com\\\/\",\"logo\":{\"@type\":\"ImageObject\",\"inLanguage\":\"en-US\",\"@id\":\"https:\\\/\\\/www.analoggwerz.com\\\/#\\\/schema\\\/logo\\\/image\\\/\",\"url\":\"https:\\\/\\\/www.analoggwerz.com\\\/wp-content\\\/uploads\\\/2025\\\/10\\\/000-LOGO-ANALOG-GWERZ-NOIR-1.png\",\"contentUrl\":\"https:\\\/\\\/www.analoggwerz.com\\\/wp-content\\\/uploads\\\/2025\\\/10\\\/000-LOGO-ANALOG-GWERZ-NOIR-1.png\",\"width\":800,\"height\":407,\"caption\":\"Analog Gwerz\"},\"image\":{\"@id\":\"https:\\\/\\\/www.analoggwerz.com\\\/#\\\/schema\\\/logo\\\/image\\\/\"},\"sameAs\":[\"https:\\\/\\\/www.instagram.com\\\/analog_gwerz\\\/\",\"https:\\\/\\\/www.tiktok.com\\\/@analog_gwerz\"]}]}<\/script>\n<!-- \/ Yoast SEO plugin. -->","yoast_head_json":{"title":"Bo\u00eete Vide d'Origine - Canon EF 50mm f\/1.8 STM est disponible sur la boutique !","description":"Cliquez ici pour d\u00e9couvrir Bo\u00eete Vide d'Origine - Canon EF 50mm f\/1.8 STM sur la boutique.","robots":{"index":"index","follow":"follow","max-snippet":"max-snippet:-1","max-image-preview":"max-image-preview:large","max-video-preview":"max-video-preview:-1"},"canonical":"https:\/\/www.analoggwerz.com\/en\/product\/boite-vide-dorigine-canon-ef-50mm-f-1-8-stm\/","og_locale":"en_US","og_type":"article","og_title":"Bo\u00eete Vide d'Origine - Canon EF 50mm f\/1.8 STM est disponible sur la boutique !","og_description":"Cliquez ici pour d\u00e9couvrir Bo\u00eete Vide d'Origine - Canon EF 50mm f\/1.8 STM sur la boutique.","og_url":"https:\/\/www.analoggwerz.com\/en\/product\/boite-vide-dorigine-canon-ef-50mm-f-1-8-stm\/","og_site_name":"Analog Gwerz","article_modified_time":"2026-04-12T12:26:17+00:00","og_image":[{"width":2560,"height":1920,"url":"https:\/\/www.analoggwerz.com\/wp-content\/uploads\/2026\/03\/img_6950-scaled.jpeg","type":"image\/jpeg"}],"twitter_card":"summary_large_image","twitter_misc":{"Est. reading time":"1 minute"},"schema":{"@context":"https:\/\/schema.org","@graph":[{"@type":"WebPage","@id":"https:\/\/www.analoggwerz.com\/produit\/boite-vide-dorigine-canon-ef-50mm-f-1-8-stm\/","url":"https:\/\/www.analoggwerz.com\/produit\/boite-vide-dorigine-canon-ef-50mm-f-1-8-stm\/","name":"Bo\u00eete Vide d'Origine - Canon EF 50mm f\/1.8 STM est disponible sur la boutique !","isPartOf":{"@id":"https:\/\/www.analoggwerz.com\/#website"},"primaryImageOfPage":{"@id":"https:\/\/www.analoggwerz.com\/produit\/boite-vide-dorigine-canon-ef-50mm-f-1-8-stm\/#primaryimage"},"image":{"@id":"https:\/\/www.analoggwerz.com\/produit\/boite-vide-dorigine-canon-ef-50mm-f-1-8-stm\/#primaryimage"},"thumbnailUrl":"https:\/\/www.analoggwerz.com\/wp-content\/uploads\/2026\/03\/img_6950-scaled.jpeg","datePublished":"2026-03-08T12:38:43+00:00","dateModified":"2026-04-12T12:26:17+00:00","description":"Cliquez ici pour d\u00e9couvrir Bo\u00eete Vide d'Origine - Canon EF 50mm f\/1.8 STM sur la boutique.","breadcrumb":{"@id":"https:\/\/www.analoggwerz.com\/produit\/boite-vide-dorigine-canon-ef-50mm-f-1-8-stm\/#breadcrumb"},"inLanguage":"en-US","potentialAction":[{"@type":"ReadAction","target":["https:\/\/www.analoggwerz.com\/produit\/boite-vide-dorigine-canon-ef-50mm-f-1-8-stm\/"]}]},{"@type":"ImageObject","inLanguage":"en-US","@id":"https:\/\/www.analoggwerz.com\/produit\/boite-vide-dorigine-canon-ef-50mm-f-1-8-stm\/#primaryimage","url":"https:\/\/www.analoggwerz.com\/wp-content\/uploads\/2026\/03\/img_6950-scaled.jpeg","contentUrl":"https:\/\/www.analoggwerz.com\/wp-content\/uploads\/2026\/03\/img_6950-scaled.jpeg","width":2560,"height":1920},{"@type":"BreadcrumbList","@id":"https:\/\/www.analoggwerz.com\/produit\/boite-vide-dorigine-canon-ef-50mm-f-1-8-stm\/#breadcrumb","itemListElement":[{"@type":"ListItem","position":1,"name":"Accueil","item":"https:\/\/www.analoggwerz.com\/"},{"@type":"ListItem","position":2,"name":"Boutique","item":"https:\/\/www.analoggwerz.com\/shop\/"},{"@type":"ListItem","position":3,"name":"Bo\u00eete Vide d&rsquo;Origine &#8211; Canon EF 50mm f\/1.8 STM"}]},{"@type":"WebSite","@id":"https:\/\/www.analoggwerz.com\/#website","url":"https:\/\/www.analoggwerz.com\/","name":"Analog Gwerz","description":"Pas besoin de neuf pour capturer l&#039;instant !","publisher":{"@id":"https:\/\/www.analoggwerz.com\/#organization"},"potentialAction":[{"@type":"SearchAction","target":{"@type":"EntryPoint","urlTemplate":"https:\/\/www.analoggwerz.com\/?s={search_term_string}"},"query-input":{"@type":"PropertyValueSpecification","valueRequired":true,"valueName":"search_term_string"}}],"inLanguage":"en-US"},{"@type":"Organization","@id":"https:\/\/www.analoggwerz.com\/#organization","name":"Analog Gwerz","url":"https:\/\/www.analoggwerz.com\/","logo":{"@type":"ImageObject","inLanguage":"en-US","@id":"https:\/\/www.analoggwerz.com\/#\/schema\/logo\/image\/","url":"https:\/\/www.analoggwerz.com\/wp-content\/uploads\/2025\/10\/000-LOGO-ANALOG-GWERZ-NOIR-1.png","contentUrl":"https:\/\/www.analoggwerz.com\/wp-content\/uploads\/2025\/10\/000-LOGO-ANALOG-GWERZ-NOIR-1.png","width":800,"height":407,"caption":"Analog Gwerz"},"image":{"@id":"https:\/\/www.analoggwerz.com\/#\/schema\/logo\/image\/"},"sameAs":["https:\/\/www.instagram.com\/analog_gwerz\/","https:\/\/www.tiktok.com\/@analog_gwerz"]}]}},"jetpack_sharing_enabled":true,"_links":{"self":[{"href":"https:\/\/www.analoggwerz.com\/en\/wp-json\/wp\/v2\/product\/10961","targetHints":{"allow":["GET"]}}],"collection":[{"href":"https:\/\/www.analoggwerz.com\/en\/wp-json\/wp\/v2\/product"}],"about":[{"href":"https:\/\/www.analoggwerz.com\/en\/wp-json\/wp\/v2\/types\/product"}],"wp:featuredmedia":[{"embeddable":true,"href":"https:\/\/www.analoggwerz.com\/en\/wp-json\/wp\/v2\/media\/10960"}],"wp:attachment":[{"href":"https:\/\/www.analoggwerz.com\/en\/wp-json\/wp\/v2\/media?parent=10961"}],"wp:term":[{"taxonomy":"product_brand","embeddable":true,"href":"https:\/\/www.analoggwerz.com\/en\/wp-json\/wp\/v2\/product_brand?post=10961"},{"taxonomy":"product_cat","embeddable":true,"href":"https:\/\/www.analoggwerz.com\/en\/wp-json\/wp\/v2\/product_cat?post=10961"},{"taxonomy":"product_tag","embeddable":true,"href":"https:\/\/www.analoggwerz.com\/en\/wp-json\/wp\/v2\/product_tag?post=10961"}],"curies":[{"name":"wp","href":"https:\/\/api.w.org\/{rel}","templated":true}]}}