{"id":10956,"date":"2026-03-08T12:31:01","date_gmt":"2026-03-08T12:31:01","guid":{"rendered":"https:\/\/www.analoggwerz.com\/produit\/pellicule-couleur-12-poses\/"},"modified":"2026-03-28T09:33:31","modified_gmt":"2026-03-28T09:33:31","slug":"pellicule-couleur-12-poses","status":"publish","type":"product","link":"https:\/\/www.analoggwerz.com\/en\/product\/pellicule-couleur-12-poses\/","title":{"rendered":"Pellicule Couleur &#8211; 12 Poses"},"content":{"rendered":"<p><strong>Pellicule Couleur &#8211; 12 Poses (Format Court &#8211; Id\u00e9al pour Test)<\/strong><\/p>\n<p><strong>Vous avez r\u00e9cup\u00e9r\u00e9 un vieil appareil et vous ne savez pas s&rsquo;il fonctionne ? Cette pellicule de 12 poses est la solution parfaite !<\/strong><\/p>\n<p><strong>Description :<\/strong><\/p>\n<p><strong>Pellicule n\u00e9gatif couleur au format court de 12 poses.<\/strong><\/p>\n<p><strong>Ce format \u00ab\u00a0Week-end\u00a0\u00bb est devenu tr\u00e8s difficile \u00e0 trouver aujourd&rsquo;hui (les standards actuels sont de 24 ou 36 poses). C&rsquo;est l&rsquo;outil id\u00e9al pour tester un appareil photo (v\u00e9rifier l&rsquo;avancement, l&rsquo;\u00e9tanch\u00e9it\u00e9 \u00e0 la lumi\u00e8re et l&rsquo;obturateur) sans avoir \u00e0 shooter et d\u00e9velopper 36 photos pour rien.<\/strong><\/p>\n<p>\u26a0\ufe0f<strong> \u00c9tat : Pellicule p\u00e9rim\u00e9e (vendue pour exp\u00e9rimentation ou test m\u00e9canique).<\/strong><\/p>\n<p><strong>Caract\u00e9ristiques :<\/strong><\/p>\n<p><strong>\u2022 Type : N\u00e9gatif Couleur (D\u00e9veloppement C-41 classique).<\/strong><\/p>\n<p><strong>\u2022 Format : 35mm (24&#215;36).<\/strong><\/p>\n<p><strong>\u2022 Nombre de poses : 12 photos (Rapide \u00e0 terminer !).<\/strong><\/p>\n<p><strong>\u2022 Usage : Parfait pour un \u00ab\u00a0Test Roll\u00a0\u00bb (pellicule de test) ou un projet tr\u00e8s court.<\/strong><\/p>\n<p><strong>\u00c9tat de l&rsquo;objet :<\/strong><\/p>\n<p><strong>\u2022 Esth\u00e9tique : Cartouche non expos\u00e9e (amorce sortie).<\/strong><\/p>\n<p><strong>\u2022 Conservation : Stock\u00e9e \u00e0 temp\u00e9rature ambiante.<\/strong><\/p>\n<p>\ud83d\udce6<strong> Envoi rapide<\/strong><\/p>","protected":false},"excerpt":{"rendered":"<p>Pellicule Couleur &#8211; 12 Poses (Format Court &#8211; Id\u00e9al pour Test) Vous avez r\u00e9cup\u00e9r\u00e9 un vieil appareil et vous ne savez pas s&rsquo;il fonctionne ? Cette pellicule de 12 poses est la solution parfaite ! Description : Pellicule n\u00e9gatif couleur au format court de 12 poses. Ce format \u00ab\u00a0Week-end\u00a0\u00bb est devenu tr\u00e8s difficile \u00e0 trouver [&hellip;]<\/p>\n","protected":false},"featured_media":10953,"template":"","meta":[],"product_brand":[],"product_cat":[135,55,160,133],"product_tag":[],"class_list":{"0":"post-10956","1":"product","2":"type-product","3":"status-publish","4":"has-post-thumbnail","6":"product_cat-35-mm-couleurs","7":"product_cat-accessoires","8":"product_cat-consommables","9":"product_cat-pellicules-argentiques","11":"first","12":"outofstock","13":"purchasable","14":"product-type-simple"},"yoast_head":"<!-- This site is optimized with the Yoast SEO plugin v27.5 - https:\/\/yoast.com\/product\/yoast-seo-wordpress\/ -->\n<title>Pellicule Couleur - 12 Poses est disponible sur la boutique !<\/title>\n<meta name=\"description\" content=\"Cliquez ici pour d\u00e9couvrir Pellicule Couleur - 12 Poses sur la boutique.\" \/>\n<meta name=\"robots\" content=\"index, follow, max-snippet:-1, max-image-preview:large, max-video-preview:-1\" \/>\n<link rel=\"canonical\" href=\"https:\/\/www.analoggwerz.com\/en\/product\/pellicule-couleur-12-poses\/\" \/>\n<meta property=\"og:locale\" content=\"en_US\" \/>\n<meta property=\"og:type\" content=\"article\" \/>\n<meta property=\"og:title\" content=\"Pellicule Couleur - 12 Poses est disponible sur la boutique !\" \/>\n<meta property=\"og:description\" content=\"Cliquez ici pour d\u00e9couvrir Pellicule Couleur - 12 Poses sur la boutique.\" \/>\n<meta property=\"og:url\" content=\"https:\/\/www.analoggwerz.com\/en\/product\/pellicule-couleur-12-poses\/\" \/>\n<meta property=\"og:site_name\" content=\"Analog Gwerz\" \/>\n<meta property=\"article:modified_time\" content=\"2026-03-28T09:33:31+00:00\" \/>\n<meta property=\"og:image\" content=\"https:\/\/www.analoggwerz.com\/wp-content\/uploads\/2026\/03\/img_6947-scaled.jpeg\" \/>\n\t<meta property=\"og:image:width\" content=\"2560\" \/>\n\t<meta property=\"og:image:height\" content=\"1920\" \/>\n\t<meta property=\"og:image:type\" content=\"image\/jpeg\" \/>\n<meta name=\"twitter:card\" content=\"summary_large_image\" \/>\n<meta name=\"twitter:label1\" content=\"Est. reading time\" \/>\n\t<meta name=\"twitter:data1\" content=\"1 minute\" \/>\n<script type=\"application\/ld+json\" class=\"yoast-schema-graph\">{\"@context\":\"https:\\\/\\\/schema.org\",\"@graph\":[{\"@type\":\"WebPage\",\"@id\":\"https:\\\/\\\/www.analoggwerz.com\\\/produit\\\/pellicule-couleur-12-poses\\\/\",\"url\":\"https:\\\/\\\/www.analoggwerz.com\\\/produit\\\/pellicule-couleur-12-poses\\\/\",\"name\":\"Pellicule Couleur - 12 Poses est disponible sur la boutique !\",\"isPartOf\":{\"@id\":\"https:\\\/\\\/www.analoggwerz.com\\\/#website\"},\"primaryImageOfPage\":{\"@id\":\"https:\\\/\\\/www.analoggwerz.com\\\/produit\\\/pellicule-couleur-12-poses\\\/#primaryimage\"},\"image\":{\"@id\":\"https:\\\/\\\/www.analoggwerz.com\\\/produit\\\/pellicule-couleur-12-poses\\\/#primaryimage\"},\"thumbnailUrl\":\"https:\\\/\\\/www.analoggwerz.com\\\/wp-content\\\/uploads\\\/2026\\\/03\\\/img_6947-scaled.jpeg\",\"datePublished\":\"2026-03-08T12:31:01+00:00\",\"dateModified\":\"2026-03-28T09:33:31+00:00\",\"description\":\"Cliquez ici pour d\u00e9couvrir Pellicule Couleur - 12 Poses sur la boutique.\",\"breadcrumb\":{\"@id\":\"https:\\\/\\\/www.analoggwerz.com\\\/produit\\\/pellicule-couleur-12-poses\\\/#breadcrumb\"},\"inLanguage\":\"en-US\",\"potentialAction\":[{\"@type\":\"ReadAction\",\"target\":[\"https:\\\/\\\/www.analoggwerz.com\\\/produit\\\/pellicule-couleur-12-poses\\\/\"]}]},{\"@type\":\"ImageObject\",\"inLanguage\":\"en-US\",\"@id\":\"https:\\\/\\\/www.analoggwerz.com\\\/produit\\\/pellicule-couleur-12-poses\\\/#primaryimage\",\"url\":\"https:\\\/\\\/www.analoggwerz.com\\\/wp-content\\\/uploads\\\/2026\\\/03\\\/img_6947-scaled.jpeg\",\"contentUrl\":\"https:\\\/\\\/www.analoggwerz.com\\\/wp-content\\\/uploads\\\/2026\\\/03\\\/img_6947-scaled.jpeg\",\"width\":2560,\"height\":1920},{\"@type\":\"BreadcrumbList\",\"@id\":\"https:\\\/\\\/www.analoggwerz.com\\\/produit\\\/pellicule-couleur-12-poses\\\/#breadcrumb\",\"itemListElement\":[{\"@type\":\"ListItem\",\"position\":1,\"name\":\"Accueil\",\"item\":\"https:\\\/\\\/www.analoggwerz.com\\\/\"},{\"@type\":\"ListItem\",\"position\":2,\"name\":\"Boutique\",\"item\":\"https:\\\/\\\/www.analoggwerz.com\\\/shop\\\/\"},{\"@type\":\"ListItem\",\"position\":3,\"name\":\"Pellicule Couleur &#8211; 12 Poses\"}]},{\"@type\":\"WebSite\",\"@id\":\"https:\\\/\\\/www.analoggwerz.com\\\/#website\",\"url\":\"https:\\\/\\\/www.analoggwerz.com\\\/\",\"name\":\"Analog Gwerz\",\"description\":\"Pas besoin de neuf pour capturer l&#039;instant !\",\"publisher\":{\"@id\":\"https:\\\/\\\/www.analoggwerz.com\\\/#organization\"},\"potentialAction\":[{\"@type\":\"SearchAction\",\"target\":{\"@type\":\"EntryPoint\",\"urlTemplate\":\"https:\\\/\\\/www.analoggwerz.com\\\/?s={search_term_string}\"},\"query-input\":{\"@type\":\"PropertyValueSpecification\",\"valueRequired\":true,\"valueName\":\"search_term_string\"}}],\"inLanguage\":\"en-US\"},{\"@type\":\"Organization\",\"@id\":\"https:\\\/\\\/www.analoggwerz.com\\\/#organization\",\"name\":\"Analog Gwerz\",\"url\":\"https:\\\/\\\/www.analoggwerz.com\\\/\",\"logo\":{\"@type\":\"ImageObject\",\"inLanguage\":\"en-US\",\"@id\":\"https:\\\/\\\/www.analoggwerz.com\\\/#\\\/schema\\\/logo\\\/image\\\/\",\"url\":\"https:\\\/\\\/www.analoggwerz.com\\\/wp-content\\\/uploads\\\/2025\\\/10\\\/000-LOGO-ANALOG-GWERZ-NOIR-1.png\",\"contentUrl\":\"https:\\\/\\\/www.analoggwerz.com\\\/wp-content\\\/uploads\\\/2025\\\/10\\\/000-LOGO-ANALOG-GWERZ-NOIR-1.png\",\"width\":800,\"height\":407,\"caption\":\"Analog Gwerz\"},\"image\":{\"@id\":\"https:\\\/\\\/www.analoggwerz.com\\\/#\\\/schema\\\/logo\\\/image\\\/\"},\"sameAs\":[\"https:\\\/\\\/www.instagram.com\\\/analog_gwerz\\\/\",\"https:\\\/\\\/www.tiktok.com\\\/@analog_gwerz\"]}]}<\/script>\n<!-- \/ Yoast SEO plugin. -->","yoast_head_json":{"title":"Pellicule Couleur - 12 Poses est disponible sur la boutique !","description":"Cliquez ici pour d\u00e9couvrir Pellicule Couleur - 12 Poses sur la boutique.","robots":{"index":"index","follow":"follow","max-snippet":"max-snippet:-1","max-image-preview":"max-image-preview:large","max-video-preview":"max-video-preview:-1"},"canonical":"https:\/\/www.analoggwerz.com\/en\/product\/pellicule-couleur-12-poses\/","og_locale":"en_US","og_type":"article","og_title":"Pellicule Couleur - 12 Poses est disponible sur la boutique !","og_description":"Cliquez ici pour d\u00e9couvrir Pellicule Couleur - 12 Poses sur la boutique.","og_url":"https:\/\/www.analoggwerz.com\/en\/product\/pellicule-couleur-12-poses\/","og_site_name":"Analog Gwerz","article_modified_time":"2026-03-28T09:33:31+00:00","og_image":[{"width":2560,"height":1920,"url":"https:\/\/www.analoggwerz.com\/wp-content\/uploads\/2026\/03\/img_6947-scaled.jpeg","type":"image\/jpeg"}],"twitter_card":"summary_large_image","twitter_misc":{"Est. reading time":"1 minute"},"schema":{"@context":"https:\/\/schema.org","@graph":[{"@type":"WebPage","@id":"https:\/\/www.analoggwerz.com\/produit\/pellicule-couleur-12-poses\/","url":"https:\/\/www.analoggwerz.com\/produit\/pellicule-couleur-12-poses\/","name":"Pellicule Couleur - 12 Poses est disponible sur la boutique !","isPartOf":{"@id":"https:\/\/www.analoggwerz.com\/#website"},"primaryImageOfPage":{"@id":"https:\/\/www.analoggwerz.com\/produit\/pellicule-couleur-12-poses\/#primaryimage"},"image":{"@id":"https:\/\/www.analoggwerz.com\/produit\/pellicule-couleur-12-poses\/#primaryimage"},"thumbnailUrl":"https:\/\/www.analoggwerz.com\/wp-content\/uploads\/2026\/03\/img_6947-scaled.jpeg","datePublished":"2026-03-08T12:31:01+00:00","dateModified":"2026-03-28T09:33:31+00:00","description":"Cliquez ici pour d\u00e9couvrir Pellicule Couleur - 12 Poses sur la boutique.","breadcrumb":{"@id":"https:\/\/www.analoggwerz.com\/produit\/pellicule-couleur-12-poses\/#breadcrumb"},"inLanguage":"en-US","potentialAction":[{"@type":"ReadAction","target":["https:\/\/www.analoggwerz.com\/produit\/pellicule-couleur-12-poses\/"]}]},{"@type":"ImageObject","inLanguage":"en-US","@id":"https:\/\/www.analoggwerz.com\/produit\/pellicule-couleur-12-poses\/#primaryimage","url":"https:\/\/www.analoggwerz.com\/wp-content\/uploads\/2026\/03\/img_6947-scaled.jpeg","contentUrl":"https:\/\/www.analoggwerz.com\/wp-content\/uploads\/2026\/03\/img_6947-scaled.jpeg","width":2560,"height":1920},{"@type":"BreadcrumbList","@id":"https:\/\/www.analoggwerz.com\/produit\/pellicule-couleur-12-poses\/#breadcrumb","itemListElement":[{"@type":"ListItem","position":1,"name":"Accueil","item":"https:\/\/www.analoggwerz.com\/"},{"@type":"ListItem","position":2,"name":"Boutique","item":"https:\/\/www.analoggwerz.com\/shop\/"},{"@type":"ListItem","position":3,"name":"Pellicule Couleur &#8211; 12 Poses"}]},{"@type":"WebSite","@id":"https:\/\/www.analoggwerz.com\/#website","url":"https:\/\/www.analoggwerz.com\/","name":"Analog Gwerz","description":"Pas besoin de neuf pour capturer l&#039;instant !","publisher":{"@id":"https:\/\/www.analoggwerz.com\/#organization"},"potentialAction":[{"@type":"SearchAction","target":{"@type":"EntryPoint","urlTemplate":"https:\/\/www.analoggwerz.com\/?s={search_term_string}"},"query-input":{"@type":"PropertyValueSpecification","valueRequired":true,"valueName":"search_term_string"}}],"inLanguage":"en-US"},{"@type":"Organization","@id":"https:\/\/www.analoggwerz.com\/#organization","name":"Analog Gwerz","url":"https:\/\/www.analoggwerz.com\/","logo":{"@type":"ImageObject","inLanguage":"en-US","@id":"https:\/\/www.analoggwerz.com\/#\/schema\/logo\/image\/","url":"https:\/\/www.analoggwerz.com\/wp-content\/uploads\/2025\/10\/000-LOGO-ANALOG-GWERZ-NOIR-1.png","contentUrl":"https:\/\/www.analoggwerz.com\/wp-content\/uploads\/2025\/10\/000-LOGO-ANALOG-GWERZ-NOIR-1.png","width":800,"height":407,"caption":"Analog Gwerz"},"image":{"@id":"https:\/\/www.analoggwerz.com\/#\/schema\/logo\/image\/"},"sameAs":["https:\/\/www.instagram.com\/analog_gwerz\/","https:\/\/www.tiktok.com\/@analog_gwerz"]}]}},"jetpack_sharing_enabled":true,"_links":{"self":[{"href":"https:\/\/www.analoggwerz.com\/en\/wp-json\/wp\/v2\/product\/10956","targetHints":{"allow":["GET"]}}],"collection":[{"href":"https:\/\/www.analoggwerz.com\/en\/wp-json\/wp\/v2\/product"}],"about":[{"href":"https:\/\/www.analoggwerz.com\/en\/wp-json\/wp\/v2\/types\/product"}],"wp:featuredmedia":[{"embeddable":true,"href":"https:\/\/www.analoggwerz.com\/en\/wp-json\/wp\/v2\/media\/10953"}],"wp:attachment":[{"href":"https:\/\/www.analoggwerz.com\/en\/wp-json\/wp\/v2\/media?parent=10956"}],"wp:term":[{"taxonomy":"product_brand","embeddable":true,"href":"https:\/\/www.analoggwerz.com\/en\/wp-json\/wp\/v2\/product_brand?post=10956"},{"taxonomy":"product_cat","embeddable":true,"href":"https:\/\/www.analoggwerz.com\/en\/wp-json\/wp\/v2\/product_cat?post=10956"},{"taxonomy":"product_tag","embeddable":true,"href":"https:\/\/www.analoggwerz.com\/en\/wp-json\/wp\/v2\/product_tag?post=10956"}],"curies":[{"name":"wp","href":"https:\/\/api.w.org\/{rel}","templated":true}]}}