{"id":10887,"date":"2026-03-06T10:23:18","date_gmt":"2026-03-06T10:23:18","guid":{"rendered":"https:\/\/www.analoggwerz.com\/produit\/sacoche-compacte-monray-kaki\/"},"modified":"2026-03-21T13:39:58","modified_gmt":"2026-03-21T13:39:58","slug":"sacoche-compacte-monray-kaki","status":"publish","type":"product","link":"https:\/\/www.analoggwerz.com\/en\/product\/sacoche-compacte-monray-kaki\/","title":{"rendered":"Sacoche Compacte Monray \u2013 kaki"},"content":{"rendered":"<p>\ud83c\udf92<strong> Sacoche Compacte Monray \u2013 Style R\u00e9tro (Pour Compact Argentique ou Num\u00e9rique) &#8211; kaki <\/strong><\/p>\n<p><strong>Description de l&rsquo;article<\/strong><\/p>\n<p><strong>Cette petite housse Monray est id\u00e9ale pour prot\u00e9ger un appareil photo compact sans s&rsquo;encombrer. Son format vertical est parfait pour glisser un petit \u00ab\u00a0Point &amp; Shoot\u00a0\u00bb argentique (type Olympus Mju, Canon Prima, Nikon L35) ou m\u00eame un compact num\u00e9rique vintage.<\/strong><\/p>\n<p><strong>Son design bicolore gris\/beige avec des finitions marron lui donne un petit look baroudeur sympa. Elle est rembourr\u00e9e pour absorber les chocs du quotidien.<\/strong><\/p>\n<p><strong>Caract\u00e9ristiques Techniques :<\/strong><\/p>\n<p><strong>\u2022 Marque : Monray.<\/strong><\/p>\n<p><strong>\u2022 Format : \u00c9tui compact vertical (type \u00ab\u00a0pouch\u00a0\u00bb).<\/strong><\/p>\n<p><strong>\u2022 Fermeture : Rabat s\u00e9curis\u00e9 par velcro + fermeture \u00e9clair sur le c\u00f4t\u00e9 pour une ouverture facile.<\/strong><\/p>\n<p><strong>\u2022 Transport : Sangle d&rsquo;\u00e9paule r\u00e9glable et amovible (mousquetons en plastique noir solide) + passant ceinture \u00e0 l&rsquo;arri\u00e8re pour l&rsquo;avoir \u00e0 la taille.<\/strong><\/p>\n<p><strong>\u2022 Int\u00e9rieur : Doublure noire douce pour ne pas rayer l&rsquo;appareil.<\/strong><\/p>\n<p><strong>\u00c9tat de l&rsquo;objet :<\/strong><\/p>\n<p><strong>\u2022 Esth\u00e9tique : Tr\u00e8s bon \u00e9tat. Le tissu est propre, pas de taches. Le logo m\u00e9tallique \u00ab\u00a0Monray\u00a0\u00bb est un peu patin\u00e9, ce qui ajoute au charme.<\/strong><\/p>\n<p><strong>\u2022 M\u00e9canique : Le zip fonctionne bien et le velcro accroche parfaitement.<\/strong><\/p>\n<p>\ud83d\udce6<strong> Envoi rapide<\/strong><\/p>","protected":false},"excerpt":{"rendered":"<p>\ud83c\udf92 Sacoche Compacte Monray \u2013 Style R\u00e9tro (Pour Compact Argentique ou Num\u00e9rique) &#8211; kaki Description de l&rsquo;article Cette petite housse Monray est id\u00e9ale pour prot\u00e9ger un appareil photo compact sans s&rsquo;encombrer. Son format vertical est parfait pour glisser un petit \u00ab\u00a0Point &amp; Shoot\u00a0\u00bb argentique (type Olympus Mju, Canon Prima, Nikon L35) ou m\u00eame un compact [&hellip;]<\/p>\n","protected":false},"featured_media":10886,"template":"","meta":[],"product_brand":[],"product_cat":[55,143,144],"product_tag":[],"class_list":{"0":"post-10887","1":"product","2":"type-product","3":"status-publish","4":"has-post-thumbnail","6":"product_cat-accessoires","7":"product_cat-etuis-et-sacoches","8":"product_cat-etuis-pour-compact-argentique","10":"first","11":"outofstock","12":"purchasable","13":"product-type-simple"},"yoast_head":"<!-- This site is optimized with the Yoast SEO plugin v27.5 - https:\/\/yoast.com\/product\/yoast-seo-wordpress\/ -->\n<title>Sacoche Compacte Monray \u2013 kaki est disponible sur la boutique !<\/title>\n<meta name=\"description\" content=\"Cliquez ici pour d\u00e9couvrir Sacoche Compacte Monray \u2013 kaki sur la boutique.\" \/>\n<meta name=\"robots\" content=\"index, follow, max-snippet:-1, max-image-preview:large, max-video-preview:-1\" \/>\n<link rel=\"canonical\" href=\"https:\/\/www.analoggwerz.com\/en\/product\/sacoche-compacte-monray-kaki\/\" \/>\n<meta property=\"og:locale\" content=\"en_US\" \/>\n<meta property=\"og:type\" content=\"article\" \/>\n<meta property=\"og:title\" content=\"Sacoche Compacte Monray \u2013 kaki est disponible sur la boutique !\" \/>\n<meta property=\"og:description\" content=\"Cliquez ici pour d\u00e9couvrir Sacoche Compacte Monray \u2013 kaki sur la boutique.\" \/>\n<meta property=\"og:url\" content=\"https:\/\/www.analoggwerz.com\/en\/product\/sacoche-compacte-monray-kaki\/\" \/>\n<meta property=\"og:site_name\" content=\"Analog Gwerz\" \/>\n<meta property=\"article:modified_time\" content=\"2026-03-21T13:39:58+00:00\" \/>\n<meta property=\"og:image\" content=\"https:\/\/www.analoggwerz.com\/wp-content\/uploads\/2026\/03\/img_6895-scaled.jpeg\" \/>\n\t<meta property=\"og:image:width\" content=\"2560\" \/>\n\t<meta property=\"og:image:height\" content=\"1920\" \/>\n\t<meta property=\"og:image:type\" content=\"image\/jpeg\" \/>\n<meta name=\"twitter:card\" content=\"summary_large_image\" \/>\n<meta name=\"twitter:label1\" content=\"Est. reading time\" \/>\n\t<meta name=\"twitter:data1\" content=\"1 minute\" \/>\n<script type=\"application\/ld+json\" class=\"yoast-schema-graph\">{\"@context\":\"https:\\\/\\\/schema.org\",\"@graph\":[{\"@type\":\"WebPage\",\"@id\":\"https:\\\/\\\/www.analoggwerz.com\\\/produit\\\/sacoche-compacte-monray-kaki\\\/\",\"url\":\"https:\\\/\\\/www.analoggwerz.com\\\/produit\\\/sacoche-compacte-monray-kaki\\\/\",\"name\":\"Sacoche Compacte Monray \u2013 kaki est disponible sur la boutique !\",\"isPartOf\":{\"@id\":\"https:\\\/\\\/www.analoggwerz.com\\\/#website\"},\"primaryImageOfPage\":{\"@id\":\"https:\\\/\\\/www.analoggwerz.com\\\/produit\\\/sacoche-compacte-monray-kaki\\\/#primaryimage\"},\"image\":{\"@id\":\"https:\\\/\\\/www.analoggwerz.com\\\/produit\\\/sacoche-compacte-monray-kaki\\\/#primaryimage\"},\"thumbnailUrl\":\"https:\\\/\\\/www.analoggwerz.com\\\/wp-content\\\/uploads\\\/2026\\\/03\\\/img_6895-scaled.jpeg\",\"datePublished\":\"2026-03-06T10:23:18+00:00\",\"dateModified\":\"2026-03-21T13:39:58+00:00\",\"description\":\"Cliquez ici pour d\u00e9couvrir Sacoche Compacte Monray \u2013 kaki sur la boutique.\",\"breadcrumb\":{\"@id\":\"https:\\\/\\\/www.analoggwerz.com\\\/produit\\\/sacoche-compacte-monray-kaki\\\/#breadcrumb\"},\"inLanguage\":\"en-US\",\"potentialAction\":[{\"@type\":\"ReadAction\",\"target\":[\"https:\\\/\\\/www.analoggwerz.com\\\/produit\\\/sacoche-compacte-monray-kaki\\\/\"]}]},{\"@type\":\"ImageObject\",\"inLanguage\":\"en-US\",\"@id\":\"https:\\\/\\\/www.analoggwerz.com\\\/produit\\\/sacoche-compacte-monray-kaki\\\/#primaryimage\",\"url\":\"https:\\\/\\\/www.analoggwerz.com\\\/wp-content\\\/uploads\\\/2026\\\/03\\\/img_6895-scaled.jpeg\",\"contentUrl\":\"https:\\\/\\\/www.analoggwerz.com\\\/wp-content\\\/uploads\\\/2026\\\/03\\\/img_6895-scaled.jpeg\",\"width\":2560,\"height\":1920},{\"@type\":\"BreadcrumbList\",\"@id\":\"https:\\\/\\\/www.analoggwerz.com\\\/produit\\\/sacoche-compacte-monray-kaki\\\/#breadcrumb\",\"itemListElement\":[{\"@type\":\"ListItem\",\"position\":1,\"name\":\"Accueil\",\"item\":\"https:\\\/\\\/www.analoggwerz.com\\\/\"},{\"@type\":\"ListItem\",\"position\":2,\"name\":\"Boutique\",\"item\":\"https:\\\/\\\/www.analoggwerz.com\\\/shop\\\/\"},{\"@type\":\"ListItem\",\"position\":3,\"name\":\"Sacoche Compacte Monray \u2013 kaki\"}]},{\"@type\":\"WebSite\",\"@id\":\"https:\\\/\\\/www.analoggwerz.com\\\/#website\",\"url\":\"https:\\\/\\\/www.analoggwerz.com\\\/\",\"name\":\"Analog Gwerz\",\"description\":\"Pas besoin de neuf pour capturer l&#039;instant !\",\"publisher\":{\"@id\":\"https:\\\/\\\/www.analoggwerz.com\\\/#organization\"},\"potentialAction\":[{\"@type\":\"SearchAction\",\"target\":{\"@type\":\"EntryPoint\",\"urlTemplate\":\"https:\\\/\\\/www.analoggwerz.com\\\/?s={search_term_string}\"},\"query-input\":{\"@type\":\"PropertyValueSpecification\",\"valueRequired\":true,\"valueName\":\"search_term_string\"}}],\"inLanguage\":\"en-US\"},{\"@type\":\"Organization\",\"@id\":\"https:\\\/\\\/www.analoggwerz.com\\\/#organization\",\"name\":\"Analog Gwerz\",\"url\":\"https:\\\/\\\/www.analoggwerz.com\\\/\",\"logo\":{\"@type\":\"ImageObject\",\"inLanguage\":\"en-US\",\"@id\":\"https:\\\/\\\/www.analoggwerz.com\\\/#\\\/schema\\\/logo\\\/image\\\/\",\"url\":\"https:\\\/\\\/www.analoggwerz.com\\\/wp-content\\\/uploads\\\/2025\\\/10\\\/000-LOGO-ANALOG-GWERZ-NOIR-1.png\",\"contentUrl\":\"https:\\\/\\\/www.analoggwerz.com\\\/wp-content\\\/uploads\\\/2025\\\/10\\\/000-LOGO-ANALOG-GWERZ-NOIR-1.png\",\"width\":800,\"height\":407,\"caption\":\"Analog Gwerz\"},\"image\":{\"@id\":\"https:\\\/\\\/www.analoggwerz.com\\\/#\\\/schema\\\/logo\\\/image\\\/\"},\"sameAs\":[\"https:\\\/\\\/www.instagram.com\\\/analog_gwerz\\\/\",\"https:\\\/\\\/www.tiktok.com\\\/@analog_gwerz\"]}]}<\/script>\n<!-- \/ Yoast SEO plugin. -->","yoast_head_json":{"title":"Sacoche Compacte Monray \u2013 kaki est disponible sur la boutique !","description":"Cliquez ici pour d\u00e9couvrir Sacoche Compacte Monray \u2013 kaki sur la boutique.","robots":{"index":"index","follow":"follow","max-snippet":"max-snippet:-1","max-image-preview":"max-image-preview:large","max-video-preview":"max-video-preview:-1"},"canonical":"https:\/\/www.analoggwerz.com\/en\/product\/sacoche-compacte-monray-kaki\/","og_locale":"en_US","og_type":"article","og_title":"Sacoche Compacte Monray \u2013 kaki est disponible sur la boutique !","og_description":"Cliquez ici pour d\u00e9couvrir Sacoche Compacte Monray \u2013 kaki sur la boutique.","og_url":"https:\/\/www.analoggwerz.com\/en\/product\/sacoche-compacte-monray-kaki\/","og_site_name":"Analog Gwerz","article_modified_time":"2026-03-21T13:39:58+00:00","og_image":[{"width":2560,"height":1920,"url":"https:\/\/www.analoggwerz.com\/wp-content\/uploads\/2026\/03\/img_6895-scaled.jpeg","type":"image\/jpeg"}],"twitter_card":"summary_large_image","twitter_misc":{"Est. reading time":"1 minute"},"schema":{"@context":"https:\/\/schema.org","@graph":[{"@type":"WebPage","@id":"https:\/\/www.analoggwerz.com\/produit\/sacoche-compacte-monray-kaki\/","url":"https:\/\/www.analoggwerz.com\/produit\/sacoche-compacte-monray-kaki\/","name":"Sacoche Compacte Monray \u2013 kaki est disponible sur la boutique !","isPartOf":{"@id":"https:\/\/www.analoggwerz.com\/#website"},"primaryImageOfPage":{"@id":"https:\/\/www.analoggwerz.com\/produit\/sacoche-compacte-monray-kaki\/#primaryimage"},"image":{"@id":"https:\/\/www.analoggwerz.com\/produit\/sacoche-compacte-monray-kaki\/#primaryimage"},"thumbnailUrl":"https:\/\/www.analoggwerz.com\/wp-content\/uploads\/2026\/03\/img_6895-scaled.jpeg","datePublished":"2026-03-06T10:23:18+00:00","dateModified":"2026-03-21T13:39:58+00:00","description":"Cliquez ici pour d\u00e9couvrir Sacoche Compacte Monray \u2013 kaki sur la boutique.","breadcrumb":{"@id":"https:\/\/www.analoggwerz.com\/produit\/sacoche-compacte-monray-kaki\/#breadcrumb"},"inLanguage":"en-US","potentialAction":[{"@type":"ReadAction","target":["https:\/\/www.analoggwerz.com\/produit\/sacoche-compacte-monray-kaki\/"]}]},{"@type":"ImageObject","inLanguage":"en-US","@id":"https:\/\/www.analoggwerz.com\/produit\/sacoche-compacte-monray-kaki\/#primaryimage","url":"https:\/\/www.analoggwerz.com\/wp-content\/uploads\/2026\/03\/img_6895-scaled.jpeg","contentUrl":"https:\/\/www.analoggwerz.com\/wp-content\/uploads\/2026\/03\/img_6895-scaled.jpeg","width":2560,"height":1920},{"@type":"BreadcrumbList","@id":"https:\/\/www.analoggwerz.com\/produit\/sacoche-compacte-monray-kaki\/#breadcrumb","itemListElement":[{"@type":"ListItem","position":1,"name":"Accueil","item":"https:\/\/www.analoggwerz.com\/"},{"@type":"ListItem","position":2,"name":"Boutique","item":"https:\/\/www.analoggwerz.com\/shop\/"},{"@type":"ListItem","position":3,"name":"Sacoche Compacte Monray \u2013 kaki"}]},{"@type":"WebSite","@id":"https:\/\/www.analoggwerz.com\/#website","url":"https:\/\/www.analoggwerz.com\/","name":"Analog Gwerz","description":"Pas besoin de neuf pour capturer l&#039;instant !","publisher":{"@id":"https:\/\/www.analoggwerz.com\/#organization"},"potentialAction":[{"@type":"SearchAction","target":{"@type":"EntryPoint","urlTemplate":"https:\/\/www.analoggwerz.com\/?s={search_term_string}"},"query-input":{"@type":"PropertyValueSpecification","valueRequired":true,"valueName":"search_term_string"}}],"inLanguage":"en-US"},{"@type":"Organization","@id":"https:\/\/www.analoggwerz.com\/#organization","name":"Analog Gwerz","url":"https:\/\/www.analoggwerz.com\/","logo":{"@type":"ImageObject","inLanguage":"en-US","@id":"https:\/\/www.analoggwerz.com\/#\/schema\/logo\/image\/","url":"https:\/\/www.analoggwerz.com\/wp-content\/uploads\/2025\/10\/000-LOGO-ANALOG-GWERZ-NOIR-1.png","contentUrl":"https:\/\/www.analoggwerz.com\/wp-content\/uploads\/2025\/10\/000-LOGO-ANALOG-GWERZ-NOIR-1.png","width":800,"height":407,"caption":"Analog Gwerz"},"image":{"@id":"https:\/\/www.analoggwerz.com\/#\/schema\/logo\/image\/"},"sameAs":["https:\/\/www.instagram.com\/analog_gwerz\/","https:\/\/www.tiktok.com\/@analog_gwerz"]}]}},"jetpack_sharing_enabled":true,"_links":{"self":[{"href":"https:\/\/www.analoggwerz.com\/en\/wp-json\/wp\/v2\/product\/10887","targetHints":{"allow":["GET"]}}],"collection":[{"href":"https:\/\/www.analoggwerz.com\/en\/wp-json\/wp\/v2\/product"}],"about":[{"href":"https:\/\/www.analoggwerz.com\/en\/wp-json\/wp\/v2\/types\/product"}],"wp:featuredmedia":[{"embeddable":true,"href":"https:\/\/www.analoggwerz.com\/en\/wp-json\/wp\/v2\/media\/10886"}],"wp:attachment":[{"href":"https:\/\/www.analoggwerz.com\/en\/wp-json\/wp\/v2\/media?parent=10887"}],"wp:term":[{"taxonomy":"product_brand","embeddable":true,"href":"https:\/\/www.analoggwerz.com\/en\/wp-json\/wp\/v2\/product_brand?post=10887"},{"taxonomy":"product_cat","embeddable":true,"href":"https:\/\/www.analoggwerz.com\/en\/wp-json\/wp\/v2\/product_cat?post=10887"},{"taxonomy":"product_tag","embeddable":true,"href":"https:\/\/www.analoggwerz.com\/en\/wp-json\/wp\/v2\/product_tag?post=10887"}],"curies":[{"name":"wp","href":"https:\/\/api.w.org\/{rel}","templated":true}]}}