{"id":10820,"date":"2026-03-06T09:38:58","date_gmt":"2026-03-06T09:38:58","guid":{"rendered":"https:\/\/www.analoggwerz.com\/produit\/carte-memoire-compactflash-memup-128-mo\/"},"modified":"2026-03-24T11:25:01","modified_gmt":"2026-03-24T11:25:01","slug":"carte-memoire-compactflash-memup-128-mo","status":"publish","type":"product","link":"https:\/\/www.analoggwerz.com\/en\/product\/carte-memoire-compactflash-memup-128-mo\/","title":{"rendered":"Carte M\u00e9moire CompactFlash Memup \u2013 128 Mo"},"content":{"rendered":"<p>\ud83d\udcbe<strong> Carte M\u00e9moire CompactFlash Memup \u2013 128 Mo (Sp\u00e9cial \u00ab\u00a0Low Capacity\u00a0\u00bb)<\/strong><\/p>\n<p><strong>Description de l&rsquo;article<\/strong><\/p>\n<p><strong>Cette carte CompactFlash de la marque Memup dispose d&rsquo;une capacit\u00e9 de 128 Mo. Aujourd&rsquo;hui, cela peut sembler minuscule, mais c&rsquo;est le Saint Graal pour les utilisateurs de mat\u00e9riel vintage !<\/strong><\/p>\n<p><strong>Pourquoi ? Beaucoup d&rsquo;appareils photo num\u00e9riques des ann\u00e9es 90\/2000 (les premiers \u00ab\u00a0Digicams\u00a0\u00bb), ainsi que des \u00e9chantillonneurs de musique (comme les Akai MPC) ou des machines industrielles, sont incapables de lire les cartes sup\u00e9rieures \u00e0 512 Mo ou 2 Go. Ins\u00e9rer une carte moderne de 16 Go dans ces appareils provoque une erreur. Cette carte de 128 Mo est donc la cl\u00e9 pour faire fonctionner ces vieilles gloires.<\/strong><\/p>\n<p><strong>Caract\u00e9ristiques Techniques :<\/strong><\/p>\n<p><strong>\u2022 Marque : Memup.<\/strong><\/p>\n<p><strong>\u2022 Format : CompactFlash (CF) Type I.<\/strong><\/p>\n<p><strong>\u2022 Capacit\u00e9 : 128 Mo (La capacit\u00e9 \u00ab\u00a0s\u00e9curit\u00e9\u00a0\u00bb pour une compatibilit\u00e9 maximale avec les appareils ant\u00e9rieurs \u00e0 2003).<\/strong><\/p>\n<p><strong>\u2022 Utilisation id\u00e9ale : * Premiers appareils photo num\u00e9riques (Canon PowerShot s\u00e9rie A\/G, Nikon Coolpix 990, etc.).<\/strong><\/p>\n<p><strong>\u2022 Mat\u00e9riel audio\/musique (Samplers, Synth\u00e9tiseurs).<\/strong><\/p>\n<p><strong>\u2022 Cadres photo num\u00e9riques anciens.<\/strong><\/p>\n<p><strong>\u00c9tat de l&rsquo;objet :<\/strong><\/p>\n<p><strong>\u2022 Esth\u00e9tique : Tr\u00e8s bon \u00e9tat. L&rsquo;\u00e9tiquette bleue et rouge est parfaitement lisible et non d\u00e9coll\u00e9e.<\/strong><\/p>\n<p><strong>\u2022 Connectique : Les trous de connexion (pinholes) sont propres.<\/strong><\/p>\n<p><strong>\u2022 Fonctionnement : Carte test\u00e9e et reconnue.<\/strong><\/p>\n<p>\ud83d\udce6<strong> Envoi rapide<\/strong><\/p>","protected":false},"excerpt":{"rendered":"<p>\ud83d\udcbe Carte M\u00e9moire CompactFlash Memup \u2013 128 Mo (Sp\u00e9cial \u00ab\u00a0Low Capacity\u00a0\u00bb) Description de l&rsquo;article Cette carte CompactFlash de la marque Memup dispose d&rsquo;une capacit\u00e9 de 128 Mo. Aujourd&rsquo;hui, cela peut sembler minuscule, mais c&rsquo;est le Saint Graal pour les utilisateurs de mat\u00e9riel vintage ! Pourquoi ? Beaucoup d&rsquo;appareils photo num\u00e9riques des ann\u00e9es 90\/2000 (les premiers [&hellip;]<\/p>\n","protected":false},"featured_media":10817,"template":"","meta":[],"product_brand":[],"product_cat":[55,154,150],"product_tag":[],"class_list":{"0":"post-10820","1":"product","2":"type-product","3":"status-publish","4":"has-post-thumbnail","6":"product_cat-accessoires","7":"product_cat-autres-compacts-flash","8":"product_cat-cartes-memoires","10":"first","11":"outofstock","12":"purchasable","13":"product-type-simple"},"yoast_head":"<!-- This site is optimized with the Yoast SEO plugin v27.5 - https:\/\/yoast.com\/product\/yoast-seo-wordpress\/ -->\n<title>Carte M\u00e9moire CompactFlash Memup \u2013 128 Mo est disponible sur la boutique !<\/title>\n<meta name=\"description\" content=\"Cliquez ici pour d\u00e9couvrir Carte M\u00e9moire CompactFlash Memup \u2013 128 Mo sur la boutique.\" \/>\n<meta name=\"robots\" content=\"index, follow, max-snippet:-1, max-image-preview:large, max-video-preview:-1\" \/>\n<link rel=\"canonical\" href=\"https:\/\/www.analoggwerz.com\/en\/product\/carte-memoire-compactflash-memup-128-mo\/\" \/>\n<meta property=\"og:locale\" content=\"en_US\" \/>\n<meta property=\"og:type\" content=\"article\" \/>\n<meta property=\"og:title\" content=\"Carte M\u00e9moire CompactFlash Memup \u2013 128 Mo est disponible sur la boutique !\" \/>\n<meta property=\"og:description\" content=\"Cliquez ici pour d\u00e9couvrir Carte M\u00e9moire CompactFlash Memup \u2013 128 Mo sur la boutique.\" \/>\n<meta property=\"og:url\" content=\"https:\/\/www.analoggwerz.com\/en\/product\/carte-memoire-compactflash-memup-128-mo\/\" \/>\n<meta property=\"og:site_name\" content=\"Analog Gwerz\" \/>\n<meta property=\"article:modified_time\" content=\"2026-03-24T11:25:01+00:00\" \/>\n<meta property=\"og:image\" content=\"https:\/\/www.analoggwerz.com\/wp-content\/uploads\/2026\/03\/img_6869-scaled.jpeg\" \/>\n\t<meta property=\"og:image:width\" content=\"2560\" \/>\n\t<meta property=\"og:image:height\" content=\"1920\" \/>\n\t<meta property=\"og:image:type\" content=\"image\/jpeg\" \/>\n<meta name=\"twitter:card\" content=\"summary_large_image\" \/>\n<meta name=\"twitter:label1\" content=\"Est. reading time\" \/>\n\t<meta name=\"twitter:data1\" content=\"1 minute\" \/>\n<script type=\"application\/ld+json\" class=\"yoast-schema-graph\">{\"@context\":\"https:\\\/\\\/schema.org\",\"@graph\":[{\"@type\":\"WebPage\",\"@id\":\"https:\\\/\\\/www.analoggwerz.com\\\/produit\\\/carte-memoire-compactflash-memup-128-mo\\\/\",\"url\":\"https:\\\/\\\/www.analoggwerz.com\\\/produit\\\/carte-memoire-compactflash-memup-128-mo\\\/\",\"name\":\"Carte M\u00e9moire CompactFlash Memup \u2013 128 Mo est disponible sur la boutique !\",\"isPartOf\":{\"@id\":\"https:\\\/\\\/www.analoggwerz.com\\\/#website\"},\"primaryImageOfPage\":{\"@id\":\"https:\\\/\\\/www.analoggwerz.com\\\/produit\\\/carte-memoire-compactflash-memup-128-mo\\\/#primaryimage\"},\"image\":{\"@id\":\"https:\\\/\\\/www.analoggwerz.com\\\/produit\\\/carte-memoire-compactflash-memup-128-mo\\\/#primaryimage\"},\"thumbnailUrl\":\"https:\\\/\\\/www.analoggwerz.com\\\/wp-content\\\/uploads\\\/2026\\\/03\\\/img_6869-scaled.jpeg\",\"datePublished\":\"2026-03-06T09:38:58+00:00\",\"dateModified\":\"2026-03-24T11:25:01+00:00\",\"description\":\"Cliquez ici pour d\u00e9couvrir Carte M\u00e9moire CompactFlash Memup \u2013 128 Mo sur la boutique.\",\"breadcrumb\":{\"@id\":\"https:\\\/\\\/www.analoggwerz.com\\\/produit\\\/carte-memoire-compactflash-memup-128-mo\\\/#breadcrumb\"},\"inLanguage\":\"en-US\",\"potentialAction\":[{\"@type\":\"ReadAction\",\"target\":[\"https:\\\/\\\/www.analoggwerz.com\\\/produit\\\/carte-memoire-compactflash-memup-128-mo\\\/\"]}]},{\"@type\":\"ImageObject\",\"inLanguage\":\"en-US\",\"@id\":\"https:\\\/\\\/www.analoggwerz.com\\\/produit\\\/carte-memoire-compactflash-memup-128-mo\\\/#primaryimage\",\"url\":\"https:\\\/\\\/www.analoggwerz.com\\\/wp-content\\\/uploads\\\/2026\\\/03\\\/img_6869-scaled.jpeg\",\"contentUrl\":\"https:\\\/\\\/www.analoggwerz.com\\\/wp-content\\\/uploads\\\/2026\\\/03\\\/img_6869-scaled.jpeg\",\"width\":2560,\"height\":1920},{\"@type\":\"BreadcrumbList\",\"@id\":\"https:\\\/\\\/www.analoggwerz.com\\\/produit\\\/carte-memoire-compactflash-memup-128-mo\\\/#breadcrumb\",\"itemListElement\":[{\"@type\":\"ListItem\",\"position\":1,\"name\":\"Accueil\",\"item\":\"https:\\\/\\\/www.analoggwerz.com\\\/\"},{\"@type\":\"ListItem\",\"position\":2,\"name\":\"Boutique\",\"item\":\"https:\\\/\\\/www.analoggwerz.com\\\/shop\\\/\"},{\"@type\":\"ListItem\",\"position\":3,\"name\":\"Carte M\u00e9moire CompactFlash Memup \u2013 128 Mo\"}]},{\"@type\":\"WebSite\",\"@id\":\"https:\\\/\\\/www.analoggwerz.com\\\/#website\",\"url\":\"https:\\\/\\\/www.analoggwerz.com\\\/\",\"name\":\"Analog Gwerz\",\"description\":\"Pas besoin de neuf pour capturer l&#039;instant !\",\"publisher\":{\"@id\":\"https:\\\/\\\/www.analoggwerz.com\\\/#organization\"},\"potentialAction\":[{\"@type\":\"SearchAction\",\"target\":{\"@type\":\"EntryPoint\",\"urlTemplate\":\"https:\\\/\\\/www.analoggwerz.com\\\/?s={search_term_string}\"},\"query-input\":{\"@type\":\"PropertyValueSpecification\",\"valueRequired\":true,\"valueName\":\"search_term_string\"}}],\"inLanguage\":\"en-US\"},{\"@type\":\"Organization\",\"@id\":\"https:\\\/\\\/www.analoggwerz.com\\\/#organization\",\"name\":\"Analog Gwerz\",\"url\":\"https:\\\/\\\/www.analoggwerz.com\\\/\",\"logo\":{\"@type\":\"ImageObject\",\"inLanguage\":\"en-US\",\"@id\":\"https:\\\/\\\/www.analoggwerz.com\\\/#\\\/schema\\\/logo\\\/image\\\/\",\"url\":\"https:\\\/\\\/www.analoggwerz.com\\\/wp-content\\\/uploads\\\/2025\\\/10\\\/000-LOGO-ANALOG-GWERZ-NOIR-1.png\",\"contentUrl\":\"https:\\\/\\\/www.analoggwerz.com\\\/wp-content\\\/uploads\\\/2025\\\/10\\\/000-LOGO-ANALOG-GWERZ-NOIR-1.png\",\"width\":800,\"height\":407,\"caption\":\"Analog Gwerz\"},\"image\":{\"@id\":\"https:\\\/\\\/www.analoggwerz.com\\\/#\\\/schema\\\/logo\\\/image\\\/\"},\"sameAs\":[\"https:\\\/\\\/www.instagram.com\\\/analog_gwerz\\\/\",\"https:\\\/\\\/www.tiktok.com\\\/@analog_gwerz\"]}]}<\/script>\n<!-- \/ Yoast SEO plugin. -->","yoast_head_json":{"title":"Carte M\u00e9moire CompactFlash Memup \u2013 128 Mo est disponible sur la boutique !","description":"Cliquez ici pour d\u00e9couvrir Carte M\u00e9moire CompactFlash Memup \u2013 128 Mo sur la boutique.","robots":{"index":"index","follow":"follow","max-snippet":"max-snippet:-1","max-image-preview":"max-image-preview:large","max-video-preview":"max-video-preview:-1"},"canonical":"https:\/\/www.analoggwerz.com\/en\/product\/carte-memoire-compactflash-memup-128-mo\/","og_locale":"en_US","og_type":"article","og_title":"Carte M\u00e9moire CompactFlash Memup \u2013 128 Mo est disponible sur la boutique !","og_description":"Cliquez ici pour d\u00e9couvrir Carte M\u00e9moire CompactFlash Memup \u2013 128 Mo sur la boutique.","og_url":"https:\/\/www.analoggwerz.com\/en\/product\/carte-memoire-compactflash-memup-128-mo\/","og_site_name":"Analog Gwerz","article_modified_time":"2026-03-24T11:25:01+00:00","og_image":[{"width":2560,"height":1920,"url":"https:\/\/www.analoggwerz.com\/wp-content\/uploads\/2026\/03\/img_6869-scaled.jpeg","type":"image\/jpeg"}],"twitter_card":"summary_large_image","twitter_misc":{"Est. reading time":"1 minute"},"schema":{"@context":"https:\/\/schema.org","@graph":[{"@type":"WebPage","@id":"https:\/\/www.analoggwerz.com\/produit\/carte-memoire-compactflash-memup-128-mo\/","url":"https:\/\/www.analoggwerz.com\/produit\/carte-memoire-compactflash-memup-128-mo\/","name":"Carte M\u00e9moire CompactFlash Memup \u2013 128 Mo est disponible sur la boutique !","isPartOf":{"@id":"https:\/\/www.analoggwerz.com\/#website"},"primaryImageOfPage":{"@id":"https:\/\/www.analoggwerz.com\/produit\/carte-memoire-compactflash-memup-128-mo\/#primaryimage"},"image":{"@id":"https:\/\/www.analoggwerz.com\/produit\/carte-memoire-compactflash-memup-128-mo\/#primaryimage"},"thumbnailUrl":"https:\/\/www.analoggwerz.com\/wp-content\/uploads\/2026\/03\/img_6869-scaled.jpeg","datePublished":"2026-03-06T09:38:58+00:00","dateModified":"2026-03-24T11:25:01+00:00","description":"Cliquez ici pour d\u00e9couvrir Carte M\u00e9moire CompactFlash Memup \u2013 128 Mo sur la boutique.","breadcrumb":{"@id":"https:\/\/www.analoggwerz.com\/produit\/carte-memoire-compactflash-memup-128-mo\/#breadcrumb"},"inLanguage":"en-US","potentialAction":[{"@type":"ReadAction","target":["https:\/\/www.analoggwerz.com\/produit\/carte-memoire-compactflash-memup-128-mo\/"]}]},{"@type":"ImageObject","inLanguage":"en-US","@id":"https:\/\/www.analoggwerz.com\/produit\/carte-memoire-compactflash-memup-128-mo\/#primaryimage","url":"https:\/\/www.analoggwerz.com\/wp-content\/uploads\/2026\/03\/img_6869-scaled.jpeg","contentUrl":"https:\/\/www.analoggwerz.com\/wp-content\/uploads\/2026\/03\/img_6869-scaled.jpeg","width":2560,"height":1920},{"@type":"BreadcrumbList","@id":"https:\/\/www.analoggwerz.com\/produit\/carte-memoire-compactflash-memup-128-mo\/#breadcrumb","itemListElement":[{"@type":"ListItem","position":1,"name":"Accueil","item":"https:\/\/www.analoggwerz.com\/"},{"@type":"ListItem","position":2,"name":"Boutique","item":"https:\/\/www.analoggwerz.com\/shop\/"},{"@type":"ListItem","position":3,"name":"Carte M\u00e9moire CompactFlash Memup \u2013 128 Mo"}]},{"@type":"WebSite","@id":"https:\/\/www.analoggwerz.com\/#website","url":"https:\/\/www.analoggwerz.com\/","name":"Analog Gwerz","description":"Pas besoin de neuf pour capturer l&#039;instant !","publisher":{"@id":"https:\/\/www.analoggwerz.com\/#organization"},"potentialAction":[{"@type":"SearchAction","target":{"@type":"EntryPoint","urlTemplate":"https:\/\/www.analoggwerz.com\/?s={search_term_string}"},"query-input":{"@type":"PropertyValueSpecification","valueRequired":true,"valueName":"search_term_string"}}],"inLanguage":"en-US"},{"@type":"Organization","@id":"https:\/\/www.analoggwerz.com\/#organization","name":"Analog Gwerz","url":"https:\/\/www.analoggwerz.com\/","logo":{"@type":"ImageObject","inLanguage":"en-US","@id":"https:\/\/www.analoggwerz.com\/#\/schema\/logo\/image\/","url":"https:\/\/www.analoggwerz.com\/wp-content\/uploads\/2025\/10\/000-LOGO-ANALOG-GWERZ-NOIR-1.png","contentUrl":"https:\/\/www.analoggwerz.com\/wp-content\/uploads\/2025\/10\/000-LOGO-ANALOG-GWERZ-NOIR-1.png","width":800,"height":407,"caption":"Analog Gwerz"},"image":{"@id":"https:\/\/www.analoggwerz.com\/#\/schema\/logo\/image\/"},"sameAs":["https:\/\/www.instagram.com\/analog_gwerz\/","https:\/\/www.tiktok.com\/@analog_gwerz"]}]}},"jetpack_sharing_enabled":true,"_links":{"self":[{"href":"https:\/\/www.analoggwerz.com\/en\/wp-json\/wp\/v2\/product\/10820","targetHints":{"allow":["GET"]}}],"collection":[{"href":"https:\/\/www.analoggwerz.com\/en\/wp-json\/wp\/v2\/product"}],"about":[{"href":"https:\/\/www.analoggwerz.com\/en\/wp-json\/wp\/v2\/types\/product"}],"wp:featuredmedia":[{"embeddable":true,"href":"https:\/\/www.analoggwerz.com\/en\/wp-json\/wp\/v2\/media\/10817"}],"wp:attachment":[{"href":"https:\/\/www.analoggwerz.com\/en\/wp-json\/wp\/v2\/media?parent=10820"}],"wp:term":[{"taxonomy":"product_brand","embeddable":true,"href":"https:\/\/www.analoggwerz.com\/en\/wp-json\/wp\/v2\/product_brand?post=10820"},{"taxonomy":"product_cat","embeddable":true,"href":"https:\/\/www.analoggwerz.com\/en\/wp-json\/wp\/v2\/product_cat?post=10820"},{"taxonomy":"product_tag","embeddable":true,"href":"https:\/\/www.analoggwerz.com\/en\/wp-json\/wp\/v2\/product_tag?post=10820"}],"curies":[{"name":"wp","href":"https:\/\/api.w.org\/{rel}","templated":true}]}}