{"id":10440,"date":"2026-01-30T18:21:25","date_gmt":"2026-01-30T18:21:25","guid":{"rendered":"https:\/\/www.analoggwerz.com\/produit\/minolta-hi-matic-premiere-generation-argent\/"},"modified":"2026-01-30T18:21:29","modified_gmt":"2026-01-30T18:21:29","slug":"minolta-hi-matic-premiere-generation-argent","status":"publish","type":"product","link":"https:\/\/www.analoggwerz.com\/en\/product\/minolta-hi-matic-premiere-generation-argent\/","title":{"rendered":"Minolta Hi-Matic (Premi\u00e8re G\u00e9n\u00e9ration) \u2013 Argent"},"content":{"rendered":"<p>\ud83d\udcf8<strong> Minolta Hi-Matic (Premi\u00e8re G\u00e9n\u00e9ration) \u2013 T\u00e9l\u00e9m\u00e9trique Vintage<\/strong><\/p>\n<p><strong>Description de l&rsquo;article<\/strong><\/p>\n<p><strong>Le Minolta Hi-Matic est le bo\u00eetier qui a lanc\u00e9 la c\u00e9l\u00e8bre lign\u00e9e des Hi-Matic. Ce mod\u00e8le historique est c\u00e9l\u00e8bre pour avoir \u00e9t\u00e9 choisi par John Glenn lors de la mission Mercury-Atlas 6 en 1962, devenant ainsi l&rsquo;un des premiers appareils photo dans l&rsquo;espace.<\/strong><\/p>\n<p><strong>\u00c9quip\u00e9 de l&rsquo;excellent objectif Rokkor 45mm f\/2.8, il offre un piqu\u00e9 remarquable et une restitution des couleurs tr\u00e8s naturelle. Son syst\u00e8me d&rsquo;exposition automatique via sa cellule au s\u00e9l\u00e9nium (autour de l&rsquo;objectif) en faisait un appareil avant-gardiste pour l&rsquo;\u00e9poque.<\/strong><\/p>\n<p><strong>Caract\u00e9ristiques Techniques :<\/strong><\/p>\n<p><strong>\u2022 Objectif : Minolta Rokkor 45mm f\/2.8 (formule optique de haute qualit\u00e9).<\/strong><\/p>\n<p><strong>\u2022 Type : T\u00e9l\u00e9m\u00e9trique (Rangefinder) avec mise au point manuelle pr\u00e9cise.<\/strong><\/p>\n<p><strong>\u2022 Exposition : Mode Auto et manuel.<\/strong><\/p>\n<p><strong>\u2022 Cellule : S\u00e9l\u00e9nium (ne n\u00e9cessite pas de pile pour l&rsquo;exposition !).<\/strong><\/p>\n<p><strong>\u2022 Obturateur : Citizen Uni-E.<\/strong><\/p>\n<p><strong>\u2022 Plage de sensibilit\u00e9 : R\u00e9glage ASA\/DIN \u00e0 l&rsquo;arri\u00e8re.<\/strong><\/p>\n<p><strong>\u2022 Construction : Ch\u00e2ssis enti\u00e8rement m\u00e9tallique, robuste et \u00e9l\u00e9gant.<\/strong><\/p>\n<p><strong>\u00c9tat de l&rsquo;objet :<\/strong><\/p>\n<p><strong>\u2022 Esth\u00e9tique : Tr\u00e8s bel \u00e9tat de conservation. Le gainage est propre et les parties chrom\u00e9es sont bien brillantes (voir photos).<\/strong><\/p>\n<p><strong>\u2022 Optique : Lentille Rokkor propre.<\/strong><\/p>\n<p><strong>\u2022 M\u00e9canique : L&rsquo;armement est fluide, le d\u00e9clencheur r\u00e9actif. L&rsquo;int\u00e9rieur du bo\u00eetier (chambre de film) est tr\u00e8s propre, les mousses d&rsquo;\u00e9tanch\u00e9it\u00e9 semblent en bon \u00e9tat.<\/strong><\/p>\n<p><strong>\u2022 Viseur : Clair avec patch de t\u00e9l\u00e9m\u00e8tre visible.<\/strong><\/p>\n<p>\ud83d\udce6<strong> Envoi ultra-s\u00e9curis\u00e9 et rapide.<\/strong><\/p>","protected":false},"excerpt":{"rendered":"<p>\ud83d\udcf8 Minolta Hi-Matic (Premi\u00e8re G\u00e9n\u00e9ration) \u2013 T\u00e9l\u00e9m\u00e9trique Vintage Description de l&rsquo;article Le Minolta Hi-Matic est le bo\u00eetier qui a lanc\u00e9 la c\u00e9l\u00e8bre lign\u00e9e des Hi-Matic. Ce mod\u00e8le historique est c\u00e9l\u00e8bre pour avoir \u00e9t\u00e9 choisi par John Glenn lors de la mission Mercury-Atlas 6 en 1962, devenant ainsi l&rsquo;un des premiers appareils photo dans l&rsquo;espace. \u00c9quip\u00e9 [&hellip;]<\/p>\n","protected":false},"featured_media":10437,"template":"","meta":[],"product_brand":[],"product_cat":[112,118,29],"product_tag":[],"class_list":{"0":"post-10440","1":"product","2":"type-product","3":"status-publish","4":"has-post-thumbnail","6":"product_cat-appareils-telemetriques","7":"product_cat-appareils-photo","8":"product_cat-argentiques-35mm","10":"first","11":"instock","12":"shipping-taxable","13":"purchasable","14":"product-type-simple"},"yoast_head":"<!-- This site is optimized with the Yoast SEO plugin v27.5 - https:\/\/yoast.com\/product\/yoast-seo-wordpress\/ -->\n<title>Minolta Hi-Matic (Premi\u00e8re G\u00e9n\u00e9ration) \u2013 Argent est disponible sur la boutique !<\/title>\n<meta name=\"description\" content=\"Cliquez ici pour d\u00e9couvrir Minolta Hi-Matic (Premi\u00e8re G\u00e9n\u00e9ration) \u2013 Argent sur la boutique.\" \/>\n<meta name=\"robots\" content=\"index, follow, max-snippet:-1, max-image-preview:large, max-video-preview:-1\" \/>\n<link rel=\"canonical\" href=\"https:\/\/www.analoggwerz.com\/en\/product\/minolta-hi-matic-premiere-generation-argent\/\" \/>\n<meta property=\"og:locale\" content=\"en_US\" \/>\n<meta property=\"og:type\" content=\"article\" \/>\n<meta property=\"og:title\" content=\"Minolta Hi-Matic (Premi\u00e8re G\u00e9n\u00e9ration) \u2013 Argent est disponible sur la boutique !\" \/>\n<meta property=\"og:description\" content=\"Cliquez ici pour d\u00e9couvrir Minolta Hi-Matic (Premi\u00e8re G\u00e9n\u00e9ration) \u2013 Argent sur la boutique.\" \/>\n<meta property=\"og:url\" content=\"https:\/\/www.analoggwerz.com\/en\/product\/minolta-hi-matic-premiere-generation-argent\/\" \/>\n<meta property=\"og:site_name\" content=\"Analog Gwerz\" \/>\n<meta property=\"article:modified_time\" content=\"2026-01-30T18:21:29+00:00\" \/>\n<meta property=\"og:image\" content=\"https:\/\/www.analoggwerz.com\/wp-content\/uploads\/2025\/04\/assets_task_01jra9s5ypffzbqebsyr432pm0_img_0.webp\" \/>\n\t<meta property=\"og:image:width\" content=\"1536\" \/>\n\t<meta property=\"og:image:height\" content=\"1024\" \/>\n\t<meta property=\"og:image:type\" content=\"image\/webp\" \/>\n<meta name=\"twitter:card\" content=\"summary_large_image\" \/>\n<meta name=\"twitter:label1\" content=\"Est. reading time\" \/>\n\t<meta name=\"twitter:data1\" content=\"1 minute\" \/>\n<script type=\"application\/ld+json\" class=\"yoast-schema-graph\">{\"@context\":\"https:\\\/\\\/schema.org\",\"@graph\":[{\"@type\":\"WebPage\",\"@id\":\"https:\\\/\\\/www.analoggwerz.com\\\/produit\\\/minolta-hi-matic-premiere-generation-argent\\\/\",\"url\":\"https:\\\/\\\/www.analoggwerz.com\\\/produit\\\/minolta-hi-matic-premiere-generation-argent\\\/\",\"name\":\"Minolta Hi-Matic (Premi\u00e8re G\u00e9n\u00e9ration) \u2013 Argent est disponible sur la boutique !\",\"isPartOf\":{\"@id\":\"https:\\\/\\\/www.analoggwerz.com\\\/#website\"},\"primaryImageOfPage\":{\"@id\":\"https:\\\/\\\/www.analoggwerz.com\\\/produit\\\/minolta-hi-matic-premiere-generation-argent\\\/#primaryimage\"},\"image\":{\"@id\":\"https:\\\/\\\/www.analoggwerz.com\\\/produit\\\/minolta-hi-matic-premiere-generation-argent\\\/#primaryimage\"},\"thumbnailUrl\":\"https:\\\/\\\/www.analoggwerz.com\\\/wp-content\\\/uploads\\\/2026\\\/01\\\/img_6487-scaled.jpeg\",\"datePublished\":\"2026-01-30T18:21:25+00:00\",\"dateModified\":\"2026-01-30T18:21:29+00:00\",\"description\":\"Cliquez ici pour d\u00e9couvrir Minolta Hi-Matic (Premi\u00e8re G\u00e9n\u00e9ration) \u2013 Argent sur la boutique.\",\"breadcrumb\":{\"@id\":\"https:\\\/\\\/www.analoggwerz.com\\\/produit\\\/minolta-hi-matic-premiere-generation-argent\\\/#breadcrumb\"},\"inLanguage\":\"en-US\",\"potentialAction\":[{\"@type\":\"ReadAction\",\"target\":[\"https:\\\/\\\/www.analoggwerz.com\\\/produit\\\/minolta-hi-matic-premiere-generation-argent\\\/\"]}]},{\"@type\":\"ImageObject\",\"inLanguage\":\"en-US\",\"@id\":\"https:\\\/\\\/www.analoggwerz.com\\\/produit\\\/minolta-hi-matic-premiere-generation-argent\\\/#primaryimage\",\"url\":\"https:\\\/\\\/www.analoggwerz.com\\\/wp-content\\\/uploads\\\/2026\\\/01\\\/img_6487-scaled.jpeg\",\"contentUrl\":\"https:\\\/\\\/www.analoggwerz.com\\\/wp-content\\\/uploads\\\/2026\\\/01\\\/img_6487-scaled.jpeg\",\"width\":2560,\"height\":1920},{\"@type\":\"BreadcrumbList\",\"@id\":\"https:\\\/\\\/www.analoggwerz.com\\\/produit\\\/minolta-hi-matic-premiere-generation-argent\\\/#breadcrumb\",\"itemListElement\":[{\"@type\":\"ListItem\",\"position\":1,\"name\":\"Accueil\",\"item\":\"https:\\\/\\\/www.analoggwerz.com\\\/\"},{\"@type\":\"ListItem\",\"position\":2,\"name\":\"Boutique\",\"item\":\"https:\\\/\\\/www.analoggwerz.com\\\/shop\\\/\"},{\"@type\":\"ListItem\",\"position\":3,\"name\":\"Minolta Hi-Matic (Premi\u00e8re G\u00e9n\u00e9ration) \u2013 Argent\"}]},{\"@type\":\"WebSite\",\"@id\":\"https:\\\/\\\/www.analoggwerz.com\\\/#website\",\"url\":\"https:\\\/\\\/www.analoggwerz.com\\\/\",\"name\":\"Analog Gwerz\",\"description\":\"Pas besoin de neuf pour capturer l&#039;instant !\",\"publisher\":{\"@id\":\"https:\\\/\\\/www.analoggwerz.com\\\/#organization\"},\"potentialAction\":[{\"@type\":\"SearchAction\",\"target\":{\"@type\":\"EntryPoint\",\"urlTemplate\":\"https:\\\/\\\/www.analoggwerz.com\\\/?s={search_term_string}\"},\"query-input\":{\"@type\":\"PropertyValueSpecification\",\"valueRequired\":true,\"valueName\":\"search_term_string\"}}],\"inLanguage\":\"en-US\"},{\"@type\":\"Organization\",\"@id\":\"https:\\\/\\\/www.analoggwerz.com\\\/#organization\",\"name\":\"Analog Gwerz\",\"url\":\"https:\\\/\\\/www.analoggwerz.com\\\/\",\"logo\":{\"@type\":\"ImageObject\",\"inLanguage\":\"en-US\",\"@id\":\"https:\\\/\\\/www.analoggwerz.com\\\/#\\\/schema\\\/logo\\\/image\\\/\",\"url\":\"https:\\\/\\\/www.analoggwerz.com\\\/wp-content\\\/uploads\\\/2025\\\/10\\\/000-LOGO-ANALOG-GWERZ-NOIR-1.png\",\"contentUrl\":\"https:\\\/\\\/www.analoggwerz.com\\\/wp-content\\\/uploads\\\/2025\\\/10\\\/000-LOGO-ANALOG-GWERZ-NOIR-1.png\",\"width\":800,\"height\":407,\"caption\":\"Analog Gwerz\"},\"image\":{\"@id\":\"https:\\\/\\\/www.analoggwerz.com\\\/#\\\/schema\\\/logo\\\/image\\\/\"},\"sameAs\":[\"https:\\\/\\\/www.instagram.com\\\/analog_gwerz\\\/\",\"https:\\\/\\\/www.tiktok.com\\\/@analog_gwerz\"]}]}<\/script>\n<!-- \/ Yoast SEO plugin. -->","yoast_head_json":{"title":"Minolta Hi-Matic (Premi\u00e8re G\u00e9n\u00e9ration) \u2013 Argent est disponible sur la boutique !","description":"Cliquez ici pour d\u00e9couvrir Minolta Hi-Matic (Premi\u00e8re G\u00e9n\u00e9ration) \u2013 Argent sur la boutique.","robots":{"index":"index","follow":"follow","max-snippet":"max-snippet:-1","max-image-preview":"max-image-preview:large","max-video-preview":"max-video-preview:-1"},"canonical":"https:\/\/www.analoggwerz.com\/en\/product\/minolta-hi-matic-premiere-generation-argent\/","og_locale":"en_US","og_type":"article","og_title":"Minolta Hi-Matic (Premi\u00e8re G\u00e9n\u00e9ration) \u2013 Argent est disponible sur la boutique !","og_description":"Cliquez ici pour d\u00e9couvrir Minolta Hi-Matic (Premi\u00e8re G\u00e9n\u00e9ration) \u2013 Argent sur la boutique.","og_url":"https:\/\/www.analoggwerz.com\/en\/product\/minolta-hi-matic-premiere-generation-argent\/","og_site_name":"Analog Gwerz","article_modified_time":"2026-01-30T18:21:29+00:00","og_image":[{"width":1536,"height":1024,"url":"https:\/\/www.analoggwerz.com\/wp-content\/uploads\/2025\/04\/assets_task_01jra9s5ypffzbqebsyr432pm0_img_0.webp","type":"image\/webp"}],"twitter_card":"summary_large_image","twitter_misc":{"Est. reading time":"1 minute"},"schema":{"@context":"https:\/\/schema.org","@graph":[{"@type":"WebPage","@id":"https:\/\/www.analoggwerz.com\/produit\/minolta-hi-matic-premiere-generation-argent\/","url":"https:\/\/www.analoggwerz.com\/produit\/minolta-hi-matic-premiere-generation-argent\/","name":"Minolta Hi-Matic (Premi\u00e8re G\u00e9n\u00e9ration) \u2013 Argent est disponible sur la boutique !","isPartOf":{"@id":"https:\/\/www.analoggwerz.com\/#website"},"primaryImageOfPage":{"@id":"https:\/\/www.analoggwerz.com\/produit\/minolta-hi-matic-premiere-generation-argent\/#primaryimage"},"image":{"@id":"https:\/\/www.analoggwerz.com\/produit\/minolta-hi-matic-premiere-generation-argent\/#primaryimage"},"thumbnailUrl":"https:\/\/www.analoggwerz.com\/wp-content\/uploads\/2026\/01\/img_6487-scaled.jpeg","datePublished":"2026-01-30T18:21:25+00:00","dateModified":"2026-01-30T18:21:29+00:00","description":"Cliquez ici pour d\u00e9couvrir Minolta Hi-Matic (Premi\u00e8re G\u00e9n\u00e9ration) \u2013 Argent sur la boutique.","breadcrumb":{"@id":"https:\/\/www.analoggwerz.com\/produit\/minolta-hi-matic-premiere-generation-argent\/#breadcrumb"},"inLanguage":"en-US","potentialAction":[{"@type":"ReadAction","target":["https:\/\/www.analoggwerz.com\/produit\/minolta-hi-matic-premiere-generation-argent\/"]}]},{"@type":"ImageObject","inLanguage":"en-US","@id":"https:\/\/www.analoggwerz.com\/produit\/minolta-hi-matic-premiere-generation-argent\/#primaryimage","url":"https:\/\/www.analoggwerz.com\/wp-content\/uploads\/2026\/01\/img_6487-scaled.jpeg","contentUrl":"https:\/\/www.analoggwerz.com\/wp-content\/uploads\/2026\/01\/img_6487-scaled.jpeg","width":2560,"height":1920},{"@type":"BreadcrumbList","@id":"https:\/\/www.analoggwerz.com\/produit\/minolta-hi-matic-premiere-generation-argent\/#breadcrumb","itemListElement":[{"@type":"ListItem","position":1,"name":"Accueil","item":"https:\/\/www.analoggwerz.com\/"},{"@type":"ListItem","position":2,"name":"Boutique","item":"https:\/\/www.analoggwerz.com\/shop\/"},{"@type":"ListItem","position":3,"name":"Minolta Hi-Matic (Premi\u00e8re G\u00e9n\u00e9ration) \u2013 Argent"}]},{"@type":"WebSite","@id":"https:\/\/www.analoggwerz.com\/#website","url":"https:\/\/www.analoggwerz.com\/","name":"Analog Gwerz","description":"Pas besoin de neuf pour capturer l&#039;instant !","publisher":{"@id":"https:\/\/www.analoggwerz.com\/#organization"},"potentialAction":[{"@type":"SearchAction","target":{"@type":"EntryPoint","urlTemplate":"https:\/\/www.analoggwerz.com\/?s={search_term_string}"},"query-input":{"@type":"PropertyValueSpecification","valueRequired":true,"valueName":"search_term_string"}}],"inLanguage":"en-US"},{"@type":"Organization","@id":"https:\/\/www.analoggwerz.com\/#organization","name":"Analog Gwerz","url":"https:\/\/www.analoggwerz.com\/","logo":{"@type":"ImageObject","inLanguage":"en-US","@id":"https:\/\/www.analoggwerz.com\/#\/schema\/logo\/image\/","url":"https:\/\/www.analoggwerz.com\/wp-content\/uploads\/2025\/10\/000-LOGO-ANALOG-GWERZ-NOIR-1.png","contentUrl":"https:\/\/www.analoggwerz.com\/wp-content\/uploads\/2025\/10\/000-LOGO-ANALOG-GWERZ-NOIR-1.png","width":800,"height":407,"caption":"Analog Gwerz"},"image":{"@id":"https:\/\/www.analoggwerz.com\/#\/schema\/logo\/image\/"},"sameAs":["https:\/\/www.instagram.com\/analog_gwerz\/","https:\/\/www.tiktok.com\/@analog_gwerz"]}]}},"jetpack_sharing_enabled":true,"_links":{"self":[{"href":"https:\/\/www.analoggwerz.com\/en\/wp-json\/wp\/v2\/product\/10440","targetHints":{"allow":["GET"]}}],"collection":[{"href":"https:\/\/www.analoggwerz.com\/en\/wp-json\/wp\/v2\/product"}],"about":[{"href":"https:\/\/www.analoggwerz.com\/en\/wp-json\/wp\/v2\/types\/product"}],"wp:featuredmedia":[{"embeddable":true,"href":"https:\/\/www.analoggwerz.com\/en\/wp-json\/wp\/v2\/media\/10437"}],"wp:attachment":[{"href":"https:\/\/www.analoggwerz.com\/en\/wp-json\/wp\/v2\/media?parent=10440"}],"wp:term":[{"taxonomy":"product_brand","embeddable":true,"href":"https:\/\/www.analoggwerz.com\/en\/wp-json\/wp\/v2\/product_brand?post=10440"},{"taxonomy":"product_cat","embeddable":true,"href":"https:\/\/www.analoggwerz.com\/en\/wp-json\/wp\/v2\/product_cat?post=10440"},{"taxonomy":"product_tag","embeddable":true,"href":"https:\/\/www.analoggwerz.com\/en\/wp-json\/wp\/v2\/product_tag?post=10440"}],"curies":[{"name":"wp","href":"https:\/\/api.w.org\/{rel}","templated":true}]}}