{"id":10285,"date":"2026-01-27T20:55:57","date_gmt":"2026-01-27T20:55:57","guid":{"rendered":"https:\/\/www.analoggwerz.com\/produit\/etui-cuir-pentacon-six-cuir-noir-vintage\/"},"modified":"2026-01-27T20:56:01","modified_gmt":"2026-01-27T20:56:01","slug":"etui-cuir-pentacon-six-cuir-noir-vintage","status":"publish","type":"product","link":"https:\/\/www.analoggwerz.com\/en\/product\/etui-cuir-pentacon-six-cuir-noir-vintage\/","title":{"rendered":"\u00c9tui cuir Pentacon Six \u2013 Cuir noir vintage"},"content":{"rendered":"<p>\u00c9tui cuir Pentacon Six \u2013 Cuir noir vintage<\/p>\n<p>\u00c9tui cuir d\u2019origine pour bo\u00eetier Pentacon Six (Praktica\/Pentacon TTL), cuir noir brillant souple avec rembourrage rouge int\u00e9rieur, sangle cuir marron r\u00e9glable.<\/p>\n<p>\u2022\tOuverture lat\u00e9rale pour prise de vue sans retrait, clips m\u00e9talliques solides, dragonne int\u00e9gr\u00e9e, compatible bo\u00eetiers 6&#215;6 + dos\/miroir.<\/p>\n<p>\u2022\tParfait pour transporter\/prot\u00e9ger ton moyen format est-allemand en balade ou studio.<\/p>\n<p>\u2022\tExcellent \u00e9tat : cuir propre sans d\u00e9chirures, coutures intactes, clips fonctionnels, int\u00e9rieur velours rouge impeccable.<\/p>","protected":false},"excerpt":{"rendered":"<p>\u00c9tui cuir Pentacon Six \u2013 Cuir noir vintage \u00c9tui cuir d\u2019origine pour bo\u00eetier Pentacon Six (Praktica\/Pentacon TTL), cuir noir brillant souple avec rembourrage rouge int\u00e9rieur, sangle cuir marron r\u00e9glable. \u2022 Ouverture lat\u00e9rale pour prise de vue sans retrait, clips m\u00e9talliques solides, dragonne int\u00e9gr\u00e9e, compatible bo\u00eetiers 6&#215;6 + dos\/miroir. \u2022 Parfait pour transporter\/prot\u00e9ger ton moyen format [&hellip;]<\/p>\n","protected":false},"featured_media":10283,"template":"","meta":[],"product_brand":[],"product_cat":[55,143,145],"product_tag":[],"class_list":{"0":"post-10285","1":"product","2":"type-product","3":"status-publish","4":"has-post-thumbnail","6":"product_cat-accessoires","7":"product_cat-etuis-et-sacoches","8":"product_cat-etui-pour-reflex-argentique","10":"first","11":"instock","12":"purchasable","13":"product-type-simple"},"yoast_head":"<!-- This site is optimized with the Yoast SEO plugin v27.5 - https:\/\/yoast.com\/product\/yoast-seo-wordpress\/ -->\n<title>\u00c9tui cuir Pentacon Six \u2013 Cuir noir vintage est disponible sur la boutique !<\/title>\n<meta name=\"description\" content=\"Cliquez ici pour d\u00e9couvrir \u00c9tui cuir Pentacon Six \u2013 Cuir noir vintage sur la boutique.\" \/>\n<meta name=\"robots\" content=\"index, follow, max-snippet:-1, max-image-preview:large, max-video-preview:-1\" \/>\n<link rel=\"canonical\" href=\"https:\/\/www.analoggwerz.com\/en\/product\/etui-cuir-pentacon-six-cuir-noir-vintage\/\" \/>\n<meta property=\"og:locale\" content=\"en_US\" \/>\n<meta property=\"og:type\" content=\"article\" \/>\n<meta property=\"og:title\" content=\"\u00c9tui cuir Pentacon Six \u2013 Cuir noir vintage est disponible sur la boutique !\" \/>\n<meta property=\"og:description\" content=\"Cliquez ici pour d\u00e9couvrir \u00c9tui cuir Pentacon Six \u2013 Cuir noir vintage sur la boutique.\" \/>\n<meta property=\"og:url\" content=\"https:\/\/www.analoggwerz.com\/en\/product\/etui-cuir-pentacon-six-cuir-noir-vintage\/\" \/>\n<meta property=\"og:site_name\" content=\"Analog Gwerz\" \/>\n<meta property=\"article:modified_time\" content=\"2026-01-27T20:56:01+00:00\" \/>\n<meta property=\"og:image\" content=\"https:\/\/www.analoggwerz.com\/wp-content\/uploads\/2025\/04\/assets_task_01jra9s5ypffzbqebsyr432pm0_img_0.webp\" \/>\n\t<meta property=\"og:image:width\" content=\"1536\" \/>\n\t<meta property=\"og:image:height\" content=\"1024\" \/>\n\t<meta property=\"og:image:type\" content=\"image\/webp\" \/>\n<meta name=\"twitter:card\" content=\"summary_large_image\" \/>\n<script type=\"application\/ld+json\" class=\"yoast-schema-graph\">{\"@context\":\"https:\\\/\\\/schema.org\",\"@graph\":[{\"@type\":\"WebPage\",\"@id\":\"https:\\\/\\\/www.analoggwerz.com\\\/produit\\\/etui-cuir-pentacon-six-cuir-noir-vintage\\\/\",\"url\":\"https:\\\/\\\/www.analoggwerz.com\\\/produit\\\/etui-cuir-pentacon-six-cuir-noir-vintage\\\/\",\"name\":\"\u00c9tui cuir Pentacon Six \u2013 Cuir noir vintage est disponible sur la boutique !\",\"isPartOf\":{\"@id\":\"https:\\\/\\\/www.analoggwerz.com\\\/#website\"},\"primaryImageOfPage\":{\"@id\":\"https:\\\/\\\/www.analoggwerz.com\\\/produit\\\/etui-cuir-pentacon-six-cuir-noir-vintage\\\/#primaryimage\"},\"image\":{\"@id\":\"https:\\\/\\\/www.analoggwerz.com\\\/produit\\\/etui-cuir-pentacon-six-cuir-noir-vintage\\\/#primaryimage\"},\"thumbnailUrl\":\"https:\\\/\\\/www.analoggwerz.com\\\/wp-content\\\/uploads\\\/2026\\\/01\\\/img_6416-scaled.jpeg\",\"datePublished\":\"2026-01-27T20:55:57+00:00\",\"dateModified\":\"2026-01-27T20:56:01+00:00\",\"description\":\"Cliquez ici pour d\u00e9couvrir \u00c9tui cuir Pentacon Six \u2013 Cuir noir vintage sur la boutique.\",\"breadcrumb\":{\"@id\":\"https:\\\/\\\/www.analoggwerz.com\\\/produit\\\/etui-cuir-pentacon-six-cuir-noir-vintage\\\/#breadcrumb\"},\"inLanguage\":\"en-US\",\"potentialAction\":[{\"@type\":\"ReadAction\",\"target\":[\"https:\\\/\\\/www.analoggwerz.com\\\/produit\\\/etui-cuir-pentacon-six-cuir-noir-vintage\\\/\"]}]},{\"@type\":\"ImageObject\",\"inLanguage\":\"en-US\",\"@id\":\"https:\\\/\\\/www.analoggwerz.com\\\/produit\\\/etui-cuir-pentacon-six-cuir-noir-vintage\\\/#primaryimage\",\"url\":\"https:\\\/\\\/www.analoggwerz.com\\\/wp-content\\\/uploads\\\/2026\\\/01\\\/img_6416-scaled.jpeg\",\"contentUrl\":\"https:\\\/\\\/www.analoggwerz.com\\\/wp-content\\\/uploads\\\/2026\\\/01\\\/img_6416-scaled.jpeg\",\"width\":2560,\"height\":1920},{\"@type\":\"BreadcrumbList\",\"@id\":\"https:\\\/\\\/www.analoggwerz.com\\\/produit\\\/etui-cuir-pentacon-six-cuir-noir-vintage\\\/#breadcrumb\",\"itemListElement\":[{\"@type\":\"ListItem\",\"position\":1,\"name\":\"Accueil\",\"item\":\"https:\\\/\\\/www.analoggwerz.com\\\/\"},{\"@type\":\"ListItem\",\"position\":2,\"name\":\"Boutique\",\"item\":\"https:\\\/\\\/www.analoggwerz.com\\\/shop\\\/\"},{\"@type\":\"ListItem\",\"position\":3,\"name\":\"\u00c9tui cuir Pentacon Six \u2013 Cuir noir vintage\"}]},{\"@type\":\"WebSite\",\"@id\":\"https:\\\/\\\/www.analoggwerz.com\\\/#website\",\"url\":\"https:\\\/\\\/www.analoggwerz.com\\\/\",\"name\":\"Analog Gwerz\",\"description\":\"Pas besoin de neuf pour capturer l&#039;instant !\",\"publisher\":{\"@id\":\"https:\\\/\\\/www.analoggwerz.com\\\/#organization\"},\"potentialAction\":[{\"@type\":\"SearchAction\",\"target\":{\"@type\":\"EntryPoint\",\"urlTemplate\":\"https:\\\/\\\/www.analoggwerz.com\\\/?s={search_term_string}\"},\"query-input\":{\"@type\":\"PropertyValueSpecification\",\"valueRequired\":true,\"valueName\":\"search_term_string\"}}],\"inLanguage\":\"en-US\"},{\"@type\":\"Organization\",\"@id\":\"https:\\\/\\\/www.analoggwerz.com\\\/#organization\",\"name\":\"Analog Gwerz\",\"url\":\"https:\\\/\\\/www.analoggwerz.com\\\/\",\"logo\":{\"@type\":\"ImageObject\",\"inLanguage\":\"en-US\",\"@id\":\"https:\\\/\\\/www.analoggwerz.com\\\/#\\\/schema\\\/logo\\\/image\\\/\",\"url\":\"https:\\\/\\\/www.analoggwerz.com\\\/wp-content\\\/uploads\\\/2025\\\/10\\\/000-LOGO-ANALOG-GWERZ-NOIR-1.png\",\"contentUrl\":\"https:\\\/\\\/www.analoggwerz.com\\\/wp-content\\\/uploads\\\/2025\\\/10\\\/000-LOGO-ANALOG-GWERZ-NOIR-1.png\",\"width\":800,\"height\":407,\"caption\":\"Analog Gwerz\"},\"image\":{\"@id\":\"https:\\\/\\\/www.analoggwerz.com\\\/#\\\/schema\\\/logo\\\/image\\\/\"},\"sameAs\":[\"https:\\\/\\\/www.instagram.com\\\/analog_gwerz\\\/\",\"https:\\\/\\\/www.tiktok.com\\\/@analog_gwerz\"]}]}<\/script>\n<!-- \/ Yoast SEO plugin. -->","yoast_head_json":{"title":"\u00c9tui cuir Pentacon Six \u2013 Cuir noir vintage est disponible sur la boutique !","description":"Cliquez ici pour d\u00e9couvrir \u00c9tui cuir Pentacon Six \u2013 Cuir noir vintage sur la boutique.","robots":{"index":"index","follow":"follow","max-snippet":"max-snippet:-1","max-image-preview":"max-image-preview:large","max-video-preview":"max-video-preview:-1"},"canonical":"https:\/\/www.analoggwerz.com\/en\/product\/etui-cuir-pentacon-six-cuir-noir-vintage\/","og_locale":"en_US","og_type":"article","og_title":"\u00c9tui cuir Pentacon Six \u2013 Cuir noir vintage est disponible sur la boutique !","og_description":"Cliquez ici pour d\u00e9couvrir \u00c9tui cuir Pentacon Six \u2013 Cuir noir vintage sur la boutique.","og_url":"https:\/\/www.analoggwerz.com\/en\/product\/etui-cuir-pentacon-six-cuir-noir-vintage\/","og_site_name":"Analog Gwerz","article_modified_time":"2026-01-27T20:56:01+00:00","og_image":[{"width":1536,"height":1024,"url":"https:\/\/www.analoggwerz.com\/wp-content\/uploads\/2025\/04\/assets_task_01jra9s5ypffzbqebsyr432pm0_img_0.webp","type":"image\/webp"}],"twitter_card":"summary_large_image","schema":{"@context":"https:\/\/schema.org","@graph":[{"@type":"WebPage","@id":"https:\/\/www.analoggwerz.com\/produit\/etui-cuir-pentacon-six-cuir-noir-vintage\/","url":"https:\/\/www.analoggwerz.com\/produit\/etui-cuir-pentacon-six-cuir-noir-vintage\/","name":"\u00c9tui cuir Pentacon Six \u2013 Cuir noir vintage est disponible sur la boutique !","isPartOf":{"@id":"https:\/\/www.analoggwerz.com\/#website"},"primaryImageOfPage":{"@id":"https:\/\/www.analoggwerz.com\/produit\/etui-cuir-pentacon-six-cuir-noir-vintage\/#primaryimage"},"image":{"@id":"https:\/\/www.analoggwerz.com\/produit\/etui-cuir-pentacon-six-cuir-noir-vintage\/#primaryimage"},"thumbnailUrl":"https:\/\/www.analoggwerz.com\/wp-content\/uploads\/2026\/01\/img_6416-scaled.jpeg","datePublished":"2026-01-27T20:55:57+00:00","dateModified":"2026-01-27T20:56:01+00:00","description":"Cliquez ici pour d\u00e9couvrir \u00c9tui cuir Pentacon Six \u2013 Cuir noir vintage sur la boutique.","breadcrumb":{"@id":"https:\/\/www.analoggwerz.com\/produit\/etui-cuir-pentacon-six-cuir-noir-vintage\/#breadcrumb"},"inLanguage":"en-US","potentialAction":[{"@type":"ReadAction","target":["https:\/\/www.analoggwerz.com\/produit\/etui-cuir-pentacon-six-cuir-noir-vintage\/"]}]},{"@type":"ImageObject","inLanguage":"en-US","@id":"https:\/\/www.analoggwerz.com\/produit\/etui-cuir-pentacon-six-cuir-noir-vintage\/#primaryimage","url":"https:\/\/www.analoggwerz.com\/wp-content\/uploads\/2026\/01\/img_6416-scaled.jpeg","contentUrl":"https:\/\/www.analoggwerz.com\/wp-content\/uploads\/2026\/01\/img_6416-scaled.jpeg","width":2560,"height":1920},{"@type":"BreadcrumbList","@id":"https:\/\/www.analoggwerz.com\/produit\/etui-cuir-pentacon-six-cuir-noir-vintage\/#breadcrumb","itemListElement":[{"@type":"ListItem","position":1,"name":"Accueil","item":"https:\/\/www.analoggwerz.com\/"},{"@type":"ListItem","position":2,"name":"Boutique","item":"https:\/\/www.analoggwerz.com\/shop\/"},{"@type":"ListItem","position":3,"name":"\u00c9tui cuir Pentacon Six \u2013 Cuir noir vintage"}]},{"@type":"WebSite","@id":"https:\/\/www.analoggwerz.com\/#website","url":"https:\/\/www.analoggwerz.com\/","name":"Analog Gwerz","description":"Pas besoin de neuf pour capturer l&#039;instant !","publisher":{"@id":"https:\/\/www.analoggwerz.com\/#organization"},"potentialAction":[{"@type":"SearchAction","target":{"@type":"EntryPoint","urlTemplate":"https:\/\/www.analoggwerz.com\/?s={search_term_string}"},"query-input":{"@type":"PropertyValueSpecification","valueRequired":true,"valueName":"search_term_string"}}],"inLanguage":"en-US"},{"@type":"Organization","@id":"https:\/\/www.analoggwerz.com\/#organization","name":"Analog Gwerz","url":"https:\/\/www.analoggwerz.com\/","logo":{"@type":"ImageObject","inLanguage":"en-US","@id":"https:\/\/www.analoggwerz.com\/#\/schema\/logo\/image\/","url":"https:\/\/www.analoggwerz.com\/wp-content\/uploads\/2025\/10\/000-LOGO-ANALOG-GWERZ-NOIR-1.png","contentUrl":"https:\/\/www.analoggwerz.com\/wp-content\/uploads\/2025\/10\/000-LOGO-ANALOG-GWERZ-NOIR-1.png","width":800,"height":407,"caption":"Analog Gwerz"},"image":{"@id":"https:\/\/www.analoggwerz.com\/#\/schema\/logo\/image\/"},"sameAs":["https:\/\/www.instagram.com\/analog_gwerz\/","https:\/\/www.tiktok.com\/@analog_gwerz"]}]}},"jetpack_sharing_enabled":true,"_links":{"self":[{"href":"https:\/\/www.analoggwerz.com\/en\/wp-json\/wp\/v2\/product\/10285","targetHints":{"allow":["GET"]}}],"collection":[{"href":"https:\/\/www.analoggwerz.com\/en\/wp-json\/wp\/v2\/product"}],"about":[{"href":"https:\/\/www.analoggwerz.com\/en\/wp-json\/wp\/v2\/types\/product"}],"wp:featuredmedia":[{"embeddable":true,"href":"https:\/\/www.analoggwerz.com\/en\/wp-json\/wp\/v2\/media\/10283"}],"wp:attachment":[{"href":"https:\/\/www.analoggwerz.com\/en\/wp-json\/wp\/v2\/media?parent=10285"}],"wp:term":[{"taxonomy":"product_brand","embeddable":true,"href":"https:\/\/www.analoggwerz.com\/en\/wp-json\/wp\/v2\/product_brand?post=10285"},{"taxonomy":"product_cat","embeddable":true,"href":"https:\/\/www.analoggwerz.com\/en\/wp-json\/wp\/v2\/product_cat?post=10285"},{"taxonomy":"product_tag","embeddable":true,"href":"https:\/\/www.analoggwerz.com\/en\/wp-json\/wp\/v2\/product_tag?post=10285"}],"curies":[{"name":"wp","href":"https:\/\/api.w.org\/{rel}","templated":true}]}}