{"id":10190,"date":"2026-01-22T20:49:07","date_gmt":"2026-01-22T20:49:07","guid":{"rendered":"https:\/\/www.analoggwerz.com\/produit\/zoom-h4n-enregistreur-audio-pro-portable\/"},"modified":"2026-02-11T21:37:25","modified_gmt":"2026-02-11T21:37:25","slug":"zoom-h4n-enregistreur-audio-pro-portable","status":"publish","type":"product","link":"https:\/\/www.analoggwerz.com\/en\/product\/zoom-h4n-enregistreur-audio-pro-portable\/","title":{"rendered":"Zoom H4n \u2013 Enregistreur audio pro portable"},"content":{"rendered":"<p>Zoom H4n \u2013 Enregistreur audio pro portable<\/p>\n<p>Enregistreur st\u00e9r\u00e9o Zoom Handy H4n (mod\u00e8le 2009), micros X\/Y cardio\u00efdes interchangeables, 4 pistes simultan\u00e9es, audio haute r\u00e9s. 96 kHz\/24-bit WAV\/MP3, pr\u00e9amps XLR phantom 48V, interface USB.<\/p>\n<p>\u2022\tLCD monochrome r\u00e9tro\u00e9clair\u00e9, effets int\u00e9gr\u00e9s (reverb\/compression\/EQ), tuner, m\u00e9tronome, batterie 2 AA ~6h, SDHC incluse 2 Go, sortie casque\/line, pied tr\u00e9pied.<\/p>\n<p>\u2022\tDimensions compactes 178x100x30 mm, poids 294 g, bo\u00eetier m\u00e9tal\/plastique noir\/argent robuste, dragonne, parfait podcasts\/location son\/vid\u00e9os.<\/p>\n<p>\u2022\tExcellent \u00e9tat comme neuf : bo\u00eetier impeccable avec emballage original, micros propres, \u00e9cran net, boutons fluides, carte SD 2 Go incluse, test\u00e9.<\/p>","protected":false},"excerpt":{"rendered":"<p>Zoom H4n \u2013 Enregistreur audio pro portable Enregistreur st\u00e9r\u00e9o Zoom Handy H4n (mod\u00e8le 2009), micros X\/Y cardio\u00efdes interchangeables, 4 pistes simultan\u00e9es, audio haute r\u00e9s. 96 kHz\/24-bit WAV\/MP3, pr\u00e9amps XLR phantom 48V, interface USB. \u2022 LCD monochrome r\u00e9tro\u00e9clair\u00e9, effets int\u00e9gr\u00e9s (reverb\/compression\/EQ), tuner, m\u00e9tronome, batterie 2 AA ~6h, SDHC incluse 2 Go, sortie casque\/line, pied tr\u00e9pied. \u2022 [&hellip;]<\/p>\n","protected":false},"featured_media":10188,"template":"","meta":[],"product_brand":[],"product_cat":[2118,2119],"product_tag":[],"class_list":{"0":"post-10190","1":"product","2":"type-product","3":"status-publish","4":"has-post-thumbnail","6":"product_cat-audio","7":"product_cat-enregistreurs","9":"first","10":"outofstock","11":"purchasable","12":"product-type-simple"},"yoast_head":"<!-- This site is optimized with the Yoast SEO plugin v27.5 - https:\/\/yoast.com\/product\/yoast-seo-wordpress\/ -->\n<title>Zoom H4n \u2013 Enregistreur audio pro portable est disponible sur la boutique !<\/title>\n<meta name=\"description\" content=\"Cliquez ici pour d\u00e9couvrir Zoom H4n \u2013 Enregistreur audio pro portable sur la boutique.\" \/>\n<meta name=\"robots\" content=\"index, follow, max-snippet:-1, max-image-preview:large, max-video-preview:-1\" \/>\n<link rel=\"canonical\" href=\"https:\/\/www.analoggwerz.com\/en\/product\/zoom-h4n-enregistreur-audio-pro-portable\/\" \/>\n<meta property=\"og:locale\" content=\"en_US\" \/>\n<meta property=\"og:type\" content=\"article\" \/>\n<meta property=\"og:title\" content=\"Zoom H4n \u2013 Enregistreur audio pro portable est disponible sur la boutique !\" \/>\n<meta property=\"og:description\" content=\"Cliquez ici pour d\u00e9couvrir Zoom H4n \u2013 Enregistreur audio pro portable sur la boutique.\" \/>\n<meta property=\"og:url\" content=\"https:\/\/www.analoggwerz.com\/en\/product\/zoom-h4n-enregistreur-audio-pro-portable\/\" \/>\n<meta property=\"og:site_name\" content=\"Analog Gwerz\" \/>\n<meta property=\"article:modified_time\" content=\"2026-02-11T21:37:25+00:00\" \/>\n<meta property=\"og:image\" content=\"https:\/\/www.analoggwerz.com\/wp-content\/uploads\/2025\/04\/assets_task_01jra9s5ypffzbqebsyr432pm0_img_0.webp\" \/>\n\t<meta property=\"og:image:width\" content=\"1536\" \/>\n\t<meta property=\"og:image:height\" content=\"1024\" \/>\n\t<meta property=\"og:image:type\" content=\"image\/webp\" \/>\n<meta name=\"twitter:card\" content=\"summary_large_image\" \/>\n<meta name=\"twitter:label1\" content=\"Est. reading time\" \/>\n\t<meta name=\"twitter:data1\" content=\"1 minute\" \/>\n<script type=\"application\/ld+json\" class=\"yoast-schema-graph\">{\"@context\":\"https:\\\/\\\/schema.org\",\"@graph\":[{\"@type\":\"WebPage\",\"@id\":\"https:\\\/\\\/www.analoggwerz.com\\\/produit\\\/zoom-h4n-enregistreur-audio-pro-portable\\\/\",\"url\":\"https:\\\/\\\/www.analoggwerz.com\\\/produit\\\/zoom-h4n-enregistreur-audio-pro-portable\\\/\",\"name\":\"Zoom H4n \u2013 Enregistreur audio pro portable est disponible sur la boutique !\",\"isPartOf\":{\"@id\":\"https:\\\/\\\/www.analoggwerz.com\\\/#website\"},\"primaryImageOfPage\":{\"@id\":\"https:\\\/\\\/www.analoggwerz.com\\\/produit\\\/zoom-h4n-enregistreur-audio-pro-portable\\\/#primaryimage\"},\"image\":{\"@id\":\"https:\\\/\\\/www.analoggwerz.com\\\/produit\\\/zoom-h4n-enregistreur-audio-pro-portable\\\/#primaryimage\"},\"thumbnailUrl\":\"https:\\\/\\\/www.analoggwerz.com\\\/wp-content\\\/uploads\\\/2026\\\/01\\\/img_6301-scaled.jpeg\",\"datePublished\":\"2026-01-22T20:49:07+00:00\",\"dateModified\":\"2026-02-11T21:37:25+00:00\",\"description\":\"Cliquez ici pour d\u00e9couvrir Zoom H4n \u2013 Enregistreur audio pro portable sur la boutique.\",\"breadcrumb\":{\"@id\":\"https:\\\/\\\/www.analoggwerz.com\\\/produit\\\/zoom-h4n-enregistreur-audio-pro-portable\\\/#breadcrumb\"},\"inLanguage\":\"en-US\",\"potentialAction\":[{\"@type\":\"ReadAction\",\"target\":[\"https:\\\/\\\/www.analoggwerz.com\\\/produit\\\/zoom-h4n-enregistreur-audio-pro-portable\\\/\"]}]},{\"@type\":\"ImageObject\",\"inLanguage\":\"en-US\",\"@id\":\"https:\\\/\\\/www.analoggwerz.com\\\/produit\\\/zoom-h4n-enregistreur-audio-pro-portable\\\/#primaryimage\",\"url\":\"https:\\\/\\\/www.analoggwerz.com\\\/wp-content\\\/uploads\\\/2026\\\/01\\\/img_6301-scaled.jpeg\",\"contentUrl\":\"https:\\\/\\\/www.analoggwerz.com\\\/wp-content\\\/uploads\\\/2026\\\/01\\\/img_6301-scaled.jpeg\",\"width\":2560,\"height\":1920},{\"@type\":\"BreadcrumbList\",\"@id\":\"https:\\\/\\\/www.analoggwerz.com\\\/produit\\\/zoom-h4n-enregistreur-audio-pro-portable\\\/#breadcrumb\",\"itemListElement\":[{\"@type\":\"ListItem\",\"position\":1,\"name\":\"Accueil\",\"item\":\"https:\\\/\\\/www.analoggwerz.com\\\/\"},{\"@type\":\"ListItem\",\"position\":2,\"name\":\"Boutique\",\"item\":\"https:\\\/\\\/www.analoggwerz.com\\\/shop\\\/\"},{\"@type\":\"ListItem\",\"position\":3,\"name\":\"Zoom H4n \u2013 Enregistreur audio pro portable\"}]},{\"@type\":\"WebSite\",\"@id\":\"https:\\\/\\\/www.analoggwerz.com\\\/#website\",\"url\":\"https:\\\/\\\/www.analoggwerz.com\\\/\",\"name\":\"Analog Gwerz\",\"description\":\"Pas besoin de neuf pour capturer l&#039;instant !\",\"publisher\":{\"@id\":\"https:\\\/\\\/www.analoggwerz.com\\\/#organization\"},\"potentialAction\":[{\"@type\":\"SearchAction\",\"target\":{\"@type\":\"EntryPoint\",\"urlTemplate\":\"https:\\\/\\\/www.analoggwerz.com\\\/?s={search_term_string}\"},\"query-input\":{\"@type\":\"PropertyValueSpecification\",\"valueRequired\":true,\"valueName\":\"search_term_string\"}}],\"inLanguage\":\"en-US\"},{\"@type\":\"Organization\",\"@id\":\"https:\\\/\\\/www.analoggwerz.com\\\/#organization\",\"name\":\"Analog Gwerz\",\"url\":\"https:\\\/\\\/www.analoggwerz.com\\\/\",\"logo\":{\"@type\":\"ImageObject\",\"inLanguage\":\"en-US\",\"@id\":\"https:\\\/\\\/www.analoggwerz.com\\\/#\\\/schema\\\/logo\\\/image\\\/\",\"url\":\"https:\\\/\\\/www.analoggwerz.com\\\/wp-content\\\/uploads\\\/2025\\\/10\\\/000-LOGO-ANALOG-GWERZ-NOIR-1.png\",\"contentUrl\":\"https:\\\/\\\/www.analoggwerz.com\\\/wp-content\\\/uploads\\\/2025\\\/10\\\/000-LOGO-ANALOG-GWERZ-NOIR-1.png\",\"width\":800,\"height\":407,\"caption\":\"Analog Gwerz\"},\"image\":{\"@id\":\"https:\\\/\\\/www.analoggwerz.com\\\/#\\\/schema\\\/logo\\\/image\\\/\"},\"sameAs\":[\"https:\\\/\\\/www.instagram.com\\\/analog_gwerz\\\/\",\"https:\\\/\\\/www.tiktok.com\\\/@analog_gwerz\"]}]}<\/script>\n<!-- \/ Yoast SEO plugin. -->","yoast_head_json":{"title":"Zoom H4n \u2013 Enregistreur audio pro portable est disponible sur la boutique !","description":"Cliquez ici pour d\u00e9couvrir Zoom H4n \u2013 Enregistreur audio pro portable sur la boutique.","robots":{"index":"index","follow":"follow","max-snippet":"max-snippet:-1","max-image-preview":"max-image-preview:large","max-video-preview":"max-video-preview:-1"},"canonical":"https:\/\/www.analoggwerz.com\/en\/product\/zoom-h4n-enregistreur-audio-pro-portable\/","og_locale":"en_US","og_type":"article","og_title":"Zoom H4n \u2013 Enregistreur audio pro portable est disponible sur la boutique !","og_description":"Cliquez ici pour d\u00e9couvrir Zoom H4n \u2013 Enregistreur audio pro portable sur la boutique.","og_url":"https:\/\/www.analoggwerz.com\/en\/product\/zoom-h4n-enregistreur-audio-pro-portable\/","og_site_name":"Analog Gwerz","article_modified_time":"2026-02-11T21:37:25+00:00","og_image":[{"width":1536,"height":1024,"url":"https:\/\/www.analoggwerz.com\/wp-content\/uploads\/2025\/04\/assets_task_01jra9s5ypffzbqebsyr432pm0_img_0.webp","type":"image\/webp"}],"twitter_card":"summary_large_image","twitter_misc":{"Est. reading time":"1 minute"},"schema":{"@context":"https:\/\/schema.org","@graph":[{"@type":"WebPage","@id":"https:\/\/www.analoggwerz.com\/produit\/zoom-h4n-enregistreur-audio-pro-portable\/","url":"https:\/\/www.analoggwerz.com\/produit\/zoom-h4n-enregistreur-audio-pro-portable\/","name":"Zoom H4n \u2013 Enregistreur audio pro portable est disponible sur la boutique !","isPartOf":{"@id":"https:\/\/www.analoggwerz.com\/#website"},"primaryImageOfPage":{"@id":"https:\/\/www.analoggwerz.com\/produit\/zoom-h4n-enregistreur-audio-pro-portable\/#primaryimage"},"image":{"@id":"https:\/\/www.analoggwerz.com\/produit\/zoom-h4n-enregistreur-audio-pro-portable\/#primaryimage"},"thumbnailUrl":"https:\/\/www.analoggwerz.com\/wp-content\/uploads\/2026\/01\/img_6301-scaled.jpeg","datePublished":"2026-01-22T20:49:07+00:00","dateModified":"2026-02-11T21:37:25+00:00","description":"Cliquez ici pour d\u00e9couvrir Zoom H4n \u2013 Enregistreur audio pro portable sur la boutique.","breadcrumb":{"@id":"https:\/\/www.analoggwerz.com\/produit\/zoom-h4n-enregistreur-audio-pro-portable\/#breadcrumb"},"inLanguage":"en-US","potentialAction":[{"@type":"ReadAction","target":["https:\/\/www.analoggwerz.com\/produit\/zoom-h4n-enregistreur-audio-pro-portable\/"]}]},{"@type":"ImageObject","inLanguage":"en-US","@id":"https:\/\/www.analoggwerz.com\/produit\/zoom-h4n-enregistreur-audio-pro-portable\/#primaryimage","url":"https:\/\/www.analoggwerz.com\/wp-content\/uploads\/2026\/01\/img_6301-scaled.jpeg","contentUrl":"https:\/\/www.analoggwerz.com\/wp-content\/uploads\/2026\/01\/img_6301-scaled.jpeg","width":2560,"height":1920},{"@type":"BreadcrumbList","@id":"https:\/\/www.analoggwerz.com\/produit\/zoom-h4n-enregistreur-audio-pro-portable\/#breadcrumb","itemListElement":[{"@type":"ListItem","position":1,"name":"Accueil","item":"https:\/\/www.analoggwerz.com\/"},{"@type":"ListItem","position":2,"name":"Boutique","item":"https:\/\/www.analoggwerz.com\/shop\/"},{"@type":"ListItem","position":3,"name":"Zoom H4n \u2013 Enregistreur audio pro portable"}]},{"@type":"WebSite","@id":"https:\/\/www.analoggwerz.com\/#website","url":"https:\/\/www.analoggwerz.com\/","name":"Analog Gwerz","description":"Pas besoin de neuf pour capturer l&#039;instant !","publisher":{"@id":"https:\/\/www.analoggwerz.com\/#organization"},"potentialAction":[{"@type":"SearchAction","target":{"@type":"EntryPoint","urlTemplate":"https:\/\/www.analoggwerz.com\/?s={search_term_string}"},"query-input":{"@type":"PropertyValueSpecification","valueRequired":true,"valueName":"search_term_string"}}],"inLanguage":"en-US"},{"@type":"Organization","@id":"https:\/\/www.analoggwerz.com\/#organization","name":"Analog Gwerz","url":"https:\/\/www.analoggwerz.com\/","logo":{"@type":"ImageObject","inLanguage":"en-US","@id":"https:\/\/www.analoggwerz.com\/#\/schema\/logo\/image\/","url":"https:\/\/www.analoggwerz.com\/wp-content\/uploads\/2025\/10\/000-LOGO-ANALOG-GWERZ-NOIR-1.png","contentUrl":"https:\/\/www.analoggwerz.com\/wp-content\/uploads\/2025\/10\/000-LOGO-ANALOG-GWERZ-NOIR-1.png","width":800,"height":407,"caption":"Analog Gwerz"},"image":{"@id":"https:\/\/www.analoggwerz.com\/#\/schema\/logo\/image\/"},"sameAs":["https:\/\/www.instagram.com\/analog_gwerz\/","https:\/\/www.tiktok.com\/@analog_gwerz"]}]}},"jetpack_sharing_enabled":true,"_links":{"self":[{"href":"https:\/\/www.analoggwerz.com\/en\/wp-json\/wp\/v2\/product\/10190","targetHints":{"allow":["GET"]}}],"collection":[{"href":"https:\/\/www.analoggwerz.com\/en\/wp-json\/wp\/v2\/product"}],"about":[{"href":"https:\/\/www.analoggwerz.com\/en\/wp-json\/wp\/v2\/types\/product"}],"wp:featuredmedia":[{"embeddable":true,"href":"https:\/\/www.analoggwerz.com\/en\/wp-json\/wp\/v2\/media\/10188"}],"wp:attachment":[{"href":"https:\/\/www.analoggwerz.com\/en\/wp-json\/wp\/v2\/media?parent=10190"}],"wp:term":[{"taxonomy":"product_brand","embeddable":true,"href":"https:\/\/www.analoggwerz.com\/en\/wp-json\/wp\/v2\/product_brand?post=10190"},{"taxonomy":"product_cat","embeddable":true,"href":"https:\/\/www.analoggwerz.com\/en\/wp-json\/wp\/v2\/product_cat?post=10190"},{"taxonomy":"product_tag","embeddable":true,"href":"https:\/\/www.analoggwerz.com\/en\/wp-json\/wp\/v2\/product_tag?post=10190"}],"curies":[{"name":"wp","href":"https:\/\/api.w.org\/{rel}","templated":true}]}}