{"id":10185,"date":"2026-01-22T20:43:52","date_gmt":"2026-01-22T20:43:52","guid":{"rendered":"https:\/\/www.analoggwerz.com\/produit\/zoom-h2n-enregistreur-audio-portable\/"},"modified":"2026-04-04T13:24:52","modified_gmt":"2026-04-04T13:24:52","slug":"zoom-h2n-enregistreur-audio-portable","status":"publish","type":"product","link":"https:\/\/www.analoggwerz.com\/en\/product\/zoom-h2n-enregistreur-audio-portable\/","title":{"rendered":"Zoom H2n \u2013 Enregistreur audio portable"},"content":{"rendered":"<p>Zoom H2n \u2013 Enregistreur audio portable<\/p>\n<p>Enregistreur st\u00e9r\u00e9o portable Zoom H2n (mod\u00e8le 2010), micros 4 capsules XY\/ Mid-Side\/MS, modes 2\/4\/5 voies, audio jusqu\u2019\u00e0 96 kHz\/24-bit WAV\/MP3, LCD couleur 1,8\u201d, USB audio interface 2 entr\u00e9es.<\/p>\n<p>\u2022\tZoom 120 dB, pr\u00e9amps -55 dBu, phantom +2,5V pour micros ext., batterie 2 AA ~20h, SDHC jusqu\u2019\u00e0 32 Go, effets int\u00e9gr\u00e9 (compression\/EQ), tuner guitare.<\/p>\n<p>\u2022\tDimensions ultra-compactes 103x60x32 mm, poids 125 g, robuste plastique noir, ports micro jack\/USB 2.0, pied tr\u00e9pied, dragonne.<\/p>\n<p>\u2022\tExcellent \u00e9tat : bo\u00eetier propre sans chocs, micros grille intacte, \u00e9cran net fonctionnel, boutons fluides, batterie\/pile test\u00e9e.<\/p>","protected":false},"excerpt":{"rendered":"<p>Zoom H2n \u2013 Enregistreur audio portable Enregistreur st\u00e9r\u00e9o portable Zoom H2n (mod\u00e8le 2010), micros 4 capsules XY\/ Mid-Side\/MS, modes 2\/4\/5 voies, audio jusqu\u2019\u00e0 96 kHz\/24-bit WAV\/MP3, LCD couleur 1,8\u201d, USB audio interface 2 entr\u00e9es. \u2022 Zoom 120 dB, pr\u00e9amps -55 dBu, phantom +2,5V pour micros ext., batterie 2 AA ~20h, SDHC jusqu\u2019\u00e0 32 Go, effets [&hellip;]<\/p>\n","protected":false},"featured_media":10180,"template":"","meta":[],"product_brand":[],"product_cat":[2118,2119],"product_tag":[],"class_list":{"0":"post-10185","1":"product","2":"type-product","3":"status-publish","4":"has-post-thumbnail","6":"product_cat-audio","7":"product_cat-enregistreurs","9":"first","10":"outofstock","11":"purchasable","12":"product-type-simple"},"yoast_head":"<!-- This site is optimized with the Yoast SEO plugin v27.5 - https:\/\/yoast.com\/product\/yoast-seo-wordpress\/ -->\n<title>Zoom H2n \u2013 Enregistreur audio portable est disponible sur la boutique !<\/title>\n<meta name=\"description\" content=\"Cliquez ici pour d\u00e9couvrir Zoom H2n \u2013 Enregistreur audio portable sur la boutique.\" \/>\n<meta name=\"robots\" content=\"index, follow, max-snippet:-1, max-image-preview:large, max-video-preview:-1\" \/>\n<link rel=\"canonical\" href=\"https:\/\/www.analoggwerz.com\/en\/product\/zoom-h2n-enregistreur-audio-portable\/\" \/>\n<meta property=\"og:locale\" content=\"en_US\" \/>\n<meta property=\"og:type\" content=\"article\" \/>\n<meta property=\"og:title\" content=\"Zoom H2n \u2013 Enregistreur audio portable est disponible sur la boutique !\" \/>\n<meta property=\"og:description\" content=\"Cliquez ici pour d\u00e9couvrir Zoom H2n \u2013 Enregistreur audio portable sur la boutique.\" \/>\n<meta property=\"og:url\" content=\"https:\/\/www.analoggwerz.com\/en\/product\/zoom-h2n-enregistreur-audio-portable\/\" \/>\n<meta property=\"og:site_name\" content=\"Analog Gwerz\" \/>\n<meta property=\"article:modified_time\" content=\"2026-04-04T13:24:52+00:00\" \/>\n<meta property=\"og:image\" content=\"https:\/\/www.analoggwerz.com\/wp-content\/uploads\/2025\/04\/assets_task_01jra9s5ypffzbqebsyr432pm0_img_0.webp\" \/>\n\t<meta property=\"og:image:width\" content=\"1536\" \/>\n\t<meta property=\"og:image:height\" content=\"1024\" \/>\n\t<meta property=\"og:image:type\" content=\"image\/webp\" \/>\n<meta name=\"twitter:card\" content=\"summary_large_image\" \/>\n<script type=\"application\/ld+json\" class=\"yoast-schema-graph\">{\"@context\":\"https:\\\/\\\/schema.org\",\"@graph\":[{\"@type\":\"WebPage\",\"@id\":\"https:\\\/\\\/www.analoggwerz.com\\\/produit\\\/zoom-h2n-enregistreur-audio-portable\\\/\",\"url\":\"https:\\\/\\\/www.analoggwerz.com\\\/produit\\\/zoom-h2n-enregistreur-audio-portable\\\/\",\"name\":\"Zoom H2n \u2013 Enregistreur audio portable est disponible sur la boutique !\",\"isPartOf\":{\"@id\":\"https:\\\/\\\/www.analoggwerz.com\\\/#website\"},\"primaryImageOfPage\":{\"@id\":\"https:\\\/\\\/www.analoggwerz.com\\\/produit\\\/zoom-h2n-enregistreur-audio-portable\\\/#primaryimage\"},\"image\":{\"@id\":\"https:\\\/\\\/www.analoggwerz.com\\\/produit\\\/zoom-h2n-enregistreur-audio-portable\\\/#primaryimage\"},\"thumbnailUrl\":\"https:\\\/\\\/www.analoggwerz.com\\\/wp-content\\\/uploads\\\/2026\\\/01\\\/img_6296-scaled.jpeg\",\"datePublished\":\"2026-01-22T20:43:52+00:00\",\"dateModified\":\"2026-04-04T13:24:52+00:00\",\"description\":\"Cliquez ici pour d\u00e9couvrir Zoom H2n \u2013 Enregistreur audio portable sur la boutique.\",\"breadcrumb\":{\"@id\":\"https:\\\/\\\/www.analoggwerz.com\\\/produit\\\/zoom-h2n-enregistreur-audio-portable\\\/#breadcrumb\"},\"inLanguage\":\"en-US\",\"potentialAction\":[{\"@type\":\"ReadAction\",\"target\":[\"https:\\\/\\\/www.analoggwerz.com\\\/produit\\\/zoom-h2n-enregistreur-audio-portable\\\/\"]}]},{\"@type\":\"ImageObject\",\"inLanguage\":\"en-US\",\"@id\":\"https:\\\/\\\/www.analoggwerz.com\\\/produit\\\/zoom-h2n-enregistreur-audio-portable\\\/#primaryimage\",\"url\":\"https:\\\/\\\/www.analoggwerz.com\\\/wp-content\\\/uploads\\\/2026\\\/01\\\/img_6296-scaled.jpeg\",\"contentUrl\":\"https:\\\/\\\/www.analoggwerz.com\\\/wp-content\\\/uploads\\\/2026\\\/01\\\/img_6296-scaled.jpeg\",\"width\":2560,\"height\":1920},{\"@type\":\"BreadcrumbList\",\"@id\":\"https:\\\/\\\/www.analoggwerz.com\\\/produit\\\/zoom-h2n-enregistreur-audio-portable\\\/#breadcrumb\",\"itemListElement\":[{\"@type\":\"ListItem\",\"position\":1,\"name\":\"Accueil\",\"item\":\"https:\\\/\\\/www.analoggwerz.com\\\/\"},{\"@type\":\"ListItem\",\"position\":2,\"name\":\"Boutique\",\"item\":\"https:\\\/\\\/www.analoggwerz.com\\\/shop\\\/\"},{\"@type\":\"ListItem\",\"position\":3,\"name\":\"Zoom H2n \u2013 Enregistreur audio portable\"}]},{\"@type\":\"WebSite\",\"@id\":\"https:\\\/\\\/www.analoggwerz.com\\\/#website\",\"url\":\"https:\\\/\\\/www.analoggwerz.com\\\/\",\"name\":\"Analog Gwerz\",\"description\":\"Pas besoin de neuf pour capturer l&#039;instant !\",\"publisher\":{\"@id\":\"https:\\\/\\\/www.analoggwerz.com\\\/#organization\"},\"potentialAction\":[{\"@type\":\"SearchAction\",\"target\":{\"@type\":\"EntryPoint\",\"urlTemplate\":\"https:\\\/\\\/www.analoggwerz.com\\\/?s={search_term_string}\"},\"query-input\":{\"@type\":\"PropertyValueSpecification\",\"valueRequired\":true,\"valueName\":\"search_term_string\"}}],\"inLanguage\":\"en-US\"},{\"@type\":\"Organization\",\"@id\":\"https:\\\/\\\/www.analoggwerz.com\\\/#organization\",\"name\":\"Analog Gwerz\",\"url\":\"https:\\\/\\\/www.analoggwerz.com\\\/\",\"logo\":{\"@type\":\"ImageObject\",\"inLanguage\":\"en-US\",\"@id\":\"https:\\\/\\\/www.analoggwerz.com\\\/#\\\/schema\\\/logo\\\/image\\\/\",\"url\":\"https:\\\/\\\/www.analoggwerz.com\\\/wp-content\\\/uploads\\\/2025\\\/10\\\/000-LOGO-ANALOG-GWERZ-NOIR-1.png\",\"contentUrl\":\"https:\\\/\\\/www.analoggwerz.com\\\/wp-content\\\/uploads\\\/2025\\\/10\\\/000-LOGO-ANALOG-GWERZ-NOIR-1.png\",\"width\":800,\"height\":407,\"caption\":\"Analog Gwerz\"},\"image\":{\"@id\":\"https:\\\/\\\/www.analoggwerz.com\\\/#\\\/schema\\\/logo\\\/image\\\/\"},\"sameAs\":[\"https:\\\/\\\/www.instagram.com\\\/analog_gwerz\\\/\",\"https:\\\/\\\/www.tiktok.com\\\/@analog_gwerz\"]}]}<\/script>\n<!-- \/ Yoast SEO plugin. -->","yoast_head_json":{"title":"Zoom H2n \u2013 Enregistreur audio portable est disponible sur la boutique !","description":"Cliquez ici pour d\u00e9couvrir Zoom H2n \u2013 Enregistreur audio portable sur la boutique.","robots":{"index":"index","follow":"follow","max-snippet":"max-snippet:-1","max-image-preview":"max-image-preview:large","max-video-preview":"max-video-preview:-1"},"canonical":"https:\/\/www.analoggwerz.com\/en\/product\/zoom-h2n-enregistreur-audio-portable\/","og_locale":"en_US","og_type":"article","og_title":"Zoom H2n \u2013 Enregistreur audio portable est disponible sur la boutique !","og_description":"Cliquez ici pour d\u00e9couvrir Zoom H2n \u2013 Enregistreur audio portable sur la boutique.","og_url":"https:\/\/www.analoggwerz.com\/en\/product\/zoom-h2n-enregistreur-audio-portable\/","og_site_name":"Analog Gwerz","article_modified_time":"2026-04-04T13:24:52+00:00","og_image":[{"width":1536,"height":1024,"url":"https:\/\/www.analoggwerz.com\/wp-content\/uploads\/2025\/04\/assets_task_01jra9s5ypffzbqebsyr432pm0_img_0.webp","type":"image\/webp"}],"twitter_card":"summary_large_image","schema":{"@context":"https:\/\/schema.org","@graph":[{"@type":"WebPage","@id":"https:\/\/www.analoggwerz.com\/produit\/zoom-h2n-enregistreur-audio-portable\/","url":"https:\/\/www.analoggwerz.com\/produit\/zoom-h2n-enregistreur-audio-portable\/","name":"Zoom H2n \u2013 Enregistreur audio portable est disponible sur la boutique !","isPartOf":{"@id":"https:\/\/www.analoggwerz.com\/#website"},"primaryImageOfPage":{"@id":"https:\/\/www.analoggwerz.com\/produit\/zoom-h2n-enregistreur-audio-portable\/#primaryimage"},"image":{"@id":"https:\/\/www.analoggwerz.com\/produit\/zoom-h2n-enregistreur-audio-portable\/#primaryimage"},"thumbnailUrl":"https:\/\/www.analoggwerz.com\/wp-content\/uploads\/2026\/01\/img_6296-scaled.jpeg","datePublished":"2026-01-22T20:43:52+00:00","dateModified":"2026-04-04T13:24:52+00:00","description":"Cliquez ici pour d\u00e9couvrir Zoom H2n \u2013 Enregistreur audio portable sur la boutique.","breadcrumb":{"@id":"https:\/\/www.analoggwerz.com\/produit\/zoom-h2n-enregistreur-audio-portable\/#breadcrumb"},"inLanguage":"en-US","potentialAction":[{"@type":"ReadAction","target":["https:\/\/www.analoggwerz.com\/produit\/zoom-h2n-enregistreur-audio-portable\/"]}]},{"@type":"ImageObject","inLanguage":"en-US","@id":"https:\/\/www.analoggwerz.com\/produit\/zoom-h2n-enregistreur-audio-portable\/#primaryimage","url":"https:\/\/www.analoggwerz.com\/wp-content\/uploads\/2026\/01\/img_6296-scaled.jpeg","contentUrl":"https:\/\/www.analoggwerz.com\/wp-content\/uploads\/2026\/01\/img_6296-scaled.jpeg","width":2560,"height":1920},{"@type":"BreadcrumbList","@id":"https:\/\/www.analoggwerz.com\/produit\/zoom-h2n-enregistreur-audio-portable\/#breadcrumb","itemListElement":[{"@type":"ListItem","position":1,"name":"Accueil","item":"https:\/\/www.analoggwerz.com\/"},{"@type":"ListItem","position":2,"name":"Boutique","item":"https:\/\/www.analoggwerz.com\/shop\/"},{"@type":"ListItem","position":3,"name":"Zoom H2n \u2013 Enregistreur audio portable"}]},{"@type":"WebSite","@id":"https:\/\/www.analoggwerz.com\/#website","url":"https:\/\/www.analoggwerz.com\/","name":"Analog Gwerz","description":"Pas besoin de neuf pour capturer l&#039;instant !","publisher":{"@id":"https:\/\/www.analoggwerz.com\/#organization"},"potentialAction":[{"@type":"SearchAction","target":{"@type":"EntryPoint","urlTemplate":"https:\/\/www.analoggwerz.com\/?s={search_term_string}"},"query-input":{"@type":"PropertyValueSpecification","valueRequired":true,"valueName":"search_term_string"}}],"inLanguage":"en-US"},{"@type":"Organization","@id":"https:\/\/www.analoggwerz.com\/#organization","name":"Analog Gwerz","url":"https:\/\/www.analoggwerz.com\/","logo":{"@type":"ImageObject","inLanguage":"en-US","@id":"https:\/\/www.analoggwerz.com\/#\/schema\/logo\/image\/","url":"https:\/\/www.analoggwerz.com\/wp-content\/uploads\/2025\/10\/000-LOGO-ANALOG-GWERZ-NOIR-1.png","contentUrl":"https:\/\/www.analoggwerz.com\/wp-content\/uploads\/2025\/10\/000-LOGO-ANALOG-GWERZ-NOIR-1.png","width":800,"height":407,"caption":"Analog Gwerz"},"image":{"@id":"https:\/\/www.analoggwerz.com\/#\/schema\/logo\/image\/"},"sameAs":["https:\/\/www.instagram.com\/analog_gwerz\/","https:\/\/www.tiktok.com\/@analog_gwerz"]}]}},"jetpack_sharing_enabled":true,"_links":{"self":[{"href":"https:\/\/www.analoggwerz.com\/en\/wp-json\/wp\/v2\/product\/10185","targetHints":{"allow":["GET"]}}],"collection":[{"href":"https:\/\/www.analoggwerz.com\/en\/wp-json\/wp\/v2\/product"}],"about":[{"href":"https:\/\/www.analoggwerz.com\/en\/wp-json\/wp\/v2\/types\/product"}],"wp:featuredmedia":[{"embeddable":true,"href":"https:\/\/www.analoggwerz.com\/en\/wp-json\/wp\/v2\/media\/10180"}],"wp:attachment":[{"href":"https:\/\/www.analoggwerz.com\/en\/wp-json\/wp\/v2\/media?parent=10185"}],"wp:term":[{"taxonomy":"product_brand","embeddable":true,"href":"https:\/\/www.analoggwerz.com\/en\/wp-json\/wp\/v2\/product_brand?post=10185"},{"taxonomy":"product_cat","embeddable":true,"href":"https:\/\/www.analoggwerz.com\/en\/wp-json\/wp\/v2\/product_cat?post=10185"},{"taxonomy":"product_tag","embeddable":true,"href":"https:\/\/www.analoggwerz.com\/en\/wp-json\/wp\/v2\/product_tag?post=10185"}],"curies":[{"name":"wp","href":"https:\/\/api.w.org\/{rel}","templated":true}]}}