{"id":10139,"date":"2026-01-22T14:28:44","date_gmt":"2026-01-22T14:28:44","guid":{"rendered":"https:\/\/www.analoggwerz.com\/produit\/body-glove-sacoche-compact-numerique-noir\/"},"modified":"2026-04-12T12:26:34","modified_gmt":"2026-04-12T12:26:34","slug":"body-glove-sacoche-compact-numerique-noir","status":"publish","type":"product","link":"https:\/\/www.analoggwerz.com\/en\/product\/body-glove-sacoche-compact-numerique-noir\/","title":{"rendered":"Body Glove \u2013 Sacoche compact num\u00e9rique &#8211; Noir"},"content":{"rendered":"<p>Body Glove \u2013 Sacoche compact num\u00e9rique<\/p>\n<p>Sacoche Body Glove noir avec liser\u00e9s jaunes, con\u00e7ue pour compacts num\u00e9riques ou hybrides l\u00e9gers, style sportif et protection anti\u2011chocs pour sorties photo.<\/p>\n<p>\u2022\tN\u00e9opr\u00e8ne renforc\u00e9 avec coutures contrast\u00e9es, int\u00e9rieur matelass\u00e9 et doublure douce pour absorber les vibrations.<\/p>\n<p>\u2022\tOuverture zipp\u00e9e principale avec clip ceinture et bandouli\u00e8re r\u00e9glable pour un port \u00e0 la hanche ou en crossbody.<\/p>\n<p>\u2022\tPoche ext\u00e9rieure zipp\u00e9e pour accessoires (batterie, c\u00e2bles), format compact pour appareils jusqu\u2019\u00e0 12 cm de haut.<\/p>\n<p>\u2022\tExcellent \u00e9tat, logo intact et souple, parfaite pour prot\u00e9ger votre compact lors de voyages ou balades urbaines.<\/p>","protected":false},"excerpt":{"rendered":"<p>Body Glove \u2013 Sacoche compact num\u00e9rique Sacoche Body Glove noir avec liser\u00e9s jaunes, con\u00e7ue pour compacts num\u00e9riques ou hybrides l\u00e9gers, style sportif et protection anti\u2011chocs pour sorties photo. \u2022 N\u00e9opr\u00e8ne renforc\u00e9 avec coutures contrast\u00e9es, int\u00e9rieur matelass\u00e9 et doublure douce pour absorber les vibrations. \u2022 Ouverture zipp\u00e9e principale avec clip ceinture et bandouli\u00e8re r\u00e9glable pour un [&hellip;]<\/p>\n","protected":false},"featured_media":10138,"template":"","meta":[],"product_brand":[],"product_cat":[55,146,143],"product_tag":[],"class_list":{"0":"post-10139","1":"product","2":"type-product","3":"status-publish","4":"has-post-thumbnail","6":"product_cat-accessoires","7":"product_cat-etuis-sacoches-pour-compact-numerique","8":"product_cat-etuis-et-sacoches","10":"first","11":"instock","12":"purchasable","13":"product-type-simple"},"yoast_head":"<!-- This site is optimized with the Yoast SEO plugin v27.5 - https:\/\/yoast.com\/product\/yoast-seo-wordpress\/ -->\n<title>Body Glove \u2013 Sacoche compact num\u00e9rique - Noir est disponible sur la boutique !<\/title>\n<meta name=\"description\" content=\"Cliquez ici pour d\u00e9couvrir Body Glove \u2013 Sacoche compact num\u00e9rique - Noir sur la boutique.\" \/>\n<meta name=\"robots\" content=\"index, follow, max-snippet:-1, max-image-preview:large, max-video-preview:-1\" \/>\n<link rel=\"canonical\" href=\"https:\/\/www.analoggwerz.com\/en\/product\/body-glove-sacoche-compact-numerique-noir\/\" \/>\n<meta property=\"og:locale\" content=\"en_US\" \/>\n<meta property=\"og:type\" content=\"article\" \/>\n<meta property=\"og:title\" content=\"Body Glove \u2013 Sacoche compact num\u00e9rique - Noir est disponible sur la boutique !\" \/>\n<meta property=\"og:description\" content=\"Cliquez ici pour d\u00e9couvrir Body Glove \u2013 Sacoche compact num\u00e9rique - Noir sur la boutique.\" \/>\n<meta property=\"og:url\" content=\"https:\/\/www.analoggwerz.com\/en\/product\/body-glove-sacoche-compact-numerique-noir\/\" \/>\n<meta property=\"og:site_name\" content=\"Analog Gwerz\" \/>\n<meta property=\"article:modified_time\" content=\"2026-04-12T12:26:34+00:00\" \/>\n<meta property=\"og:image\" content=\"https:\/\/www.analoggwerz.com\/wp-content\/uploads\/2026\/01\/img_6262-scaled.jpeg\" \/>\n\t<meta property=\"og:image:width\" content=\"2560\" \/>\n\t<meta property=\"og:image:height\" content=\"1920\" \/>\n\t<meta property=\"og:image:type\" content=\"image\/jpeg\" \/>\n<meta name=\"twitter:card\" content=\"summary_large_image\" \/>\n<meta name=\"twitter:label1\" content=\"Est. reading time\" \/>\n\t<meta name=\"twitter:data1\" content=\"1 minute\" \/>\n<script type=\"application\/ld+json\" class=\"yoast-schema-graph\">{\"@context\":\"https:\\\/\\\/schema.org\",\"@graph\":[{\"@type\":\"WebPage\",\"@id\":\"https:\\\/\\\/www.analoggwerz.com\\\/produit\\\/body-glove-sacoche-compact-numerique-noir\\\/\",\"url\":\"https:\\\/\\\/www.analoggwerz.com\\\/produit\\\/body-glove-sacoche-compact-numerique-noir\\\/\",\"name\":\"Body Glove \u2013 Sacoche compact num\u00e9rique - Noir est disponible sur la boutique !\",\"isPartOf\":{\"@id\":\"https:\\\/\\\/www.analoggwerz.com\\\/#website\"},\"primaryImageOfPage\":{\"@id\":\"https:\\\/\\\/www.analoggwerz.com\\\/produit\\\/body-glove-sacoche-compact-numerique-noir\\\/#primaryimage\"},\"image\":{\"@id\":\"https:\\\/\\\/www.analoggwerz.com\\\/produit\\\/body-glove-sacoche-compact-numerique-noir\\\/#primaryimage\"},\"thumbnailUrl\":\"https:\\\/\\\/www.analoggwerz.com\\\/wp-content\\\/uploads\\\/2026\\\/01\\\/img_6262-scaled.jpeg\",\"datePublished\":\"2026-01-22T14:28:44+00:00\",\"dateModified\":\"2026-04-12T12:26:34+00:00\",\"description\":\"Cliquez ici pour d\u00e9couvrir Body Glove \u2013 Sacoche compact num\u00e9rique - Noir sur la boutique.\",\"breadcrumb\":{\"@id\":\"https:\\\/\\\/www.analoggwerz.com\\\/produit\\\/body-glove-sacoche-compact-numerique-noir\\\/#breadcrumb\"},\"inLanguage\":\"en-US\",\"potentialAction\":[{\"@type\":\"ReadAction\",\"target\":[\"https:\\\/\\\/www.analoggwerz.com\\\/produit\\\/body-glove-sacoche-compact-numerique-noir\\\/\"]}]},{\"@type\":\"ImageObject\",\"inLanguage\":\"en-US\",\"@id\":\"https:\\\/\\\/www.analoggwerz.com\\\/produit\\\/body-glove-sacoche-compact-numerique-noir\\\/#primaryimage\",\"url\":\"https:\\\/\\\/www.analoggwerz.com\\\/wp-content\\\/uploads\\\/2026\\\/01\\\/img_6262-scaled.jpeg\",\"contentUrl\":\"https:\\\/\\\/www.analoggwerz.com\\\/wp-content\\\/uploads\\\/2026\\\/01\\\/img_6262-scaled.jpeg\",\"width\":2560,\"height\":1920},{\"@type\":\"BreadcrumbList\",\"@id\":\"https:\\\/\\\/www.analoggwerz.com\\\/produit\\\/body-glove-sacoche-compact-numerique-noir\\\/#breadcrumb\",\"itemListElement\":[{\"@type\":\"ListItem\",\"position\":1,\"name\":\"Accueil\",\"item\":\"https:\\\/\\\/www.analoggwerz.com\\\/\"},{\"@type\":\"ListItem\",\"position\":2,\"name\":\"Boutique\",\"item\":\"https:\\\/\\\/www.analoggwerz.com\\\/shop\\\/\"},{\"@type\":\"ListItem\",\"position\":3,\"name\":\"Body Glove \u2013 Sacoche compact num\u00e9rique &#8211; Noir\"}]},{\"@type\":\"WebSite\",\"@id\":\"https:\\\/\\\/www.analoggwerz.com\\\/#website\",\"url\":\"https:\\\/\\\/www.analoggwerz.com\\\/\",\"name\":\"Analog Gwerz\",\"description\":\"Pas besoin de neuf pour capturer l&#039;instant !\",\"publisher\":{\"@id\":\"https:\\\/\\\/www.analoggwerz.com\\\/#organization\"},\"potentialAction\":[{\"@type\":\"SearchAction\",\"target\":{\"@type\":\"EntryPoint\",\"urlTemplate\":\"https:\\\/\\\/www.analoggwerz.com\\\/?s={search_term_string}\"},\"query-input\":{\"@type\":\"PropertyValueSpecification\",\"valueRequired\":true,\"valueName\":\"search_term_string\"}}],\"inLanguage\":\"en-US\"},{\"@type\":\"Organization\",\"@id\":\"https:\\\/\\\/www.analoggwerz.com\\\/#organization\",\"name\":\"Analog Gwerz\",\"url\":\"https:\\\/\\\/www.analoggwerz.com\\\/\",\"logo\":{\"@type\":\"ImageObject\",\"inLanguage\":\"en-US\",\"@id\":\"https:\\\/\\\/www.analoggwerz.com\\\/#\\\/schema\\\/logo\\\/image\\\/\",\"url\":\"https:\\\/\\\/www.analoggwerz.com\\\/wp-content\\\/uploads\\\/2025\\\/10\\\/000-LOGO-ANALOG-GWERZ-NOIR-1.png\",\"contentUrl\":\"https:\\\/\\\/www.analoggwerz.com\\\/wp-content\\\/uploads\\\/2025\\\/10\\\/000-LOGO-ANALOG-GWERZ-NOIR-1.png\",\"width\":800,\"height\":407,\"caption\":\"Analog Gwerz\"},\"image\":{\"@id\":\"https:\\\/\\\/www.analoggwerz.com\\\/#\\\/schema\\\/logo\\\/image\\\/\"},\"sameAs\":[\"https:\\\/\\\/www.instagram.com\\\/analog_gwerz\\\/\",\"https:\\\/\\\/www.tiktok.com\\\/@analog_gwerz\"]}]}<\/script>\n<!-- \/ Yoast SEO plugin. -->","yoast_head_json":{"title":"Body Glove \u2013 Sacoche compact num\u00e9rique - Noir est disponible sur la boutique !","description":"Cliquez ici pour d\u00e9couvrir Body Glove \u2013 Sacoche compact num\u00e9rique - Noir sur la boutique.","robots":{"index":"index","follow":"follow","max-snippet":"max-snippet:-1","max-image-preview":"max-image-preview:large","max-video-preview":"max-video-preview:-1"},"canonical":"https:\/\/www.analoggwerz.com\/en\/product\/body-glove-sacoche-compact-numerique-noir\/","og_locale":"en_US","og_type":"article","og_title":"Body Glove \u2013 Sacoche compact num\u00e9rique - Noir est disponible sur la boutique !","og_description":"Cliquez ici pour d\u00e9couvrir Body Glove \u2013 Sacoche compact num\u00e9rique - Noir sur la boutique.","og_url":"https:\/\/www.analoggwerz.com\/en\/product\/body-glove-sacoche-compact-numerique-noir\/","og_site_name":"Analog Gwerz","article_modified_time":"2026-04-12T12:26:34+00:00","og_image":[{"width":2560,"height":1920,"url":"https:\/\/www.analoggwerz.com\/wp-content\/uploads\/2026\/01\/img_6262-scaled.jpeg","type":"image\/jpeg"}],"twitter_card":"summary_large_image","twitter_misc":{"Est. reading time":"1 minute"},"schema":{"@context":"https:\/\/schema.org","@graph":[{"@type":"WebPage","@id":"https:\/\/www.analoggwerz.com\/produit\/body-glove-sacoche-compact-numerique-noir\/","url":"https:\/\/www.analoggwerz.com\/produit\/body-glove-sacoche-compact-numerique-noir\/","name":"Body Glove \u2013 Sacoche compact num\u00e9rique - Noir est disponible sur la boutique !","isPartOf":{"@id":"https:\/\/www.analoggwerz.com\/#website"},"primaryImageOfPage":{"@id":"https:\/\/www.analoggwerz.com\/produit\/body-glove-sacoche-compact-numerique-noir\/#primaryimage"},"image":{"@id":"https:\/\/www.analoggwerz.com\/produit\/body-glove-sacoche-compact-numerique-noir\/#primaryimage"},"thumbnailUrl":"https:\/\/www.analoggwerz.com\/wp-content\/uploads\/2026\/01\/img_6262-scaled.jpeg","datePublished":"2026-01-22T14:28:44+00:00","dateModified":"2026-04-12T12:26:34+00:00","description":"Cliquez ici pour d\u00e9couvrir Body Glove \u2013 Sacoche compact num\u00e9rique - Noir sur la boutique.","breadcrumb":{"@id":"https:\/\/www.analoggwerz.com\/produit\/body-glove-sacoche-compact-numerique-noir\/#breadcrumb"},"inLanguage":"en-US","potentialAction":[{"@type":"ReadAction","target":["https:\/\/www.analoggwerz.com\/produit\/body-glove-sacoche-compact-numerique-noir\/"]}]},{"@type":"ImageObject","inLanguage":"en-US","@id":"https:\/\/www.analoggwerz.com\/produit\/body-glove-sacoche-compact-numerique-noir\/#primaryimage","url":"https:\/\/www.analoggwerz.com\/wp-content\/uploads\/2026\/01\/img_6262-scaled.jpeg","contentUrl":"https:\/\/www.analoggwerz.com\/wp-content\/uploads\/2026\/01\/img_6262-scaled.jpeg","width":2560,"height":1920},{"@type":"BreadcrumbList","@id":"https:\/\/www.analoggwerz.com\/produit\/body-glove-sacoche-compact-numerique-noir\/#breadcrumb","itemListElement":[{"@type":"ListItem","position":1,"name":"Accueil","item":"https:\/\/www.analoggwerz.com\/"},{"@type":"ListItem","position":2,"name":"Boutique","item":"https:\/\/www.analoggwerz.com\/shop\/"},{"@type":"ListItem","position":3,"name":"Body Glove \u2013 Sacoche compact num\u00e9rique &#8211; Noir"}]},{"@type":"WebSite","@id":"https:\/\/www.analoggwerz.com\/#website","url":"https:\/\/www.analoggwerz.com\/","name":"Analog Gwerz","description":"Pas besoin de neuf pour capturer l&#039;instant !","publisher":{"@id":"https:\/\/www.analoggwerz.com\/#organization"},"potentialAction":[{"@type":"SearchAction","target":{"@type":"EntryPoint","urlTemplate":"https:\/\/www.analoggwerz.com\/?s={search_term_string}"},"query-input":{"@type":"PropertyValueSpecification","valueRequired":true,"valueName":"search_term_string"}}],"inLanguage":"en-US"},{"@type":"Organization","@id":"https:\/\/www.analoggwerz.com\/#organization","name":"Analog Gwerz","url":"https:\/\/www.analoggwerz.com\/","logo":{"@type":"ImageObject","inLanguage":"en-US","@id":"https:\/\/www.analoggwerz.com\/#\/schema\/logo\/image\/","url":"https:\/\/www.analoggwerz.com\/wp-content\/uploads\/2025\/10\/000-LOGO-ANALOG-GWERZ-NOIR-1.png","contentUrl":"https:\/\/www.analoggwerz.com\/wp-content\/uploads\/2025\/10\/000-LOGO-ANALOG-GWERZ-NOIR-1.png","width":800,"height":407,"caption":"Analog Gwerz"},"image":{"@id":"https:\/\/www.analoggwerz.com\/#\/schema\/logo\/image\/"},"sameAs":["https:\/\/www.instagram.com\/analog_gwerz\/","https:\/\/www.tiktok.com\/@analog_gwerz"]}]}},"jetpack_sharing_enabled":true,"_links":{"self":[{"href":"https:\/\/www.analoggwerz.com\/en\/wp-json\/wp\/v2\/product\/10139","targetHints":{"allow":["GET"]}}],"collection":[{"href":"https:\/\/www.analoggwerz.com\/en\/wp-json\/wp\/v2\/product"}],"about":[{"href":"https:\/\/www.analoggwerz.com\/en\/wp-json\/wp\/v2\/types\/product"}],"wp:featuredmedia":[{"embeddable":true,"href":"https:\/\/www.analoggwerz.com\/en\/wp-json\/wp\/v2\/media\/10138"}],"wp:attachment":[{"href":"https:\/\/www.analoggwerz.com\/en\/wp-json\/wp\/v2\/media?parent=10139"}],"wp:term":[{"taxonomy":"product_brand","embeddable":true,"href":"https:\/\/www.analoggwerz.com\/en\/wp-json\/wp\/v2\/product_brand?post=10139"},{"taxonomy":"product_cat","embeddable":true,"href":"https:\/\/www.analoggwerz.com\/en\/wp-json\/wp\/v2\/product_cat?post=10139"},{"taxonomy":"product_tag","embeddable":true,"href":"https:\/\/www.analoggwerz.com\/en\/wp-json\/wp\/v2\/product_tag?post=10139"}],"curies":[{"name":"wp","href":"https:\/\/api.w.org\/{rel}","templated":true}]}}