{"id":10117,"date":"2026-01-21T22:06:24","date_gmt":"2026-01-21T22:06:24","guid":{"rendered":"https:\/\/www.analoggwerz.com\/produit\/canon-ef-s-18-55-mm-f-35-56-is-ii-noir\/"},"modified":"2026-02-19T20:29:26","modified_gmt":"2026-02-19T20:29:26","slug":"canon-ef-s-18-55-mm-f-35-56-is-ii-noir","status":"publish","type":"product","link":"https:\/\/www.analoggwerz.com\/en\/product\/canon-ef-s-18-55-mm-f-35-56-is-ii-noir\/","title":{"rendered":"Canon EF\u2011S 18\u201155 mm f\/3,5\u20115,6 IS II \u2013 Noir"},"content":{"rendered":"<p>Canon EF\u2011S 18\u201155 mm f\/3,5\u20115,6 IS II \u2013 Zoom standard<\/p>\n<p>Objectif Canon EF\u2011S 18\u201155 mm f\/3,5\u20115,6 IS II pour bo\u00eetiers APS\u2011C, stabilisation d\u2019image int\u00e9gr\u00e9e, id\u00e9al comme premier objectif polyvalent pour d\u00e9buter en photo.<\/p>\n<p>\u2022\tZoom standard couvrant grand\u2011angle (18 mm) \u00e0 normal (55 mm), \u00e9quivalent 29\u201188 mm sur plein format, parfait pour paysages, portraits et tous les jours.<\/p>\n<p>\u2022\tStabilisation optique IS II permettant 4 stops de gain pour des photos nettes \u00e0 main lev\u00e9e m\u00eame en faible lumi\u00e8re.<\/p>\n<p>\u2022\tConstruction compacte et l\u00e9g\u00e8re (205 g), bague de zoom fluide et motorisation STM pour un autofocus silencieux en vid\u00e9o.<\/p>\n<p>\u2022\tDiam\u00e8tre filtre 58 mm, lentilles asph\u00e9riques pour minimiser les aberrations, en excellent \u00e9tat d\u2019apr\u00e8s les photos.<\/p>","protected":false},"excerpt":{"rendered":"<p>Canon EF\u2011S 18\u201155 mm f\/3,5\u20115,6 IS II \u2013 Zoom standard Objectif Canon EF\u2011S 18\u201155 mm f\/3,5\u20115,6 IS II pour bo\u00eetiers APS\u2011C, stabilisation d\u2019image int\u00e9gr\u00e9e, id\u00e9al comme premier objectif polyvalent pour d\u00e9buter en photo. \u2022 Zoom standard couvrant grand\u2011angle (18 mm) \u00e0 normal (55 mm), \u00e9quivalent 29\u201188 mm sur plein format, parfait pour paysages, portraits et [&hellip;]<\/p>\n","protected":false},"featured_media":10114,"template":"","meta":[],"product_brand":[],"product_cat":[57,175],"product_tag":[],"class_list":{"0":"post-10117","1":"product","2":"type-product","3":"status-publish","4":"has-post-thumbnail","6":"product_cat-objectifs","7":"product_cat-objectifs-a-zoom","9":"first","10":"outofstock","11":"purchasable","12":"product-type-simple"},"yoast_head":"<!-- This site is optimized with the Yoast SEO plugin v27.5 - https:\/\/yoast.com\/product\/yoast-seo-wordpress\/ -->\n<title>Canon EF\u2011S 18\u201155 mm f\/3,5\u20115,6 IS II \u2013 Noir est disponible sur la boutique !<\/title>\n<meta name=\"description\" content=\"Cliquez ici pour d\u00e9couvrir Canon EF\u2011S 18\u201155 mm f\/3,5\u20115,6 IS II \u2013 Noir sur la boutique.\" \/>\n<meta name=\"robots\" content=\"index, follow, max-snippet:-1, max-image-preview:large, max-video-preview:-1\" \/>\n<link rel=\"canonical\" href=\"https:\/\/www.analoggwerz.com\/en\/product\/canon-ef-s-18-55-mm-f-35-56-is-ii-noir\/\" \/>\n<meta property=\"og:locale\" content=\"en_US\" \/>\n<meta property=\"og:type\" content=\"article\" \/>\n<meta property=\"og:title\" content=\"Canon EF\u2011S 18\u201155 mm f\/3,5\u20115,6 IS II \u2013 Noir est disponible sur la boutique !\" \/>\n<meta property=\"og:description\" content=\"Cliquez ici pour d\u00e9couvrir Canon EF\u2011S 18\u201155 mm f\/3,5\u20115,6 IS II \u2013 Noir sur la boutique.\" \/>\n<meta property=\"og:url\" content=\"https:\/\/www.analoggwerz.com\/en\/product\/canon-ef-s-18-55-mm-f-35-56-is-ii-noir\/\" \/>\n<meta property=\"og:site_name\" content=\"Analog Gwerz\" \/>\n<meta property=\"article:modified_time\" content=\"2026-02-19T20:29:26+00:00\" \/>\n<meta property=\"og:image\" content=\"https:\/\/www.analoggwerz.com\/wp-content\/uploads\/2025\/04\/assets_task_01jra9s5ypffzbqebsyr432pm0_img_0.webp\" \/>\n\t<meta property=\"og:image:width\" content=\"1536\" \/>\n\t<meta property=\"og:image:height\" content=\"1024\" \/>\n\t<meta property=\"og:image:type\" content=\"image\/webp\" \/>\n<meta name=\"twitter:card\" content=\"summary_large_image\" \/>\n<meta name=\"twitter:label1\" content=\"Est. reading time\" \/>\n\t<meta name=\"twitter:data1\" content=\"1 minute\" \/>\n<script type=\"application\/ld+json\" class=\"yoast-schema-graph\">{\"@context\":\"https:\\\/\\\/schema.org\",\"@graph\":[{\"@type\":\"WebPage\",\"@id\":\"https:\\\/\\\/www.analoggwerz.com\\\/produit\\\/canon-ef-s-18-55-mm-f-35-56-is-ii-noir\\\/\",\"url\":\"https:\\\/\\\/www.analoggwerz.com\\\/produit\\\/canon-ef-s-18-55-mm-f-35-56-is-ii-noir\\\/\",\"name\":\"Canon EF\u2011S 18\u201155 mm f\\\/3,5\u20115,6 IS II \u2013 Noir est disponible sur la boutique !\",\"isPartOf\":{\"@id\":\"https:\\\/\\\/www.analoggwerz.com\\\/#website\"},\"primaryImageOfPage\":{\"@id\":\"https:\\\/\\\/www.analoggwerz.com\\\/produit\\\/canon-ef-s-18-55-mm-f-35-56-is-ii-noir\\\/#primaryimage\"},\"image\":{\"@id\":\"https:\\\/\\\/www.analoggwerz.com\\\/produit\\\/canon-ef-s-18-55-mm-f-35-56-is-ii-noir\\\/#primaryimage\"},\"thumbnailUrl\":\"https:\\\/\\\/www.analoggwerz.com\\\/wp-content\\\/uploads\\\/2026\\\/01\\\/img_6219-scaled.jpeg\",\"datePublished\":\"2026-01-21T22:06:24+00:00\",\"dateModified\":\"2026-02-19T20:29:26+00:00\",\"description\":\"Cliquez ici pour d\u00e9couvrir Canon EF\u2011S 18\u201155 mm f\\\/3,5\u20115,6 IS II \u2013 Noir sur la boutique.\",\"breadcrumb\":{\"@id\":\"https:\\\/\\\/www.analoggwerz.com\\\/produit\\\/canon-ef-s-18-55-mm-f-35-56-is-ii-noir\\\/#breadcrumb\"},\"inLanguage\":\"en-US\",\"potentialAction\":[{\"@type\":\"ReadAction\",\"target\":[\"https:\\\/\\\/www.analoggwerz.com\\\/produit\\\/canon-ef-s-18-55-mm-f-35-56-is-ii-noir\\\/\"]}]},{\"@type\":\"ImageObject\",\"inLanguage\":\"en-US\",\"@id\":\"https:\\\/\\\/www.analoggwerz.com\\\/produit\\\/canon-ef-s-18-55-mm-f-35-56-is-ii-noir\\\/#primaryimage\",\"url\":\"https:\\\/\\\/www.analoggwerz.com\\\/wp-content\\\/uploads\\\/2026\\\/01\\\/img_6219-scaled.jpeg\",\"contentUrl\":\"https:\\\/\\\/www.analoggwerz.com\\\/wp-content\\\/uploads\\\/2026\\\/01\\\/img_6219-scaled.jpeg\",\"width\":2560,\"height\":1920},{\"@type\":\"BreadcrumbList\",\"@id\":\"https:\\\/\\\/www.analoggwerz.com\\\/produit\\\/canon-ef-s-18-55-mm-f-35-56-is-ii-noir\\\/#breadcrumb\",\"itemListElement\":[{\"@type\":\"ListItem\",\"position\":1,\"name\":\"Accueil\",\"item\":\"https:\\\/\\\/www.analoggwerz.com\\\/\"},{\"@type\":\"ListItem\",\"position\":2,\"name\":\"Boutique\",\"item\":\"https:\\\/\\\/www.analoggwerz.com\\\/shop\\\/\"},{\"@type\":\"ListItem\",\"position\":3,\"name\":\"Canon EF\u2011S 18\u201155 mm f\\\/3,5\u20115,6 IS II \u2013 Noir\"}]},{\"@type\":\"WebSite\",\"@id\":\"https:\\\/\\\/www.analoggwerz.com\\\/#website\",\"url\":\"https:\\\/\\\/www.analoggwerz.com\\\/\",\"name\":\"Analog Gwerz\",\"description\":\"Pas besoin de neuf pour capturer l&#039;instant !\",\"publisher\":{\"@id\":\"https:\\\/\\\/www.analoggwerz.com\\\/#organization\"},\"potentialAction\":[{\"@type\":\"SearchAction\",\"target\":{\"@type\":\"EntryPoint\",\"urlTemplate\":\"https:\\\/\\\/www.analoggwerz.com\\\/?s={search_term_string}\"},\"query-input\":{\"@type\":\"PropertyValueSpecification\",\"valueRequired\":true,\"valueName\":\"search_term_string\"}}],\"inLanguage\":\"en-US\"},{\"@type\":\"Organization\",\"@id\":\"https:\\\/\\\/www.analoggwerz.com\\\/#organization\",\"name\":\"Analog Gwerz\",\"url\":\"https:\\\/\\\/www.analoggwerz.com\\\/\",\"logo\":{\"@type\":\"ImageObject\",\"inLanguage\":\"en-US\",\"@id\":\"https:\\\/\\\/www.analoggwerz.com\\\/#\\\/schema\\\/logo\\\/image\\\/\",\"url\":\"https:\\\/\\\/www.analoggwerz.com\\\/wp-content\\\/uploads\\\/2025\\\/10\\\/000-LOGO-ANALOG-GWERZ-NOIR-1.png\",\"contentUrl\":\"https:\\\/\\\/www.analoggwerz.com\\\/wp-content\\\/uploads\\\/2025\\\/10\\\/000-LOGO-ANALOG-GWERZ-NOIR-1.png\",\"width\":800,\"height\":407,\"caption\":\"Analog Gwerz\"},\"image\":{\"@id\":\"https:\\\/\\\/www.analoggwerz.com\\\/#\\\/schema\\\/logo\\\/image\\\/\"},\"sameAs\":[\"https:\\\/\\\/www.instagram.com\\\/analog_gwerz\\\/\",\"https:\\\/\\\/www.tiktok.com\\\/@analog_gwerz\"]}]}<\/script>\n<!-- \/ Yoast SEO plugin. -->","yoast_head_json":{"title":"Canon EF\u2011S 18\u201155 mm f\/3,5\u20115,6 IS II \u2013 Noir est disponible sur la boutique !","description":"Cliquez ici pour d\u00e9couvrir Canon EF\u2011S 18\u201155 mm f\/3,5\u20115,6 IS II \u2013 Noir sur la boutique.","robots":{"index":"index","follow":"follow","max-snippet":"max-snippet:-1","max-image-preview":"max-image-preview:large","max-video-preview":"max-video-preview:-1"},"canonical":"https:\/\/www.analoggwerz.com\/en\/product\/canon-ef-s-18-55-mm-f-35-56-is-ii-noir\/","og_locale":"en_US","og_type":"article","og_title":"Canon EF\u2011S 18\u201155 mm f\/3,5\u20115,6 IS II \u2013 Noir est disponible sur la boutique !","og_description":"Cliquez ici pour d\u00e9couvrir Canon EF\u2011S 18\u201155 mm f\/3,5\u20115,6 IS II \u2013 Noir sur la boutique.","og_url":"https:\/\/www.analoggwerz.com\/en\/product\/canon-ef-s-18-55-mm-f-35-56-is-ii-noir\/","og_site_name":"Analog Gwerz","article_modified_time":"2026-02-19T20:29:26+00:00","og_image":[{"width":1536,"height":1024,"url":"https:\/\/www.analoggwerz.com\/wp-content\/uploads\/2025\/04\/assets_task_01jra9s5ypffzbqebsyr432pm0_img_0.webp","type":"image\/webp"}],"twitter_card":"summary_large_image","twitter_misc":{"Est. reading time":"1 minute"},"schema":{"@context":"https:\/\/schema.org","@graph":[{"@type":"WebPage","@id":"https:\/\/www.analoggwerz.com\/produit\/canon-ef-s-18-55-mm-f-35-56-is-ii-noir\/","url":"https:\/\/www.analoggwerz.com\/produit\/canon-ef-s-18-55-mm-f-35-56-is-ii-noir\/","name":"Canon EF\u2011S 18\u201155 mm f\/3,5\u20115,6 IS II \u2013 Noir est disponible sur la boutique !","isPartOf":{"@id":"https:\/\/www.analoggwerz.com\/#website"},"primaryImageOfPage":{"@id":"https:\/\/www.analoggwerz.com\/produit\/canon-ef-s-18-55-mm-f-35-56-is-ii-noir\/#primaryimage"},"image":{"@id":"https:\/\/www.analoggwerz.com\/produit\/canon-ef-s-18-55-mm-f-35-56-is-ii-noir\/#primaryimage"},"thumbnailUrl":"https:\/\/www.analoggwerz.com\/wp-content\/uploads\/2026\/01\/img_6219-scaled.jpeg","datePublished":"2026-01-21T22:06:24+00:00","dateModified":"2026-02-19T20:29:26+00:00","description":"Cliquez ici pour d\u00e9couvrir Canon EF\u2011S 18\u201155 mm f\/3,5\u20115,6 IS II \u2013 Noir sur la boutique.","breadcrumb":{"@id":"https:\/\/www.analoggwerz.com\/produit\/canon-ef-s-18-55-mm-f-35-56-is-ii-noir\/#breadcrumb"},"inLanguage":"en-US","potentialAction":[{"@type":"ReadAction","target":["https:\/\/www.analoggwerz.com\/produit\/canon-ef-s-18-55-mm-f-35-56-is-ii-noir\/"]}]},{"@type":"ImageObject","inLanguage":"en-US","@id":"https:\/\/www.analoggwerz.com\/produit\/canon-ef-s-18-55-mm-f-35-56-is-ii-noir\/#primaryimage","url":"https:\/\/www.analoggwerz.com\/wp-content\/uploads\/2026\/01\/img_6219-scaled.jpeg","contentUrl":"https:\/\/www.analoggwerz.com\/wp-content\/uploads\/2026\/01\/img_6219-scaled.jpeg","width":2560,"height":1920},{"@type":"BreadcrumbList","@id":"https:\/\/www.analoggwerz.com\/produit\/canon-ef-s-18-55-mm-f-35-56-is-ii-noir\/#breadcrumb","itemListElement":[{"@type":"ListItem","position":1,"name":"Accueil","item":"https:\/\/www.analoggwerz.com\/"},{"@type":"ListItem","position":2,"name":"Boutique","item":"https:\/\/www.analoggwerz.com\/shop\/"},{"@type":"ListItem","position":3,"name":"Canon EF\u2011S 18\u201155 mm f\/3,5\u20115,6 IS II \u2013 Noir"}]},{"@type":"WebSite","@id":"https:\/\/www.analoggwerz.com\/#website","url":"https:\/\/www.analoggwerz.com\/","name":"Analog Gwerz","description":"Pas besoin de neuf pour capturer l&#039;instant !","publisher":{"@id":"https:\/\/www.analoggwerz.com\/#organization"},"potentialAction":[{"@type":"SearchAction","target":{"@type":"EntryPoint","urlTemplate":"https:\/\/www.analoggwerz.com\/?s={search_term_string}"},"query-input":{"@type":"PropertyValueSpecification","valueRequired":true,"valueName":"search_term_string"}}],"inLanguage":"en-US"},{"@type":"Organization","@id":"https:\/\/www.analoggwerz.com\/#organization","name":"Analog Gwerz","url":"https:\/\/www.analoggwerz.com\/","logo":{"@type":"ImageObject","inLanguage":"en-US","@id":"https:\/\/www.analoggwerz.com\/#\/schema\/logo\/image\/","url":"https:\/\/www.analoggwerz.com\/wp-content\/uploads\/2025\/10\/000-LOGO-ANALOG-GWERZ-NOIR-1.png","contentUrl":"https:\/\/www.analoggwerz.com\/wp-content\/uploads\/2025\/10\/000-LOGO-ANALOG-GWERZ-NOIR-1.png","width":800,"height":407,"caption":"Analog Gwerz"},"image":{"@id":"https:\/\/www.analoggwerz.com\/#\/schema\/logo\/image\/"},"sameAs":["https:\/\/www.instagram.com\/analog_gwerz\/","https:\/\/www.tiktok.com\/@analog_gwerz"]}]}},"jetpack_sharing_enabled":true,"_links":{"self":[{"href":"https:\/\/www.analoggwerz.com\/en\/wp-json\/wp\/v2\/product\/10117","targetHints":{"allow":["GET"]}}],"collection":[{"href":"https:\/\/www.analoggwerz.com\/en\/wp-json\/wp\/v2\/product"}],"about":[{"href":"https:\/\/www.analoggwerz.com\/en\/wp-json\/wp\/v2\/types\/product"}],"wp:featuredmedia":[{"embeddable":true,"href":"https:\/\/www.analoggwerz.com\/en\/wp-json\/wp\/v2\/media\/10114"}],"wp:attachment":[{"href":"https:\/\/www.analoggwerz.com\/en\/wp-json\/wp\/v2\/media?parent=10117"}],"wp:term":[{"taxonomy":"product_brand","embeddable":true,"href":"https:\/\/www.analoggwerz.com\/en\/wp-json\/wp\/v2\/product_brand?post=10117"},{"taxonomy":"product_cat","embeddable":true,"href":"https:\/\/www.analoggwerz.com\/en\/wp-json\/wp\/v2\/product_cat?post=10117"},{"taxonomy":"product_tag","embeddable":true,"href":"https:\/\/www.analoggwerz.com\/en\/wp-json\/wp\/v2\/product_tag?post=10117"}],"curies":[{"name":"wp","href":"https:\/\/api.w.org\/{rel}","templated":true}]}}