{"id":10034,"date":"2026-01-12T15:14:08","date_gmt":"2026-01-12T15:14:08","guid":{"rendered":"https:\/\/www.analoggwerz.com\/produit\/sony-cyber-shot-dsc-w610-compact-numerique-141-mpx-argent\/"},"modified":"2026-01-15T12:30:20","modified_gmt":"2026-01-15T12:30:20","slug":"sony-cyber-shot-dsc-w610-compact-numerique-141-mpx-argent","status":"publish","type":"product","link":"https:\/\/www.analoggwerz.com\/en\/product\/sony-cyber-shot-dsc-w610-compact-numerique-141-mpx-argent\/","title":{"rendered":"Sony Cyber\u2011shot DSC\u2011W610 \u2013 Compact num\u00e9rique 14,1 Mpx &#8211; argent"},"content":{"rendered":"<p>Sony Cyber\u2011shot DSC\u2011W610 \u2013 Compact num\u00e9rique 14,1 Mpx<\/p>\n<p>Compact num\u00e9rique Sony Cyber\u2011shot DSC\u2011W610 argent, format ultra\u2011compact et l\u00e9ger, parfait comme petit appareil de poche pour le quotidien, les voyages ou les soir\u00e9es.<\/p>\n<p>\u2022\tCapteur 14,1 m\u00e9gapixels et objectif grand\u2011angle 26 mm avec zoom optique, id\u00e9al pour les photos de paysage, de rue et de famille.<\/p>\n<p>\u2022\tModes automatiques simples, d\u00e9tection des visages et du sourire, stabilisation pour limiter le flou de boug\u00e9 et aide au cadrage pour les d\u00e9butants.<\/p>\n<p>\u2022\t\u00c9cran LCD au dos pour cadrer et revoir les images, interface claire avec commandes directes pour la prise de vue, la lecture et les menus.<\/p>\n<p>\u2022\tVendu avec dragonne poignet Sony assortie et c\u00e2ble USB gris pour transf\u00e9rer facilement les photos vers un ordinateur.<\/p>","protected":false},"excerpt":{"rendered":"<p>Sony Cyber\u2011shot DSC\u2011W610 \u2013 Compact num\u00e9rique 14,1 Mpx Compact num\u00e9rique Sony Cyber\u2011shot DSC\u2011W610 argent, format ultra\u2011compact et l\u00e9ger, parfait comme petit appareil de poche pour le quotidien, les voyages ou les soir\u00e9es. \u2022 Capteur 14,1 m\u00e9gapixels et objectif grand\u2011angle 26 mm avec zoom optique, id\u00e9al pour les photos de paysage, de rue et de famille. [&hellip;]<\/p>\n","protected":false},"featured_media":10029,"template":"","meta":[],"product_brand":[],"product_cat":[118,114,28],"product_tag":[],"class_list":{"0":"post-10034","1":"product","2":"type-product","3":"status-publish","4":"has-post-thumbnail","6":"product_cat-appareils-photo","7":"product_cat-appareils-photo-numeriques","8":"product_cat-appareils-photos-compacts-numeriques","10":"first","11":"outofstock","12":"purchasable","13":"product-type-simple"},"yoast_head":"<!-- This site is optimized with the Yoast SEO plugin v27.5 - https:\/\/yoast.com\/product\/yoast-seo-wordpress\/ -->\n<title>Sony Cyber\u2011shot DSC\u2011W610 \u2013 Compact num\u00e9rique 14,1 Mpx - argent est disponible sur la boutique !<\/title>\n<meta name=\"description\" content=\"Cliquez ici pour d\u00e9couvrir Sony Cyber\u2011shot DSC\u2011W610 \u2013 Compact num\u00e9rique 14,1 Mpx - argent sur la boutique.\" \/>\n<meta name=\"robots\" content=\"index, follow, max-snippet:-1, max-image-preview:large, max-video-preview:-1\" \/>\n<link rel=\"canonical\" href=\"https:\/\/www.analoggwerz.com\/en\/product\/sony-cyber-shot-dsc-w610-compact-numerique-141-mpx-argent\/\" \/>\n<meta property=\"og:locale\" content=\"en_US\" \/>\n<meta property=\"og:type\" content=\"article\" \/>\n<meta property=\"og:title\" content=\"Sony Cyber\u2011shot DSC\u2011W610 \u2013 Compact num\u00e9rique 14,1 Mpx - argent est disponible sur la boutique !\" \/>\n<meta property=\"og:description\" content=\"Cliquez ici pour d\u00e9couvrir Sony Cyber\u2011shot DSC\u2011W610 \u2013 Compact num\u00e9rique 14,1 Mpx - argent sur la boutique.\" \/>\n<meta property=\"og:url\" content=\"https:\/\/www.analoggwerz.com\/en\/product\/sony-cyber-shot-dsc-w610-compact-numerique-141-mpx-argent\/\" \/>\n<meta property=\"og:site_name\" content=\"Analog Gwerz\" \/>\n<meta property=\"article:modified_time\" content=\"2026-01-15T12:30:20+00:00\" \/>\n<meta property=\"og:image\" content=\"https:\/\/www.analoggwerz.com\/wp-content\/uploads\/2025\/04\/assets_task_01jra9s5ypffzbqebsyr432pm0_img_0.webp\" \/>\n\t<meta property=\"og:image:width\" content=\"1536\" \/>\n\t<meta property=\"og:image:height\" content=\"1024\" \/>\n\t<meta property=\"og:image:type\" content=\"image\/webp\" \/>\n<meta name=\"twitter:card\" content=\"summary_large_image\" \/>\n<meta name=\"twitter:label1\" content=\"Est. reading time\" \/>\n\t<meta name=\"twitter:data1\" content=\"1 minute\" \/>\n<script type=\"application\/ld+json\" class=\"yoast-schema-graph\">{\"@context\":\"https:\\\/\\\/schema.org\",\"@graph\":[{\"@type\":\"WebPage\",\"@id\":\"https:\\\/\\\/www.analoggwerz.com\\\/produit\\\/sony-cyber-shot-dsc-w610-compact-numerique-141-mpx-argent\\\/\",\"url\":\"https:\\\/\\\/www.analoggwerz.com\\\/produit\\\/sony-cyber-shot-dsc-w610-compact-numerique-141-mpx-argent\\\/\",\"name\":\"Sony Cyber\u2011shot DSC\u2011W610 \u2013 Compact num\u00e9rique 14,1 Mpx - argent est disponible sur la boutique !\",\"isPartOf\":{\"@id\":\"https:\\\/\\\/www.analoggwerz.com\\\/#website\"},\"primaryImageOfPage\":{\"@id\":\"https:\\\/\\\/www.analoggwerz.com\\\/produit\\\/sony-cyber-shot-dsc-w610-compact-numerique-141-mpx-argent\\\/#primaryimage\"},\"image\":{\"@id\":\"https:\\\/\\\/www.analoggwerz.com\\\/produit\\\/sony-cyber-shot-dsc-w610-compact-numerique-141-mpx-argent\\\/#primaryimage\"},\"thumbnailUrl\":\"https:\\\/\\\/www.analoggwerz.com\\\/wp-content\\\/uploads\\\/2026\\\/01\\\/img_6101-scaled.jpeg\",\"datePublished\":\"2026-01-12T15:14:08+00:00\",\"dateModified\":\"2026-01-15T12:30:20+00:00\",\"description\":\"Cliquez ici pour d\u00e9couvrir Sony Cyber\u2011shot DSC\u2011W610 \u2013 Compact num\u00e9rique 14,1 Mpx - argent sur la boutique.\",\"breadcrumb\":{\"@id\":\"https:\\\/\\\/www.analoggwerz.com\\\/produit\\\/sony-cyber-shot-dsc-w610-compact-numerique-141-mpx-argent\\\/#breadcrumb\"},\"inLanguage\":\"en-US\",\"potentialAction\":[{\"@type\":\"ReadAction\",\"target\":[\"https:\\\/\\\/www.analoggwerz.com\\\/produit\\\/sony-cyber-shot-dsc-w610-compact-numerique-141-mpx-argent\\\/\"]}]},{\"@type\":\"ImageObject\",\"inLanguage\":\"en-US\",\"@id\":\"https:\\\/\\\/www.analoggwerz.com\\\/produit\\\/sony-cyber-shot-dsc-w610-compact-numerique-141-mpx-argent\\\/#primaryimage\",\"url\":\"https:\\\/\\\/www.analoggwerz.com\\\/wp-content\\\/uploads\\\/2026\\\/01\\\/img_6101-scaled.jpeg\",\"contentUrl\":\"https:\\\/\\\/www.analoggwerz.com\\\/wp-content\\\/uploads\\\/2026\\\/01\\\/img_6101-scaled.jpeg\",\"width\":2560,\"height\":1920},{\"@type\":\"BreadcrumbList\",\"@id\":\"https:\\\/\\\/www.analoggwerz.com\\\/produit\\\/sony-cyber-shot-dsc-w610-compact-numerique-141-mpx-argent\\\/#breadcrumb\",\"itemListElement\":[{\"@type\":\"ListItem\",\"position\":1,\"name\":\"Accueil\",\"item\":\"https:\\\/\\\/www.analoggwerz.com\\\/\"},{\"@type\":\"ListItem\",\"position\":2,\"name\":\"Boutique\",\"item\":\"https:\\\/\\\/www.analoggwerz.com\\\/shop\\\/\"},{\"@type\":\"ListItem\",\"position\":3,\"name\":\"Sony Cyber\u2011shot DSC\u2011W610 \u2013 Compact num\u00e9rique 14,1 Mpx &#8211; argent\"}]},{\"@type\":\"WebSite\",\"@id\":\"https:\\\/\\\/www.analoggwerz.com\\\/#website\",\"url\":\"https:\\\/\\\/www.analoggwerz.com\\\/\",\"name\":\"Analog Gwerz\",\"description\":\"Pas besoin de neuf pour capturer l&#039;instant !\",\"publisher\":{\"@id\":\"https:\\\/\\\/www.analoggwerz.com\\\/#organization\"},\"potentialAction\":[{\"@type\":\"SearchAction\",\"target\":{\"@type\":\"EntryPoint\",\"urlTemplate\":\"https:\\\/\\\/www.analoggwerz.com\\\/?s={search_term_string}\"},\"query-input\":{\"@type\":\"PropertyValueSpecification\",\"valueRequired\":true,\"valueName\":\"search_term_string\"}}],\"inLanguage\":\"en-US\"},{\"@type\":\"Organization\",\"@id\":\"https:\\\/\\\/www.analoggwerz.com\\\/#organization\",\"name\":\"Analog Gwerz\",\"url\":\"https:\\\/\\\/www.analoggwerz.com\\\/\",\"logo\":{\"@type\":\"ImageObject\",\"inLanguage\":\"en-US\",\"@id\":\"https:\\\/\\\/www.analoggwerz.com\\\/#\\\/schema\\\/logo\\\/image\\\/\",\"url\":\"https:\\\/\\\/www.analoggwerz.com\\\/wp-content\\\/uploads\\\/2025\\\/10\\\/000-LOGO-ANALOG-GWERZ-NOIR-1.png\",\"contentUrl\":\"https:\\\/\\\/www.analoggwerz.com\\\/wp-content\\\/uploads\\\/2025\\\/10\\\/000-LOGO-ANALOG-GWERZ-NOIR-1.png\",\"width\":800,\"height\":407,\"caption\":\"Analog Gwerz\"},\"image\":{\"@id\":\"https:\\\/\\\/www.analoggwerz.com\\\/#\\\/schema\\\/logo\\\/image\\\/\"},\"sameAs\":[\"https:\\\/\\\/www.instagram.com\\\/analog_gwerz\\\/\",\"https:\\\/\\\/www.tiktok.com\\\/@analog_gwerz\"]}]}<\/script>\n<!-- \/ Yoast SEO plugin. -->","yoast_head_json":{"title":"Sony Cyber\u2011shot DSC\u2011W610 \u2013 Compact num\u00e9rique 14,1 Mpx - argent est disponible sur la boutique !","description":"Cliquez ici pour d\u00e9couvrir Sony Cyber\u2011shot DSC\u2011W610 \u2013 Compact num\u00e9rique 14,1 Mpx - argent sur la boutique.","robots":{"index":"index","follow":"follow","max-snippet":"max-snippet:-1","max-image-preview":"max-image-preview:large","max-video-preview":"max-video-preview:-1"},"canonical":"https:\/\/www.analoggwerz.com\/en\/product\/sony-cyber-shot-dsc-w610-compact-numerique-141-mpx-argent\/","og_locale":"en_US","og_type":"article","og_title":"Sony Cyber\u2011shot DSC\u2011W610 \u2013 Compact num\u00e9rique 14,1 Mpx - argent est disponible sur la boutique !","og_description":"Cliquez ici pour d\u00e9couvrir Sony Cyber\u2011shot DSC\u2011W610 \u2013 Compact num\u00e9rique 14,1 Mpx - argent sur la boutique.","og_url":"https:\/\/www.analoggwerz.com\/en\/product\/sony-cyber-shot-dsc-w610-compact-numerique-141-mpx-argent\/","og_site_name":"Analog Gwerz","article_modified_time":"2026-01-15T12:30:20+00:00","og_image":[{"width":1536,"height":1024,"url":"https:\/\/www.analoggwerz.com\/wp-content\/uploads\/2025\/04\/assets_task_01jra9s5ypffzbqebsyr432pm0_img_0.webp","type":"image\/webp"}],"twitter_card":"summary_large_image","twitter_misc":{"Est. reading time":"1 minute"},"schema":{"@context":"https:\/\/schema.org","@graph":[{"@type":"WebPage","@id":"https:\/\/www.analoggwerz.com\/produit\/sony-cyber-shot-dsc-w610-compact-numerique-141-mpx-argent\/","url":"https:\/\/www.analoggwerz.com\/produit\/sony-cyber-shot-dsc-w610-compact-numerique-141-mpx-argent\/","name":"Sony Cyber\u2011shot DSC\u2011W610 \u2013 Compact num\u00e9rique 14,1 Mpx - argent est disponible sur la boutique !","isPartOf":{"@id":"https:\/\/www.analoggwerz.com\/#website"},"primaryImageOfPage":{"@id":"https:\/\/www.analoggwerz.com\/produit\/sony-cyber-shot-dsc-w610-compact-numerique-141-mpx-argent\/#primaryimage"},"image":{"@id":"https:\/\/www.analoggwerz.com\/produit\/sony-cyber-shot-dsc-w610-compact-numerique-141-mpx-argent\/#primaryimage"},"thumbnailUrl":"https:\/\/www.analoggwerz.com\/wp-content\/uploads\/2026\/01\/img_6101-scaled.jpeg","datePublished":"2026-01-12T15:14:08+00:00","dateModified":"2026-01-15T12:30:20+00:00","description":"Cliquez ici pour d\u00e9couvrir Sony Cyber\u2011shot DSC\u2011W610 \u2013 Compact num\u00e9rique 14,1 Mpx - argent sur la boutique.","breadcrumb":{"@id":"https:\/\/www.analoggwerz.com\/produit\/sony-cyber-shot-dsc-w610-compact-numerique-141-mpx-argent\/#breadcrumb"},"inLanguage":"en-US","potentialAction":[{"@type":"ReadAction","target":["https:\/\/www.analoggwerz.com\/produit\/sony-cyber-shot-dsc-w610-compact-numerique-141-mpx-argent\/"]}]},{"@type":"ImageObject","inLanguage":"en-US","@id":"https:\/\/www.analoggwerz.com\/produit\/sony-cyber-shot-dsc-w610-compact-numerique-141-mpx-argent\/#primaryimage","url":"https:\/\/www.analoggwerz.com\/wp-content\/uploads\/2026\/01\/img_6101-scaled.jpeg","contentUrl":"https:\/\/www.analoggwerz.com\/wp-content\/uploads\/2026\/01\/img_6101-scaled.jpeg","width":2560,"height":1920},{"@type":"BreadcrumbList","@id":"https:\/\/www.analoggwerz.com\/produit\/sony-cyber-shot-dsc-w610-compact-numerique-141-mpx-argent\/#breadcrumb","itemListElement":[{"@type":"ListItem","position":1,"name":"Accueil","item":"https:\/\/www.analoggwerz.com\/"},{"@type":"ListItem","position":2,"name":"Boutique","item":"https:\/\/www.analoggwerz.com\/shop\/"},{"@type":"ListItem","position":3,"name":"Sony Cyber\u2011shot DSC\u2011W610 \u2013 Compact num\u00e9rique 14,1 Mpx &#8211; argent"}]},{"@type":"WebSite","@id":"https:\/\/www.analoggwerz.com\/#website","url":"https:\/\/www.analoggwerz.com\/","name":"Analog Gwerz","description":"Pas besoin de neuf pour capturer l&#039;instant !","publisher":{"@id":"https:\/\/www.analoggwerz.com\/#organization"},"potentialAction":[{"@type":"SearchAction","target":{"@type":"EntryPoint","urlTemplate":"https:\/\/www.analoggwerz.com\/?s={search_term_string}"},"query-input":{"@type":"PropertyValueSpecification","valueRequired":true,"valueName":"search_term_string"}}],"inLanguage":"en-US"},{"@type":"Organization","@id":"https:\/\/www.analoggwerz.com\/#organization","name":"Analog Gwerz","url":"https:\/\/www.analoggwerz.com\/","logo":{"@type":"ImageObject","inLanguage":"en-US","@id":"https:\/\/www.analoggwerz.com\/#\/schema\/logo\/image\/","url":"https:\/\/www.analoggwerz.com\/wp-content\/uploads\/2025\/10\/000-LOGO-ANALOG-GWERZ-NOIR-1.png","contentUrl":"https:\/\/www.analoggwerz.com\/wp-content\/uploads\/2025\/10\/000-LOGO-ANALOG-GWERZ-NOIR-1.png","width":800,"height":407,"caption":"Analog Gwerz"},"image":{"@id":"https:\/\/www.analoggwerz.com\/#\/schema\/logo\/image\/"},"sameAs":["https:\/\/www.instagram.com\/analog_gwerz\/","https:\/\/www.tiktok.com\/@analog_gwerz"]}]}},"jetpack_sharing_enabled":true,"_links":{"self":[{"href":"https:\/\/www.analoggwerz.com\/en\/wp-json\/wp\/v2\/product\/10034","targetHints":{"allow":["GET"]}}],"collection":[{"href":"https:\/\/www.analoggwerz.com\/en\/wp-json\/wp\/v2\/product"}],"about":[{"href":"https:\/\/www.analoggwerz.com\/en\/wp-json\/wp\/v2\/types\/product"}],"wp:featuredmedia":[{"embeddable":true,"href":"https:\/\/www.analoggwerz.com\/en\/wp-json\/wp\/v2\/media\/10029"}],"wp:attachment":[{"href":"https:\/\/www.analoggwerz.com\/en\/wp-json\/wp\/v2\/media?parent=10034"}],"wp:term":[{"taxonomy":"product_brand","embeddable":true,"href":"https:\/\/www.analoggwerz.com\/en\/wp-json\/wp\/v2\/product_brand?post=10034"},{"taxonomy":"product_cat","embeddable":true,"href":"https:\/\/www.analoggwerz.com\/en\/wp-json\/wp\/v2\/product_cat?post=10034"},{"taxonomy":"product_tag","embeddable":true,"href":"https:\/\/www.analoggwerz.com\/en\/wp-json\/wp\/v2\/product_tag?post=10034"}],"curies":[{"name":"wp","href":"https:\/\/api.w.org\/{rel}","templated":true}]}}