{"id":10000,"date":"2026-01-12T14:45:11","date_gmt":"2026-01-12T14:45:11","guid":{"rendered":"https:\/\/www.analoggwerz.com\/produit\/canon-powershot-a400-compact-numerique-32-mpx-gris\/"},"modified":"2026-01-12T14:45:15","modified_gmt":"2026-01-12T14:45:15","slug":"canon-powershot-a400-compact-numerique-32-mpx-gris","status":"publish","type":"product","link":"https:\/\/www.analoggwerz.com\/en\/product\/canon-powershot-a400-compact-numerique-32-mpx-gris\/","title":{"rendered":"Canon PowerShot A400 \u2013 Compact num\u00e9rique 3,2 Mpx &#8211; gris"},"content":{"rendered":"<p>Canon PowerShot A400 \u2013 Compact num\u00e9rique 3,2 Mpx<\/p>\n<p>Compact num\u00e9rique Canon PowerShot A400 au design argent\u00e9, simple d\u2019utilisation et id\u00e9al comme petit appareil de poche pour les photos du quotidien.<\/p>\n<p>\u2022\tCapteur CCD 3,2 m\u00e9gapixels et objectif zoom 2,2x \u00e9quivalent 45\u2013100 mm, ouverture maximale f\/3,8, adapt\u00e9 aux photos de famille, de voyage et de vacances.<\/p>\n<p>\u2022\t\u00c9cran LCD 1,5\u201d au dos pour cadrer et naviguer dans les menus, avec en plus un viseur optique pour \u00e9conomiser la batterie lorsque n\u00e9cessaire.<\/p>\n<p>\u2022\tModes automatiques et sc\u00e8nes (portrait, paysage, nuit, int\u00e9rieur, plage, neige, etc.), balance des blancs automatique ou pr\u00e9r\u00e9gl\u00e9e et sensibilit\u00e9 ISO de 50 \u00e0 400.<\/p>\n<p>\u2022\tStockage des images sur carte SD, connexion USB pour transf\u00e9rer facilement les photos vers un ordinateur et sortie AV pour les afficher sur une t\u00e9l\u00e9vision.<\/p>\n<p>\u2022\tFonctionne avec deux piles AA, format compact et l\u00e9ger facile \u00e0 glisser dans une poche ou une petite housse, livr\u00e9 avec dragonne poignet.<\/p>","protected":false},"excerpt":{"rendered":"<p>Canon PowerShot A400 \u2013 Compact num\u00e9rique 3,2 Mpx Compact num\u00e9rique Canon PowerShot A400 au design argent\u00e9, simple d\u2019utilisation et id\u00e9al comme petit appareil de poche pour les photos du quotidien. \u2022 Capteur CCD 3,2 m\u00e9gapixels et objectif zoom 2,2x \u00e9quivalent 45\u2013100 mm, ouverture maximale f\/3,8, adapt\u00e9 aux photos de famille, de voyage et de vacances. [&hellip;]<\/p>\n","protected":false},"featured_media":9996,"template":"","meta":[],"product_brand":[],"product_cat":[118,114,28],"product_tag":[],"class_list":{"0":"post-10000","1":"product","2":"type-product","3":"status-publish","4":"has-post-thumbnail","6":"product_cat-appareils-photo","7":"product_cat-appareils-photo-numeriques","8":"product_cat-appareils-photos-compacts-numeriques","10":"first","11":"instock","12":"purchasable","13":"product-type-simple"},"yoast_head":"<!-- This site is optimized with the Yoast SEO plugin v27.5 - https:\/\/yoast.com\/product\/yoast-seo-wordpress\/ -->\n<title>Canon PowerShot A400 \u2013 Compact num\u00e9rique 3,2 Mpx - gris est disponible sur la boutique !<\/title>\n<meta name=\"description\" content=\"Cliquez ici pour d\u00e9couvrir Canon PowerShot A400 \u2013 Compact num\u00e9rique 3,2 Mpx - gris sur la boutique.\" \/>\n<meta name=\"robots\" content=\"index, follow, max-snippet:-1, max-image-preview:large, max-video-preview:-1\" \/>\n<link rel=\"canonical\" href=\"https:\/\/www.analoggwerz.com\/en\/product\/canon-powershot-a400-compact-numerique-32-mpx-gris\/\" \/>\n<meta property=\"og:locale\" content=\"en_US\" \/>\n<meta property=\"og:type\" content=\"article\" \/>\n<meta property=\"og:title\" content=\"Canon PowerShot A400 \u2013 Compact num\u00e9rique 3,2 Mpx - gris est disponible sur la boutique !\" \/>\n<meta property=\"og:description\" content=\"Cliquez ici pour d\u00e9couvrir Canon PowerShot A400 \u2013 Compact num\u00e9rique 3,2 Mpx - gris sur la boutique.\" \/>\n<meta property=\"og:url\" content=\"https:\/\/www.analoggwerz.com\/en\/product\/canon-powershot-a400-compact-numerique-32-mpx-gris\/\" \/>\n<meta property=\"og:site_name\" content=\"Analog Gwerz\" \/>\n<meta property=\"article:modified_time\" content=\"2026-01-12T14:45:15+00:00\" \/>\n<meta property=\"og:image\" content=\"https:\/\/www.analoggwerz.com\/wp-content\/uploads\/2025\/04\/assets_task_01jra9s5ypffzbqebsyr432pm0_img_0.webp\" \/>\n\t<meta property=\"og:image:width\" content=\"1536\" \/>\n\t<meta property=\"og:image:height\" content=\"1024\" \/>\n\t<meta property=\"og:image:type\" content=\"image\/webp\" \/>\n<meta name=\"twitter:card\" content=\"summary_large_image\" \/>\n<meta name=\"twitter:label1\" content=\"Est. reading time\" \/>\n\t<meta name=\"twitter:data1\" content=\"1 minute\" \/>\n<script type=\"application\/ld+json\" class=\"yoast-schema-graph\">{\"@context\":\"https:\\\/\\\/schema.org\",\"@graph\":[{\"@type\":\"WebPage\",\"@id\":\"https:\\\/\\\/www.analoggwerz.com\\\/produit\\\/canon-powershot-a400-compact-numerique-32-mpx-gris\\\/\",\"url\":\"https:\\\/\\\/www.analoggwerz.com\\\/produit\\\/canon-powershot-a400-compact-numerique-32-mpx-gris\\\/\",\"name\":\"Canon PowerShot A400 \u2013 Compact num\u00e9rique 3,2 Mpx - gris est disponible sur la boutique !\",\"isPartOf\":{\"@id\":\"https:\\\/\\\/www.analoggwerz.com\\\/#website\"},\"primaryImageOfPage\":{\"@id\":\"https:\\\/\\\/www.analoggwerz.com\\\/produit\\\/canon-powershot-a400-compact-numerique-32-mpx-gris\\\/#primaryimage\"},\"image\":{\"@id\":\"https:\\\/\\\/www.analoggwerz.com\\\/produit\\\/canon-powershot-a400-compact-numerique-32-mpx-gris\\\/#primaryimage\"},\"thumbnailUrl\":\"https:\\\/\\\/www.analoggwerz.com\\\/wp-content\\\/uploads\\\/2026\\\/01\\\/img_6066-scaled.jpeg\",\"datePublished\":\"2026-01-12T14:45:11+00:00\",\"dateModified\":\"2026-01-12T14:45:15+00:00\",\"description\":\"Cliquez ici pour d\u00e9couvrir Canon PowerShot A400 \u2013 Compact num\u00e9rique 3,2 Mpx - gris sur la boutique.\",\"breadcrumb\":{\"@id\":\"https:\\\/\\\/www.analoggwerz.com\\\/produit\\\/canon-powershot-a400-compact-numerique-32-mpx-gris\\\/#breadcrumb\"},\"inLanguage\":\"en-US\",\"potentialAction\":[{\"@type\":\"ReadAction\",\"target\":[\"https:\\\/\\\/www.analoggwerz.com\\\/produit\\\/canon-powershot-a400-compact-numerique-32-mpx-gris\\\/\"]}]},{\"@type\":\"ImageObject\",\"inLanguage\":\"en-US\",\"@id\":\"https:\\\/\\\/www.analoggwerz.com\\\/produit\\\/canon-powershot-a400-compact-numerique-32-mpx-gris\\\/#primaryimage\",\"url\":\"https:\\\/\\\/www.analoggwerz.com\\\/wp-content\\\/uploads\\\/2026\\\/01\\\/img_6066-scaled.jpeg\",\"contentUrl\":\"https:\\\/\\\/www.analoggwerz.com\\\/wp-content\\\/uploads\\\/2026\\\/01\\\/img_6066-scaled.jpeg\",\"width\":2560,\"height\":1920},{\"@type\":\"BreadcrumbList\",\"@id\":\"https:\\\/\\\/www.analoggwerz.com\\\/produit\\\/canon-powershot-a400-compact-numerique-32-mpx-gris\\\/#breadcrumb\",\"itemListElement\":[{\"@type\":\"ListItem\",\"position\":1,\"name\":\"Accueil\",\"item\":\"https:\\\/\\\/www.analoggwerz.com\\\/\"},{\"@type\":\"ListItem\",\"position\":2,\"name\":\"Boutique\",\"item\":\"https:\\\/\\\/www.analoggwerz.com\\\/shop\\\/\"},{\"@type\":\"ListItem\",\"position\":3,\"name\":\"Canon PowerShot A400 \u2013 Compact num\u00e9rique 3,2 Mpx &#8211; gris\"}]},{\"@type\":\"WebSite\",\"@id\":\"https:\\\/\\\/www.analoggwerz.com\\\/#website\",\"url\":\"https:\\\/\\\/www.analoggwerz.com\\\/\",\"name\":\"Analog Gwerz\",\"description\":\"Pas besoin de neuf pour capturer l&#039;instant !\",\"publisher\":{\"@id\":\"https:\\\/\\\/www.analoggwerz.com\\\/#organization\"},\"potentialAction\":[{\"@type\":\"SearchAction\",\"target\":{\"@type\":\"EntryPoint\",\"urlTemplate\":\"https:\\\/\\\/www.analoggwerz.com\\\/?s={search_term_string}\"},\"query-input\":{\"@type\":\"PropertyValueSpecification\",\"valueRequired\":true,\"valueName\":\"search_term_string\"}}],\"inLanguage\":\"en-US\"},{\"@type\":\"Organization\",\"@id\":\"https:\\\/\\\/www.analoggwerz.com\\\/#organization\",\"name\":\"Analog Gwerz\",\"url\":\"https:\\\/\\\/www.analoggwerz.com\\\/\",\"logo\":{\"@type\":\"ImageObject\",\"inLanguage\":\"en-US\",\"@id\":\"https:\\\/\\\/www.analoggwerz.com\\\/#\\\/schema\\\/logo\\\/image\\\/\",\"url\":\"https:\\\/\\\/www.analoggwerz.com\\\/wp-content\\\/uploads\\\/2025\\\/10\\\/000-LOGO-ANALOG-GWERZ-NOIR-1.png\",\"contentUrl\":\"https:\\\/\\\/www.analoggwerz.com\\\/wp-content\\\/uploads\\\/2025\\\/10\\\/000-LOGO-ANALOG-GWERZ-NOIR-1.png\",\"width\":800,\"height\":407,\"caption\":\"Analog Gwerz\"},\"image\":{\"@id\":\"https:\\\/\\\/www.analoggwerz.com\\\/#\\\/schema\\\/logo\\\/image\\\/\"},\"sameAs\":[\"https:\\\/\\\/www.instagram.com\\\/analog_gwerz\\\/\",\"https:\\\/\\\/www.tiktok.com\\\/@analog_gwerz\"]}]}<\/script>\n<!-- \/ Yoast SEO plugin. -->","yoast_head_json":{"title":"Canon PowerShot A400 \u2013 Compact num\u00e9rique 3,2 Mpx - gris est disponible sur la boutique !","description":"Cliquez ici pour d\u00e9couvrir Canon PowerShot A400 \u2013 Compact num\u00e9rique 3,2 Mpx - gris sur la boutique.","robots":{"index":"index","follow":"follow","max-snippet":"max-snippet:-1","max-image-preview":"max-image-preview:large","max-video-preview":"max-video-preview:-1"},"canonical":"https:\/\/www.analoggwerz.com\/en\/product\/canon-powershot-a400-compact-numerique-32-mpx-gris\/","og_locale":"en_US","og_type":"article","og_title":"Canon PowerShot A400 \u2013 Compact num\u00e9rique 3,2 Mpx - gris est disponible sur la boutique !","og_description":"Cliquez ici pour d\u00e9couvrir Canon PowerShot A400 \u2013 Compact num\u00e9rique 3,2 Mpx - gris sur la boutique.","og_url":"https:\/\/www.analoggwerz.com\/en\/product\/canon-powershot-a400-compact-numerique-32-mpx-gris\/","og_site_name":"Analog Gwerz","article_modified_time":"2026-01-12T14:45:15+00:00","og_image":[{"width":1536,"height":1024,"url":"https:\/\/www.analoggwerz.com\/wp-content\/uploads\/2025\/04\/assets_task_01jra9s5ypffzbqebsyr432pm0_img_0.webp","type":"image\/webp"}],"twitter_card":"summary_large_image","twitter_misc":{"Est. reading time":"1 minute"},"schema":{"@context":"https:\/\/schema.org","@graph":[{"@type":"WebPage","@id":"https:\/\/www.analoggwerz.com\/produit\/canon-powershot-a400-compact-numerique-32-mpx-gris\/","url":"https:\/\/www.analoggwerz.com\/produit\/canon-powershot-a400-compact-numerique-32-mpx-gris\/","name":"Canon PowerShot A400 \u2013 Compact num\u00e9rique 3,2 Mpx - gris est disponible sur la boutique !","isPartOf":{"@id":"https:\/\/www.analoggwerz.com\/#website"},"primaryImageOfPage":{"@id":"https:\/\/www.analoggwerz.com\/produit\/canon-powershot-a400-compact-numerique-32-mpx-gris\/#primaryimage"},"image":{"@id":"https:\/\/www.analoggwerz.com\/produit\/canon-powershot-a400-compact-numerique-32-mpx-gris\/#primaryimage"},"thumbnailUrl":"https:\/\/www.analoggwerz.com\/wp-content\/uploads\/2026\/01\/img_6066-scaled.jpeg","datePublished":"2026-01-12T14:45:11+00:00","dateModified":"2026-01-12T14:45:15+00:00","description":"Cliquez ici pour d\u00e9couvrir Canon PowerShot A400 \u2013 Compact num\u00e9rique 3,2 Mpx - gris sur la boutique.","breadcrumb":{"@id":"https:\/\/www.analoggwerz.com\/produit\/canon-powershot-a400-compact-numerique-32-mpx-gris\/#breadcrumb"},"inLanguage":"en-US","potentialAction":[{"@type":"ReadAction","target":["https:\/\/www.analoggwerz.com\/produit\/canon-powershot-a400-compact-numerique-32-mpx-gris\/"]}]},{"@type":"ImageObject","inLanguage":"en-US","@id":"https:\/\/www.analoggwerz.com\/produit\/canon-powershot-a400-compact-numerique-32-mpx-gris\/#primaryimage","url":"https:\/\/www.analoggwerz.com\/wp-content\/uploads\/2026\/01\/img_6066-scaled.jpeg","contentUrl":"https:\/\/www.analoggwerz.com\/wp-content\/uploads\/2026\/01\/img_6066-scaled.jpeg","width":2560,"height":1920},{"@type":"BreadcrumbList","@id":"https:\/\/www.analoggwerz.com\/produit\/canon-powershot-a400-compact-numerique-32-mpx-gris\/#breadcrumb","itemListElement":[{"@type":"ListItem","position":1,"name":"Accueil","item":"https:\/\/www.analoggwerz.com\/"},{"@type":"ListItem","position":2,"name":"Boutique","item":"https:\/\/www.analoggwerz.com\/shop\/"},{"@type":"ListItem","position":3,"name":"Canon PowerShot A400 \u2013 Compact num\u00e9rique 3,2 Mpx &#8211; gris"}]},{"@type":"WebSite","@id":"https:\/\/www.analoggwerz.com\/#website","url":"https:\/\/www.analoggwerz.com\/","name":"Analog Gwerz","description":"Pas besoin de neuf pour capturer l&#039;instant !","publisher":{"@id":"https:\/\/www.analoggwerz.com\/#organization"},"potentialAction":[{"@type":"SearchAction","target":{"@type":"EntryPoint","urlTemplate":"https:\/\/www.analoggwerz.com\/?s={search_term_string}"},"query-input":{"@type":"PropertyValueSpecification","valueRequired":true,"valueName":"search_term_string"}}],"inLanguage":"en-US"},{"@type":"Organization","@id":"https:\/\/www.analoggwerz.com\/#organization","name":"Analog Gwerz","url":"https:\/\/www.analoggwerz.com\/","logo":{"@type":"ImageObject","inLanguage":"en-US","@id":"https:\/\/www.analoggwerz.com\/#\/schema\/logo\/image\/","url":"https:\/\/www.analoggwerz.com\/wp-content\/uploads\/2025\/10\/000-LOGO-ANALOG-GWERZ-NOIR-1.png","contentUrl":"https:\/\/www.analoggwerz.com\/wp-content\/uploads\/2025\/10\/000-LOGO-ANALOG-GWERZ-NOIR-1.png","width":800,"height":407,"caption":"Analog Gwerz"},"image":{"@id":"https:\/\/www.analoggwerz.com\/#\/schema\/logo\/image\/"},"sameAs":["https:\/\/www.instagram.com\/analog_gwerz\/","https:\/\/www.tiktok.com\/@analog_gwerz"]}]}},"jetpack_sharing_enabled":true,"_links":{"self":[{"href":"https:\/\/www.analoggwerz.com\/en\/wp-json\/wp\/v2\/product\/10000","targetHints":{"allow":["GET"]}}],"collection":[{"href":"https:\/\/www.analoggwerz.com\/en\/wp-json\/wp\/v2\/product"}],"about":[{"href":"https:\/\/www.analoggwerz.com\/en\/wp-json\/wp\/v2\/types\/product"}],"wp:featuredmedia":[{"embeddable":true,"href":"https:\/\/www.analoggwerz.com\/en\/wp-json\/wp\/v2\/media\/9996"}],"wp:attachment":[{"href":"https:\/\/www.analoggwerz.com\/en\/wp-json\/wp\/v2\/media?parent=10000"}],"wp:term":[{"taxonomy":"product_brand","embeddable":true,"href":"https:\/\/www.analoggwerz.com\/en\/wp-json\/wp\/v2\/product_brand?post=10000"},{"taxonomy":"product_cat","embeddable":true,"href":"https:\/\/www.analoggwerz.com\/en\/wp-json\/wp\/v2\/product_cat?post=10000"},{"taxonomy":"product_tag","embeddable":true,"href":"https:\/\/www.analoggwerz.com\/en\/wp-json\/wp\/v2\/product_tag?post=10000"}],"curies":[{"name":"wp","href":"https:\/\/api.w.org\/{rel}","templated":true}]}}