{"id":9337,"date":"2025-10-26T18:09:07","date_gmt":"2025-10-26T18:09:07","guid":{"rendered":"https:\/\/www.analoggwerz.com\/?page_id=9337"},"modified":"2025-10-27T21:33:08","modified_gmt":"2025-10-27T21:33:08","slug":"mentions-legales","status":"publish","type":"page","link":"https:\/\/www.analoggwerz.com\/en\/mentions-legales\/","title":{"rendered":"Mentions l\u00e9gales"},"content":{"rendered":"<div data-elementor-type=\"wp-page\" data-elementor-id=\"9337\" class=\"elementor elementor-9337\">\n\t\t\t\t<div class=\"elementor-element elementor-element-10eb5639 e-flex e-con-boxed e-con e-parent\" data-id=\"10eb5639\" data-element_type=\"container\" data-e-type=\"container\" data-settings=\"{&quot;background_background&quot;:&quot;classic&quot;}\">\n\t\t\t\t\t<div class=\"e-con-inner\">\n\t\t\t\t<div class=\"elementor-element elementor-element-294213de elementor-widget elementor-widget-text-editor\" data-id=\"294213de\" data-element_type=\"widget\" data-e-type=\"widget\" data-widget_type=\"text-editor.default\">\n\t\t\t\t<div class=\"elementor-widget-container\">\n\t\t\t\t\t\t\t\t\t\n<p>pr\u00e9cis\u00e9 aux utilisateurs du site <strong>Analog Gwerz<\/strong> l\u2019identit\u00e9 des diff\u00e9rents intervenants dans le cadre de sa r\u00e9alisation et de son suivi.<\/p>\n\n<p>Le site <strong><a>https:\/\/analoggwerz.com<\/a><\/strong> est \u00e9dit\u00e9 par <strong>Manech Hurelle-Pertzing<\/strong>, entrepreneur individuel, exer\u00e7ant sous le nom commercial <strong>Analog Gwerz<\/strong>, dont l\u2019activit\u00e9 principale est la <strong>vente d\u2019appareils photo argentiques et num\u00e9riques d\u2019occasion<\/strong>, ainsi que d\u2019accessoires photographiques.<br \/>\ud83d\udccd <strong>Adresse postale<\/strong> : <em>7 la ville es Brets 22150 Plouguenast-Langast<\/em><br \/>\ud83d\udce7 <strong>Contact<\/strong> : <a>analoggwerz@gmail.com<\/a><\/p>\n\n<p>Le site est h\u00e9berg\u00e9 par <strong>o2switch<\/strong>, soci\u00e9t\u00e9 fran\u00e7aise situ\u00e9e \u00e0 :<br \/>\ud83d\udccd 222-224 Boulevard Gustave Flaubert, 63000 Clermont-Ferrand \u2013 France<br \/>\ud83d\udcde T\u00e9l\u00e9phone : 04 44 44 60 40<br \/>\ud83c\udf10 Site web : <a>https:\/\/www.o2switch.fr<\/a><\/p>\n\n<p>La conception, le d\u00e9veloppement et la gestion du site sont assur\u00e9s par l\u2019\u00e9diteur lui-m\u00eame. Tous les contenus pr\u00e9sents sur le site, y compris les textes, images, graphismes, logos, vid\u00e9os et fichiers t\u00e9l\u00e9chargeables, sont la propri\u00e9t\u00e9 exclusive d\u2019Analog Gwerz, sauf mention contraire. Toute reproduction ou diffusion, totale ou partielle, sans autorisation pr\u00e9alable est interdite.<\/p>\n\n<p>Le site <strong>Analog Gwerz<\/strong> collecte certaines donn\u00e9es personnelles dans le cadre du traitement des commandes et de la gestion des comptes clients. Ces informations sont utilis\u00e9es exclusivement \u00e0 des fins de fonctionnement du service et dans le respect du <strong>R\u00e8glement G\u00e9n\u00e9ral sur la Protection des Donn\u00e9es (RGPD)<\/strong>.<br \/>Pour plus d\u2019informations sur ce sujet, consultez la <a href=\"https:\/\/www.analoggwerz.com\/en\/?page_id=9319\"><strong>Politique de confidentialit\u00e9<\/strong>.<\/a><\/p>\n\n<p>Analog Gwerz ne saurait \u00eatre tenu responsable des erreurs techniques, interruptions ou dommages li\u00e9s \u00e0 l\u2019utilisation du site, ni du contenu des sites externes accessibles via des liens hypertextes.<br \/>L\u2019utilisateur reconna\u00eet utiliser le site sous sa seule responsabilit\u00e9.<\/p>\n\n<p>Les pr\u00e9sentes mentions l\u00e9gales peuvent \u00eatre modifi\u00e9es \u00e0 tout moment pour rester conformes \u00e0 la l\u00e9gislation en vigueur.<br \/>Derni\u00e8re mise \u00e0 jour : <em>26\/10\/2025<\/em>.<\/p>\n\n<p>\u00a0<\/p>\n\t\t\t\t\t\t\t\t<\/div>\n\t\t\t\t<\/div>\n\t\t\t\t\t<\/div>\n\t\t\t\t<\/div>\n\t\t\t\t<\/div>","protected":false},"excerpt":{"rendered":"<p>pr\u00e9cis\u00e9 aux utilisateurs du site Analog Gwerz l\u2019identit\u00e9 des diff\u00e9rents intervenants dans le cadre de sa r\u00e9alisation et de son suivi. Le site https:\/\/analoggwerz.com est \u00e9dit\u00e9 par Manech Hurelle-Pertzing, entrepreneur individuel, exer\u00e7ant sous le nom commercial Analog Gwerz, dont l\u2019activit\u00e9 principale est la vente d\u2019appareils photo argentiques et num\u00e9riques d\u2019occasion, ainsi que d\u2019accessoires photographiques.\ud83d\udccd Adresse [&hellip;]<\/p>\n","protected":false},"author":1,"featured_media":0,"parent":0,"menu_order":0,"comment_status":"closed","ping_status":"closed","template":"","meta":{"footnotes":""},"class_list":["post-9337","page","type-page","status-publish","hentry"],"blocksy_meta":[],"yoast_head":"<!-- This site is optimized with the Yoast SEO plugin v27.5 - https:\/\/yoast.com\/product\/yoast-seo-wordpress\/ -->\n<title>Mentions l\u00e9gales | Analog Gwerz<\/title>\n<meta name=\"description\" content=\"Analog Gwerz \u2013 Appareils photo argentiques &amp; num\u00e9riques d\u2019occasion\" \/>\n<meta name=\"robots\" content=\"index, follow, max-snippet:-1, max-image-preview:large, max-video-preview:-1\" \/>\n<link rel=\"canonical\" href=\"https:\/\/www.analoggwerz.com\/en\/mentions-legales\/\" \/>\n<meta property=\"og:locale\" content=\"en_US\" \/>\n<meta property=\"og:type\" content=\"article\" \/>\n<meta property=\"og:title\" content=\"Mentions l\u00e9gales | Analog Gwerz\" \/>\n<meta property=\"og:description\" content=\"Analog Gwerz \u2013 Appareils photo argentiques &amp; num\u00e9riques d\u2019occasion\" \/>\n<meta property=\"og:url\" content=\"https:\/\/www.analoggwerz.com\/en\/mentions-legales\/\" \/>\n<meta property=\"og:site_name\" content=\"Analog Gwerz\" \/>\n<meta property=\"article:modified_time\" content=\"2025-10-27T21:33:08+00:00\" \/>\n<meta property=\"og:image\" content=\"https:\/\/www.analoggwerz.com\/wp-content\/uploads\/2025\/04\/assets_task_01jra9s5ypffzbqebsyr432pm0_img_0.webp\" \/>\n\t<meta property=\"og:image:width\" content=\"1536\" \/>\n\t<meta property=\"og:image:height\" content=\"1024\" \/>\n\t<meta property=\"og:image:type\" content=\"image\/webp\" \/>\n<meta name=\"twitter:card\" content=\"summary_large_image\" \/>\n<meta name=\"twitter:label1\" content=\"Est. reading time\" \/>\n\t<meta name=\"twitter:data1\" content=\"2 minutes\" \/>\n<script type=\"application\/ld+json\" class=\"yoast-schema-graph\">{\"@context\":\"https:\\\/\\\/schema.org\",\"@graph\":[{\"@type\":\"WebPage\",\"@id\":\"https:\\\/\\\/www.analoggwerz.com\\\/mentions-legales\\\/\",\"url\":\"https:\\\/\\\/www.analoggwerz.com\\\/mentions-legales\\\/\",\"name\":\"Mentions l\u00e9gales | Analog Gwerz\",\"isPartOf\":{\"@id\":\"https:\\\/\\\/www.analoggwerz.com\\\/#website\"},\"datePublished\":\"2025-10-26T18:09:07+00:00\",\"dateModified\":\"2025-10-27T21:33:08+00:00\",\"description\":\"Analog Gwerz \u2013 Appareils photo argentiques & num\u00e9riques d\u2019occasion\",\"breadcrumb\":{\"@id\":\"https:\\\/\\\/www.analoggwerz.com\\\/mentions-legales\\\/#breadcrumb\"},\"inLanguage\":\"en-US\",\"potentialAction\":[{\"@type\":\"ReadAction\",\"target\":[\"https:\\\/\\\/www.analoggwerz.com\\\/mentions-legales\\\/\"]}]},{\"@type\":\"BreadcrumbList\",\"@id\":\"https:\\\/\\\/www.analoggwerz.com\\\/mentions-legales\\\/#breadcrumb\",\"itemListElement\":[{\"@type\":\"ListItem\",\"position\":1,\"name\":\"Accueil\",\"item\":\"https:\\\/\\\/www.analoggwerz.com\\\/\"},{\"@type\":\"ListItem\",\"position\":2,\"name\":\"Mentions l\u00e9gales\"}]},{\"@type\":\"WebSite\",\"@id\":\"https:\\\/\\\/www.analoggwerz.com\\\/#website\",\"url\":\"https:\\\/\\\/www.analoggwerz.com\\\/\",\"name\":\"Analog Gwerz\",\"description\":\"Pas besoin de neuf pour capturer l&#039;instant !\",\"publisher\":{\"@id\":\"https:\\\/\\\/www.analoggwerz.com\\\/#organization\"},\"potentialAction\":[{\"@type\":\"SearchAction\",\"target\":{\"@type\":\"EntryPoint\",\"urlTemplate\":\"https:\\\/\\\/www.analoggwerz.com\\\/?s={search_term_string}\"},\"query-input\":{\"@type\":\"PropertyValueSpecification\",\"valueRequired\":true,\"valueName\":\"search_term_string\"}}],\"inLanguage\":\"en-US\"},{\"@type\":\"Organization\",\"@id\":\"https:\\\/\\\/www.analoggwerz.com\\\/#organization\",\"name\":\"Analog Gwerz\",\"url\":\"https:\\\/\\\/www.analoggwerz.com\\\/\",\"logo\":{\"@type\":\"ImageObject\",\"inLanguage\":\"en-US\",\"@id\":\"https:\\\/\\\/www.analoggwerz.com\\\/#\\\/schema\\\/logo\\\/image\\\/\",\"url\":\"https:\\\/\\\/www.analoggwerz.com\\\/wp-content\\\/uploads\\\/2025\\\/10\\\/000-LOGO-ANALOG-GWERZ-NOIR-1.png\",\"contentUrl\":\"https:\\\/\\\/www.analoggwerz.com\\\/wp-content\\\/uploads\\\/2025\\\/10\\\/000-LOGO-ANALOG-GWERZ-NOIR-1.png\",\"width\":800,\"height\":407,\"caption\":\"Analog Gwerz\"},\"image\":{\"@id\":\"https:\\\/\\\/www.analoggwerz.com\\\/#\\\/schema\\\/logo\\\/image\\\/\"},\"sameAs\":[\"https:\\\/\\\/www.instagram.com\\\/analog_gwerz\\\/\",\"https:\\\/\\\/www.tiktok.com\\\/@analog_gwerz\"]}]}<\/script>\n<!-- \/ Yoast SEO plugin. -->","yoast_head_json":{"title":"Mentions l\u00e9gales | Analog Gwerz","description":"Analog Gwerz \u2013 Appareils photo argentiques & num\u00e9riques d\u2019occasion","robots":{"index":"index","follow":"follow","max-snippet":"max-snippet:-1","max-image-preview":"max-image-preview:large","max-video-preview":"max-video-preview:-1"},"canonical":"https:\/\/www.analoggwerz.com\/en\/mentions-legales\/","og_locale":"en_US","og_type":"article","og_title":"Mentions l\u00e9gales | Analog Gwerz","og_description":"Analog Gwerz \u2013 Appareils photo argentiques & num\u00e9riques d\u2019occasion","og_url":"https:\/\/www.analoggwerz.com\/en\/mentions-legales\/","og_site_name":"Analog Gwerz","article_modified_time":"2025-10-27T21:33:08+00:00","og_image":[{"width":1536,"height":1024,"url":"https:\/\/www.analoggwerz.com\/wp-content\/uploads\/2025\/04\/assets_task_01jra9s5ypffzbqebsyr432pm0_img_0.webp","type":"image\/webp"}],"twitter_card":"summary_large_image","twitter_misc":{"Est. reading time":"2 minutes"},"schema":{"@context":"https:\/\/schema.org","@graph":[{"@type":"WebPage","@id":"https:\/\/www.analoggwerz.com\/mentions-legales\/","url":"https:\/\/www.analoggwerz.com\/mentions-legales\/","name":"Mentions l\u00e9gales | Analog Gwerz","isPartOf":{"@id":"https:\/\/www.analoggwerz.com\/#website"},"datePublished":"2025-10-26T18:09:07+00:00","dateModified":"2025-10-27T21:33:08+00:00","description":"Analog Gwerz \u2013 Appareils photo argentiques & num\u00e9riques d\u2019occasion","breadcrumb":{"@id":"https:\/\/www.analoggwerz.com\/mentions-legales\/#breadcrumb"},"inLanguage":"en-US","potentialAction":[{"@type":"ReadAction","target":["https:\/\/www.analoggwerz.com\/mentions-legales\/"]}]},{"@type":"BreadcrumbList","@id":"https:\/\/www.analoggwerz.com\/mentions-legales\/#breadcrumb","itemListElement":[{"@type":"ListItem","position":1,"name":"Accueil","item":"https:\/\/www.analoggwerz.com\/"},{"@type":"ListItem","position":2,"name":"Mentions l\u00e9gales"}]},{"@type":"WebSite","@id":"https:\/\/www.analoggwerz.com\/#website","url":"https:\/\/www.analoggwerz.com\/","name":"Analog Gwerz","description":"Pas besoin de neuf pour capturer l&#039;instant !","publisher":{"@id":"https:\/\/www.analoggwerz.com\/#organization"},"potentialAction":[{"@type":"SearchAction","target":{"@type":"EntryPoint","urlTemplate":"https:\/\/www.analoggwerz.com\/?s={search_term_string}"},"query-input":{"@type":"PropertyValueSpecification","valueRequired":true,"valueName":"search_term_string"}}],"inLanguage":"en-US"},{"@type":"Organization","@id":"https:\/\/www.analoggwerz.com\/#organization","name":"Analog Gwerz","url":"https:\/\/www.analoggwerz.com\/","logo":{"@type":"ImageObject","inLanguage":"en-US","@id":"https:\/\/www.analoggwerz.com\/#\/schema\/logo\/image\/","url":"https:\/\/www.analoggwerz.com\/wp-content\/uploads\/2025\/10\/000-LOGO-ANALOG-GWERZ-NOIR-1.png","contentUrl":"https:\/\/www.analoggwerz.com\/wp-content\/uploads\/2025\/10\/000-LOGO-ANALOG-GWERZ-NOIR-1.png","width":800,"height":407,"caption":"Analog Gwerz"},"image":{"@id":"https:\/\/www.analoggwerz.com\/#\/schema\/logo\/image\/"},"sameAs":["https:\/\/www.instagram.com\/analog_gwerz\/","https:\/\/www.tiktok.com\/@analog_gwerz"]}]}},"jetpack_sharing_enabled":true,"_links":{"self":[{"href":"https:\/\/www.analoggwerz.com\/en\/wp-json\/wp\/v2\/pages\/9337","targetHints":{"allow":["GET"]}}],"collection":[{"href":"https:\/\/www.analoggwerz.com\/en\/wp-json\/wp\/v2\/pages"}],"about":[{"href":"https:\/\/www.analoggwerz.com\/en\/wp-json\/wp\/v2\/types\/page"}],"author":[{"embeddable":true,"href":"https:\/\/www.analoggwerz.com\/en\/wp-json\/wp\/v2\/users\/1"}],"replies":[{"embeddable":true,"href":"https:\/\/www.analoggwerz.com\/en\/wp-json\/wp\/v2\/comments?post=9337"}],"version-history":[{"count":7,"href":"https:\/\/www.analoggwerz.com\/en\/wp-json\/wp\/v2\/pages\/9337\/revisions"}],"predecessor-version":[{"id":9622,"href":"https:\/\/www.analoggwerz.com\/en\/wp-json\/wp\/v2\/pages\/9337\/revisions\/9622"}],"wp:attachment":[{"href":"https:\/\/www.analoggwerz.com\/en\/wp-json\/wp\/v2\/media?parent=9337"}],"curies":[{"name":"wp","href":"https:\/\/api.w.org\/{rel}","templated":true}]}}